{"id":2274,"date":"2025-01-22T21:18:48","date_gmt":"2025-01-22T21:18:48","guid":{"rendered":"https:\/\/inhidestore.com\/?page_id=2274"},"modified":"2025-07-17T22:53:51","modified_gmt":"2025-07-17T22:53:51","slug":"informace-o-doprave","status":"publish","type":"page","link":"https:\/\/inhidestore.com\/cs\/informace-o-doprave\/","title":{"rendered":"Z\u00e1sady dopravy"},"content":{"rendered":"<p>V Inhide si zakl\u00e1d\u00e1me na tom, \u017ee dod\u00e1v\u00e1me pr\u00e9miov\u00e9 ko\u017een\u00e9 bundy z\u00e1kazn\u00edk\u016fm po cel\u00e9m sv\u011bt\u011b. Na\u0161e Dopravn\u00ed podm\u00ednky podrobn\u011b popisuj\u00ed, jak zpracov\u00e1v\u00e1me, bal\u00edme a doru\u010dujeme va\u0161e objedn\u00e1vky. V\u011bnujte pros\u00edm chvilku prostudov\u00e1n\u00ed n\u00ed\u017ee uveden\u00fdch informac\u00ed, abyste pochopili, jak zaji\u0161\u0165ujeme bezprobl\u00e9mov\u00e9 doru\u010den\u00ed.<\/p>\n\n\n\n<hr class=\"wp-block-separator has-alpha-channel-opacity\"\/>\n\n\n\n<p><strong>\u0158emesln\u00e1 v\u00fdroba na zak\u00e1zku<\/strong><\/p>\n\n\n\n<p>Ka\u017ed\u00e1 bunda v Inhide je vyr\u00e1b\u011bna s p\u00e9\u010d\u00ed, preciznost\u00ed a d\u016frazem na detail. Jeliko\u017e jsou na\u0161e bundy vyr\u00e1b\u011bny na zak\u00e1zku, neskladujeme p\u0159edem vyroben\u00e9 zbo\u017e\u00ed. To n\u00e1m umo\u017e\u0148uje dodat v\u00e1m produkt, kter\u00fd spl\u0148uje va\u0161e specifick\u00e9 preference a udr\u017euje na\u0161e vysok\u00e9 standardy kvality.<\/p>\n\n\n\n<ul class=\"wp-block-list\">\n<li><strong>Doba v\u00fdroby:<\/strong><br>V\u00fdroba va\u0161\u00ed bundy obvykle trv\u00e1<strong> 5-8 pracovn\u00edch dn\u016f<\/strong> ne\u017e je p\u0159ipravena k odesl\u00e1n\u00ed. Zahrnuje to \u010das pot\u0159ebn\u00fd na v\u00fdb\u011br materi\u00e1lu, krej\u010dovsk\u00e9 pr\u00e1ce a d\u016fkladn\u00e9 kontroly kvality.<\/li>\n\n\n\n<li><strong>Zak\u00e1zkov\u00e9 objedn\u00e1vky:<\/strong><br>Pokud va\u0161e objedn\u00e1vka zahrnuje jak\u00e9koli \u00fapravy na m\u00edru, vezm\u011bte pros\u00edm na v\u011bdom\u00ed, \u017ee doba v\u00fdroby se m\u016f\u017ee m\u00edrn\u011b li\u0161it v z\u00e1vislosti na slo\u017eitosti designu.<\/li>\n<\/ul>\n\n\n\n<hr class=\"wp-block-separator has-alpha-channel-opacity\"\/>\n\n\n\n<p><strong>Doprava zdarma po cel\u00e9m sv\u011bt\u011b<\/strong><\/p>\n\n\n\n<p>V\u011b\u0159\u00edme ve zjednodu\u0161en\u00ed va\u0161eho n\u00e1kupn\u00edho z\u00e1\u017eitku. Proto nab\u00edz\u00edme <strong>dopravu zdarma po cel\u00e9m sv\u011bt\u011b<\/strong> na v\u0161echny objedn\u00e1vky. A\u0165 u\u017e jste v Severn\u00ed Americe, Evrop\u011b, Asii nebo kdekoli jinde, \u017e\u00e1dn\u00e9 skryt\u00e9 poplatky za dopravu u n\u00e1s nenajdete.<\/p>\n\n\n\n<hr class=\"wp-block-separator has-alpha-channel-opacity\"\/>\n\n\n\n<p><strong>Odhadovan\u00e9 doby doru\u010den\u00ed<\/strong><\/p>\n\n\n\n<p>Jakmile bude va\u0161e bunda vyrobena a odesl\u00e1na, doba doru\u010den\u00ed bude z\u00e1viset na va\u0161\u00ed lokalit\u011b. Zde je, co m\u016f\u017eete o\u010dek\u00e1vat:<\/p>\n\n\n\n<ul class=\"wp-block-list\">\n<li><strong>Severn\u00ed Amerika:<\/strong> 3-5 pracovn\u00edch dn\u016f<\/li>\n\n\n\n<li><strong>Evropa:<\/strong> 3-5 pracovn\u00edch dn\u016f<\/li>\n\n\n\n<li><strong>Asie-Pacifik:<\/strong> 3-5 pracovn\u00edch dn\u016f<\/li>\n\n\n\n<li><strong>Zbytek sv\u011bta:<\/strong> 3-5 pracovn\u00edch dn\u016f<\/li>\n<\/ul>\n\n\n\n<p>Vezm\u011bte pros\u00edm na v\u011bdom\u00ed, \u017ee se jedn\u00e1 o odhadovan\u00e9 doby doru\u010den\u00ed, kter\u00e9 se mohou li\u0161it v d\u016fsledku vn\u011bj\u0161\u00edch faktor\u016f, jako je celn\u00ed odbaven\u00ed nebo zpo\u017ed\u011bn\u00ed m\u00edstn\u00edch kur\u00fdrn\u00edch slu\u017eeb.<\/p>\n\n\n\n<hr class=\"wp-block-separator has-alpha-channel-opacity\"\/>\n\n\n\n<p><strong>Sledov\u00e1n\u00ed objedn\u00e1vky<\/strong><\/p>\n\n\n\n<p>Jakmile bude va\u0161e objedn\u00e1vka odesl\u00e1na, obdr\u017e\u00edte e-mail s trasovac\u00edm \u010d\u00edslem a pokyny, jak z\u00e1silku sledovat. To v\u00e1m umo\u017en\u00ed sledovat pr\u016fb\u011bh va\u0161\u00ed objedn\u00e1vky v re\u00e1ln\u00e9m \u010dase.<\/p>\n\n\n\n<hr class=\"wp-block-separator has-alpha-channel-opacity\"\/>\n\n\n\n<p><strong>Cla, poplatky a dan\u011b<\/strong><\/p>\n\n\n\n<p>I kdy\u017e nab\u00edz\u00edme dopravu zdarma, z\u00e1kazn\u00edci mohou b\u00fdt odpov\u011bdn\u00ed za <strong>DPH\/dan\u011b z prodeje, dovozn\u00ed cla nebo jin\u00e9 poplatky<\/strong> ulo\u017een\u00e9 m\u00edstn\u00edmi celn\u00edmi \u00fa\u0159ady. Tyto poplatky se li\u0161\u00ed podle zem\u011b a nejsou zahrnuty v cen\u011b va\u0161\u00ed objedn\u00e1vky.<\/p>\n\n\n\n<p>Doporu\u010dujeme ov\u011b\u0159it si informace o p\u0159\u00edslu\u0161n\u00fdch poplatc\u00edch u va\u0161eho m\u00edstn\u00edho celn\u00edho \u00fa\u0159adu.<\/p>\n\n\n\n<hr class=\"wp-block-separator has-alpha-channel-opacity\"\/>\n\n\n\n<p><strong>Nedoru\u010diteln\u00e9 z\u00e1silky<\/strong><\/p>\n\n\n\n<p>Pokud je n\u00e1m bal\u00ed\u010dek vr\u00e1cen z d\u016fvodu nespr\u00e1vn\u00fdch nebo ne\u00fapln\u00fdch dodac\u00edch \u00fadaj\u016f poskytnut\u00fdch z\u00e1kazn\u00edkem, odm\u00edtnut\u00ed zaplatit celn\u00ed poplatky nebo nep\u0159evzet\u00ed z\u00e1silky:<\/p>\n\n\n\n<ul class=\"wp-block-list\">\n<li>Budeme v\u00e1s kontaktovat, abychom domluvili op\u011btovn\u00e9 odesl\u00e1n\u00ed.<\/li>\n\n\n\n<li>Ve\u0161ker\u00e9 dodate\u010dn\u00e9 n\u00e1klady na dopravu ponese z\u00e1kazn\u00edk.<\/li>\n<\/ul>\n\n\n\n<hr class=\"wp-block-separator has-alpha-channel-opacity\"\/>\n\n\n\n<p><strong>Po\u0161kozen\u00e9 nebo chyb\u011bj\u00edc\u00ed z\u00e1silky<\/strong><\/p>\n\n\n\n<p>D\u011bl\u00e1me v\u0161e pro to, abychom zajistili, \u017ee va\u0161e bunda doraz\u00ed v perfektn\u00edm stavu. Pokud v\u0161ak va\u0161e objedn\u00e1vka doraz\u00ed po\u0161kozen\u00e1 nebo se ztrat\u00ed b\u011bhem p\u0159epravy:<\/p>\n\n\n\n<ul class=\"wp-block-list\">\n<li>Okam\u017eit\u011b n\u00e1s informujte na customerservice@inhidestore.com<\/li>\n\n\n\n<li>Poskytn\u011bte fotografie bal\u00ed\u010dku (pokud je po\u0161kozen\u00fd) a ve\u0161ker\u00e9 relevantn\u00ed detaily.<\/li>\n<\/ul>\n\n\n\n<p>Probl\u00e9m neprodlen\u011b pro\u0161et\u0159\u00edme a zajist\u00edme n\u00e1hradu nebo vhodn\u00e9 \u0159e\u0161en\u00ed.<\/p>\n\n\n\n<hr class=\"wp-block-separator has-alpha-channel-opacity\"\/>\n\n\n\n<p><strong>Omezen\u00ed dopravy<\/strong><\/p>\n\n\n\n<p>I kdy\u017e zas\u00edl\u00e1me po cel\u00e9m sv\u011bt\u011b, n\u011bkter\u00e9 vzd\u00e1len\u00e9 nebo omezen\u00e9 oblasti mohou m\u00edt del\u0161\u00ed dodac\u00ed lh\u016fty nebo omezen\u00e9 kur\u00fdrn\u00ed slu\u017eby. V takov\u00fdch p\u0159\u00edpadech v\u00e1s budeme p\u0159\u00edmo kontaktovat, abychom zajistili, \u017ee se k v\u00e1m va\u0161e objedn\u00e1vka dostane.<\/p>\n\n\n\n<hr class=\"wp-block-separator has-alpha-channel-opacity\"\/>\n\n\n\n<p><strong>Zpo\u017ed\u011bn\u00ed dopravy b\u011bhem sv\u00e1tk\u016f<\/strong><\/p>\n\n\n\n<p>B\u011bhem hlavn\u00ed sv\u00e1te\u010dn\u00ed sez\u00f3ny se doba v\u00fdroby a dopravy m\u016f\u017ee m\u00edrn\u011b prodlou\u017eit kv\u016fli zv\u00fd\u0161en\u00e9 popt\u00e1vce. Abychom zajistili v\u010dasn\u00e9 doru\u010den\u00ed, doporu\u010dujeme zad\u00e1vat objedn\u00e1vky s dostate\u010dn\u00fdm p\u0159edstihem p\u0159ed hlavn\u00edmi sv\u00e1tky.<\/p>\n\n\n\n<hr class=\"wp-block-separator has-alpha-channel-opacity\"\/>\n\n\n\n<p><strong>Z\u00e1kaznick\u00e1 podpora<\/strong><\/p>\n\n\n\n<p>Pokud m\u00e1te jak\u00e9koli dotazy nebo obavy ohledn\u011b va\u0161\u00ed objedn\u00e1vky nebo na\u0161eho procesu dopravy, nev\u00e1hejte n\u00e1s kontaktovat:<\/p>\n\n\n\n<ul class=\"wp-block-list\">\n<li><strong>E-mail:<\/strong> customerservice@inhidestore.com<\/li>\n\n\n\n<li><strong>Telefon:<\/strong> +92 330-225-4099<\/li>\n<\/ul>\n\n\n\n<hr class=\"wp-block-separator has-alpha-channel-opacity\"\/>\n\n\n\n<p>V Inhide jsme odhodl\u00e1ni poskytovat v\u00fdjime\u010dn\u00e9 slu\u017eby a doru\u010dovat kvalitn\u00ed ko\u017een\u00e9 bundy a\u017e k va\u0161im dve\u0159\u00edm. D\u011bkujeme, \u017ee jste si n\u00e1s vybrali jako sv\u00e9ho d\u016fv\u011bryhodn\u00e9ho partnera ve stylu!<\/p>\n\n\n\n<p><\/p>","protected":false},"excerpt":{"rendered":"<p>At Inhide, we pride ourselves on delivering premium leather jackets to customers worldwide. Our Shipping Policy outlines the details of [&hellip;]<\/p>","protected":false},"author":1,"featured_media":0,"parent":0,"menu_order":0,"comment_status":"closed","ping_status":"closed","template":"","meta":{"site-sidebar-layout":"default","site-content-layout":"","ast-site-content-layout":"","site-content-style":"default","site-sidebar-style":"default","ast-global-header-display":"","ast-banner-title-visibility":"","ast-main-header-display":"","ast-hfb-above-header-display":"","ast-hfb-below-header-display":"","ast-hfb-mobile-header-display":"","site-post-title":"","ast-breadcrumbs-content":"","ast-featured-img":"","footer-sml-layout":"","theme-transparent-header-meta":"","adv-header-id-meta":"","stick-header-meta":"","header-above-stick-meta":"","header-main-stick-meta":"","header-below-stick-meta":"","astra-migrate-meta-layouts":"default","ast-page-background-enabled":"default","ast-page-background-meta":{"desktop":{"background-color":"var(--ast-global-color-4)","background-image":"","background-repeat":"repeat","background-position":"center center","background-size":"auto","background-attachment":"scroll","background-type":"","background-media":"","overlay-type":"","overlay-color":"","overlay-opacity":"","overlay-gradient":""},"tablet":{"background-color":"","background-image":"","background-repeat":"repeat","background-position":"center center","background-size":"auto","background-attachment":"scroll","background-type":"","background-media":"","overlay-type":"","overlay-color":"","overlay-opacity":"","overlay-gradient":""},"mobile":{"background-color":"","background-image":"","background-repeat":"repeat","background-position":"center center","background-size":"auto","background-attachment":"scroll","background-type":"","background-media":"","overlay-type":"","overlay-color":"","overlay-opacity":"","overlay-gradient":""}},"ast-content-background-meta":{"desktop":{"background-color":"var(--ast-global-color-5)","background-image":"","background-repeat":"repeat","background-position":"center center","background-size":"auto","background-attachment":"scroll","background-type":"","background-media":"","overlay-type":"","overlay-color":"","overlay-opacity":"","overlay-gradient":""},"tablet":{"background-color":"var(--ast-global-color-5)","background-image":"","background-repeat":"repeat","background-position":"center center","background-size":"auto","background-attachment":"scroll","background-type":"","background-media":"","overlay-type":"","overlay-color":"","overlay-opacity":"","overlay-gradient":""},"mobile":{"background-color":"var(--ast-global-color-5)","background-image":"","background-repeat":"repeat","background-position":"center center","background-size":"auto","background-attachment":"scroll","background-type":"","background-media":"","overlay-type":"","overlay-color":"","overlay-opacity":"","overlay-gradient":""}},"footnotes":""},"class_list":["post-2274","page","type-page","status-publish","hentry"],"_links":{"self":[{"href":"https:\/\/inhidestore.com\/cs\/wp-json\/wp\/v2\/pages\/2274","targetHints":{"allow":["GET"]}}],"collection":[{"href":"https:\/\/inhidestore.com\/cs\/wp-json\/wp\/v2\/pages"}],"about":[{"href":"https:\/\/inhidestore.com\/cs\/wp-json\/wp\/v2\/types\/page"}],"author":[{"embeddable":true,"href":"https:\/\/inhidestore.com\/cs\/wp-json\/wp\/v2\/users\/1"}],"replies":[{"embeddable":true,"href":"https:\/\/inhidestore.com\/cs\/wp-json\/wp\/v2\/comments?post=2274"}],"version-history":[{"count":2,"href":"https:\/\/inhidestore.com\/cs\/wp-json\/wp\/v2\/pages\/2274\/revisions"}],"predecessor-version":[{"id":3064,"href":"https:\/\/inhidestore.com\/cs\/wp-json\/wp\/v2\/pages\/2274\/revisions\/3064"}],"wp:attachment":[{"href":"https:\/\/inhidestore.com\/cs\/wp-json\/wp\/v2\/media?parent=2274"}],"curies":[{"name":"wp","href":"https:\/\/api.w.org\/{rel}","templated":true}]}}