{"id":366,"date":"2024-09-23T23:38:58","date_gmt":"2024-09-23T23:38:58","guid":{"rendered":"https:\/\/inhidestore.com\/?page_id=366"},"modified":"2025-05-31T15:36:08","modified_gmt":"2025-05-31T15:36:08","slug":"nas-pribeh","status":"publish","type":"page","link":"https:\/\/inhidestore.com\/cs\/nas-pribeh\/","title":{"rendered":"N\u00e1\u0161 p\u0159\u00edb\u011bh"},"content":{"rendered":"<p>V\u0161echno to za\u010dalo v mal\u00e9 d\u00edln\u011b, kde se v\u016fn\u011b bohat\u00e9 k\u016f\u017ee m\u00edsila s ambicemi a p\u0159edstavivost\u00ed. V tomto skromn\u00e9m prostoru, <strong>Inhide<\/strong> se zrodila \u2013 zna\u010dka, kter\u00e1 nevznikla jen proto, aby tvo\u0159ila bundy, ale aby vytv\u00e1\u0159ela trval\u00e9 d\u011bdictv\u00ed, kter\u00e9 m\u016f\u017eete nosit.<\/p>\n\n\n\n<p>V Inhide v\u011b\u0159\u00edme, \u017ee ko\u017een\u00e1 bunda je v\u00edc ne\u017e jen oble\u010den\u00ed. Je to spole\u010dn\u00edk. Str\u00e1\u017ece vzpom\u00ednek. Druh\u00e1 k\u016f\u017ee, kter\u00e1 se s v\u00e1mi pohybuje \u017eivotn\u00edmi okam\u017eiky \u2013 tich\u00fdmi k\u00e1vami, p\u016flno\u010dn\u00edmi j\u00edzdami, odv\u00e1\u017en\u00fdmi za\u010d\u00e1tky.<\/p>\n\n\n\n<p>Ka\u017ed\u00fd kus, kter\u00fd vytv\u00e1\u0159\u00edme, je d\u016fkazem nad\u010dasov\u00e9ho designu a pe\u010dliv\u00e9ho \u0159emesln\u00e9ho zpracov\u00e1n\u00ed. Ru\u010dn\u011b \u0161it\u00e9 zku\u0161en\u00fdmi \u0159emesln\u00edky, na\u0161e bundy jsou vyrobeny z <strong>eticky z\u00edskan\u00e9, prvot\u0159\u00eddn\u00ed k\u016f\u017ee<\/strong>\u2013 takov\u00e9, kter\u00e1 zraje s charakterem a \u010dasem vypr\u00e1v\u00ed sv\u016fj vlastn\u00ed p\u0159\u00edb\u011bh.<\/p>\n\n\n\n<p>Ale Inhide nen\u00ed jen o kvalit\u011b. Je to o <strong>identit\u011b<\/strong>. Navrhujeme pro jedince, kter\u00fd se odli\u0161uje. Na\u0161e kolekce spojuj\u00ed klasick\u00e9 siluety s modern\u00edm n\u00e1dechem, nab\u00edzej\u00ed kousky, kter\u00e9 p\u016fsob\u00ed pov\u011bdom\u011b i sv\u011b\u017ee. A\u0165 u\u017e se obl\u00e9k\u00e1te na spole\u010denskou ud\u00e1lost, nebo relaxujete, existuje bunda Inhide, kter\u00e1 padne nejen va\u0161emu t\u011blu, ale i va\u0161\u00ed du\u0161i.<\/p>\n\n\n\n<p>Zako\u0159en\u011bno v integrit\u011b, poh\u00e1n\u011bno detaily a \u017eiveno sebevyj\u00e1d\u0159en\u00edm \u2013<strong>Inhide je pro ty, kte\u0159\u00ed nos\u00ed sebev\u011bdom\u00ed jako druhou k\u016f\u017ei.<\/strong>.<\/p>\n\n\n\n<p>To je v\u00edc ne\u017e m\u00f3da.<br><strong>To je v\u00e1\u0161 p\u0159\u00edb\u011bh, nov\u011b definovan\u00fd.<\/strong><\/p>","protected":false},"excerpt":{"rendered":"<p>It all began in a small workshop, where the scent of rich leather mingled with ambition and imagination. In that [&hellip;]<\/p>","protected":false},"author":1,"featured_media":0,"parent":0,"menu_order":0,"comment_status":"closed","ping_status":"closed","template":"","meta":{"site-sidebar-layout":"default","site-content-layout":"","ast-site-content-layout":"","site-content-style":"default","site-sidebar-style":"default","ast-global-header-display":"","ast-banner-title-visibility":"","ast-main-header-display":"","ast-hfb-above-header-display":"","ast-hfb-below-header-display":"","ast-hfb-mobile-header-display":"","site-post-title":"","ast-breadcrumbs-content":"","ast-featured-img":"","footer-sml-layout":"","theme-transparent-header-meta":"","adv-header-id-meta":"","stick-header-meta":"","header-above-stick-meta":"","header-main-stick-meta":"","header-below-stick-meta":"","astra-migrate-meta-layouts":"default","ast-page-background-enabled":"default","ast-page-background-meta":{"desktop":{"background-color":"var(--ast-global-color-4)","background-image":"","background-repeat":"repeat","background-position":"center center","background-size":"auto","background-attachment":"scroll","background-type":"","background-media":"","overlay-type":"","overlay-color":"","overlay-opacity":"","overlay-gradient":""},"tablet":{"background-color":"","background-image":"","background-repeat":"repeat","background-position":"center center","background-size":"auto","background-attachment":"scroll","background-type":"","background-media":"","overlay-type":"","overlay-color":"","overlay-opacity":"","overlay-gradient":""},"mobile":{"background-color":"","background-image":"","background-repeat":"repeat","background-position":"center center","background-size":"auto","background-attachment":"scroll","background-type":"","background-media":"","overlay-type":"","overlay-color":"","overlay-opacity":"","overlay-gradient":""}},"ast-content-background-meta":{"desktop":{"background-color":"var(--ast-global-color-5)","background-image":"","background-repeat":"repeat","background-position":"center center","background-size":"auto","background-attachment":"scroll","background-type":"","background-media":"","overlay-type":"","overlay-color":"","overlay-opacity":"","overlay-gradient":""},"tablet":{"background-color":"var(--ast-global-color-5)","background-image":"","background-repeat":"repeat","background-position":"center center","background-size":"auto","background-attachment":"scroll","background-type":"","background-media":"","overlay-type":"","overlay-color":"","overlay-opacity":"","overlay-gradient":""},"mobile":{"background-color":"var(--ast-global-color-5)","background-image":"","background-repeat":"repeat","background-position":"center center","background-size":"auto","background-attachment":"scroll","background-type":"","background-media":"","overlay-type":"","overlay-color":"","overlay-opacity":"","overlay-gradient":""}},"footnotes":""},"class_list":["post-366","page","type-page","status-publish","hentry"],"_links":{"self":[{"href":"https:\/\/inhidestore.com\/cs\/wp-json\/wp\/v2\/pages\/366","targetHints":{"allow":["GET"]}}],"collection":[{"href":"https:\/\/inhidestore.com\/cs\/wp-json\/wp\/v2\/pages"}],"about":[{"href":"https:\/\/inhidestore.com\/cs\/wp-json\/wp\/v2\/types\/page"}],"author":[{"embeddable":true,"href":"https:\/\/inhidestore.com\/cs\/wp-json\/wp\/v2\/users\/1"}],"replies":[{"embeddable":true,"href":"https:\/\/inhidestore.com\/cs\/wp-json\/wp\/v2\/comments?post=366"}],"version-history":[{"count":3,"href":"https:\/\/inhidestore.com\/cs\/wp-json\/wp\/v2\/pages\/366\/revisions"}],"predecessor-version":[{"id":2736,"href":"https:\/\/inhidestore.com\/cs\/wp-json\/wp\/v2\/pages\/366\/revisions\/2736"}],"wp:attachment":[{"href":"https:\/\/inhidestore.com\/cs\/wp-json\/wp\/v2\/media?parent=366"}],"curies":[{"name":"wp","href":"https:\/\/api.w.org\/{rel}","templated":true}]}}