{"id":168,"date":"2024-09-06T23:06:27","date_gmt":"2024-09-06T23:06:27","guid":{"rendered":"https:\/\/inhidestore.com\/?post_type=product&#038;p=168"},"modified":"2025-08-18T23:27:02","modified_gmt":"2025-08-18T23:27:02","slug":"inhide-semisovy-kabat-duster-inspirovany-ncr-rangerem-pro-cosplay","status":"publish","type":"product","link":"https:\/\/inhidestore.com\/cs\/nakupovat\/panske\/kabaty\/inhide-semisovy-kabat-duster-inspirovany-ncr-rangerem-pro-cosplay\/","title":{"rendered":"INHIDE Semi\u0161ov\u00fd tren\u010dkot typu duster inspirovan\u00fd cosplayem NCR Rangera"},"content":{"rendered":"<p>P\u0159ipravte se na to, \u017ee se budete c\u00edtit, jako byste pr\u00e1v\u011b vykro\u010dili p\u0159\u00edmo z pustiny v na\u0161em cosplay kab\u00e1tu INHIDE NCR Ranger. Jde n\u00e1m p\u0159edev\u0161\u00edm o to, abychom vdechli \u017eivot t\u00e9 legend\u00e1rn\u00ed atmosf\u00e9\u0159e NCR Ranger\u016f!<\/p>\n<p>Tento kab\u00e1t, vyroben\u00fd s maxim\u00e1ln\u00edm d\u016frazem na detail, dokonale vystihuje ten drsn\u00fd a autentick\u00fd vzhled, kter\u00fd hled\u00e1te. Do ka\u017ed\u00e9ho stehu jsme dali srdce, abychom zajistili \u0161pi\u010dkovou kvalitu. A co se t\u00fd\u010de materi\u00e1l\u016f \u2013 mluv\u00edme o \u010dist\u00e9 a pr\u00e9miov\u00e9 ov\u010d\u00ed brou\u0161en\u00e9 k\u016f\u017ei, tak\u017ee si m\u016f\u017eete b\u00fdt jist\u00ed, \u017ee jde o poctiv\u00fd kousek. Je m\u011bkk\u00fd na dotek, ale dostate\u010dn\u011b odoln\u00fd, aby zvl\u00e1dl v\u0161e, co v\u00e1m pustina postav\u00ed do cesty.<\/p>\n<p>A\u0165 u\u017e se chyst\u00e1te na cosplay akci, nebo jen chcete nahodit po\u0159\u00e1dn\u011b stylov\u00fd outfit, tento kab\u00e1t v\u00e1s nezklame. Je to p\u0159esn\u011b ten kousek, za kter\u00fdm se ka\u017ed\u00fd oto\u010d\u00ed a kter\u00fd okam\u017eit\u011b rozproud\u00ed konverzaci. Tak nev\u00e1hejte a probu\u010fte v sob\u011b bojovn\u00edka pustiny s na\u0161\u00edm cosplay kab\u00e1tem NCR Ranger od INHIDE.<\/p>\n<p>Barva: Velbloud\u00ed hn\u011bd\u00e1<\/p>","protected":false},"excerpt":{"rendered":"<p>Get ready to feel like you&#8217;ve stepped straight out of the wasteland with our INHIDE NCR Ranger Cosplay Duster Trench [&hellip;]<\/p>","protected":false},"featured_media":120,"comment_status":"open","ping_status":"closed","template":"","meta":{"site-sidebar-layout":"default","site-content-layout":"","ast-site-content-layout":"default","site-content-style":"default","site-sidebar-style":"default","ast-global-header-display":"","ast-banner-title-visibility":"","ast-main-header-display":"","ast-hfb-above-header-display":"","ast-hfb-below-header-display":"","ast-hfb-mobile-header-display":"","site-post-title":"","ast-breadcrumbs-content":"","ast-featured-img":"","footer-sml-layout":"","theme-transparent-header-meta":"default","adv-header-id-meta":"","stick-header-meta":"","header-above-stick-meta":"","header-main-stick-meta":"","header-below-stick-meta":"","astra-migrate-meta-layouts":"set","ast-page-background-enabled":"default","ast-page-background-meta":{"desktop":{"background-color":"var(--ast-global-color-4)","background-image":"","background-repeat":"repeat","background-position":"center center","background-size":"auto","background-attachment":"scroll","background-type":"","background-media":"","overlay-type":"","overlay-color":"","overlay-opacity":"","overlay-gradient":""},"tablet":{"background-color":"","background-image":"","background-repeat":"repeat","background-position":"center center","background-size":"auto","background-attachment":"scroll","background-type":"","background-media":"","overlay-type":"","overlay-color":"","overlay-opacity":"","overlay-gradient":""},"mobile":{"background-color":"","background-image":"","background-repeat":"repeat","background-position":"center center","background-size":"auto","background-attachment":"scroll","background-type":"","background-media":"","overlay-type":"","overlay-color":"","overlay-opacity":"","overlay-gradient":""}},"ast-content-background-meta":{"desktop":{"background-color":"var(--ast-global-color-5)","background-image":"","background-repeat":"repeat","background-position":"center center","background-size":"auto","background-attachment":"scroll","background-type":"","background-media":"","overlay-type":"","overlay-color":"","overlay-opacity":"","overlay-gradient":""},"tablet":{"background-color":"var(--ast-global-color-5)","background-image":"","background-repeat":"repeat","background-position":"center center","background-size":"auto","background-attachment":"scroll","background-type":"","background-media":"","overlay-type":"","overlay-color":"","overlay-opacity":"","overlay-gradient":""},"mobile":{"background-color":"var(--ast-global-color-5)","background-image":"","background-repeat":"repeat","background-position":"center center","background-size":"auto","background-attachment":"scroll","background-type":"","background-media":"","overlay-type":"","overlay-color":"","overlay-opacity":"","overlay-gradient":""}}},"product_brand":[],"product_cat":[18,17],"product_tag":[],"class_list":{"0":"post-168","1":"product","2":"type-product","3":"status-publish","4":"has-post-thumbnail","6":"product_cat-coats","7":"product_cat-men","8":"desktop-align-left","9":"tablet-align-left","10":"mobile-align-left","12":"first","13":"instock","14":"shipping-taxable","15":"purchasable","16":"product-type-variable"},"_links":{"self":[{"href":"https:\/\/inhidestore.com\/cs\/wp-json\/wp\/v2\/product\/168","targetHints":{"allow":["GET"]}}],"collection":[{"href":"https:\/\/inhidestore.com\/cs\/wp-json\/wp\/v2\/product"}],"about":[{"href":"https:\/\/inhidestore.com\/cs\/wp-json\/wp\/v2\/types\/product"}],"replies":[{"embeddable":true,"href":"https:\/\/inhidestore.com\/cs\/wp-json\/wp\/v2\/comments?post=168"}],"version-history":[{"count":3,"href":"https:\/\/inhidestore.com\/cs\/wp-json\/wp\/v2\/product\/168\/revisions"}],"predecessor-version":[{"id":3130,"href":"https:\/\/inhidestore.com\/cs\/wp-json\/wp\/v2\/product\/168\/revisions\/3130"}],"wp:featuredmedia":[{"embeddable":true,"href":"https:\/\/inhidestore.com\/cs\/wp-json\/wp\/v2\/media\/120"}],"wp:attachment":[{"href":"https:\/\/inhidestore.com\/cs\/wp-json\/wp\/v2\/media?parent=168"}],"wp:term":[{"taxonomy":"product_brand","embeddable":true,"href":"https:\/\/inhidestore.com\/cs\/wp-json\/wp\/v2\/product_brand?post=168"},{"taxonomy":"product_cat","embeddable":true,"href":"https:\/\/inhidestore.com\/cs\/wp-json\/wp\/v2\/product_cat?post=168"},{"taxonomy":"product_tag","embeddable":true,"href":"https:\/\/inhidestore.com\/cs\/wp-json\/wp\/v2\/product_tag?post=168"}],"curies":[{"name":"wp","href":"https:\/\/api.w.org\/{rel}","templated":true}]}}