{"id":497,"date":"2024-11-24T00:33:17","date_gmt":"2024-11-24T00:33:17","guid":{"rendered":"https:\/\/inhidestore.com\/?post_type=product&#038;p=497"},"modified":"2025-08-18T23:13:47","modified_gmt":"2025-08-18T23:13:47","slug":"premiovy-pansky-kozeny-bomber-inhide-nova","status":"publish","type":"product","link":"https:\/\/inhidestore.com\/cs\/nakupovat\/panske\/panska-kozena-bunda\/premiovy-pansky-kozeny-bomber-inhide-nova\/","title":{"rendered":"INHIDE Nova P\u00e1nsk\u00e1 pr\u00e9miov\u00e1 ko\u017een\u00e1 bomber bunda"},"content":{"rendered":"<div class=\"product-description\" style=\"font-family: Helvetica, Arial, sans-serif;\">\n<p>P\u00e1nsk\u00e1 bomber bunda INHIDE Nova je v\u00fdjime\u010dn\u00fd kousek, kter\u00fd p\u0159episuje pravidla hry v oblasti ko\u017een\u00fdch bund. Zde je d\u016fvod, pro\u010d je to bunda va\u0161ich sn\u016f:<\/p>\n<p><strong>M\u00e1slov\u011b jemn\u00e1, prvot\u0159\u00eddn\u00ed k\u016f\u017ee:<\/strong> Zahalte se do luxusu 100% ov\u010d\u00ed k\u016f\u017ee, kter\u00e1 je tak jemn\u00e1, \u017ee zapomenete, \u017ee m\u00e1te na sob\u011b ko\u017eenou bundu. Je navr\u017eena tak, aby se p\u0159izp\u016fsobila va\u0161emu t\u011blu a s ka\u017ed\u00fdm no\u0161en\u00edm se stala osobn\u011bj\u0161\u00ed.<\/p>\n<p><strong>N\u00e1mo\u0159nick\u00e1 modr\u00e1 a b\u00edl\u00fd kontrast:<\/strong> Nova se py\u0161n\u00ed v\u00fdrazn\u00fdm t\u011blem v n\u00e1mo\u0159nick\u00e9 mod\u0159i v kombinaci s b\u00edl\u00fdmi ruk\u00e1vy, co\u017e vytv\u00e1\u0159\u00ed ostr\u00fd kontrast, kter\u00fd zaru\u010den\u011b upout\u00e1 pozornost. Tato barevn\u00e1 kombinace je stejn\u011b v\u0161estrann\u00e1 jako poutav\u00e1, ide\u00e1ln\u00ed pro ka\u017ed\u00e9 ro\u010dn\u00ed obdob\u00ed.<\/p>\n<p><strong>Stvo\u0159ena, aby vydr\u017eela:<\/strong> Dostate\u010dn\u011b odoln\u00e1 pro spont\u00e1nn\u00ed v\u00fdlet, p\u0159esto elegantn\u00ed na ve\u010dern\u00ed posezen\u00ed, vysoce kvalitn\u00ed konstrukce bundy Nova zaru\u010duje, \u017ee odol\u00e1 n\u00e1strah\u00e1m ka\u017edodenn\u00edho \u017eivota. S \u017eivotnost\u00ed 10\u201315 let je spole\u010dn\u00edkem na dlouhou tra\u0165.<\/p>\n<p><strong>Zaru\u010den\u011b perfektn\u00ed st\u0159ih:<\/strong> Navr\u017eena pro bezchybn\u00fd st\u0159ih, Nova eliminuje obvyklou objemnost bomber bund. Je st\u0159i\u017eena tak, aby lichotila postav\u011b, nikoli ji zahalovala, \u010d\u00edm\u017e zaji\u0161\u0165uje, \u017ee budete vypadat skv\u011ble a c\u00edtit se v\u00fdborn\u011b.<\/p>\n<p><strong>Celoro\u010dn\u00ed nositelnost:<\/strong> A\u0165 u\u017e je to sv\u011b\u017e\u00ed jarn\u00ed v\u00e1nek nebo chladn\u00fd podzimn\u00ed vzduch, Nova je va\u0161e bunda, na kterou se m\u016f\u017eete spolehnout. Jej\u00ed prody\u0161n\u00e1 k\u016f\u017ee ji \u010din\u00ed ide\u00e1ln\u00ed pro teplej\u0161\u00ed dny, zat\u00edmco mo\u017enost vrstven\u00ed ji stejn\u011b dob\u0159e p\u0159edur\u010duje pro chladn\u011bj\u0161\u00ed obdob\u00ed.<\/p>\n<p>Stru\u010dn\u011b \u0159e\u010deno, INHIDE Nova nen\u00ed jen tak ledajak\u00e1 bunda; je to vylep\u0161en\u00ed \u017eivotn\u00edho stylu. Je to dokonal\u00e9 spojen\u00ed modern\u00edho designu, prvot\u0159\u00eddn\u00edch materi\u00e1l\u016f a bezchybn\u00e9ho st\u0159ihu. Jste p\u0159ipraveni upoutat pozornost? Nova na v\u00e1s \u010dek\u00e1.<\/p>\n<p>Barva: N\u00e1mo\u0159nick\u00e1 modr\u00e1 a b\u00edl\u00e1<\/p>\n<\/div>","protected":false},"excerpt":{"rendered":"<p>The INHIDE Nova Men\u2019s Bomber Jacket is a standout piece that redefines the leather jacket game. Here\u2019s why it\u2019s the [&hellip;]<\/p>","protected":false},"featured_media":145,"comment_status":"open","ping_status":"closed","template":"","meta":{"site-sidebar-layout":"default","site-content-layout":"","ast-site-content-layout":"default","site-content-style":"default","site-sidebar-style":"default","ast-global-header-display":"","ast-banner-title-visibility":"","ast-main-header-display":"","ast-hfb-above-header-display":"","ast-hfb-below-header-display":"","ast-hfb-mobile-header-display":"","site-post-title":"","ast-breadcrumbs-content":"","ast-featured-img":"","footer-sml-layout":"","theme-transparent-header-meta":"default","adv-header-id-meta":"","stick-header-meta":"","header-above-stick-meta":"","header-main-stick-meta":"","header-below-stick-meta":"","astra-migrate-meta-layouts":"set","ast-page-background-enabled":"default","ast-page-background-meta":{"desktop":{"background-color":"var(--ast-global-color-4)","background-image":"","background-repeat":"repeat","background-position":"center center","background-size":"auto","background-attachment":"scroll","background-type":"","background-media":"","overlay-type":"","overlay-color":"","overlay-opacity":"","overlay-gradient":""},"tablet":{"background-color":"","background-image":"","background-repeat":"repeat","background-position":"center center","background-size":"auto","background-attachment":"scroll","background-type":"","background-media":"","overlay-type":"","overlay-color":"","overlay-opacity":"","overlay-gradient":""},"mobile":{"background-color":"","background-image":"","background-repeat":"repeat","background-position":"center center","background-size":"auto","background-attachment":"scroll","background-type":"","background-media":"","overlay-type":"","overlay-color":"","overlay-opacity":"","overlay-gradient":""}},"ast-content-background-meta":{"desktop":{"background-color":"var(--ast-global-color-5)","background-image":"","background-repeat":"repeat","background-position":"center center","background-size":"auto","background-attachment":"scroll","background-type":"","background-media":"","overlay-type":"","overlay-color":"","overlay-opacity":"","overlay-gradient":""},"tablet":{"background-color":"var(--ast-global-color-5)","background-image":"","background-repeat":"repeat","background-position":"center center","background-size":"auto","background-attachment":"scroll","background-type":"","background-media":"","overlay-type":"","overlay-color":"","overlay-opacity":"","overlay-gradient":""},"mobile":{"background-color":"var(--ast-global-color-5)","background-image":"","background-repeat":"repeat","background-position":"center center","background-size":"auto","background-attachment":"scroll","background-type":"","background-media":"","overlay-type":"","overlay-color":"","overlay-opacity":"","overlay-gradient":""}}},"product_brand":[],"product_cat":[34],"product_tag":[],"class_list":{"0":"post-497","1":"product","2":"type-product","3":"status-publish","4":"has-post-thumbnail","6":"product_cat-leatherjacketformen","7":"desktop-align-left","8":"tablet-align-left","9":"mobile-align-left","11":"first","12":"instock","13":"shipping-taxable","14":"purchasable","15":"product-type-variable"},"_links":{"self":[{"href":"https:\/\/inhidestore.com\/cs\/wp-json\/wp\/v2\/product\/497","targetHints":{"allow":["GET"]}}],"collection":[{"href":"https:\/\/inhidestore.com\/cs\/wp-json\/wp\/v2\/product"}],"about":[{"href":"https:\/\/inhidestore.com\/cs\/wp-json\/wp\/v2\/types\/product"}],"replies":[{"embeddable":true,"href":"https:\/\/inhidestore.com\/cs\/wp-json\/wp\/v2\/comments?post=497"}],"version-history":[{"count":4,"href":"https:\/\/inhidestore.com\/cs\/wp-json\/wp\/v2\/product\/497\/revisions"}],"predecessor-version":[{"id":2702,"href":"https:\/\/inhidestore.com\/cs\/wp-json\/wp\/v2\/product\/497\/revisions\/2702"}],"wp:featuredmedia":[{"embeddable":true,"href":"https:\/\/inhidestore.com\/cs\/wp-json\/wp\/v2\/media\/145"}],"wp:attachment":[{"href":"https:\/\/inhidestore.com\/cs\/wp-json\/wp\/v2\/media?parent=497"}],"wp:term":[{"taxonomy":"product_brand","embeddable":true,"href":"https:\/\/inhidestore.com\/cs\/wp-json\/wp\/v2\/product_brand?post=497"},{"taxonomy":"product_cat","embeddable":true,"href":"https:\/\/inhidestore.com\/cs\/wp-json\/wp\/v2\/product_cat?post=497"},{"taxonomy":"product_tag","embeddable":true,"href":"https:\/\/inhidestore.com\/cs\/wp-json\/wp\/v2\/product_tag?post=497"}],"curies":[{"name":"wp","href":"https:\/\/api.w.org\/{rel}","templated":true}]}}