{"id":521,"date":"2024-11-24T00:33:17","date_gmt":"2024-11-24T00:33:17","guid":{"rendered":"https:\/\/inhidestore.com\/?post_type=product&#038;p=521"},"modified":"2025-08-18T23:11:28","modified_gmt":"2025-08-18T23:11:28","slug":"premiova-panska-semisova-bunda-inhide-sleekedge-8","status":"publish","type":"product","link":"https:\/\/inhidestore.com\/cs\/nakupovat\/panske\/panska-kozena-bunda\/premiova-panska-semisova-bunda-inhide-sleekedge-8\/","title":{"rendered":"INHIDE SleekEdge P\u00e1nsk\u00e1 pr\u00e9miov\u00e1 bunda z brou\u0161en\u00e9 k\u016f\u017ee"},"content":{"rendered":"<div class=\"product-description\" style=\"font-family: Helvetica, Arial, sans-serif;\">\n<p>P\u0159edstavujeme INHIDE SleekEdge: Nejen ko\u017een\u00e1 bunda, ale v\u00fdrazn\u00fd kousek, kter\u00fd se zaru\u010den\u011b stane va\u0161\u00edm v\u011brn\u00fdm spole\u010dn\u00edkem na dlouh\u00e1 l\u00e9ta. \u010cek\u00e1 v\u00e1s dek\u00e1da i v\u00edce stylu \u2013 tento fe\u0161\u00e1k je stvo\u0159en\u00fd, aby vydr\u017eel s \u017eivotnost\u00ed 10\u201315 let. Poj\u010fme se na to pod\u00edvat bl\u00ed\u017e:<\/p>\n<p><strong>K\u016f\u017ee t\u00e9 nejvy\u0161\u0161\u00ed kvality:<\/strong> Kdy\u017e \u0159\u00edk\u00e1me 100% \u010dist\u00e1 ov\u010d\u00ed k\u016f\u017ee, mysl\u00edme t\u00edm tu nejlep\u0161\u00ed kvalitu, jakou si jen m\u016f\u017eete p\u0159\u00e1t. Je to semi\u0161, kter\u00fd \u0161ept\u00e1 luxus a k\u0159i\u010d\u00ed odolnost. Nen\u00ed jen dobr\u00e1; je nejlep\u0161\u00ed.<\/p>\n<p><strong>Mistrovsk\u00e9 zpracov\u00e1n\u00ed:<\/strong> Tohle nen\u00ed jen tak oby\u010dejn\u00e1 bunda. Je to v\u00fdsledek v\u00e1\u0161n\u011b, preciznosti a \u0161petky t\u00e9 INHIDE magie. Semi\u0161 je na dotek stejn\u011b luxusn\u00ed jako odoln\u00fd, d\u00edky pr\u00e9miov\u00e9 ov\u010d\u00ed k\u016f\u017ei, kter\u00e1 s \u010dasem jen zraje.<\/p>\n<p><strong>Barva:<\/strong> N\u00e1mo\u0159nick\u00e1 modr\u00e1 \u2014 proto\u017ee klasika nikdy nevyjde z m\u00f3dy. Je to barva, ve kter\u00e9 se za v\u00e1mi ka\u017ed\u00fd oto\u010d\u00ed a rozpout\u00e1v\u00e1 konverzace.<\/p>\n<p><strong>Detaily:<\/strong> Jdeme na to se \u0161pi\u010dkov\u00fdmi zipy a knofl\u00edky. Nejsou jen leskl\u00e9; jsou i robustn\u00ed.<\/p>\n<p><strong>V\u0161estrannost:<\/strong> Motork\u00e1\u0159sk\u00fd styl? Jasn\u011b. Ale nenechte se zm\u00e1st \u2013 tato bunda je univerz\u00e1l. A\u0165 u\u017e je chladn\u00fd ve\u010der nebo v\u011btrn\u00fd den, je to v\u00e1\u0161 spole\u010dn\u00edk pro v\u0161echna ro\u010dn\u00ed obdob\u00ed.<\/p>\n<p><strong>Perfektn\u00ed st\u0159ih:<\/strong> St\u0159i\u017een\u00e1 tak, aby vynikala nad ostatn\u00edmi, SleekEdge slibuje st\u0159ih, kter\u00fd p\u016fsob\u00ed jako u\u0161it\u00fd na m\u00edru. Proto\u017ee u ko\u017een\u00fdch bund d\u011bl\u00e1 spr\u00e1vn\u00fd st\u0159ih ten nejv\u011bt\u0161\u00ed rozd\u00edl. Je p\u0159il\u00e9hav\u00e1 tam, kde m\u00e1 b\u00fdt, voln\u00e1 tam, kde si p\u0159ejete, a celkov\u011b prost\u011b \u00fa\u017easn\u00e1.<\/p>\n<p>Tak\u017ee, a\u0165 u\u017e vyraz\u00edte na cestu nebo jen do m\u011bsta, INHIDE SleekEdge je v\u00e1\u0161 dokonal\u00fd par\u0165\u00e1k. Nen\u00ed to jen bunda; je to cesta. P\u0159ipraveni na j\u00edzdu?<\/p>\n<\/div>","protected":false},"excerpt":{"rendered":"<p>Meet the INHIDE SleekEdge: Not just a leather jacket, but a statement piece that\u2019s bound to become your trusty sidekick [&hellip;]<\/p>","protected":false},"featured_media":142,"comment_status":"open","ping_status":"closed","template":"","meta":{"site-sidebar-layout":"default","site-content-layout":"","ast-site-content-layout":"default","site-content-style":"default","site-sidebar-style":"default","ast-global-header-display":"","ast-banner-title-visibility":"","ast-main-header-display":"","ast-hfb-above-header-display":"","ast-hfb-below-header-display":"","ast-hfb-mobile-header-display":"","site-post-title":"","ast-breadcrumbs-content":"","ast-featured-img":"","footer-sml-layout":"","theme-transparent-header-meta":"default","adv-header-id-meta":"","stick-header-meta":"","header-above-stick-meta":"","header-main-stick-meta":"","header-below-stick-meta":"","astra-migrate-meta-layouts":"set","ast-page-background-enabled":"default","ast-page-background-meta":{"desktop":{"background-color":"var(--ast-global-color-4)","background-image":"","background-repeat":"repeat","background-position":"center center","background-size":"auto","background-attachment":"scroll","background-type":"","background-media":"","overlay-type":"","overlay-color":"","overlay-opacity":"","overlay-gradient":""},"tablet":{"background-color":"","background-image":"","background-repeat":"repeat","background-position":"center center","background-size":"auto","background-attachment":"scroll","background-type":"","background-media":"","overlay-type":"","overlay-color":"","overlay-opacity":"","overlay-gradient":""},"mobile":{"background-color":"","background-image":"","background-repeat":"repeat","background-position":"center center","background-size":"auto","background-attachment":"scroll","background-type":"","background-media":"","overlay-type":"","overlay-color":"","overlay-opacity":"","overlay-gradient":""}},"ast-content-background-meta":{"desktop":{"background-color":"var(--ast-global-color-5)","background-image":"","background-repeat":"repeat","background-position":"center center","background-size":"auto","background-attachment":"scroll","background-type":"","background-media":"","overlay-type":"","overlay-color":"","overlay-opacity":"","overlay-gradient":""},"tablet":{"background-color":"var(--ast-global-color-5)","background-image":"","background-repeat":"repeat","background-position":"center center","background-size":"auto","background-attachment":"scroll","background-type":"","background-media":"","overlay-type":"","overlay-color":"","overlay-opacity":"","overlay-gradient":""},"mobile":{"background-color":"var(--ast-global-color-5)","background-image":"","background-repeat":"repeat","background-position":"center center","background-size":"auto","background-attachment":"scroll","background-type":"","background-media":"","overlay-type":"","overlay-color":"","overlay-opacity":"","overlay-gradient":""}}},"product_brand":[],"product_cat":[34],"product_tag":[],"class_list":{"0":"post-521","1":"product","2":"type-product","3":"status-publish","4":"has-post-thumbnail","6":"product_cat-leatherjacketformen","7":"desktop-align-left","8":"tablet-align-left","9":"mobile-align-left","11":"first","12":"instock","13":"shipping-taxable","14":"purchasable","15":"product-type-variable"},"_links":{"self":[{"href":"https:\/\/inhidestore.com\/cs\/wp-json\/wp\/v2\/product\/521","targetHints":{"allow":["GET"]}}],"collection":[{"href":"https:\/\/inhidestore.com\/cs\/wp-json\/wp\/v2\/product"}],"about":[{"href":"https:\/\/inhidestore.com\/cs\/wp-json\/wp\/v2\/types\/product"}],"replies":[{"embeddable":true,"href":"https:\/\/inhidestore.com\/cs\/wp-json\/wp\/v2\/comments?post=521"}],"version-history":[{"count":2,"href":"https:\/\/inhidestore.com\/cs\/wp-json\/wp\/v2\/product\/521\/revisions"}],"predecessor-version":[{"id":2698,"href":"https:\/\/inhidestore.com\/cs\/wp-json\/wp\/v2\/product\/521\/revisions\/2698"}],"wp:featuredmedia":[{"embeddable":true,"href":"https:\/\/inhidestore.com\/cs\/wp-json\/wp\/v2\/media\/142"}],"wp:attachment":[{"href":"https:\/\/inhidestore.com\/cs\/wp-json\/wp\/v2\/media?parent=521"}],"wp:term":[{"taxonomy":"product_brand","embeddable":true,"href":"https:\/\/inhidestore.com\/cs\/wp-json\/wp\/v2\/product_brand?post=521"},{"taxonomy":"product_cat","embeddable":true,"href":"https:\/\/inhidestore.com\/cs\/wp-json\/wp\/v2\/product_cat?post=521"},{"taxonomy":"product_tag","embeddable":true,"href":"https:\/\/inhidestore.com\/cs\/wp-json\/wp\/v2\/product_tag?post=521"}],"curies":[{"name":"wp","href":"https:\/\/api.w.org\/{rel}","templated":true}]}}