{"id":551,"date":"2024-11-24T00:33:20","date_gmt":"2024-11-24T00:33:20","guid":{"rendered":"https:\/\/inhidestore.com\/?post_type=product&#038;p=551"},"modified":"2025-08-18T23:10:24","modified_gmt":"2025-08-18T23:10:24","slug":"damska-premiova-kozena-bunda-bomber-inhide-nova-2","status":"publish","type":"product","link":"https:\/\/inhidestore.com\/cs\/nakupovat\/zeny\/damska-kozena-bunda\/damska-premiova-kozena-bunda-bomber-inhide-nova-2\/","title":{"rendered":"INHIDE Nova D\u00e1msk\u00e1 pr\u00e9miov\u00e1 ko\u017een\u00e1 bomber bunda"},"content":{"rendered":"<div class=\"product-description\" style=\"font-family: Helvetica, Arial, sans-serif;\">\n<p>Pozvedn\u011bte sv\u016fj styl s d\u00e1mskou pr\u00e9miovou ko\u017eenou bomber bundou INHIDE Nova<\/p>\n<p>Vyrobena ze 100% \u010dist\u00e9, pr\u00e9miov\u00e9 jehn\u011b\u010d\u00ed k\u016f\u017ee, tato bunda nab\u00edz\u00ed luxusn\u00ed pohodl\u00ed s nad\u010dasov\u00fdm stylem. Zde je d\u016fvod, pro\u010d si zaslou\u017e\u00ed m\u00edsto ve va\u0161em \u0161atn\u00edku:<\/p>\n<p><strong>Pr\u00e9miov\u00fd materi\u00e1l:<\/strong> M\u00e1slov\u011b jemn\u00e1, hladk\u00e1 textura jehn\u011b\u010d\u00ed k\u016f\u017ee je na dotek luxusn\u00ed. Tato bunda nejen\u017ee vypad\u00e1 \u00fa\u017easn\u011b \u2014 je neuv\u011b\u0159iteln\u011b p\u0159\u00edjemn\u00e1 na no\u0161en\u00ed.<\/p>\n<p><strong>Vysoce kvalitn\u00ed zipy:<\/strong> Navr\u017eeno s pr\u00e9miov\u00fdmi zipy, kter\u00e9 se hladce pohybuj\u00ed a nab\u00edzej\u00ed jak odolnost, tak snadn\u00e9 pou\u017eit\u00ed \u2014 u\u017e \u017e\u00e1dn\u00e9 frustruj\u00edc\u00ed zasek\u00e1v\u00e1n\u00ed nebo zaseknut\u00e9 jezdce.<\/p>\n<p><strong>V\u00fdjime\u010dn\u00e1 \u017eivotnost:<\/strong> Investice do t\u00e9to bundy je investic\u00ed do dlouhodob\u00e9ho stylu. S \u017eivotnost\u00ed 10\u201315 let je to spolehliv\u00e1 st\u00e1lice, kter\u00e1 v\u00e1m bude slou\u017eit sez\u00f3nu po sez\u00f3n\u011b.<\/p>\n<p><strong>Celoro\u010dn\u00ed v\u0161estrannost:<\/strong> A\u0165 u\u017e se chyst\u00e1te na chladnou zimu, nebo si u\u017e\u00edv\u00e1te sv\u011b\u017e\u00ed letn\u00ed ve\u010der, bunda INHIDE Nova je stvo\u0159ena k tomu, aby se p\u0159izp\u016fsobila \u2014 bez n\u00e1mahy splyne s ka\u017ed\u00fdm ro\u010dn\u00edm obdob\u00edm a prost\u0159ed\u00edm.<\/p>\n<p><strong>Styl bomberu, odolnost bikeru:<\/strong> Zat\u00edmco je stylizov\u00e1na jako klasick\u00fd bomber s \u017eebrovan\u00fdmi man\u017eetami a lemem, jej\u00ed odoln\u00e1 konstrukce j\u00ed umo\u017e\u0148uje slou\u017eit i jako biker bunda \u2014 p\u0159ipravena jak na proch\u00e1zky m\u011bstem, tak na otev\u0159enou silnici.<\/p>\n<p><strong>V\u00fdrazn\u00e1 barva:<\/strong> Z\u00e1\u0159iv\u00fd modr\u00fd odst\u00edn, akcentovan\u00fd tmav\u011b modr\u00fdmi kontrasty, p\u0159in\u00e1\u0161\u00ed rafinovan\u00fd, p\u0159esto odv\u00e1\u017en\u00fd vzhled \u2014 poutav\u00fd, ani\u017e by byl p\u0159\u00edli\u0161 k\u0159iklav\u00fd.<\/p>\n<p>Od j\u00edzdy na motorce po proch\u00e1zky m\u011bstem nebo posezen\u00ed u k\u00e1vy, d\u00e1msk\u00e1 pr\u00e9miov\u00e1 ko\u017een\u00e1 bomber bunda INHIDE Nova dokonale vyva\u017euje m\u00f3du a funkci.<\/p>\n<\/div>","protected":false},"excerpt":{"rendered":"<p>Elevate your style with the INHIDE Nova Women\u2019s Premium Leather Bomber Jacket Crafted from 100% pure, premium sheep leather, this [&hellip;]<\/p>","protected":false},"featured_media":105,"comment_status":"open","ping_status":"closed","template":"","meta":{"site-sidebar-layout":"default","site-content-layout":"","ast-site-content-layout":"default","site-content-style":"default","site-sidebar-style":"default","ast-global-header-display":"","ast-banner-title-visibility":"","ast-main-header-display":"","ast-hfb-above-header-display":"","ast-hfb-below-header-display":"","ast-hfb-mobile-header-display":"","site-post-title":"","ast-breadcrumbs-content":"","ast-featured-img":"","footer-sml-layout":"","theme-transparent-header-meta":"default","adv-header-id-meta":"","stick-header-meta":"","header-above-stick-meta":"","header-main-stick-meta":"","header-below-stick-meta":"","astra-migrate-meta-layouts":"set","ast-page-background-enabled":"default","ast-page-background-meta":{"desktop":{"background-color":"var(--ast-global-color-4)","background-image":"","background-repeat":"repeat","background-position":"center center","background-size":"auto","background-attachment":"scroll","background-type":"","background-media":"","overlay-type":"","overlay-color":"","overlay-opacity":"","overlay-gradient":""},"tablet":{"background-color":"","background-image":"","background-repeat":"repeat","background-position":"center center","background-size":"auto","background-attachment":"scroll","background-type":"","background-media":"","overlay-type":"","overlay-color":"","overlay-opacity":"","overlay-gradient":""},"mobile":{"background-color":"","background-image":"","background-repeat":"repeat","background-position":"center center","background-size":"auto","background-attachment":"scroll","background-type":"","background-media":"","overlay-type":"","overlay-color":"","overlay-opacity":"","overlay-gradient":""}},"ast-content-background-meta":{"desktop":{"background-color":"var(--ast-global-color-5)","background-image":"","background-repeat":"repeat","background-position":"center center","background-size":"auto","background-attachment":"scroll","background-type":"","background-media":"","overlay-type":"","overlay-color":"","overlay-opacity":"","overlay-gradient":""},"tablet":{"background-color":"var(--ast-global-color-5)","background-image":"","background-repeat":"repeat","background-position":"center center","background-size":"auto","background-attachment":"scroll","background-type":"","background-media":"","overlay-type":"","overlay-color":"","overlay-opacity":"","overlay-gradient":""},"mobile":{"background-color":"var(--ast-global-color-5)","background-image":"","background-repeat":"repeat","background-position":"center center","background-size":"auto","background-attachment":"scroll","background-type":"","background-media":"","overlay-type":"","overlay-color":"","overlay-opacity":"","overlay-gradient":""}}},"product_brand":[],"product_cat":[37],"product_tag":[],"class_list":{"0":"post-551","1":"product","2":"type-product","3":"status-publish","4":"has-post-thumbnail","6":"product_cat-leatherjacketforwomen","7":"desktop-align-left","8":"tablet-align-left","9":"mobile-align-left","11":"first","12":"instock","13":"shipping-taxable","14":"purchasable","15":"product-type-variable"},"_links":{"self":[{"href":"https:\/\/inhidestore.com\/cs\/wp-json\/wp\/v2\/product\/551","targetHints":{"allow":["GET"]}}],"collection":[{"href":"https:\/\/inhidestore.com\/cs\/wp-json\/wp\/v2\/product"}],"about":[{"href":"https:\/\/inhidestore.com\/cs\/wp-json\/wp\/v2\/types\/product"}],"replies":[{"embeddable":true,"href":"https:\/\/inhidestore.com\/cs\/wp-json\/wp\/v2\/comments?post=551"}],"version-history":[{"count":3,"href":"https:\/\/inhidestore.com\/cs\/wp-json\/wp\/v2\/product\/551\/revisions"}],"predecessor-version":[{"id":2696,"href":"https:\/\/inhidestore.com\/cs\/wp-json\/wp\/v2\/product\/551\/revisions\/2696"}],"wp:featuredmedia":[{"embeddable":true,"href":"https:\/\/inhidestore.com\/cs\/wp-json\/wp\/v2\/media\/105"}],"wp:attachment":[{"href":"https:\/\/inhidestore.com\/cs\/wp-json\/wp\/v2\/media?parent=551"}],"wp:term":[{"taxonomy":"product_brand","embeddable":true,"href":"https:\/\/inhidestore.com\/cs\/wp-json\/wp\/v2\/product_brand?post=551"},{"taxonomy":"product_cat","embeddable":true,"href":"https:\/\/inhidestore.com\/cs\/wp-json\/wp\/v2\/product_cat?post=551"},{"taxonomy":"product_tag","embeddable":true,"href":"https:\/\/inhidestore.com\/cs\/wp-json\/wp\/v2\/product_tag?post=551"}],"curies":[{"name":"wp","href":"https:\/\/api.w.org\/{rel}","templated":true}]}}