{"id":572,"date":"2024-11-24T00:33:22","date_gmt":"2024-11-24T00:33:22","guid":{"rendered":"https:\/\/inhidestore.com\/?post_type=product&#038;p=572"},"modified":"2025-08-18T23:04:41","modified_gmt":"2025-08-18T23:04:41","slug":"panska-premiova-kozena-bunda-inhide-sleekedge-2","status":"publish","type":"product","link":"https:\/\/inhidestore.com\/cs\/nakupovat\/panske\/panska-kozena-bunda\/panska-premiova-kozena-bunda-inhide-sleekedge-2\/","title":{"rendered":"INHIDE SleekEdge P\u00e1nsk\u00e1 pr\u00e9miov\u00e1 ko\u017een\u00e1 bunda"},"content":{"rendered":"<p style=\"font-family: Helvetica, Arial, sans-serif;\">P\u00e1nsk\u00e1 ko\u017een\u00e1 bunda INHIDE SleekEdge je nad\u010dasov\u00fd a v\u0161estrann\u00fd kousek svrchn\u00edho oble\u010den\u00ed, kter\u00fd snoub\u00ed styl, odolnost a sofistikovanost. Vyroben\u00e1 z pr\u00e9miov\u00e9, 100% \u010dist\u00e9, m\u00e1slov\u011b jemn\u00e9 ov\u010d\u00ed k\u016f\u017ee, je tato bunda navr\u017eena tak, aby pozvedla v\u00e1\u0161 \u0161atn\u00edk a odolala zkou\u0161ce \u010dasu.<\/p>\n<p style=\"font-family: Helvetica, Arial, sans-serif;\"><strong>Materi\u00e1l:<\/strong> Vyrobena z vysoce kvalitn\u00ed ov\u010d\u00ed k\u016f\u017ee, je bunda neuv\u011b\u0159iteln\u011b m\u011bkk\u00e1 a poddajn\u00e1 na dotek. P\u0159irozen\u00e1 kresba a textura k\u016f\u017ee dod\u00e1vaj\u00ed jej\u00edmu luxusn\u00edmu vzhledu.<\/p>\n<p style=\"font-family: Helvetica, Arial, sans-serif;\"><strong>Barva:<\/strong> Ko\u0148akov\u00e1 barva vyza\u0159uje teplo a eleganci, d\u00edky \u010demu\u017e je vhodn\u00e1 pro le\u017e\u00e9rn\u00ed i form\u00e1ln\u00ed p\u0159\u00edle\u017eitosti. Skv\u011ble se kombinuje s r\u016fzn\u00fdmi outfity a lichot\u00ed r\u016fzn\u00fdm t\u00f3n\u016fm pleti.<\/p>\n<p style=\"font-family: Helvetica, Arial, sans-serif;\"><strong>Design:<\/strong> Elegantn\u00ed design se vyzna\u010duje \u010dist\u00fdmi liniemi a padnouc\u00edm st\u0159ihem. Bunda se p\u0159izp\u016fsob\u00ed va\u0161emu t\u011blu, zv\u00fdrazn\u00ed va\u0161i siluetu, ani\u017e by omezovala v pohybu. A\u0165 u\u017e jedete na motorce, nebo se \u00fa\u010dastn\u00edte obchodn\u00ed sch\u016fzky, bunda INHIDE SleekEdge zajist\u00ed, \u017ee budete vypadat bez n\u00e1mahy stylov\u011b.<\/p>\n<p style=\"font-family: Helvetica, Arial, sans-serif;\"><strong>Zip a knofl\u00edky:<\/strong> Zipy a knofl\u00edky v barv\u011b gunmetal dod\u00e1vaj\u00ed bund\u011b drsn\u00fd n\u00e1dech. Asymetrick\u00e9 zap\u00edn\u00e1n\u00ed na p\u0159edn\u00ed zip j\u00ed prop\u016fj\u010duje klasick\u00fd vzhled motork\u00e1\u0159sk\u00e9 bundy, zat\u00edmco l\u00edmec na knofl\u00edky dotv\u00e1\u0159\u00ed celkov\u00fd vzhled.<\/p>\n<p style=\"font-family: Helvetica, Arial, sans-serif;\"><strong>Odolnost:<\/strong> P\u0159i spr\u00e1vn\u00e9 p\u00e9\u010di v\u00e1m tato bunda vydr\u017e\u00ed 10-15 let. Vysoce kvalitn\u00ed k\u016f\u017ee je odoln\u00e1 proti opot\u0159eben\u00ed a roztr\u017een\u00ed, \u010d\u00edm\u017e zajist\u00ed, \u017ee z\u016fstane z\u00e1kladn\u00edm kouskem va\u0161eho \u0161atn\u00edku po mnoho let.<\/p>\n<p style=\"font-family: Helvetica, Arial, sans-serif;\"><strong>V\u0161estrannost:<\/strong> Obl\u00e9kn\u011bte ji elegantn\u011b, nebo le\u017e\u00e9rn\u011b \u2013 bunda INHIDE SleekEdge se p\u0159izp\u016fsob\u00ed r\u016fzn\u00fdm situac\u00edm. Zkombinujte ji s d\u017e\u00ednami a botami pro le\u017e\u00e9rn\u00ed v\u00edkendov\u00fd vzhled, nebo ji obl\u00e9kn\u011bte p\u0159es ko\u0161ili a kalhoty pro elegantn\u00ed le\u017e\u00e9rn\u00ed komplet.<\/p>\n<p style=\"font-family: Helvetica, Arial, sans-serif;\"><strong>Vnit\u0159n\u00ed pod\u0161\u00edvka:<\/strong> Bunda m\u00e1 hladkou a pohodlnou pod\u0161\u00edvku, kter\u00e1 p\u0159isp\u00edv\u00e1 k celkov\u00e9mu pohodl\u00ed. Umo\u017e\u0148uje snadn\u00e9 vrstven\u00ed po cel\u00fd rok.<\/p>\n<p style=\"font-family: Helvetica, Arial, sans-serif;\">P\u00e1nsk\u00e1 ko\u017een\u00e1 bunda INHIDE SleekEdge bezchybn\u011b kombinuje styl, pohodl\u00ed a odolnost \u2013 nezbytnost pro ka\u017ed\u00e9ho mu\u017ee, kter\u00fd db\u00e1 na m\u00f3du. A\u0165 u\u017e jste zku\u0161en\u00fd jezdec, nebo prost\u011b jen oce\u0148ujete nad\u010dasovou m\u00f3du, tato bunda je investic\u00ed, kter\u00e1 se vyplat\u00ed jak z hlediska estetiky, tak dlouh\u00e9 \u017eivotnosti.<\/p>\n<p style=\"font-family: Helvetica, Arial, sans-serif;\">Barva: Ko\u0148akov\u00e1<\/p>","protected":false},"excerpt":{"rendered":"<p>The INHIDE SleekEdge Men&#8217;s Leather Jacket is a timeless and versatile piece of outerwear that combines style, durability, and sophistication. [&hellip;]<\/p>","protected":false},"featured_media":131,"comment_status":"open","ping_status":"closed","template":"","meta":{"site-sidebar-layout":"default","site-content-layout":"","ast-site-content-layout":"default","site-content-style":"default","site-sidebar-style":"default","ast-global-header-display":"","ast-banner-title-visibility":"","ast-main-header-display":"","ast-hfb-above-header-display":"","ast-hfb-below-header-display":"","ast-hfb-mobile-header-display":"","site-post-title":"","ast-breadcrumbs-content":"","ast-featured-img":"","footer-sml-layout":"","theme-transparent-header-meta":"default","adv-header-id-meta":"","stick-header-meta":"","header-above-stick-meta":"","header-main-stick-meta":"","header-below-stick-meta":"","astra-migrate-meta-layouts":"set","ast-page-background-enabled":"default","ast-page-background-meta":{"desktop":{"background-color":"var(--ast-global-color-4)","background-image":"","background-repeat":"repeat","background-position":"center center","background-size":"auto","background-attachment":"scroll","background-type":"","background-media":"","overlay-type":"","overlay-color":"","overlay-opacity":"","overlay-gradient":""},"tablet":{"background-color":"","background-image":"","background-repeat":"repeat","background-position":"center center","background-size":"auto","background-attachment":"scroll","background-type":"","background-media":"","overlay-type":"","overlay-color":"","overlay-opacity":"","overlay-gradient":""},"mobile":{"background-color":"","background-image":"","background-repeat":"repeat","background-position":"center center","background-size":"auto","background-attachment":"scroll","background-type":"","background-media":"","overlay-type":"","overlay-color":"","overlay-opacity":"","overlay-gradient":""}},"ast-content-background-meta":{"desktop":{"background-color":"var(--ast-global-color-5)","background-image":"","background-repeat":"repeat","background-position":"center center","background-size":"auto","background-attachment":"scroll","background-type":"","background-media":"","overlay-type":"","overlay-color":"","overlay-opacity":"","overlay-gradient":""},"tablet":{"background-color":"var(--ast-global-color-5)","background-image":"","background-repeat":"repeat","background-position":"center center","background-size":"auto","background-attachment":"scroll","background-type":"","background-media":"","overlay-type":"","overlay-color":"","overlay-opacity":"","overlay-gradient":""},"mobile":{"background-color":"var(--ast-global-color-5)","background-image":"","background-repeat":"repeat","background-position":"center center","background-size":"auto","background-attachment":"scroll","background-type":"","background-media":"","overlay-type":"","overlay-color":"","overlay-opacity":"","overlay-gradient":""}}},"product_brand":[],"product_cat":[34],"product_tag":[],"class_list":{"0":"post-572","1":"product","2":"type-product","3":"status-publish","4":"has-post-thumbnail","6":"product_cat-leatherjacketformen","7":"desktop-align-left","8":"tablet-align-left","9":"mobile-align-left","11":"first","12":"instock","13":"shipping-taxable","14":"purchasable","15":"product-type-variable"},"_links":{"self":[{"href":"https:\/\/inhidestore.com\/cs\/wp-json\/wp\/v2\/product\/572","targetHints":{"allow":["GET"]}}],"collection":[{"href":"https:\/\/inhidestore.com\/cs\/wp-json\/wp\/v2\/product"}],"about":[{"href":"https:\/\/inhidestore.com\/cs\/wp-json\/wp\/v2\/types\/product"}],"replies":[{"embeddable":true,"href":"https:\/\/inhidestore.com\/cs\/wp-json\/wp\/v2\/comments?post=572"}],"version-history":[{"count":3,"href":"https:\/\/inhidestore.com\/cs\/wp-json\/wp\/v2\/product\/572\/revisions"}],"predecessor-version":[{"id":2687,"href":"https:\/\/inhidestore.com\/cs\/wp-json\/wp\/v2\/product\/572\/revisions\/2687"}],"wp:featuredmedia":[{"embeddable":true,"href":"https:\/\/inhidestore.com\/cs\/wp-json\/wp\/v2\/media\/131"}],"wp:attachment":[{"href":"https:\/\/inhidestore.com\/cs\/wp-json\/wp\/v2\/media?parent=572"}],"wp:term":[{"taxonomy":"product_brand","embeddable":true,"href":"https:\/\/inhidestore.com\/cs\/wp-json\/wp\/v2\/product_brand?post=572"},{"taxonomy":"product_cat","embeddable":true,"href":"https:\/\/inhidestore.com\/cs\/wp-json\/wp\/v2\/product_cat?post=572"},{"taxonomy":"product_tag","embeddable":true,"href":"https:\/\/inhidestore.com\/cs\/wp-json\/wp\/v2\/product_tag?post=572"}],"curies":[{"name":"wp","href":"https:\/\/api.w.org\/{rel}","templated":true}]}}