{"id":584,"date":"2024-11-24T00:33:22","date_gmt":"2024-11-24T00:33:22","guid":{"rendered":"https:\/\/inhidestore.com\/?post_type=product&#038;p=584"},"modified":"2025-08-18T23:03:15","modified_gmt":"2025-08-18T23:03:15","slug":"damska-premiova-kozena-bunda-inhide-roxy-2","status":"publish","type":"product","link":"https:\/\/inhidestore.com\/cs\/nakupovat\/zeny\/damska-kozena-bunda\/damska-premiova-kozena-bunda-inhide-roxy-2\/","title":{"rendered":"INHIDE Roxy D\u00e1msk\u00e1 pr\u00e9miov\u00e1 ko\u017een\u00e1 bunda"},"content":{"rendered":"<p style=\"font-family: Helvetica, Arial, sans-serif;\">P\u0159edstavujeme INHIDE Roxy, v\u00ednovou d\u00e1mskou ko\u017eenou bundu, kter\u00e1 je dokonal\u00fdm spojen\u00edm luxusu a rebelstv\u00ed. Je vyrobena z neuv\u011b\u0159iteln\u011b hebk\u00e9 ov\u010d\u00ed k\u016f\u017ee 100% \u2013 schv\u00e1ln\u011b, jestli odol\u00e1te poku\u0161en\u00ed se do n\u00ed zachumlat! P\u016fsob\u00ed jako druh\u00e1 k\u016f\u017ee. Syt\u00e1 v\u00ednov\u00e1 barva je odv\u00e1\u017en\u00e1 jako z\u00e1pad slunce v pou\u0161ti a dopl\u0148uj\u00ed ji zlat\u00e9 knofl\u00edky a zipy, kter\u00e9 z\u00e1\u0159\u00ed jako nalezen\u00fd poklad.<\/p>\n<p style=\"font-family: Helvetica, Arial, sans-serif;\">Tohle nen\u00ed jen tak oby\u010dejn\u00e1 bunda; je to nad\u010dasov\u00fd kousek navr\u017een\u00fd tak, aby byl va\u0161\u00edm m\u00f3dn\u00edm spole\u010dn\u00edkem d\u00e9le ne\u017e deset let. Skv\u011ble se hod\u00ed k p\u0159ehozen\u00ed p\u0159es letn\u00ed \u0161aty b\u011bhem vlah\u00e9ho ve\u010dera, ale i jako vrstva proti zimn\u00edmu v\u011btru. M\u00e1te chu\u0165 na dobrodru\u017estv\u00ed? Roxy poslou\u017e\u00ed i jako \u00fa\u017easn\u00e1 motork\u00e1\u0159sk\u00e1 bunda, d\u00edky kter\u00e9 se stanete tou nejstylov\u011bj\u0161\u00ed rebelkou na dvou kolech.<\/p>\n<p style=\"font-family: Helvetica, Arial, sans-serif;\">Tak se p\u0159ipravte a bu\u010fte s INHIDE st\u0159edem pozornosti. Je to m\u00edsto, kde se elegance potk\u00e1v\u00e1 s nespoutanost\u00ed.<\/p>\n<p style=\"font-family: Helvetica, Arial, sans-serif;\">Barva: V\u00ednov\u00e1<\/p>","protected":false},"excerpt":{"rendered":"<p>Introducing the INHIDE Roxy, a maroon leather jacket for women that&#8217;s a perfect blend of luxury and rebellion. Made from [&hellip;]<\/p>","protected":false},"featured_media":135,"comment_status":"open","ping_status":"closed","template":"","meta":{"site-sidebar-layout":"default","site-content-layout":"","ast-site-content-layout":"default","site-content-style":"default","site-sidebar-style":"default","ast-global-header-display":"","ast-banner-title-visibility":"","ast-main-header-display":"","ast-hfb-above-header-display":"","ast-hfb-below-header-display":"","ast-hfb-mobile-header-display":"","site-post-title":"","ast-breadcrumbs-content":"","ast-featured-img":"","footer-sml-layout":"","theme-transparent-header-meta":"default","adv-header-id-meta":"","stick-header-meta":"","header-above-stick-meta":"","header-main-stick-meta":"","header-below-stick-meta":"","astra-migrate-meta-layouts":"set","ast-page-background-enabled":"default","ast-page-background-meta":{"desktop":{"background-color":"var(--ast-global-color-4)","background-image":"","background-repeat":"repeat","background-position":"center center","background-size":"auto","background-attachment":"scroll","background-type":"","background-media":"","overlay-type":"","overlay-color":"","overlay-opacity":"","overlay-gradient":""},"tablet":{"background-color":"","background-image":"","background-repeat":"repeat","background-position":"center center","background-size":"auto","background-attachment":"scroll","background-type":"","background-media":"","overlay-type":"","overlay-color":"","overlay-opacity":"","overlay-gradient":""},"mobile":{"background-color":"","background-image":"","background-repeat":"repeat","background-position":"center center","background-size":"auto","background-attachment":"scroll","background-type":"","background-media":"","overlay-type":"","overlay-color":"","overlay-opacity":"","overlay-gradient":""}},"ast-content-background-meta":{"desktop":{"background-color":"var(--ast-global-color-5)","background-image":"","background-repeat":"repeat","background-position":"center center","background-size":"auto","background-attachment":"scroll","background-type":"","background-media":"","overlay-type":"","overlay-color":"","overlay-opacity":"","overlay-gradient":""},"tablet":{"background-color":"var(--ast-global-color-5)","background-image":"","background-repeat":"repeat","background-position":"center center","background-size":"auto","background-attachment":"scroll","background-type":"","background-media":"","overlay-type":"","overlay-color":"","overlay-opacity":"","overlay-gradient":""},"mobile":{"background-color":"var(--ast-global-color-5)","background-image":"","background-repeat":"repeat","background-position":"center center","background-size":"auto","background-attachment":"scroll","background-type":"","background-media":"","overlay-type":"","overlay-color":"","overlay-opacity":"","overlay-gradient":""}}},"product_brand":[],"product_cat":[37],"product_tag":[],"class_list":{"0":"post-584","1":"product","2":"type-product","3":"status-publish","4":"has-post-thumbnail","6":"product_cat-leatherjacketforwomen","7":"desktop-align-left","8":"tablet-align-left","9":"mobile-align-left","11":"first","12":"instock","13":"shipping-taxable","14":"purchasable","15":"product-type-variable"},"_links":{"self":[{"href":"https:\/\/inhidestore.com\/cs\/wp-json\/wp\/v2\/product\/584","targetHints":{"allow":["GET"]}}],"collection":[{"href":"https:\/\/inhidestore.com\/cs\/wp-json\/wp\/v2\/product"}],"about":[{"href":"https:\/\/inhidestore.com\/cs\/wp-json\/wp\/v2\/types\/product"}],"replies":[{"embeddable":true,"href":"https:\/\/inhidestore.com\/cs\/wp-json\/wp\/v2\/comments?post=584"}],"version-history":[{"count":3,"href":"https:\/\/inhidestore.com\/cs\/wp-json\/wp\/v2\/product\/584\/revisions"}],"predecessor-version":[{"id":3071,"href":"https:\/\/inhidestore.com\/cs\/wp-json\/wp\/v2\/product\/584\/revisions\/3071"}],"wp:featuredmedia":[{"embeddable":true,"href":"https:\/\/inhidestore.com\/cs\/wp-json\/wp\/v2\/media\/135"}],"wp:attachment":[{"href":"https:\/\/inhidestore.com\/cs\/wp-json\/wp\/v2\/media?parent=584"}],"wp:term":[{"taxonomy":"product_brand","embeddable":true,"href":"https:\/\/inhidestore.com\/cs\/wp-json\/wp\/v2\/product_brand?post=584"},{"taxonomy":"product_cat","embeddable":true,"href":"https:\/\/inhidestore.com\/cs\/wp-json\/wp\/v2\/product_cat?post=584"},{"taxonomy":"product_tag","embeddable":true,"href":"https:\/\/inhidestore.com\/cs\/wp-json\/wp\/v2\/product_tag?post=584"}],"curies":[{"name":"wp","href":"https:\/\/api.w.org\/{rel}","templated":true}]}}