{"id":602,"date":"2024-11-24T00:33:24","date_gmt":"2024-11-24T00:33:24","guid":{"rendered":"https:\/\/inhidestore.com\/?post_type=product&#038;p=602"},"modified":"2025-08-18T22:41:05","modified_gmt":"2025-08-18T22:41:05","slug":"premiova-damska-semisova-bunda-inhide","status":"publish","type":"product","link":"https:\/\/inhidestore.com\/cs\/nakupovat\/zeny\/damska-kozena-bunda\/premiova-damska-semisova-bunda-inhide\/","title":{"rendered":"INHIDE D\u00e1msk\u00e1 pr\u00e9miov\u00e1 bunda z brou\u0161en\u00e9 k\u016f\u017ee"},"content":{"rendered":"<p style=\"font-family: Helvetica, Arial, sans-serif;\">Pozvedn\u011bte sv\u016fj \u0161atn\u00edk s d\u00e1mskou pr\u00e9miovou semi\u0161ovou ko\u017eenou bundou INHIDE \u2013 nad\u010dasov\u00fdm kouskem, kter\u00fd vyza\u0159uje eleganci a sofistikovanost. Vyrobena ze 100% \u010dist\u00e9 a pr\u00e9miov\u00e9 ov\u010d\u00ed k\u016f\u017ee, tato bunda nen\u00ed jen m\u00f3dn\u00edm prohl\u00e1\u0161en\u00edm, je to investice do trval\u00e9ho stylu.<\/p>\n<p style=\"font-family: Helvetica, Arial, sans-serif;\">Luxusn\u00ed materi\u00e1l: Za\u017eijte sametov\u011b jemn\u00fd dotek vysoce kvalitn\u00edho semi\u0161e, nab\u00edzej\u00edc\u00ed bezkonkuren\u010dn\u00ed pohodl\u00ed a odolnost.<\/p>\n<p style=\"font-family: Helvetica, Arial, sans-serif;\">V\u0161estrann\u00fd styl: A\u0165 u\u017e se chyst\u00e1te na ve\u010der do spole\u010dnosti, nebo na le\u017e\u00e9rn\u00ed den ve m\u011bst\u011b, elegantn\u00ed design t\u00e9to bundy se p\u0159izp\u016fsob\u00ed ka\u017ed\u00e9 p\u0159\u00edle\u017eitosti.<\/p>\n<p style=\"font-family: Helvetica, Arial, sans-serif;\">D\u016fraz na detail: Precizn\u011b a pe\u010dliv\u011b pro\u0161it\u00e1, ka\u017ed\u00fd \u0161ev a knofl\u00edk je d\u016fkazem \u0159emesln\u00e9 zru\u010dnosti, kter\u00e1 stoj\u00ed za t\u00edmto n\u00e1dhern\u00fdm kouskem.<\/p>\n<p style=\"font-family: Helvetica, Arial, sans-serif;\">Objevte rozd\u00edl INHIDE je\u0161t\u011b dnes a vykro\u010dte s jistotou a eleganc\u00ed.<\/p>\n<p style=\"font-family: Helvetica, Arial, sans-serif;\">Barva: \u010cokol\u00e1dov\u011b hn\u011bd\u00e1<\/p>","protected":false},"excerpt":{"rendered":"<p>Elevate your wardrobe with the INHIDE Women&#8217;s Premium Suede Leather Jacket \u2013 a timeless piece that exudes elegance and sophistication. [&hellip;]<\/p>","protected":false},"featured_media":149,"comment_status":"open","ping_status":"closed","template":"","meta":{"site-sidebar-layout":"default","site-content-layout":"","ast-site-content-layout":"default","site-content-style":"default","site-sidebar-style":"default","ast-global-header-display":"","ast-banner-title-visibility":"","ast-main-header-display":"","ast-hfb-above-header-display":"","ast-hfb-below-header-display":"","ast-hfb-mobile-header-display":"","site-post-title":"","ast-breadcrumbs-content":"","ast-featured-img":"","footer-sml-layout":"","theme-transparent-header-meta":"default","adv-header-id-meta":"","stick-header-meta":"","header-above-stick-meta":"","header-main-stick-meta":"","header-below-stick-meta":"","astra-migrate-meta-layouts":"set","ast-page-background-enabled":"default","ast-page-background-meta":{"desktop":{"background-color":"var(--ast-global-color-4)","background-image":"","background-repeat":"repeat","background-position":"center center","background-size":"auto","background-attachment":"scroll","background-type":"","background-media":"","overlay-type":"","overlay-color":"","overlay-opacity":"","overlay-gradient":""},"tablet":{"background-color":"","background-image":"","background-repeat":"repeat","background-position":"center center","background-size":"auto","background-attachment":"scroll","background-type":"","background-media":"","overlay-type":"","overlay-color":"","overlay-opacity":"","overlay-gradient":""},"mobile":{"background-color":"","background-image":"","background-repeat":"repeat","background-position":"center center","background-size":"auto","background-attachment":"scroll","background-type":"","background-media":"","overlay-type":"","overlay-color":"","overlay-opacity":"","overlay-gradient":""}},"ast-content-background-meta":{"desktop":{"background-color":"var(--ast-global-color-5)","background-image":"","background-repeat":"repeat","background-position":"center center","background-size":"auto","background-attachment":"scroll","background-type":"","background-media":"","overlay-type":"","overlay-color":"","overlay-opacity":"","overlay-gradient":""},"tablet":{"background-color":"var(--ast-global-color-5)","background-image":"","background-repeat":"repeat","background-position":"center center","background-size":"auto","background-attachment":"scroll","background-type":"","background-media":"","overlay-type":"","overlay-color":"","overlay-opacity":"","overlay-gradient":""},"mobile":{"background-color":"var(--ast-global-color-5)","background-image":"","background-repeat":"repeat","background-position":"center center","background-size":"auto","background-attachment":"scroll","background-type":"","background-media":"","overlay-type":"","overlay-color":"","overlay-opacity":"","overlay-gradient":""}}},"product_brand":[],"product_cat":[37],"product_tag":[],"class_list":{"0":"post-602","1":"product","2":"type-product","3":"status-publish","4":"has-post-thumbnail","6":"product_cat-leatherjacketforwomen","7":"desktop-align-left","8":"tablet-align-left","9":"mobile-align-left","11":"first","12":"instock","13":"shipping-taxable","14":"purchasable","15":"product-type-variable"},"_links":{"self":[{"href":"https:\/\/inhidestore.com\/cs\/wp-json\/wp\/v2\/product\/602","targetHints":{"allow":["GET"]}}],"collection":[{"href":"https:\/\/inhidestore.com\/cs\/wp-json\/wp\/v2\/product"}],"about":[{"href":"https:\/\/inhidestore.com\/cs\/wp-json\/wp\/v2\/types\/product"}],"replies":[{"embeddable":true,"href":"https:\/\/inhidestore.com\/cs\/wp-json\/wp\/v2\/comments?post=602"}],"version-history":[{"count":4,"href":"https:\/\/inhidestore.com\/cs\/wp-json\/wp\/v2\/product\/602\/revisions"}],"predecessor-version":[{"id":2681,"href":"https:\/\/inhidestore.com\/cs\/wp-json\/wp\/v2\/product\/602\/revisions\/2681"}],"wp:featuredmedia":[{"embeddable":true,"href":"https:\/\/inhidestore.com\/cs\/wp-json\/wp\/v2\/media\/149"}],"wp:attachment":[{"href":"https:\/\/inhidestore.com\/cs\/wp-json\/wp\/v2\/media?parent=602"}],"wp:term":[{"taxonomy":"product_brand","embeddable":true,"href":"https:\/\/inhidestore.com\/cs\/wp-json\/wp\/v2\/product_brand?post=602"},{"taxonomy":"product_cat","embeddable":true,"href":"https:\/\/inhidestore.com\/cs\/wp-json\/wp\/v2\/product_cat?post=602"},{"taxonomy":"product_tag","embeddable":true,"href":"https:\/\/inhidestore.com\/cs\/wp-json\/wp\/v2\/product_tag?post=602"}],"curies":[{"name":"wp","href":"https:\/\/api.w.org\/{rel}","templated":true}]}}