{"id":10,"date":"2025-01-21T23:27:18","date_gmt":"2025-01-21T23:27:18","guid":{"rendered":"http:\/\/inhidestore.com\/?page_id=10"},"modified":"2025-01-25T23:27:14","modified_gmt":"2025-01-25T23:27:14","slug":"refund_returns","status":"publish","type":"page","link":"https:\/\/inhidestore.com\/da\/refund_returns\/","title":{"rendered":"Retur- og Refusionspolitik"},"content":{"rendered":"<div data-elementor-type=\"wp-page\" data-elementor-id=\"10\" class=\"elementor elementor-10\">\n\t\t\t\t<div class=\"elementor-element elementor-element-5aa6f187 e-flex e-con-boxed e-con e-parent\" data-id=\"5aa6f187\" data-element_type=\"container\">\n\t\t\t\t\t<div class=\"e-con-inner\">\n\t\t\t\t<div class=\"elementor-element elementor-element-fb9ab1b elementor-widget elementor-widget-text-editor\" data-id=\"fb9ab1b\" data-element_type=\"widget\" data-widget_type=\"text-editor.default\">\n\t\t\t\t<div class=\"elementor-widget-container\">\n\t\t\t\t\t\t\t\t\t\n<p>Hos Inhide v\u00e6rds\u00e6tter vi din tilfredshed og er dedikerede til at sikre dig en problemfri shoppingoplevelse. L\u00e6s venligst vores detaljerede retur- og refusionspolitik grundigt for at forst\u00e5 de betingelser, der g\u00e6lder for dine k\u00f8b.<\/p>\n<hr class=\"wp-block-separator has-alpha-channel-opacity\" \/>\n<h3 class=\"wp-block-heading\"><strong>1. Byttepolitik<\/strong><\/h3>\n\n<p>Vi tilbyder en <strong>problemfri 14-dages byttegaranti<\/strong> under f\u00f8lgende betingelser:<\/p>\n\n<ul class=\"wp-block-list\">\n<li><strong>St\u00f8rrelsesafvigelser<\/strong>: Hvis den modtagne vare ikke stemmer overens med den bestilte st\u00f8rrelse.<\/li>\n\n<li><strong>Fejl fra vores side<\/strong>: Hvis det forkerte produkt blev sendt, eller beskrivelsen ikke stemmer overens.<\/li>\n\n<li><strong>Produktfejl<\/strong>: Hvis produktet er beskadiget eller defekt ved levering.<\/li>\n<\/ul>\n\n<h4 class=\"wp-block-heading\"><strong>Gratis ombytning<\/strong>:<\/h4>\n\n<p>I ovenst\u00e5ende tilf\u00e6lde er ombytninger gratis. Vi d\u00e6kker alle forsendelsesomkostninger.<\/p>\n\n<h4 class=\"wp-block-heading\"><strong>Kundens fejl<\/strong>:<\/h4>\n\n<p>Hvis ombytningen er n\u00f8dvendig p\u00e5 grund af forkert st\u00f8rrelsesvalg eller andre fejl beg\u00e5et under bestillingsprocessen:<\/p>\n\n<ul class=\"wp-block-list\">\n<li>Kunden er ansvarlig for retur- og ombytningsforsendelsesomkostningerne.<\/li>\n<\/ul>\n<hr class=\"wp-block-separator has-alpha-channel-opacity\" \/>\n<h3 class=\"wp-block-heading\"><strong>2. Refusionspolitik<\/strong><\/h3>\n\n<p>Refusion er mulig under f\u00f8lgende betingelser:<\/p>\n\n<ul class=\"wp-block-list\">\n<li>Varer skal returneres i deres originale stand, ubrugte, og med alle originale m\u00e6rker og emballage intakt.<\/li>\n\n<li>Anmodninger om refusion skal indledes inden for <strong>14 dage efter modtagelse<\/strong> af produktet.<\/li>\n<\/ul>\n\n<h4 class=\"wp-block-heading\"><strong>Gebyr for genopfyldning<\/strong>:<\/h4>\n\n<ul class=\"wp-block-list\">\n<li>A <strong>Et gebyr p\u00e5 25% for genopfyldning<\/strong> vil blive opkr\u00e6vet for refusioner anmodet p\u00e5 grund af kundens fejl (f.eks. forkert st\u00f8rrelsesvalg eller fortrydelse af k\u00f8b).<\/li>\n\n<li>Gebyret for genopfyldning g\u00e6lder ikke for fejl for\u00e5rsaget af Inhide.<\/li>\n<\/ul>\n\n<h4 class=\"wp-block-heading\"><strong>Ikke-refunderbare tilf\u00e6lde<\/strong>:<\/h4>\n\n<ul class=\"wp-block-list\">\n<li>Tilpassede eller personlige varer (f.eks. skr\u00e6ddersyede l\u00e6derjakker).<\/li>\n\n<li>Varer, der viser tegn p\u00e5 slid, skade eller \u00e6ndring foretaget af kunden.<\/li>\n\n<li>Produkter returneret efter 14-dages fristen.<\/li>\n<\/ul>\n<hr class=\"wp-block-separator has-alpha-channel-opacity\" \/>\n<h3 class=\"wp-block-heading\"><strong>3. Returproces<\/strong><\/h3>\n\n<p>For at igangs\u00e6tte en returnering, f\u00f8lg venligst disse trin:<\/p>\n\n<ol class=\"wp-block-list\">\n<li><strong>Kontakt Os<\/strong>: Send en e-mail til vores kundeserviceteam p\u00e5 <strong>customerservice@inhidestore.com<\/strong> eller brug <strong>Kontakt Os<\/strong> formularen p\u00e5 vores hjemmeside. Angiv dit ordrenummer, \u00e5rsag til returnering og relevante fotos, hvis relevant.<\/li>\n\n<li><strong>Godkendelse<\/strong>: N\u00e5r din returanmodning er godkendt, sender vi dig detaljerede returinstruktioner og en forsendelsesetiket (hvis relevant).<\/li>\n\n<li><strong>Emballage<\/strong>: S\u00f8rg for, at varen er forsvarligt pakket for at undg\u00e5 skader under transport.<\/li>\n\n<li><strong>Levering<\/strong>: Send produktet tilbage til den angivne adresse.<\/li>\n<\/ol>\n<hr class=\"wp-block-separator has-alpha-channel-opacity\" \/>\n<h3 class=\"wp-block-heading\"><strong>4. Tidslinje for refusion<\/strong><\/h3>\n\n<ul class=\"wp-block-list\">\n<li>Refusioner behandles inden for <strong>7-10 hverdage<\/strong> efter den returnerede vare er modtaget og inspiceret.<\/li>\n\n<li>Refusionen vil blive udstedt til den oprindelige betalingsmetode. Afh\u00e6ngigt af din bank eller betalingsudbyder kan det tage yderligere tid, f\u00f8r bel\u00f8bet vises p\u00e5 din konto.<\/li>\n<\/ul>\n<hr class=\"wp-block-separator has-alpha-channel-opacity\" \/>\n<h3 class=\"wp-block-heading\"><strong>5. Byttepolitik<\/strong><\/h3>\n\n<p>Hvis du \u00f8nsker at bytte en vare til en anden st\u00f8rrelse eller et andet design:<\/p>\n\n<ul class=\"wp-block-list\">\n<li>Ombytninger er afh\u00e6ngige af lagerstatus.<\/li>\n\n<li>Returner den originale vare i dens originale stand inden for <strong>14 dage<\/strong>.<\/li>\n\n<li>Fragtomkostningerne ved ombytning afh\u00e6nger af \u00e5rsagen til ombytningen.<\/li>\n<\/ul>\n<hr class=\"wp-block-separator has-alpha-channel-opacity\" \/>\n<h3 class=\"wp-block-heading\"><strong>6. Fragtomkostninger ved returnering<\/strong><\/h3>\n\n<ul class=\"wp-block-list\">\n<li>Fragtomkostninger ved returnering eller ombytning p\u00e5 grund af kundens fejl (f.eks. forkert st\u00f8rrelse eller pr\u00e6ference) afholdes af kunden.<\/li>\n\n<li>Ved fejl fra vores side d\u00e6kker vi alle fragtomkostninger.<\/li>\n<\/ul>\n<hr class=\"wp-block-separator has-alpha-channel-opacity\" \/>\n<h3 class=\"wp-block-heading\"><strong>7. Varer uden returret<\/strong><\/h3>\n\n<p>Der er ikke returret p\u00e5 f\u00f8lgende varer:<\/p>\n\n<ul class=\"wp-block-list\">\n<li>Personlige eller specialfremstillede produkter.<\/li>\n\n<li>Gavekort.<\/li>\n\n<li>Varer k\u00f8bt p\u00e5 udsalg eller som del af et slutudsalg.<\/li>\n<\/ul>\n<hr class=\"wp-block-separator has-alpha-channel-opacity\" \/>\n<h3 class=\"wp-block-heading\"><strong>8. Beskadigede eller defekte produkter<\/strong><\/h3>\n\n<p>Hvis dit produkt ankommer beskadiget eller defekt:<\/p>\n\n<ul class=\"wp-block-list\">\n<li>Kontakt os inden for <strong>48 timer<\/strong> efter modtagelse af varen.<\/li>\n\n<li>Fremsend fotografisk dokumentation af skaden.<\/li>\n\n<li>Vi arrangerer en erstatning eller refusion uden yderligere omkostninger for dig.<\/li>\n<\/ul>\n<hr class=\"wp-block-separator has-alpha-channel-opacity\" \/>\n<h3 class=\"wp-block-heading\"><strong>9. Afbestilling<\/strong><\/h3>\n\n<ul class=\"wp-block-list\">\n<li>Ordrer kan annulleres inden for <strong>24 timer<\/strong> efter bestilling for at opn\u00e5 fuld refusion.<\/li>\n\n<li>Efter 24 timer er annullering muligvis ikke mulig, hvis ordren er g\u00e5et i produktion.<\/li>\n<\/ul>\n<hr class=\"wp-block-separator has-alpha-channel-opacity\" \/>\n<h3 class=\"wp-block-heading\"><strong>10. Vigtig information<\/strong><\/h3>\n\n<ul class=\"wp-block-list\">\n<li>Husk at dobbelttjekke din st\u00f8rrelse og dine pr\u00e6ferencer, inden du afgiver din ordre.<\/li>\n\n<li>Gem din ordrekvittering og al relateret dokumentation, indtil processen er afsluttet.<\/li>\n<\/ul>\n<hr class=\"wp-block-separator has-alpha-channel-opacity\" \/>\n<p>Hvis du har sp\u00f8rgsm\u00e5l til vores retur- og refusionspolitik, er du velkommen til at kontakte os p\u00e5 <strong>customerservice@inhidestore.com.<\/strong><\/p>\n\n<p>Din tilfredshed er vores prioritet, og vi er her for at hj\u00e6lpe dig med eventuelle sp\u00f8rgsm\u00e5l!<\/p>\n\n<p>\u00a0<\/p>\n\t\t\t\t\t\t\t\t<\/div>\n\t\t\t\t<\/div>\n\t\t\t\t\t<\/div>\n\t\t\t\t<\/div>\n\t\t\t\t<\/div>","protected":false},"excerpt":{"rendered":"<p>At Inhide, we value your satisfaction and are committed to ensuring a seamless shopping experience. Please read our detailed returns [&hellip;]<\/p>","protected":false},"author":1,"featured_media":0,"parent":0,"menu_order":0,"comment_status":"closed","ping_status":"closed","template":"","meta":{"site-sidebar-layout":"default","site-content-layout":"","ast-site-content-layout":"","site-content-style":"default","site-sidebar-style":"default","ast-global-header-display":"","ast-banner-title-visibility":"","ast-main-header-display":"","ast-hfb-above-header-display":"","ast-hfb-below-header-display":"","ast-hfb-mobile-header-display":"","site-post-title":"","ast-breadcrumbs-content":"","ast-featured-img":"","footer-sml-layout":"","theme-transparent-header-meta":"","adv-header-id-meta":"","stick-header-meta":"","header-above-stick-meta":"","header-main-stick-meta":"","header-below-stick-meta":"","astra-migrate-meta-layouts":"default","ast-page-background-enabled":"default","ast-page-background-meta":{"desktop":{"background-color":"var(--ast-global-color-4)","background-image":"","background-repeat":"repeat","background-position":"center center","background-size":"auto","background-attachment":"scroll","background-type":"","background-media":"","overlay-type":"","overlay-color":"","overlay-opacity":"","overlay-gradient":""},"tablet":{"background-color":"","background-image":"","background-repeat":"repeat","background-position":"center center","background-size":"auto","background-attachment":"scroll","background-type":"","background-media":"","overlay-type":"","overlay-color":"","overlay-opacity":"","overlay-gradient":""},"mobile":{"background-color":"","background-image":"","background-repeat":"repeat","background-position":"center center","background-size":"auto","background-attachment":"scroll","background-type":"","background-media":"","overlay-type":"","overlay-color":"","overlay-opacity":"","overlay-gradient":""}},"ast-content-background-meta":{"desktop":{"background-color":"var(--ast-global-color-5)","background-image":"","background-repeat":"repeat","background-position":"center center","background-size":"auto","background-attachment":"scroll","background-type":"","background-media":"","overlay-type":"","overlay-color":"","overlay-opacity":"","overlay-gradient":""},"tablet":{"background-color":"var(--ast-global-color-5)","background-image":"","background-repeat":"repeat","background-position":"center center","background-size":"auto","background-attachment":"scroll","background-type":"","background-media":"","overlay-type":"","overlay-color":"","overlay-opacity":"","overlay-gradient":""},"mobile":{"background-color":"var(--ast-global-color-5)","background-image":"","background-repeat":"repeat","background-position":"center center","background-size":"auto","background-attachment":"scroll","background-type":"","background-media":"","overlay-type":"","overlay-color":"","overlay-opacity":"","overlay-gradient":""}},"footnotes":""},"class_list":["post-10","page","type-page","status-publish","hentry"],"_links":{"self":[{"href":"https:\/\/inhidestore.com\/da\/wp-json\/wp\/v2\/pages\/10","targetHints":{"allow":["GET"]}}],"collection":[{"href":"https:\/\/inhidestore.com\/da\/wp-json\/wp\/v2\/pages"}],"about":[{"href":"https:\/\/inhidestore.com\/da\/wp-json\/wp\/v2\/types\/page"}],"author":[{"embeddable":true,"href":"https:\/\/inhidestore.com\/da\/wp-json\/wp\/v2\/users\/1"}],"replies":[{"embeddable":true,"href":"https:\/\/inhidestore.com\/da\/wp-json\/wp\/v2\/comments?post=10"}],"version-history":[{"count":8,"href":"https:\/\/inhidestore.com\/da\/wp-json\/wp\/v2\/pages\/10\/revisions"}],"predecessor-version":[{"id":2287,"href":"https:\/\/inhidestore.com\/da\/wp-json\/wp\/v2\/pages\/10\/revisions\/2287"}],"wp:attachment":[{"href":"https:\/\/inhidestore.com\/da\/wp-json\/wp\/v2\/media?parent=10"}],"curies":[{"name":"wp","href":"https:\/\/api.w.org\/{rel}","templated":true}]}}