{"id":2274,"date":"2025-01-22T21:18:48","date_gmt":"2025-01-22T21:18:48","guid":{"rendered":"https:\/\/inhidestore.com\/?page_id=2274"},"modified":"2025-07-17T22:53:51","modified_gmt":"2025-07-17T22:53:51","slug":"shipping-policy","status":"publish","type":"page","link":"https:\/\/inhidestore.com\/da\/shipping-policy\/","title":{"rendered":"Leveringspolitik"},"content":{"rendered":"<p>Hos Inhide s\u00e6tter vi en \u00e6re i at levere premium l\u00e6derjakker til kunder over hele verden. Vores fragtpolitik beskriver detaljerne for, hvordan vi h\u00e5ndterer, behandler og leverer dine ordrer. Tag venligst et \u00f8jeblik til at gennemg\u00e5 informationen nedenfor for at forst\u00e5, hvordan vi sikrer en problemfri leveringsoplevelse.<\/p>\n\n\n\n<hr class=\"wp-block-separator has-alpha-channel-opacity\"\/>\n\n\n\n<p><strong>Fremstillet p\u00e5 Bestilling \u2013 H\u00e5ndv\u00e6rk<\/strong><\/p>\n\n\n\n<p>Hver eneste jakke hos Inhide er fremstillet med omhu, pr\u00e6cision og sans for detaljen. Da vores jakker fremstilles p\u00e5 bestilling, lagerf\u00f8rer vi ikke f\u00e6rdige varer. Dette giver os mulighed for at give dig et produkt, der opfylder dine specifikke pr\u00e6ferencer og opretholder vores h\u00f8je kvalitetsstandarder.<\/p>\n\n\n\n<ul class=\"wp-block-list\">\n<li><strong>Produktionstid:<\/strong><br>Fremstillingen af din jakke tager typisk<strong> 5-8 hverdage<\/strong> f\u00f8r den er klar til afsendelse. Dette inkluderer den tid, der kr\u00e6ves til materialevalg, skr\u00e6ddersyning og grundige kvalitetskontroller.<\/li>\n\n\n\n<li><strong>Specialbestillinger:<\/strong><br>Hvis din ordre inkluderer tilpasninger, bedes du bem\u00e6rke, at produktionstiderne kan variere en smule afh\u00e6ngigt af designets kompleksitet.<\/li>\n<\/ul>\n\n\n\n<hr class=\"wp-block-separator has-alpha-channel-opacity\"\/>\n\n\n\n<p><strong>Gratis fragt i hele verden<\/strong><\/p>\n\n\n\n<p>Vi tror p\u00e5 at forenkle din shoppingoplevelse. Derfor tilbyder vi <strong>gratis fragt i hele verden<\/strong> p\u00e5 alle ordrer. Uanset om du befinder dig i Nordamerika, Europa, Asien eller andre steder, er der ingen skjulte fragtgebyrer.<\/p>\n\n\n\n<hr class=\"wp-block-separator has-alpha-channel-opacity\"\/>\n\n\n\n<p><strong>Forventede Leveringstider<\/strong><\/p>\n\n\n\n<p>N\u00e5r din jakke er fremstillet og afsendt, vil leveringstiderne afh\u00e6nge af din placering. Her er hvad du kan forvente:<\/p>\n\n\n\n<ul class=\"wp-block-list\">\n<li><strong>Nordamerika:<\/strong> 3-5 hverdage<\/li>\n\n\n\n<li><strong>Europa:<\/strong> 3-5 hverdage<\/li>\n\n\n\n<li><strong>Asien-Stillehavsomr\u00e5det:<\/strong> 3-5 hverdage<\/li>\n\n\n\n<li><strong>Resten af verden:<\/strong> 3-5 hverdage<\/li>\n<\/ul>\n\n\n\n<p>Bem\u00e6rk venligst, at disse er estimerede leveringstider og kan variere p\u00e5 grund af eksterne faktorer som toldbehandling eller forsinkelser hos lokale kurerer.<\/p>\n\n\n\n<hr class=\"wp-block-separator has-alpha-channel-opacity\"\/>\n\n\n\n<p><strong>Ordresporing<\/strong><\/p>\n\n\n\n<p>N\u00e5r din ordre er afsendt, modtager du en e-mail med et sporingsnummer og instruktioner om, hvordan du sporer din forsendelse. Dette giver dig mulighed for at f\u00f8lge din ordres fremskridt i realtid.<\/p>\n\n\n\n<hr class=\"wp-block-separator has-alpha-channel-opacity\"\/>\n\n\n\n<p><strong>Told, Afgifter og Skatter<\/strong><\/p>\n\n\n\n<p>Selvom vi tilbyder gratis fragt, kan kunder v\u00e6re ansvarlige for <strong>moms\/salgsskatter, importafgifter eller andre gebyrer<\/strong> p\u00e5lagt af deres lokale toldmyndigheder. Disse gebyrer varierer fra land til land og er ikke inkluderet i omkostningerne for din ordre.<\/p>\n\n\n\n<p>Vi anbefaler at tjekke med dit lokale toldkontor for information om g\u00e6ldende gebyrer.<\/p>\n\n\n\n<hr class=\"wp-block-separator has-alpha-channel-opacity\"\/>\n\n\n\n<p><strong>Uleverelige Pakker<\/strong><\/p>\n\n\n\n<p>Hvis en pakke returneres til os p\u00e5 grund af ukorrekte eller ufuldst\u00e6ndige forsendelsesoplysninger fra kunden, afvisning af at betale toldgebyrer eller manglende accept af levering:<\/p>\n\n\n\n<ul class=\"wp-block-list\">\n<li>Vi kontakter dig for at arrangere genafsendelse.<\/li>\n\n\n\n<li>Eventuelle yderligere fragtomkostninger vil v\u00e6re kundens ansvar.<\/li>\n<\/ul>\n\n\n\n<hr class=\"wp-block-separator has-alpha-channel-opacity\"\/>\n\n\n\n<p><strong>Beskadigede eller Manglende Forsendelser<\/strong><\/p>\n\n\n\n<p>Vi tager alle forholdsregler for at sikre, at din jakke ankommer i perfekt stand. Men hvis din ordre ankommer beskadiget eller g\u00e5r tabt under transporten:<\/p>\n\n\n\n<ul class=\"wp-block-list\">\n<li>Giv os straks besked p\u00e5 customerservice@inhidestore.com<\/li>\n\n\n\n<li>Fremsend fotos af pakken (hvis beskadiget) og eventuelle relevante detaljer.<\/li>\n<\/ul>\n\n\n\n<p>Vi vil straks unders\u00f8ge sagen og arrangere en erstatning eller passende l\u00f8sning.<\/p>\n\n\n\n<hr class=\"wp-block-separator has-alpha-channel-opacity\"\/>\n\n\n\n<p><strong>Fragtbegr\u00e6nsninger<\/strong><\/p>\n\n\n\n<p>Selvom vi sender til hele verden, kan visse fjerntliggende eller begr\u00e6nsede omr\u00e5der have l\u00e6ngere leveringstider eller begr\u00e6nsede kurertjenester. I s\u00e5danne tilf\u00e6lde vil vi kommunikere direkte med dig for at sikre, at din ordre n\u00e5r frem til dig.<\/p>\n\n\n\n<hr class=\"wp-block-separator has-alpha-channel-opacity\"\/>\n\n\n\n<p><strong>Forsinkelser ved Fragt i Ferieperioder<\/strong><\/p>\n\n\n\n<p>I h\u00f8js\u00e6soner for ferier kan produktions- og leveringstiderne v\u00e6re en smule l\u00e6ngere p\u00e5 grund af \u00f8get eftersp\u00f8rgsel. For at sikre rettidig levering anbefaler vi at placere dine ordrer i god tid f\u00f8r st\u00f8rre helligdage.<\/p>\n\n\n\n<hr class=\"wp-block-separator has-alpha-channel-opacity\"\/>\n\n\n\n<p><strong>Kundesupport<\/strong><\/p>\n\n\n\n<p>Hvis du har sp\u00f8rgsm\u00e5l eller bekymringer vedr\u00f8rende din ordre eller vores fragtproces, er du velkommen til at kontakte os:<\/p>\n\n\n\n<ul class=\"wp-block-list\">\n<li><strong>E-mail:<\/strong> customerservice@inhidestore.com<\/li>\n\n\n\n<li><strong>Telefon:<\/strong> +92 330-225-4099<\/li>\n<\/ul>\n\n\n\n<hr class=\"wp-block-separator has-alpha-channel-opacity\"\/>\n\n\n\n<p>Hos Inhide er vi forpligtet til at levere enest\u00e5ende service og kvalitetsl\u00e6derjakker lige til din d\u00f8r. Tak fordi du valgte os som din betroede partner inden for stil!<\/p>\n\n\n\n<p><\/p>","protected":false},"excerpt":{"rendered":"<p>At Inhide, we pride ourselves on delivering premium leather jackets to customers worldwide. Our Shipping Policy outlines the details of [&hellip;]<\/p>","protected":false},"author":1,"featured_media":0,"parent":0,"menu_order":0,"comment_status":"closed","ping_status":"closed","template":"","meta":{"site-sidebar-layout":"default","site-content-layout":"","ast-site-content-layout":"","site-content-style":"default","site-sidebar-style":"default","ast-global-header-display":"","ast-banner-title-visibility":"","ast-main-header-display":"","ast-hfb-above-header-display":"","ast-hfb-below-header-display":"","ast-hfb-mobile-header-display":"","site-post-title":"","ast-breadcrumbs-content":"","ast-featured-img":"","footer-sml-layout":"","theme-transparent-header-meta":"","adv-header-id-meta":"","stick-header-meta":"","header-above-stick-meta":"","header-main-stick-meta":"","header-below-stick-meta":"","astra-migrate-meta-layouts":"default","ast-page-background-enabled":"default","ast-page-background-meta":{"desktop":{"background-color":"var(--ast-global-color-4)","background-image":"","background-repeat":"repeat","background-position":"center center","background-size":"auto","background-attachment":"scroll","background-type":"","background-media":"","overlay-type":"","overlay-color":"","overlay-opacity":"","overlay-gradient":""},"tablet":{"background-color":"","background-image":"","background-repeat":"repeat","background-position":"center center","background-size":"auto","background-attachment":"scroll","background-type":"","background-media":"","overlay-type":"","overlay-color":"","overlay-opacity":"","overlay-gradient":""},"mobile":{"background-color":"","background-image":"","background-repeat":"repeat","background-position":"center center","background-size":"auto","background-attachment":"scroll","background-type":"","background-media":"","overlay-type":"","overlay-color":"","overlay-opacity":"","overlay-gradient":""}},"ast-content-background-meta":{"desktop":{"background-color":"var(--ast-global-color-5)","background-image":"","background-repeat":"repeat","background-position":"center center","background-size":"auto","background-attachment":"scroll","background-type":"","background-media":"","overlay-type":"","overlay-color":"","overlay-opacity":"","overlay-gradient":""},"tablet":{"background-color":"var(--ast-global-color-5)","background-image":"","background-repeat":"repeat","background-position":"center center","background-size":"auto","background-attachment":"scroll","background-type":"","background-media":"","overlay-type":"","overlay-color":"","overlay-opacity":"","overlay-gradient":""},"mobile":{"background-color":"var(--ast-global-color-5)","background-image":"","background-repeat":"repeat","background-position":"center center","background-size":"auto","background-attachment":"scroll","background-type":"","background-media":"","overlay-type":"","overlay-color":"","overlay-opacity":"","overlay-gradient":""}},"footnotes":""},"class_list":["post-2274","page","type-page","status-publish","hentry"],"_links":{"self":[{"href":"https:\/\/inhidestore.com\/da\/wp-json\/wp\/v2\/pages\/2274","targetHints":{"allow":["GET"]}}],"collection":[{"href":"https:\/\/inhidestore.com\/da\/wp-json\/wp\/v2\/pages"}],"about":[{"href":"https:\/\/inhidestore.com\/da\/wp-json\/wp\/v2\/types\/page"}],"author":[{"embeddable":true,"href":"https:\/\/inhidestore.com\/da\/wp-json\/wp\/v2\/users\/1"}],"replies":[{"embeddable":true,"href":"https:\/\/inhidestore.com\/da\/wp-json\/wp\/v2\/comments?post=2274"}],"version-history":[{"count":2,"href":"https:\/\/inhidestore.com\/da\/wp-json\/wp\/v2\/pages\/2274\/revisions"}],"predecessor-version":[{"id":3064,"href":"https:\/\/inhidestore.com\/da\/wp-json\/wp\/v2\/pages\/2274\/revisions\/3064"}],"wp:attachment":[{"href":"https:\/\/inhidestore.com\/da\/wp-json\/wp\/v2\/media?parent=2274"}],"curies":[{"name":"wp","href":"https:\/\/api.w.org\/{rel}","templated":true}]}}