{"id":366,"date":"2024-09-23T23:38:58","date_gmt":"2024-09-23T23:38:58","guid":{"rendered":"https:\/\/inhidestore.com\/?page_id=366"},"modified":"2025-05-31T15:36:08","modified_gmt":"2025-05-31T15:36:08","slug":"vores-historie","status":"publish","type":"page","link":"https:\/\/inhidestore.com\/da\/vores-historie\/","title":{"rendered":"Vores historie"},"content":{"rendered":"<p>Det hele startede i et lille v\u00e6rksted, hvor duften af rigt l\u00e6der blandede sig med ambition og fantasi. I det ydmyge rum, <strong>Inhide<\/strong> blev f\u00f8dt \u2013 et brand bygget ikke kun for at skabe jakker, men for at forme varige arvestykker, du kan b\u00e6re.<\/p>\n\n\n\n<p>Hos Inhide mener vi, at en l\u00e6derjakke er mere end bare bekl\u00e6dning. Den er en ledsager. En mindesamler. En anden hud, der bev\u00e6ger sig med dig gennem livets afg\u00f8rende \u00f8jeblikke \u2013 stille kaffestunder, midnatsk\u00f8rsler, modige begyndelser.<\/p>\n\n\n\n<p>Hvert stykke, vi skaber, er et vidnesbyrd om tidl\u00f8st design og omhyggeligt h\u00e5ndv\u00e6rk. H\u00e5ndsyet af erfarne h\u00e5ndv\u00e6rkere er vores jakker fremstillet af <strong>etisk fremskaffet l\u00e6der af premiumkvalitet<\/strong>\u2013 den slags, der \u00e6ldes med karakter og fort\u00e6ller sin egen historie over tid.<\/p>\n\n\n\n<p>Men Inhide handler ikke kun om kvalitet. Det handler om <strong>identitet<\/strong>. Vi designer til individet, der skiller sig ud. Vores kollektioner blander klassiske silhuetter med en moderne kant og tilbyder stykker, der f\u00f8les b\u00e5de velkendte og friske. Uanset om du kl\u00e6der dig p\u00e5 til fest eller slapper af, findes der en Inhide-jakke, der passer ikke kun til din krop, men ogs\u00e5 til din \u00e5nd.<\/p>\n\n\n\n<p>Fundamenteret i integritet, drevet af detaljer og n\u00e6ret af selvudfoldelse \u2013<strong>Inhide er for dem, der b\u00e6rer selvtillid som en anden hud.<\/strong>.<\/p>\n\n\n\n<p>Dette er mere end mode.<br><strong>Dette er din historie, genfortalt.<\/strong><\/p>","protected":false},"excerpt":{"rendered":"<p>It all began in a small workshop, where the scent of rich leather mingled with ambition and imagination. In that [&hellip;]<\/p>","protected":false},"author":1,"featured_media":0,"parent":0,"menu_order":0,"comment_status":"closed","ping_status":"closed","template":"","meta":{"site-sidebar-layout":"default","site-content-layout":"","ast-site-content-layout":"","site-content-style":"default","site-sidebar-style":"default","ast-global-header-display":"","ast-banner-title-visibility":"","ast-main-header-display":"","ast-hfb-above-header-display":"","ast-hfb-below-header-display":"","ast-hfb-mobile-header-display":"","site-post-title":"","ast-breadcrumbs-content":"","ast-featured-img":"","footer-sml-layout":"","theme-transparent-header-meta":"","adv-header-id-meta":"","stick-header-meta":"","header-above-stick-meta":"","header-main-stick-meta":"","header-below-stick-meta":"","astra-migrate-meta-layouts":"default","ast-page-background-enabled":"default","ast-page-background-meta":{"desktop":{"background-color":"var(--ast-global-color-4)","background-image":"","background-repeat":"repeat","background-position":"center center","background-size":"auto","background-attachment":"scroll","background-type":"","background-media":"","overlay-type":"","overlay-color":"","overlay-opacity":"","overlay-gradient":""},"tablet":{"background-color":"","background-image":"","background-repeat":"repeat","background-position":"center center","background-size":"auto","background-attachment":"scroll","background-type":"","background-media":"","overlay-type":"","overlay-color":"","overlay-opacity":"","overlay-gradient":""},"mobile":{"background-color":"","background-image":"","background-repeat":"repeat","background-position":"center center","background-size":"auto","background-attachment":"scroll","background-type":"","background-media":"","overlay-type":"","overlay-color":"","overlay-opacity":"","overlay-gradient":""}},"ast-content-background-meta":{"desktop":{"background-color":"var(--ast-global-color-5)","background-image":"","background-repeat":"repeat","background-position":"center center","background-size":"auto","background-attachment":"scroll","background-type":"","background-media":"","overlay-type":"","overlay-color":"","overlay-opacity":"","overlay-gradient":""},"tablet":{"background-color":"var(--ast-global-color-5)","background-image":"","background-repeat":"repeat","background-position":"center center","background-size":"auto","background-attachment":"scroll","background-type":"","background-media":"","overlay-type":"","overlay-color":"","overlay-opacity":"","overlay-gradient":""},"mobile":{"background-color":"var(--ast-global-color-5)","background-image":"","background-repeat":"repeat","background-position":"center center","background-size":"auto","background-attachment":"scroll","background-type":"","background-media":"","overlay-type":"","overlay-color":"","overlay-opacity":"","overlay-gradient":""}},"footnotes":""},"class_list":["post-366","page","type-page","status-publish","hentry"],"_links":{"self":[{"href":"https:\/\/inhidestore.com\/da\/wp-json\/wp\/v2\/pages\/366","targetHints":{"allow":["GET"]}}],"collection":[{"href":"https:\/\/inhidestore.com\/da\/wp-json\/wp\/v2\/pages"}],"about":[{"href":"https:\/\/inhidestore.com\/da\/wp-json\/wp\/v2\/types\/page"}],"author":[{"embeddable":true,"href":"https:\/\/inhidestore.com\/da\/wp-json\/wp\/v2\/users\/1"}],"replies":[{"embeddable":true,"href":"https:\/\/inhidestore.com\/da\/wp-json\/wp\/v2\/comments?post=366"}],"version-history":[{"count":3,"href":"https:\/\/inhidestore.com\/da\/wp-json\/wp\/v2\/pages\/366\/revisions"}],"predecessor-version":[{"id":2736,"href":"https:\/\/inhidestore.com\/da\/wp-json\/wp\/v2\/pages\/366\/revisions\/2736"}],"wp:attachment":[{"href":"https:\/\/inhidestore.com\/da\/wp-json\/wp\/v2\/media?parent=366"}],"curies":[{"name":"wp","href":"https:\/\/api.w.org\/{rel}","templated":true}]}}