{"id":509,"date":"2024-11-24T00:33:17","date_gmt":"2024-11-24T00:33:17","guid":{"rendered":"https:\/\/inhidestore.com\/?post_type=product&#038;p=509"},"modified":"2025-08-18T23:12:39","modified_gmt":"2025-08-18T23:12:39","slug":"inhide-sleekedge-premium-ruskindsjakke-til-maend-7","status":"publish","type":"product","link":"https:\/\/inhidestore.com\/da\/shop\/herre\/laederjakke-til-maend\/inhide-sleekedge-premium-ruskindsjakke-til-maend-7\/","title":{"rendered":"INHIDE SleekEdge Premium Ruskindsl\u00e6derjakke til Herre"},"content":{"rendered":"<div class=\"product-description\" style=\"font-family: Helvetica, Arial, sans-serif;\">\n<p>M\u00f8d INHIDE SleekEdge: Ikke bare en l\u00e6derjakke, men et statement-piece, der er selvskrevet til at blive din trofaste f\u00f8lgesvend i mange \u00e5r fremover. Vi taler om stil i et \u00e5rti eller mere \u2013 denne sag er skabt til at holde med en levetid p\u00e5 10\u201315 \u00e5r.<\/p>\n<p><strong>L\u00e6der i topkvalitet:<\/strong> N\u00e5r vi siger 100% rent f\u00e5rel\u00e6der, mener vi den fineste kvalitet, du kan f\u00e5 fingrene i. Det er den slags ruskind, der hvisker luksus og skriger holdbarhed. Det er ikke bare godt; det er det bedste.<\/p>\n<p><strong>H\u00e5ndv\u00e6rk:<\/strong> Dette er ikke en helt almindelig jakke. Det er et produkt skabt af passion, pr\u00e6cision og en smule af den s\u00e6rlige INHIDE-magi. Ruskindet f\u00f8les lige s\u00e5 luksuri\u00f8st, som det er slidst\u00e6rkt, takket v\u00e6re det f\u00f8rsteklasses f\u00e5rel\u00e6der, der kun bliver smukkere med tiden.<\/p>\n<p><strong>Farve:<\/strong> Lys cognac \u2013 varm, indbydende og ubesv\u00e6ret stilfuld. Det er den type farve, der komplementerer ethvert outfit, uanset om du kl\u00e6der dig fint p\u00e5 eller holder det afslappet.<\/p>\n<p><strong>Detaljer:<\/strong> Vi tager detaljerne til et nyt niveau med lynl\u00e5se og knapper i topklasse. De er ikke bare flotte at se p\u00e5; de er robuste og holdbare.<\/p>\n<p><strong>Alsidighed:<\/strong> Biker-vibes? Tjek. Men lad dig ikke begr\u00e6nse \u2013 denne jakke er en vaske\u00e6gte all-rounder. Uanset om det er en k\u00f8lig aften eller en bl\u00e6sende dag, er den dit faste valg til alle s\u00e6soner.<\/p>\n<p><strong>Perfekt pasform:<\/strong> SleekEdge er skr\u00e6ddersyet til at v\u00e6re et niveau over resten og lover en pasform, der f\u00f8les specialsyet. For n\u00e5r det kommer til l\u00e6derjakker, g\u00f8r den rette pasform hele forskellen. Den sidder til de rigtige steder, er afslappet, hvor du \u00f8nsker det, og er gennemf\u00f8rt fantastisk.<\/p>\n<p>S\u00e5 uanset om du skal ud p\u00e5 landevejen eller bare en tur i byen, er INHIDE SleekEdge i lysebrun din perfekte makker. Det er ikke bare en jakke; det er en rejse. Er du klar?<\/p>\n<\/div>","protected":false},"excerpt":{"rendered":"<p>Meet the INHIDE SleekEdge: Not just a leather jacket, but a statement piece that\u2019s bound to become your trusty sidekick [&hellip;]<\/p>","protected":false},"featured_media":152,"comment_status":"open","ping_status":"closed","template":"","meta":{"site-sidebar-layout":"default","site-content-layout":"","ast-site-content-layout":"default","site-content-style":"default","site-sidebar-style":"default","ast-global-header-display":"","ast-banner-title-visibility":"","ast-main-header-display":"","ast-hfb-above-header-display":"","ast-hfb-below-header-display":"","ast-hfb-mobile-header-display":"","site-post-title":"","ast-breadcrumbs-content":"","ast-featured-img":"","footer-sml-layout":"","theme-transparent-header-meta":"default","adv-header-id-meta":"","stick-header-meta":"","header-above-stick-meta":"","header-main-stick-meta":"","header-below-stick-meta":"","astra-migrate-meta-layouts":"set","ast-page-background-enabled":"default","ast-page-background-meta":{"desktop":{"background-color":"var(--ast-global-color-4)","background-image":"","background-repeat":"repeat","background-position":"center center","background-size":"auto","background-attachment":"scroll","background-type":"","background-media":"","overlay-type":"","overlay-color":"","overlay-opacity":"","overlay-gradient":""},"tablet":{"background-color":"","background-image":"","background-repeat":"repeat","background-position":"center center","background-size":"auto","background-attachment":"scroll","background-type":"","background-media":"","overlay-type":"","overlay-color":"","overlay-opacity":"","overlay-gradient":""},"mobile":{"background-color":"","background-image":"","background-repeat":"repeat","background-position":"center center","background-size":"auto","background-attachment":"scroll","background-type":"","background-media":"","overlay-type":"","overlay-color":"","overlay-opacity":"","overlay-gradient":""}},"ast-content-background-meta":{"desktop":{"background-color":"var(--ast-global-color-5)","background-image":"","background-repeat":"repeat","background-position":"center center","background-size":"auto","background-attachment":"scroll","background-type":"","background-media":"","overlay-type":"","overlay-color":"","overlay-opacity":"","overlay-gradient":""},"tablet":{"background-color":"var(--ast-global-color-5)","background-image":"","background-repeat":"repeat","background-position":"center center","background-size":"auto","background-attachment":"scroll","background-type":"","background-media":"","overlay-type":"","overlay-color":"","overlay-opacity":"","overlay-gradient":""},"mobile":{"background-color":"var(--ast-global-color-5)","background-image":"","background-repeat":"repeat","background-position":"center center","background-size":"auto","background-attachment":"scroll","background-type":"","background-media":"","overlay-type":"","overlay-color":"","overlay-opacity":"","overlay-gradient":""}}},"product_brand":[],"product_cat":[34],"product_tag":[],"class_list":{"0":"post-509","1":"product","2":"type-product","3":"status-publish","4":"has-post-thumbnail","6":"product_cat-leatherjacketformen","7":"desktop-align-left","8":"tablet-align-left","9":"mobile-align-left","11":"first","12":"instock","13":"shipping-taxable","14":"purchasable","15":"product-type-variable"},"_links":{"self":[{"href":"https:\/\/inhidestore.com\/da\/wp-json\/wp\/v2\/product\/509","targetHints":{"allow":["GET"]}}],"collection":[{"href":"https:\/\/inhidestore.com\/da\/wp-json\/wp\/v2\/product"}],"about":[{"href":"https:\/\/inhidestore.com\/da\/wp-json\/wp\/v2\/types\/product"}],"replies":[{"embeddable":true,"href":"https:\/\/inhidestore.com\/da\/wp-json\/wp\/v2\/comments?post=509"}],"version-history":[{"count":2,"href":"https:\/\/inhidestore.com\/da\/wp-json\/wp\/v2\/product\/509\/revisions"}],"predecessor-version":[{"id":2700,"href":"https:\/\/inhidestore.com\/da\/wp-json\/wp\/v2\/product\/509\/revisions\/2700"}],"wp:featuredmedia":[{"embeddable":true,"href":"https:\/\/inhidestore.com\/da\/wp-json\/wp\/v2\/media\/152"}],"wp:attachment":[{"href":"https:\/\/inhidestore.com\/da\/wp-json\/wp\/v2\/media?parent=509"}],"wp:term":[{"taxonomy":"product_brand","embeddable":true,"href":"https:\/\/inhidestore.com\/da\/wp-json\/wp\/v2\/product_brand?post=509"},{"taxonomy":"product_cat","embeddable":true,"href":"https:\/\/inhidestore.com\/da\/wp-json\/wp\/v2\/product_cat?post=509"},{"taxonomy":"product_tag","embeddable":true,"href":"https:\/\/inhidestore.com\/da\/wp-json\/wp\/v2\/product_tag?post=509"}],"curies":[{"name":"wp","href":"https:\/\/api.w.org\/{rel}","templated":true}]}}