{"id":551,"date":"2024-11-24T00:33:20","date_gmt":"2024-11-24T00:33:20","guid":{"rendered":"https:\/\/inhidestore.com\/?post_type=product&#038;p=551"},"modified":"2025-08-18T23:10:24","modified_gmt":"2025-08-18T23:10:24","slug":"inhide-nova-premium-laeder-bomberjakke-til-damer-2","status":"publish","type":"product","link":"https:\/\/inhidestore.com\/da\/shop\/kvinder\/laederjakke-til-kvinder\/inhide-nova-premium-laeder-bomberjakke-til-damer-2\/","title":{"rendered":"INHIDE Nova Dame Premium L\u00e6derbomberjakke"},"content":{"rendered":"<div class=\"product-description\" style=\"font-family: Helvetica, Arial, sans-serif;\">\n<p>Giv din stil et l\u00f8ft med INHIDE Nova Dame Premium L\u00e6der Bomberjakken<\/p>\n<p>Fremstillet af 100% rent, premium lammeskind, tilbyder denne jakke luksuri\u00f8s komfort med en tidl\u00f8s appel. Her er hvorfor den fortjener en plads i din garderobe:<\/p>\n<p><strong>Premium Materiale:<\/strong> Den sm\u00f8rbl\u00f8de, glatte tekstur af lammeskind f\u00f8les uds\u00f8gt mod din hud. Denne jakke ser ikke bare fantastisk ud \u2013 den f\u00f8les utrolig at have p\u00e5.<\/p>\n<p><strong>Lynl\u00e5se i h\u00f8j kvalitet:<\/strong> Designet med premium lynl\u00e5se, der glider ubesv\u00e6ret, og tilbyder b\u00e5de holdbarhed og brugervenlighed \u2013 slut med irriterende hak eller fastl\u00e5ste skydere.<\/p>\n<p><strong>Enest\u00e5ende Holdbarhed:<\/strong> En investering i denne jakke er en investering i langvarig stil. Med en levetid p\u00e5 10-15 \u00e5r er den en p\u00e5lidelig klassiker, der vil tjene dig s\u00e6son efter s\u00e6son.<\/p>\n<p><strong>Alsidighed til Alle \u00c5rstider:<\/strong> Uanset om du trodser kolde vintre eller nyder en luftig sommeraften, er INHIDE Nova jakken designet til at tilpasse sig \u2013 og falder ubesv\u00e6ret ind i enhver s\u00e6son og ethvert milj\u00f8.<\/p>\n<p><strong>Bomber-look, Biker-styrke:<\/strong> Selvom den er stylet som en klassisk bomberjakke med ribkanter ved \u00e6rmer og forneden, g\u00f8r dens holdbare konstruktion, at den ogs\u00e5 kan fungere som en bikerjakke \u2013 klar til b\u00e5de byvandringer og den \u00e5bne landevej.<\/p>\n<p><strong>Sl\u00e5ende Farve:<\/strong> Den levende bl\u00e5 nuance, accentueret med marinebl\u00e5 kontraster, giver et raffineret, men alligevel dristigt look \u2013 opm\u00e6rksomhedsskabende uden at v\u00e6re for prangende.<\/p>\n<p>Fra motorcykelture til byvandringer eller kaffeaftaler balancerer INHIDE Nova Dame Premium L\u00e6der Bomberjakken perfekt mode og funktion.<\/p>\n<\/div>","protected":false},"excerpt":{"rendered":"<p>Elevate your style with the INHIDE Nova Women\u2019s Premium Leather Bomber Jacket Crafted from 100% pure, premium sheep leather, this [&hellip;]<\/p>","protected":false},"featured_media":105,"comment_status":"open","ping_status":"closed","template":"","meta":{"site-sidebar-layout":"default","site-content-layout":"","ast-site-content-layout":"default","site-content-style":"default","site-sidebar-style":"default","ast-global-header-display":"","ast-banner-title-visibility":"","ast-main-header-display":"","ast-hfb-above-header-display":"","ast-hfb-below-header-display":"","ast-hfb-mobile-header-display":"","site-post-title":"","ast-breadcrumbs-content":"","ast-featured-img":"","footer-sml-layout":"","theme-transparent-header-meta":"default","adv-header-id-meta":"","stick-header-meta":"","header-above-stick-meta":"","header-main-stick-meta":"","header-below-stick-meta":"","astra-migrate-meta-layouts":"set","ast-page-background-enabled":"default","ast-page-background-meta":{"desktop":{"background-color":"var(--ast-global-color-4)","background-image":"","background-repeat":"repeat","background-position":"center center","background-size":"auto","background-attachment":"scroll","background-type":"","background-media":"","overlay-type":"","overlay-color":"","overlay-opacity":"","overlay-gradient":""},"tablet":{"background-color":"","background-image":"","background-repeat":"repeat","background-position":"center center","background-size":"auto","background-attachment":"scroll","background-type":"","background-media":"","overlay-type":"","overlay-color":"","overlay-opacity":"","overlay-gradient":""},"mobile":{"background-color":"","background-image":"","background-repeat":"repeat","background-position":"center center","background-size":"auto","background-attachment":"scroll","background-type":"","background-media":"","overlay-type":"","overlay-color":"","overlay-opacity":"","overlay-gradient":""}},"ast-content-background-meta":{"desktop":{"background-color":"var(--ast-global-color-5)","background-image":"","background-repeat":"repeat","background-position":"center center","background-size":"auto","background-attachment":"scroll","background-type":"","background-media":"","overlay-type":"","overlay-color":"","overlay-opacity":"","overlay-gradient":""},"tablet":{"background-color":"var(--ast-global-color-5)","background-image":"","background-repeat":"repeat","background-position":"center center","background-size":"auto","background-attachment":"scroll","background-type":"","background-media":"","overlay-type":"","overlay-color":"","overlay-opacity":"","overlay-gradient":""},"mobile":{"background-color":"var(--ast-global-color-5)","background-image":"","background-repeat":"repeat","background-position":"center center","background-size":"auto","background-attachment":"scroll","background-type":"","background-media":"","overlay-type":"","overlay-color":"","overlay-opacity":"","overlay-gradient":""}}},"product_brand":[],"product_cat":[37],"product_tag":[],"class_list":{"0":"post-551","1":"product","2":"type-product","3":"status-publish","4":"has-post-thumbnail","6":"product_cat-leatherjacketforwomen","7":"desktop-align-left","8":"tablet-align-left","9":"mobile-align-left","11":"first","12":"instock","13":"shipping-taxable","14":"purchasable","15":"product-type-variable"},"_links":{"self":[{"href":"https:\/\/inhidestore.com\/da\/wp-json\/wp\/v2\/product\/551","targetHints":{"allow":["GET"]}}],"collection":[{"href":"https:\/\/inhidestore.com\/da\/wp-json\/wp\/v2\/product"}],"about":[{"href":"https:\/\/inhidestore.com\/da\/wp-json\/wp\/v2\/types\/product"}],"replies":[{"embeddable":true,"href":"https:\/\/inhidestore.com\/da\/wp-json\/wp\/v2\/comments?post=551"}],"version-history":[{"count":3,"href":"https:\/\/inhidestore.com\/da\/wp-json\/wp\/v2\/product\/551\/revisions"}],"predecessor-version":[{"id":2696,"href":"https:\/\/inhidestore.com\/da\/wp-json\/wp\/v2\/product\/551\/revisions\/2696"}],"wp:featuredmedia":[{"embeddable":true,"href":"https:\/\/inhidestore.com\/da\/wp-json\/wp\/v2\/media\/105"}],"wp:attachment":[{"href":"https:\/\/inhidestore.com\/da\/wp-json\/wp\/v2\/media?parent=551"}],"wp:term":[{"taxonomy":"product_brand","embeddable":true,"href":"https:\/\/inhidestore.com\/da\/wp-json\/wp\/v2\/product_brand?post=551"},{"taxonomy":"product_cat","embeddable":true,"href":"https:\/\/inhidestore.com\/da\/wp-json\/wp\/v2\/product_cat?post=551"},{"taxonomy":"product_tag","embeddable":true,"href":"https:\/\/inhidestore.com\/da\/wp-json\/wp\/v2\/product_tag?post=551"}],"curies":[{"name":"wp","href":"https:\/\/api.w.org\/{rel}","templated":true}]}}