{"id":584,"date":"2024-11-24T00:33:22","date_gmt":"2024-11-24T00:33:22","guid":{"rendered":"https:\/\/inhidestore.com\/?post_type=product&#038;p=584"},"modified":"2025-08-18T23:03:15","modified_gmt":"2025-08-18T23:03:15","slug":"inhide-roxy-womens-premium-leather-jacket-2","status":"publish","type":"product","link":"https:\/\/inhidestore.com\/da\/shop\/kvinder\/laederjakke-til-kvinder\/inhide-roxy-womens-premium-leather-jacket-2\/","title":{"rendered":"INHIDE Roxy Dame Premium L\u00e6derjakke"},"content":{"rendered":"<p style=\"font-family: Helvetica, Arial, sans-serif;\">M\u00f8d INHIDE Roxy \u2013 en bordeauxr\u00f8d l\u00e6derjakke til kvinder, der er den perfekte blanding af luksus og kant. Den er fremstillet af sm\u00f8rbl\u00f8dt 100% f\u00e5reskind, og du vil f\u00e5 sv\u00e6rt ved at modst\u00e5 fristelsen til at r\u00f8re ved den! Den f\u00f8les som et ekstra lag hud. Den dybe bordeauxr\u00f8de farve er lige s\u00e5 dristig som en solnedgang i \u00f8rkenen, prydet med gyldne knapper og lynl\u00e5se, der skinner som en funden skat.<\/p>\n<p style=\"font-family: Helvetica, Arial, sans-serif;\">Dette er ikke bare en helt almindelig jakke; det er et tidl\u00f8st item, der er skabt til at v\u00e6re din trofaste f\u00f8lgesvend i mere end et \u00e5rti. Den er perfekt til at smide over en sommerkjole p\u00e5 en k\u00f8lig aften eller som et lunt lag mod vintervinden. F\u00f8ler du dig eventyrlysten? Roxy fungerer ogs\u00e5 som en fantastisk bikerjakke, der g\u00f8r dig til den mest stilfulde rebel p\u00e5 to hjul.<\/p>\n<p style=\"font-family: Helvetica, Arial, sans-serif;\">S\u00e5 g\u00f8r dig klar til at v\u00e6kke opsigt med INHIDE. Her m\u00f8des elegance og kant.<\/p>\n<p style=\"font-family: Helvetica, Arial, sans-serif;\">Farve: Bordeaux<\/p>","protected":false},"excerpt":{"rendered":"<p>Introducing the INHIDE Roxy, a maroon leather jacket for women that&#8217;s a perfect blend of luxury and rebellion. Made from [&hellip;]<\/p>","protected":false},"featured_media":135,"comment_status":"open","ping_status":"closed","template":"","meta":{"site-sidebar-layout":"default","site-content-layout":"","ast-site-content-layout":"default","site-content-style":"default","site-sidebar-style":"default","ast-global-header-display":"","ast-banner-title-visibility":"","ast-main-header-display":"","ast-hfb-above-header-display":"","ast-hfb-below-header-display":"","ast-hfb-mobile-header-display":"","site-post-title":"","ast-breadcrumbs-content":"","ast-featured-img":"","footer-sml-layout":"","theme-transparent-header-meta":"default","adv-header-id-meta":"","stick-header-meta":"","header-above-stick-meta":"","header-main-stick-meta":"","header-below-stick-meta":"","astra-migrate-meta-layouts":"set","ast-page-background-enabled":"default","ast-page-background-meta":{"desktop":{"background-color":"var(--ast-global-color-4)","background-image":"","background-repeat":"repeat","background-position":"center center","background-size":"auto","background-attachment":"scroll","background-type":"","background-media":"","overlay-type":"","overlay-color":"","overlay-opacity":"","overlay-gradient":""},"tablet":{"background-color":"","background-image":"","background-repeat":"repeat","background-position":"center center","background-size":"auto","background-attachment":"scroll","background-type":"","background-media":"","overlay-type":"","overlay-color":"","overlay-opacity":"","overlay-gradient":""},"mobile":{"background-color":"","background-image":"","background-repeat":"repeat","background-position":"center center","background-size":"auto","background-attachment":"scroll","background-type":"","background-media":"","overlay-type":"","overlay-color":"","overlay-opacity":"","overlay-gradient":""}},"ast-content-background-meta":{"desktop":{"background-color":"var(--ast-global-color-5)","background-image":"","background-repeat":"repeat","background-position":"center center","background-size":"auto","background-attachment":"scroll","background-type":"","background-media":"","overlay-type":"","overlay-color":"","overlay-opacity":"","overlay-gradient":""},"tablet":{"background-color":"var(--ast-global-color-5)","background-image":"","background-repeat":"repeat","background-position":"center center","background-size":"auto","background-attachment":"scroll","background-type":"","background-media":"","overlay-type":"","overlay-color":"","overlay-opacity":"","overlay-gradient":""},"mobile":{"background-color":"var(--ast-global-color-5)","background-image":"","background-repeat":"repeat","background-position":"center center","background-size":"auto","background-attachment":"scroll","background-type":"","background-media":"","overlay-type":"","overlay-color":"","overlay-opacity":"","overlay-gradient":""}}},"product_brand":[],"product_cat":[37],"product_tag":[],"class_list":{"0":"post-584","1":"product","2":"type-product","3":"status-publish","4":"has-post-thumbnail","6":"product_cat-leatherjacketforwomen","7":"desktop-align-left","8":"tablet-align-left","9":"mobile-align-left","11":"first","12":"instock","13":"shipping-taxable","14":"purchasable","15":"product-type-variable"},"_links":{"self":[{"href":"https:\/\/inhidestore.com\/da\/wp-json\/wp\/v2\/product\/584","targetHints":{"allow":["GET"]}}],"collection":[{"href":"https:\/\/inhidestore.com\/da\/wp-json\/wp\/v2\/product"}],"about":[{"href":"https:\/\/inhidestore.com\/da\/wp-json\/wp\/v2\/types\/product"}],"replies":[{"embeddable":true,"href":"https:\/\/inhidestore.com\/da\/wp-json\/wp\/v2\/comments?post=584"}],"version-history":[{"count":3,"href":"https:\/\/inhidestore.com\/da\/wp-json\/wp\/v2\/product\/584\/revisions"}],"predecessor-version":[{"id":3071,"href":"https:\/\/inhidestore.com\/da\/wp-json\/wp\/v2\/product\/584\/revisions\/3071"}],"wp:featuredmedia":[{"embeddable":true,"href":"https:\/\/inhidestore.com\/da\/wp-json\/wp\/v2\/media\/135"}],"wp:attachment":[{"href":"https:\/\/inhidestore.com\/da\/wp-json\/wp\/v2\/media?parent=584"}],"wp:term":[{"taxonomy":"product_brand","embeddable":true,"href":"https:\/\/inhidestore.com\/da\/wp-json\/wp\/v2\/product_brand?post=584"},{"taxonomy":"product_cat","embeddable":true,"href":"https:\/\/inhidestore.com\/da\/wp-json\/wp\/v2\/product_cat?post=584"},{"taxonomy":"product_tag","embeddable":true,"href":"https:\/\/inhidestore.com\/da\/wp-json\/wp\/v2\/product_tag?post=584"}],"curies":[{"name":"wp","href":"https:\/\/api.w.org\/{rel}","templated":true}]}}