{"id":2022,"date":"2024-12-04T23:09:24","date_gmt":"2024-12-04T23:09:24","guid":{"rendered":"https:\/\/inhidestore.com\/?page_id=2022"},"modified":"2025-08-17T13:33:54","modified_gmt":"2025-08-17T13:33:54","slug":"hochwertige-ledermantel-aus-reinem-premium-leder-fur-herren","status":"publish","type":"page","link":"https:\/\/inhidestore.com\/de\/hochwertige-ledermantel-aus-reinem-premium-leder-fur-herren\/","title":{"rendered":"Lederm\u00e4ntel f\u00fcr Herren"},"content":{"rendered":"<div data-elementor-type=\"wp-page\" data-elementor-id=\"2022\" class=\"elementor elementor-2022\">\n\t\t\t\t<div class=\"elementor-element elementor-element-2792612 e-flex e-con-boxed e-con e-parent\" data-id=\"2792612\" data-element_type=\"container\">\n\t\t\t\t\t<div class=\"e-con-inner\">\n\t\t<div class=\"elementor-element elementor-element-9a2fd61 e-con-full e-flex e-con e-child\" data-id=\"9a2fd61\" data-element_type=\"container\">\n\t\t\t\t<div class=\"elementor-element elementor-element-6dd6a70 elementor-widget elementor-widget-heading\" data-id=\"6dd6a70\" data-element_type=\"widget\" data-widget_type=\"heading.default\">\n\t\t\t\t<div class=\"elementor-widget-container\">\n\t\t\t\t\t<h2 class=\"elementor-heading-title elementor-size-default\">Herren Lederm\u00e4ntel<\/h2>\t\t\t\t<\/div>\n\t\t\t\t<\/div>\n\t\t\t\t<div class=\"elementor-element elementor-element-f8e3dc2 elementor-widget elementor-widget-heading\" data-id=\"f8e3dc2\" data-element_type=\"widget\" data-widget_type=\"heading.default\">\n\t\t\t\t<div class=\"elementor-widget-container\">\n\t\t\t\t\t<h2 class=\"elementor-heading-title elementor-size-default\">Ma\u00dfgeschneidert f\u00fcr Sie: Entdecken Sie unsere Premium-Ledermantel-Kollektion f\u00fcr M\u00e4nner<\/h2>\t\t\t\t<\/div>\n\t\t\t\t<\/div>\n\t\t\t\t<\/div>\n\t\t\t\t\t<\/div>\n\t\t\t\t<\/div>\n\t\t<div class=\"elementor-element elementor-element-d62669e e-flex e-con-boxed e-con e-parent\" data-id=\"d62669e\" data-element_type=\"container\">\n\t\t\t\t\t<div class=\"e-con-inner\">\n\t\t\t\t<div class=\"elementor-element elementor-element-8d709c5 elementor-widget elementor-widget-woolentor-universal-product\" data-id=\"8d709c5\" data-element_type=\"widget\" data-widget_type=\"woolentor-universal-product.default\">\n\t\t\t\t<div class=\"elementor-widget-container\">\n\t\t\t\t\t                            <div class=\"product-tab-list ht-text-center\">\n                    <ul class=\"ht-tab-menus\">\n                                                                    <li><a class=\"htactive\" href=\"#woolentortab8d709c51\">\n                                                Lederm\u00e4ntel                                            <\/a><\/li>\n                                                            <\/ul>\n                <\/div>\n            \n                            <div class=\"woolentor-product-same-height ht-products woocommerce\">\n                    \n                                            <div class=\"ht-tab-pane htactive\" id=\"woolentortab8d709c51\">\n                            <div class=\"ht-row\">\n\n                                \n                                    <!--Product Start-->\n                                    <div class=\"ht-product ht-col-lg-4 ht-col-md-6 ht-col-sm-6 ht-col-xs-12 mb-30 product ht-product-action-bottom-content ht-product-action-on-hover ht-product-countdown-fill\">\n                                        <div class=\"ht-product-inner\">\n\n                                            <div class=\"ht-product-image-wrap\">\n                                                                                                <div class=\"ht-product-image\">\n                                                                                                            <div class=\"ht-product-image-slider ht-product-image-thumbnaisl-8d709c5\">\n                                                            <a href=\"https:\/\/inhidestore.com\/de\/jetzt-shoppen\/herren\/mantel\/inhide-inspiriert-vom-ncr-ranger-cosplay-duster-trenchcoat-aus-wildleder\/\" class=\"item ht-slider-first-item\"><img fetchpriority=\"high\" decoding=\"async\" width=\"300\" height=\"300\" src=\"https:\/\/inhidestore.com\/wp-content\/uploads\/2024\/09\/Untitled-design-4-1-300x300.png\" class=\"attachment-woocommerce_thumbnail size-woocommerce_thumbnail\" alt=\"\" srcset=\"https:\/\/inhidestore.com\/wp-content\/uploads\/2024\/09\/Untitled-design-4-1-300x300.png 300w, https:\/\/inhidestore.com\/wp-content\/uploads\/2024\/09\/Untitled-design-4-1-150x150.png 150w, https:\/\/inhidestore.com\/wp-content\/uploads\/2024\/09\/Untitled-design-4-1-100x100.png 100w\" sizes=\"(max-width: 300px) 100vw, 300px\" \/><\/a><a href=\"https:\/\/inhidestore.com\/de\/jetzt-shoppen\/herren\/mantel\/inhide-inspiriert-vom-ncr-ranger-cosplay-duster-trenchcoat-aus-wildleder\/\" class=\"item\"><img decoding=\"async\" width=\"300\" height=\"300\" src=\"https:\/\/inhidestore.com\/wp-content\/uploads\/2024\/09\/MORPH-300x300.png\" class=\"attachment-woocommerce_thumbnail size-woocommerce_thumbnail\" alt=\"\" srcset=\"https:\/\/inhidestore.com\/wp-content\/uploads\/2024\/09\/MORPH-300x300.png 300w, https:\/\/inhidestore.com\/wp-content\/uploads\/2024\/09\/MORPH-150x150.png 150w, https:\/\/inhidestore.com\/wp-content\/uploads\/2024\/09\/MORPH-100x100.png 100w\" sizes=\"(max-width: 300px) 100vw, 300px\" \/><\/a><a href=\"https:\/\/inhidestore.com\/de\/jetzt-shoppen\/herren\/mantel\/inhide-inspiriert-vom-ncr-ranger-cosplay-duster-trenchcoat-aus-wildleder\/\" class=\"item\"><img decoding=\"async\" width=\"300\" height=\"300\" src=\"https:\/\/inhidestore.com\/wp-content\/uploads\/2024\/09\/2-300x300.png\" class=\"attachment-woocommerce_thumbnail size-woocommerce_thumbnail\" alt=\"\" srcset=\"https:\/\/inhidestore.com\/wp-content\/uploads\/2024\/09\/2-300x300.png 300w, https:\/\/inhidestore.com\/wp-content\/uploads\/2024\/09\/2-150x150.png 150w, https:\/\/inhidestore.com\/wp-content\/uploads\/2024\/09\/2-100x100.png 100w\" sizes=\"(max-width: 300px) 100vw, 300px\" \/><\/a><a href=\"https:\/\/inhidestore.com\/de\/jetzt-shoppen\/herren\/mantel\/inhide-inspiriert-vom-ncr-ranger-cosplay-duster-trenchcoat-aus-wildleder\/\" class=\"item\"><img loading=\"lazy\" decoding=\"async\" width=\"300\" height=\"300\" src=\"https:\/\/inhidestore.com\/wp-content\/uploads\/2024\/09\/sc2-300x300.png\" class=\"attachment-woocommerce_thumbnail size-woocommerce_thumbnail\" alt=\"\" srcset=\"https:\/\/inhidestore.com\/wp-content\/uploads\/2024\/09\/sc2-300x300.png 300w, https:\/\/inhidestore.com\/wp-content\/uploads\/2024\/09\/sc2-150x150.png 150w, https:\/\/inhidestore.com\/wp-content\/uploads\/2024\/09\/sc2-100x100.png 100w\" sizes=\"(max-width: 300px) 100vw, 300px\" \/><\/a>                                                        <\/div>\n\n                                                    \n                                                <\/div>\n\n                                                \n                                                \n                                            <\/div>\n\n                                            <div class=\"ht-product-content\">\n                                                <div class=\"ht-product-content-inner\">\n                                                    <div class=\"ht-product-categories\"><a href=\"https:\/\/inhidestore.com\/de\/produkt-kategorie\/herren\/mantel\/\">Lederm\u00e4ntel<\/a><\/div>\n                                                                                                        <h4 class='ht-product-title'><a href='https:\/\/inhidestore.com\/de\/jetzt-shoppen\/herren\/mantel\/inhide-inspiriert-vom-ncr-ranger-cosplay-duster-trenchcoat-aus-wildleder\/'>INHIDE Inspiration von NCR Ranger Cosplay Duster Wildleder Trenchcoat<\/a><\/h4>                                                                                                                                                            <div class=\"ht-product-price\">\n\t<span class=\"price\"><span class=\"woocs_price_code\" data-currency=\"\" data-redraw-id=\"69e197136c36d\"  data-product-id=\"168\"><span class=\"woocommerce-Price-amount amount\"><bdi><span class=\"woocommerce-Price-currencySymbol\">&#36;<\/span>399.99<\/bdi><\/span><\/span><\/span>\n<\/div>\n                                                                                                        <div class=\"ht-product-ratting-wrap\"><\/div>\n\n                                                                                                            <div class=\"ht-product-action\">\n                                                            <ul class=\"woolentor-action-btn-area\">\n                                                                                                                                    <li>\n                                                                        <a href=\"#\" class=\"woolentorquickview\" data-product_id=\"168\" aria-label=\"INHIDE Inspiration von NCR Ranger Cosplay Duster Wildleder Trenchcoat\">\n                                                                            <i class=\"sli sli-magnifier\"><\/i>\n                                                                            <span class=\"ht-product-action-tooltip\">Quick View<\/span>\n                                                                        <\/a>\n                                                                    <\/li>\n                                                                                                                                                                                                                                                                <li class=\"woolentor-cart\"><a href=\"https:\/\/inhidestore.com\/de\/jetzt-shoppen\/herren\/mantel\/inhide-inspiriert-vom-ncr-ranger-cosplay-duster-trenchcoat-aus-wildleder\/\" aria-describedby=\"woocommerce_loop_add_to_cart_link_describedby_168\" data-quantity=\"1\" class=\"button product_type_variable add_to_cart_button\" data-product_id=\"168\" data-product_sku=\"ncr1\" aria-label=\"W\u00e4hle Optionen f\u00fcr \u201eINHIDE Inspiration of NCR Ranger Cosplay Duster Suede Trench Coat\u201c\" rel=\"nofollow\" data-no-translation=\"\" data-trp-gettext=\"\" data-no-translation-aria-label=\"\">Ausf\u00fchrung w\u00e4hlen<\/a>\t<span id=\"woocommerce_loop_add_to_cart_link_describedby_168\" class=\"screen-reader-text\">\n\t\tDieses Produkt weist mehrere Varianten auf. Die Optionen k\u00f6nnen auf der Produktseite gew\u00e4hlt werden\t<\/span>\n<\/li>\n                                                            <\/ul>\n                                                        <\/div>\n                                                    \n                                                <\/div>\n                                                                                            <\/div>\n\n                                        <\/div>\n                                    <\/div>\n                                    <!--Product End-->\n\n                                \n                            <\/div>\n                        <\/div>\n                                        \n                <\/div>\n\n            \n            \n        \t\t\t\t<\/div>\n\t\t\t\t<\/div>\n\t\t\t\t\t<\/div>\n\t\t\t\t<\/div>\n\t\t\t\t<\/div>","protected":false},"excerpt":{"rendered":"<p>Men&#8217;s Leather Coats Tailored for You: Discover Our Men&#8217;s Premium Leather Coat Collection Leather Coats Leather Coats INHIDE Inspiration of [&hellip;]<\/p>","protected":false},"author":1,"featured_media":0,"parent":0,"menu_order":0,"comment_status":"closed","ping_status":"closed","template":"","meta":{"site-sidebar-layout":"no-sidebar","site-content-layout":"","ast-site-content-layout":"full-width-container","site-content-style":"default","site-sidebar-style":"default","ast-global-header-display":"","ast-banner-title-visibility":"","ast-main-header-display":"","ast-hfb-above-header-display":"","ast-hfb-below-header-display":"","ast-hfb-mobile-header-display":"","site-post-title":"disabled","ast-breadcrumbs-content":"","ast-featured-img":"disabled","footer-sml-layout":"","theme-transparent-header-meta":"","adv-header-id-meta":"","stick-header-meta":"","header-above-stick-meta":"","header-main-stick-meta":"","header-below-stick-meta":"","astra-migrate-meta-layouts":"default","ast-page-background-enabled":"default","ast-page-background-meta":{"desktop":{"background-color":"var(--ast-global-color-4)","background-image":"","background-repeat":"repeat","background-position":"center center","background-size":"auto","background-attachment":"scroll","background-type":"","background-media":"","overlay-type":"","overlay-color":"","overlay-opacity":"","overlay-gradient":""},"tablet":{"background-color":"","background-image":"","background-repeat":"repeat","background-position":"center center","background-size":"auto","background-attachment":"scroll","background-type":"","background-media":"","overlay-type":"","overlay-color":"","overlay-opacity":"","overlay-gradient":""},"mobile":{"background-color":"","background-image":"","background-repeat":"repeat","background-position":"center center","background-size":"auto","background-attachment":"scroll","background-type":"","background-media":"","overlay-type":"","overlay-color":"","overlay-opacity":"","overlay-gradient":""}},"ast-content-background-meta":{"desktop":{"background-color":"var(--ast-global-color-5)","background-image":"","background-repeat":"repeat","background-position":"center center","background-size":"auto","background-attachment":"scroll","background-type":"","background-media":"","overlay-type":"","overlay-color":"","overlay-opacity":"","overlay-gradient":""},"tablet":{"background-color":"var(--ast-global-color-5)","background-image":"","background-repeat":"repeat","background-position":"center center","background-size":"auto","background-attachment":"scroll","background-type":"","background-media":"","overlay-type":"","overlay-color":"","overlay-opacity":"","overlay-gradient":""},"mobile":{"background-color":"var(--ast-global-color-5)","background-image":"","background-repeat":"repeat","background-position":"center center","background-size":"auto","background-attachment":"scroll","background-type":"","background-media":"","overlay-type":"","overlay-color":"","overlay-opacity":"","overlay-gradient":""}},"footnotes":""},"class_list":["post-2022","page","type-page","status-publish","hentry","desktop-align-left","tablet-align-left","mobile-align-left"],"_links":{"self":[{"href":"https:\/\/inhidestore.com\/de\/wp-json\/wp\/v2\/pages\/2022","targetHints":{"allow":["GET"]}}],"collection":[{"href":"https:\/\/inhidestore.com\/de\/wp-json\/wp\/v2\/pages"}],"about":[{"href":"https:\/\/inhidestore.com\/de\/wp-json\/wp\/v2\/types\/page"}],"author":[{"embeddable":true,"href":"https:\/\/inhidestore.com\/de\/wp-json\/wp\/v2\/users\/1"}],"replies":[{"embeddable":true,"href":"https:\/\/inhidestore.com\/de\/wp-json\/wp\/v2\/comments?post=2022"}],"version-history":[{"count":5,"href":"https:\/\/inhidestore.com\/de\/wp-json\/wp\/v2\/pages\/2022\/revisions"}],"predecessor-version":[{"id":3113,"href":"https:\/\/inhidestore.com\/de\/wp-json\/wp\/v2\/pages\/2022\/revisions\/3113"}],"wp:attachment":[{"href":"https:\/\/inhidestore.com\/de\/wp-json\/wp\/v2\/media?parent=2022"}],"curies":[{"name":"wp","href":"https:\/\/api.w.org\/{rel}","templated":true}]}}