{"id":366,"date":"2024-09-23T23:38:58","date_gmt":"2024-09-23T23:38:58","guid":{"rendered":"https:\/\/inhidestore.com\/?page_id=366"},"modified":"2025-05-31T15:36:08","modified_gmt":"2025-05-31T15:36:08","slug":"unsere-geschichte","status":"publish","type":"page","link":"https:\/\/inhidestore.com\/de\/unsere-geschichte\/","title":{"rendered":"Unsere Geschichte"},"content":{"rendered":"<p>Alles begann in einer kleinen Werkstatt, in der sich der Duft von reichem Leder mit Ehrgeiz und Fantasie vermischte. In diesem bescheidenen Raum wurde <strong>Inhide<\/strong> geboren - eine Marke, die nicht nur Jacken entwirft, sondern dauerhafte Verm\u00e4chtnisse herstellt, die man tragen kann.<\/p>\n\n\n\n<p>Wir von Inhide glauben, dass eine Lederjacke mehr ist als nur ein Kleidungsst\u00fcck. Sie ist ein Begleiter. Ein Ged\u00e4chtnisst\u00fctze. Eine zweite Haut, die Sie durch die entscheidenden Momente des Lebens begleitet - ruhige Kaffees, n\u00e4chtliche Fahrten, mutige Anf\u00e4nge.<\/p>\n\n\n\n<p>Jedes St\u00fcck, das wir herstellen, ist ein Zeugnis f\u00fcr zeitloses Design und achtsame Handwerkskunst. Unsere Jacken werden von erfahrenen Handwerkern handgen\u00e4ht und aus <strong>ethisch einwandfreiem Leder gefertigt<\/strong>- Leder, das mit der Zeit altert und seine eigene Geschichte erz\u00e4hlt.<\/p>\n\n\n\n<p>Aber bei Inhide geht es nicht nur um Qualit\u00e4t. Es geht um <strong>Identit\u00e4t<\/strong>Wir entwerfen f\u00fcr Menschen, die sich von der Masse abheben. Unsere Kollektionen vereinen klassische Silhouetten mit modernen Akzenten und bieten St\u00fccke, die sich sowohl vertraut als auch frisch anf\u00fchlen. Egal, ob Sie sich schick machen oder abschalten wollen, es gibt eine Inhide-Jacke, die nicht nur zu Ihrem K\u00f6rper, sondern auch zu Ihrem Geist passt.<\/p>\n\n\n\n<p>Verwurzelt in Integrit\u00e4t, getrieben von Details und angetrieben von Selbstdarstellung\u2014<strong>Inhide ist f\u00fcr diejenigen, die Selbstvertrauen wie eine zweite Haut tragen.<\/strong>.<\/p>\n\n\n\n<p>Es geht um mehr als nur um Mode.<br><strong>Dies ist Ihre Geschichte, neu definiert.<\/strong><\/p>","protected":false},"excerpt":{"rendered":"<p>It all began in a small workshop, where the scent of rich leather mingled with ambition and imagination. In that [&hellip;]<\/p>","protected":false},"author":1,"featured_media":0,"parent":0,"menu_order":0,"comment_status":"closed","ping_status":"closed","template":"","meta":{"site-sidebar-layout":"default","site-content-layout":"","ast-site-content-layout":"","site-content-style":"default","site-sidebar-style":"default","ast-global-header-display":"","ast-banner-title-visibility":"","ast-main-header-display":"","ast-hfb-above-header-display":"","ast-hfb-below-header-display":"","ast-hfb-mobile-header-display":"","site-post-title":"","ast-breadcrumbs-content":"","ast-featured-img":"","footer-sml-layout":"","theme-transparent-header-meta":"","adv-header-id-meta":"","stick-header-meta":"","header-above-stick-meta":"","header-main-stick-meta":"","header-below-stick-meta":"","astra-migrate-meta-layouts":"default","ast-page-background-enabled":"default","ast-page-background-meta":{"desktop":{"background-color":"var(--ast-global-color-4)","background-image":"","background-repeat":"repeat","background-position":"center center","background-size":"auto","background-attachment":"scroll","background-type":"","background-media":"","overlay-type":"","overlay-color":"","overlay-opacity":"","overlay-gradient":""},"tablet":{"background-color":"","background-image":"","background-repeat":"repeat","background-position":"center center","background-size":"auto","background-attachment":"scroll","background-type":"","background-media":"","overlay-type":"","overlay-color":"","overlay-opacity":"","overlay-gradient":""},"mobile":{"background-color":"","background-image":"","background-repeat":"repeat","background-position":"center center","background-size":"auto","background-attachment":"scroll","background-type":"","background-media":"","overlay-type":"","overlay-color":"","overlay-opacity":"","overlay-gradient":""}},"ast-content-background-meta":{"desktop":{"background-color":"var(--ast-global-color-5)","background-image":"","background-repeat":"repeat","background-position":"center center","background-size":"auto","background-attachment":"scroll","background-type":"","background-media":"","overlay-type":"","overlay-color":"","overlay-opacity":"","overlay-gradient":""},"tablet":{"background-color":"var(--ast-global-color-5)","background-image":"","background-repeat":"repeat","background-position":"center center","background-size":"auto","background-attachment":"scroll","background-type":"","background-media":"","overlay-type":"","overlay-color":"","overlay-opacity":"","overlay-gradient":""},"mobile":{"background-color":"var(--ast-global-color-5)","background-image":"","background-repeat":"repeat","background-position":"center center","background-size":"auto","background-attachment":"scroll","background-type":"","background-media":"","overlay-type":"","overlay-color":"","overlay-opacity":"","overlay-gradient":""}},"footnotes":""},"class_list":["post-366","page","type-page","status-publish","hentry"],"_links":{"self":[{"href":"https:\/\/inhidestore.com\/de\/wp-json\/wp\/v2\/pages\/366","targetHints":{"allow":["GET"]}}],"collection":[{"href":"https:\/\/inhidestore.com\/de\/wp-json\/wp\/v2\/pages"}],"about":[{"href":"https:\/\/inhidestore.com\/de\/wp-json\/wp\/v2\/types\/page"}],"author":[{"embeddable":true,"href":"https:\/\/inhidestore.com\/de\/wp-json\/wp\/v2\/users\/1"}],"replies":[{"embeddable":true,"href":"https:\/\/inhidestore.com\/de\/wp-json\/wp\/v2\/comments?post=366"}],"version-history":[{"count":3,"href":"https:\/\/inhidestore.com\/de\/wp-json\/wp\/v2\/pages\/366\/revisions"}],"predecessor-version":[{"id":2736,"href":"https:\/\/inhidestore.com\/de\/wp-json\/wp\/v2\/pages\/366\/revisions\/2736"}],"wp:attachment":[{"href":"https:\/\/inhidestore.com\/de\/wp-json\/wp\/v2\/media?parent=366"}],"curies":[{"name":"wp","href":"https:\/\/api.w.org\/{rel}","templated":true}]}}