{"id":2274,"date":"2025-01-22T21:18:48","date_gmt":"2025-01-22T21:18:48","guid":{"rendered":"https:\/\/inhidestore.com\/?page_id=2274"},"modified":"2025-07-17T22:53:51","modified_gmt":"2025-07-17T22:53:51","slug":"shipping-policy","status":"publish","type":"page","link":"https:\/\/inhidestore.com\/de_at\/shipping-policy\/","title":{"rendered":"Versandrichtlinien"},"content":{"rendered":"<p>Bei Inhide sind wir stolz darauf, hochwertige Lederjacken an Kunden weltweit zu liefern. Unsere Versandrichtlinien erl\u00e4utern detailliert, wie wir Ihre Bestellungen bearbeiten, verpacken und zustellen. Bitte nehmen Sie sich einen Moment Zeit, die folgenden Informationen durchzulesen, um zu verstehen, wie wir ein reibungsloses Versanderlebnis gew\u00e4hrleisten.<\/p>\n\n\n\n<hr class=\"wp-block-separator has-alpha-channel-opacity\"\/>\n\n\n\n<p><strong>Ma\u00dfgefertigte Handwerkskunst<\/strong><\/p>\n\n\n\n<p>Jede Inhide-Jacke wird mit Sorgfalt, Pr\u00e4zision und Liebe zum Detail gefertigt. Da unsere Jacken auf Bestellung gefertigt werden, lagern wir keine vorgefertigten Artikel. So k\u00f6nnen wir Ihnen ein Produkt anbieten, das Ihren spezifischen Vorlieben entspricht und unsere hohen Qualit\u00e4tsstandards erf\u00fcllt.<\/p>\n\n\n\n<ul class=\"wp-block-list\">\n<li><strong>Produktionszeit:<\/strong><br>Die Anfertigung Ihrer Jacke dauert in der Regel<strong> 5-8 Werktage<\/strong> bevor sie versandbereit ist. Dies beinhaltet die Zeit f\u00fcr die Materialauswahl, die Ma\u00dfanfertigung und gr\u00fcndliche Qualit\u00e4tskontrollen.<\/li>\n\n\n\n<li><strong>Sonderanfertigungen:<\/strong><br>Sollte Ihre Bestellung individuelle Anpassungen beinhalten, beachten Sie bitte, dass die Produktionszeiten je nach Komplexit\u00e4t des Designs leicht variieren k\u00f6nnen.<\/li>\n<\/ul>\n\n\n\n<hr class=\"wp-block-separator has-alpha-channel-opacity\"\/>\n\n\n\n<p><strong>Weltweiter Gratisversand<\/strong><\/p>\n\n\n\n<p>Wir m\u00f6chten Ihr Einkaufserlebnis so einfach wie m\u00f6glich gestalten. Deshalb bieten wir Ihnen <strong>weltweiten Gratisversand<\/strong> f\u00fcr alle Bestellungen an. Egal ob Sie in Nordamerika, Europa, Asien oder anderswo sind, es gibt keine versteckten Versandkosten.<\/p>\n\n\n\n<hr class=\"wp-block-separator has-alpha-channel-opacity\"\/>\n\n\n\n<p><strong>Voraussichtliche Lieferzeiten<\/strong><\/p>\n\n\n\n<p>Sobald Ihre Jacke gefertigt und versandt wurde, h\u00e4ngen die Lieferzeiten von Ihrem Standort ab. Hier ein \u00dcberblick:<\/p>\n\n\n\n<ul class=\"wp-block-list\">\n<li><strong>Nordamerika:<\/strong> 3-5 Werktage<\/li>\n\n\n\n<li><strong>Europa:<\/strong> 3-5 Werktage<\/li>\n\n\n\n<li><strong>Asien-Pazifik:<\/strong> 3-5 Werktage<\/li>\n\n\n\n<li><strong>Rest der Welt:<\/strong> 3-5 Werktage<\/li>\n<\/ul>\n\n\n\n<p>Bitte beachten Sie, dass dies voraussichtliche Lieferzeiten sind und aufgrund externer Faktoren wie Zollabfertigung oder Verz\u00f6gerungen bei lokalen Kurierdiensten variieren k\u00f6nnen.<\/p>\n\n\n\n<hr class=\"wp-block-separator has-alpha-channel-opacity\"\/>\n\n\n\n<p><strong>Sendungsverfolgung<\/strong><\/p>\n\n\n\n<p>Sobald Ihre Bestellung versandt wurde, erhalten Sie eine E-Mail mit einer Sendungsnummer und Anweisungen zur Verfolgung Ihrer Lieferung. So k\u00f6nnen Sie den Fortschritt Ihrer Bestellung in Echtzeit verfolgen.<\/p>\n\n\n\n<hr class=\"wp-block-separator has-alpha-channel-opacity\"\/>\n\n\n\n<p><strong>Zoll, Abgaben und Steuern<\/strong><\/p>\n\n\n\n<p>Obwohl wir kostenlosen Versand anbieten, k\u00f6nnen Kunden f\u00fcr <strong>Umsatzsteuer\/Mehrwertsteuer, Einfuhrz\u00f6lle oder andere Geb\u00fchren<\/strong> verantwortlich sein, die von ihren lokalen Zollbeh\u00f6rden erhoben werden. Diese Geb\u00fchren variieren je nach Land und sind nicht im Preis Ihrer Bestellung enthalten.<\/p>\n\n\n\n<p>Wir empfehlen Ihnen, sich bei Ihrem \u00f6rtlichen Zollamt \u00fcber anfallende Geb\u00fchren zu informieren.<\/p>\n\n\n\n<hr class=\"wp-block-separator has-alpha-channel-opacity\"\/>\n\n\n\n<p><strong>Unzustellbare Pakete<\/strong><\/p>\n\n\n\n<p>Wenn ein Paket an uns zur\u00fcckgesandt wird, weil der Kunde falsche oder unvollst\u00e4ndige Versandinformationen angegeben hat, die Zahlung von Zollgeb\u00fchren verweigert wurde oder die Annahme der Lieferung fehlgeschlagen ist:<\/p>\n\n\n\n<ul class=\"wp-block-list\">\n<li>Wir werden Sie kontaktieren, um den erneuten Versand zu arrangieren.<\/li>\n\n\n\n<li>Eventuell anfallende zus\u00e4tzliche Versandkosten gehen zu Lasten des Kunden.<\/li>\n<\/ul>\n\n\n\n<hr class=\"wp-block-separator has-alpha-channel-opacity\"\/>\n\n\n\n<p><strong>Besch\u00e4digte oder fehlende Lieferungen<\/strong><\/p>\n\n\n\n<p>Wir treffen alle Vorkehrungen, um sicherzustellen, dass Ihre Jacke in einwandfreiem Zustand bei Ihnen ankommt. Sollte Ihre Bestellung jedoch besch\u00e4digt ankommen oder auf dem Transportweg verloren gehen:<\/p>\n\n\n\n<ul class=\"wp-block-list\">\n<li>Benachrichtigen Sie uns umgehend unter customerservice@inhidestore.com<\/li>\n\n\n\n<li>Senden Sie uns Fotos des Pakets (falls besch\u00e4digt) und alle relevanten Details.<\/li>\n<\/ul>\n\n\n\n<p>Wir werden das Problem umgehend untersuchen und einen Ersatz oder eine angemessene L\u00f6sung arrangieren.<\/p>\n\n\n\n<hr class=\"wp-block-separator has-alpha-channel-opacity\"\/>\n\n\n\n<p><strong>Versandbeschr\u00e4nkungen<\/strong><\/p>\n\n\n\n<p>Obwohl wir weltweit versenden, k\u00f6nnen bestimmte abgelegene oder eingeschr\u00e4nkte Gebiete l\u00e4ngere Lieferzeiten oder begrenzte Kurierdienste haben. In solchen F\u00e4llen werden wir direkt mit Ihnen kommunizieren, um sicherzustellen, dass Ihre Bestellung Sie erreicht.<\/p>\n\n\n\n<hr class=\"wp-block-separator has-alpha-channel-opacity\"\/>\n\n\n\n<p><strong>Lieferverz\u00f6gerungen w\u00e4hrend der Feiertage<\/strong><\/p>\n\n\n\n<p>W\u00e4hrend der Hauptferienzeiten k\u00f6nnen sich die Produktions- und Versandzeiten aufgrund erh\u00f6hter Nachfrage leicht verl\u00e4ngern. Um eine p\u00fcnktliche Lieferung zu gew\u00e4hrleisten, empfehlen wir Ihnen, Ihre Bestellungen rechtzeitig vor wichtigen Feiertagen aufzugeben.<\/p>\n\n\n\n<hr class=\"wp-block-separator has-alpha-channel-opacity\"\/>\n\n\n\n<p><strong>Kundensupport<\/strong><\/p>\n\n\n\n<p>Wenn Sie Fragen oder Bedenken bez\u00fcglich Ihrer Bestellung oder unseres Versandprozesses haben, z\u00f6gern Sie bitte nicht, uns zu kontaktieren:<\/p>\n\n\n\n<ul class=\"wp-block-list\">\n<li><strong>E-Mail:<\/strong> customerservice@inhidestore.com<\/li>\n\n\n\n<li><strong>Telefon:<\/strong> +92 330-225-4099<\/li>\n<\/ul>\n\n\n\n<hr class=\"wp-block-separator has-alpha-channel-opacity\"\/>\n\n\n\n<p>Bei Inhide sind wir bestrebt, Ihnen einen au\u00dfergew\u00f6hnlichen Service zu bieten und hochwertige Lederjacken direkt an Ihre Haust\u00fcr zu liefern. Vielen Dank, dass Sie uns als Ihren vertrauensw\u00fcrdigen Partner in Sachen Stil gew\u00e4hlt haben!<\/p>\n\n\n\n<p><\/p>","protected":false},"excerpt":{"rendered":"<p>At Inhide, we pride ourselves on delivering premium leather jackets to customers worldwide. Our Shipping Policy outlines the details of [&hellip;]<\/p>","protected":false},"author":1,"featured_media":0,"parent":0,"menu_order":0,"comment_status":"closed","ping_status":"closed","template":"","meta":{"site-sidebar-layout":"default","site-content-layout":"","ast-site-content-layout":"","site-content-style":"default","site-sidebar-style":"default","ast-global-header-display":"","ast-banner-title-visibility":"","ast-main-header-display":"","ast-hfb-above-header-display":"","ast-hfb-below-header-display":"","ast-hfb-mobile-header-display":"","site-post-title":"","ast-breadcrumbs-content":"","ast-featured-img":"","footer-sml-layout":"","theme-transparent-header-meta":"","adv-header-id-meta":"","stick-header-meta":"","header-above-stick-meta":"","header-main-stick-meta":"","header-below-stick-meta":"","astra-migrate-meta-layouts":"default","ast-page-background-enabled":"default","ast-page-background-meta":{"desktop":{"background-color":"var(--ast-global-color-4)","background-image":"","background-repeat":"repeat","background-position":"center center","background-size":"auto","background-attachment":"scroll","background-type":"","background-media":"","overlay-type":"","overlay-color":"","overlay-opacity":"","overlay-gradient":""},"tablet":{"background-color":"","background-image":"","background-repeat":"repeat","background-position":"center center","background-size":"auto","background-attachment":"scroll","background-type":"","background-media":"","overlay-type":"","overlay-color":"","overlay-opacity":"","overlay-gradient":""},"mobile":{"background-color":"","background-image":"","background-repeat":"repeat","background-position":"center center","background-size":"auto","background-attachment":"scroll","background-type":"","background-media":"","overlay-type":"","overlay-color":"","overlay-opacity":"","overlay-gradient":""}},"ast-content-background-meta":{"desktop":{"background-color":"var(--ast-global-color-5)","background-image":"","background-repeat":"repeat","background-position":"center center","background-size":"auto","background-attachment":"scroll","background-type":"","background-media":"","overlay-type":"","overlay-color":"","overlay-opacity":"","overlay-gradient":""},"tablet":{"background-color":"var(--ast-global-color-5)","background-image":"","background-repeat":"repeat","background-position":"center center","background-size":"auto","background-attachment":"scroll","background-type":"","background-media":"","overlay-type":"","overlay-color":"","overlay-opacity":"","overlay-gradient":""},"mobile":{"background-color":"var(--ast-global-color-5)","background-image":"","background-repeat":"repeat","background-position":"center center","background-size":"auto","background-attachment":"scroll","background-type":"","background-media":"","overlay-type":"","overlay-color":"","overlay-opacity":"","overlay-gradient":""}},"footnotes":""},"class_list":["post-2274","page","type-page","status-publish","hentry"],"_links":{"self":[{"href":"https:\/\/inhidestore.com\/de_at\/wp-json\/wp\/v2\/pages\/2274","targetHints":{"allow":["GET"]}}],"collection":[{"href":"https:\/\/inhidestore.com\/de_at\/wp-json\/wp\/v2\/pages"}],"about":[{"href":"https:\/\/inhidestore.com\/de_at\/wp-json\/wp\/v2\/types\/page"}],"author":[{"embeddable":true,"href":"https:\/\/inhidestore.com\/de_at\/wp-json\/wp\/v2\/users\/1"}],"replies":[{"embeddable":true,"href":"https:\/\/inhidestore.com\/de_at\/wp-json\/wp\/v2\/comments?post=2274"}],"version-history":[{"count":2,"href":"https:\/\/inhidestore.com\/de_at\/wp-json\/wp\/v2\/pages\/2274\/revisions"}],"predecessor-version":[{"id":3064,"href":"https:\/\/inhidestore.com\/de_at\/wp-json\/wp\/v2\/pages\/2274\/revisions\/3064"}],"wp:attachment":[{"href":"https:\/\/inhidestore.com\/de_at\/wp-json\/wp\/v2\/media?parent=2274"}],"curies":[{"name":"wp","href":"https:\/\/api.w.org\/{rel}","templated":true}]}}