{"id":366,"date":"2024-09-23T23:38:58","date_gmt":"2024-09-23T23:38:58","guid":{"rendered":"https:\/\/inhidestore.com\/?page_id=366"},"modified":"2025-05-31T15:36:08","modified_gmt":"2025-05-31T15:36:08","slug":"unsere-geschichte","status":"publish","type":"page","link":"https:\/\/inhidestore.com\/de_at\/unsere-geschichte\/","title":{"rendered":"Unsere Geschichte"},"content":{"rendered":"<p>Es hat alles in einer kleinen Werkstatt angefangen, wo sich der Duft von edlem Leder mit Ehrgeiz und Vorstellungskraft vermischt hat. In diesem bescheidenen Raum, <strong>Inhide<\/strong> wurde geboren \u2013 eine Marke, die nicht nur dazu da ist, Jacken zu fertigen, sondern bleibende Werte zu schaffen, die Sie tragen k\u00f6nnen.<\/p>\n\n\n\n<p>Bei Inhide sind wir \u00fcberzeugt, dass eine Lederjacke mehr ist als nur ein Kleidungsst\u00fcck. Sie ist ein Begleiter. Ein Erinnerungsh\u00fcter. Eine zweite Haut, die Sie durch die pr\u00e4genden Momente des Lebens begleitet \u2013 gem\u00fctliche Kaffeepausen, n\u00e4chtliche Ausfahrten, mutige Neuanf\u00e4nge.<\/p>\n\n\n\n<p>Jedes St\u00fcck, das wir fertigen, ist ein Beweis f\u00fcr zeitloses Design und achtsame Handwerkskunst. Von erfahrenen Handwerkern handgen\u00e4ht, werden unsere Jacken aus <strong>ethisch einwandfreiem, hochwertigem Leder<\/strong>\u2013 jener Art, die mit Charakter altert und im Laufe der Zeit ihre eigene Geschichte erz\u00e4hlt.<\/p>\n\n\n\n<p>Doch bei Inhide geht es nicht nur um Qualit\u00e4t. Es geht um <strong>Identit\u00e4t<\/strong>. Wir entwerfen f\u00fcr Pers\u00f6nlichkeiten, die sich abheben. Unsere Kollektionen vereinen klassische Silhouetten mit modernem Pfiff und bieten St\u00fccke, die sich gleichzeitig vertraut und frisch anf\u00fchlen. Egal ob Sie sich aufbrezeln oder entspannen, es gibt eine Inhide-Jacke, die nicht nur zu Ihrem K\u00f6rper, sondern auch zu Ihrem Geist passt.<\/p>\n\n\n\n<p>Verwurzelt in Integrit\u00e4t, angetrieben von der Liebe zum Detail und befl\u00fcgelt von Selbstentfaltung\u2014<strong>Inhide ist f\u00fcr all jene, die Selbstvertrauen wie eine zweite Haut tragen.<\/strong>.<\/p>\n\n\n\n<p>Das ist mehr als Mode.<br><strong>Das ist Ihre Geschichte, neu definiert.<\/strong><\/p>","protected":false},"excerpt":{"rendered":"<p>It all began in a small workshop, where the scent of rich leather mingled with ambition and imagination. In that [&hellip;]<\/p>","protected":false},"author":1,"featured_media":0,"parent":0,"menu_order":0,"comment_status":"closed","ping_status":"closed","template":"","meta":{"site-sidebar-layout":"default","site-content-layout":"","ast-site-content-layout":"","site-content-style":"default","site-sidebar-style":"default","ast-global-header-display":"","ast-banner-title-visibility":"","ast-main-header-display":"","ast-hfb-above-header-display":"","ast-hfb-below-header-display":"","ast-hfb-mobile-header-display":"","site-post-title":"","ast-breadcrumbs-content":"","ast-featured-img":"","footer-sml-layout":"","theme-transparent-header-meta":"","adv-header-id-meta":"","stick-header-meta":"","header-above-stick-meta":"","header-main-stick-meta":"","header-below-stick-meta":"","astra-migrate-meta-layouts":"default","ast-page-background-enabled":"default","ast-page-background-meta":{"desktop":{"background-color":"var(--ast-global-color-4)","background-image":"","background-repeat":"repeat","background-position":"center center","background-size":"auto","background-attachment":"scroll","background-type":"","background-media":"","overlay-type":"","overlay-color":"","overlay-opacity":"","overlay-gradient":""},"tablet":{"background-color":"","background-image":"","background-repeat":"repeat","background-position":"center center","background-size":"auto","background-attachment":"scroll","background-type":"","background-media":"","overlay-type":"","overlay-color":"","overlay-opacity":"","overlay-gradient":""},"mobile":{"background-color":"","background-image":"","background-repeat":"repeat","background-position":"center center","background-size":"auto","background-attachment":"scroll","background-type":"","background-media":"","overlay-type":"","overlay-color":"","overlay-opacity":"","overlay-gradient":""}},"ast-content-background-meta":{"desktop":{"background-color":"var(--ast-global-color-5)","background-image":"","background-repeat":"repeat","background-position":"center center","background-size":"auto","background-attachment":"scroll","background-type":"","background-media":"","overlay-type":"","overlay-color":"","overlay-opacity":"","overlay-gradient":""},"tablet":{"background-color":"var(--ast-global-color-5)","background-image":"","background-repeat":"repeat","background-position":"center center","background-size":"auto","background-attachment":"scroll","background-type":"","background-media":"","overlay-type":"","overlay-color":"","overlay-opacity":"","overlay-gradient":""},"mobile":{"background-color":"var(--ast-global-color-5)","background-image":"","background-repeat":"repeat","background-position":"center center","background-size":"auto","background-attachment":"scroll","background-type":"","background-media":"","overlay-type":"","overlay-color":"","overlay-opacity":"","overlay-gradient":""}},"footnotes":""},"class_list":["post-366","page","type-page","status-publish","hentry"],"_links":{"self":[{"href":"https:\/\/inhidestore.com\/de_at\/wp-json\/wp\/v2\/pages\/366","targetHints":{"allow":["GET"]}}],"collection":[{"href":"https:\/\/inhidestore.com\/de_at\/wp-json\/wp\/v2\/pages"}],"about":[{"href":"https:\/\/inhidestore.com\/de_at\/wp-json\/wp\/v2\/types\/page"}],"author":[{"embeddable":true,"href":"https:\/\/inhidestore.com\/de_at\/wp-json\/wp\/v2\/users\/1"}],"replies":[{"embeddable":true,"href":"https:\/\/inhidestore.com\/de_at\/wp-json\/wp\/v2\/comments?post=366"}],"version-history":[{"count":3,"href":"https:\/\/inhidestore.com\/de_at\/wp-json\/wp\/v2\/pages\/366\/revisions"}],"predecessor-version":[{"id":2736,"href":"https:\/\/inhidestore.com\/de_at\/wp-json\/wp\/v2\/pages\/366\/revisions\/2736"}],"wp:attachment":[{"href":"https:\/\/inhidestore.com\/de_at\/wp-json\/wp\/v2\/media?parent=366"}],"curies":[{"name":"wp","href":"https:\/\/api.w.org\/{rel}","templated":true}]}}