{"id":584,"date":"2024-11-24T00:33:22","date_gmt":"2024-11-24T00:33:22","guid":{"rendered":"https:\/\/inhidestore.com\/?post_type=product&#038;p=584"},"modified":"2025-08-18T23:03:15","modified_gmt":"2025-08-18T23:03:15","slug":"inhide-roxy-damen-premium-lederjacke-2","status":"publish","type":"product","link":"https:\/\/inhidestore.com\/de_at\/shoppen\/damen\/lederjacke-fur-damen\/inhide-roxy-damen-premium-lederjacke-2\/","title":{"rendered":"INHIDE Roxy Premium Damen Lederjacke"},"content":{"rendered":"<p style=\"font-family: Helvetica, Arial, sans-serif;\">Wir pr\u00e4sentieren die INHIDE Roxy: Eine Lederjacke f\u00fcr Damen in sattem Maronirot, die Luxus und Rebellion perfekt vereint. Gefertigt aus butterweichem, 100% Schafleder \u2013 Sie werden dem Drang, sie st\u00e4ndig zu ber\u00fchren, kaum widerstehen k\u00f6nnen! Sie schmiegt sich an wie eine zweite Haut. Das tiefe Maronirot ist so k\u00fchn wie ein Sonnenuntergang in der W\u00fcste, veredelt durch goldene Kn\u00f6pfe und Rei\u00dfverschl\u00fcsse, die wie ein verborgener Schatz funkeln.<\/p>\n<p style=\"font-family: Helvetica, Arial, sans-serif;\">Das ist keine gew\u00f6hnliche Jacke, sondern ein zeitloses Lieblingsst\u00fcck, das Sie \u00fcber ein Jahrzehnt lang begleiten wird. Perfekt, um sie an einem lauen Abend \u00fcber ein Sommerkleid zu werfen oder sich kuschelig gegen den Winterwind zu sch\u00fctzen. Abenteuerlustig? Die Roxy \u00fcberzeugt auch als umwerfende Bikerjacke und macht Sie zur schicksten Rebellin auf zwei R\u00e4dern.<\/p>\n<p style=\"font-family: Helvetica, Arial, sans-serif;\">Also, bereitmachen und mit INHIDE alle Blicke auf sich ziehen. Wo Eleganz auf Coolness trifft.<\/p>\n<p style=\"font-family: Helvetica, Arial, sans-serif;\">Farbe: Maronirot<\/p>","protected":false},"excerpt":{"rendered":"<p>Introducing the INHIDE Roxy, a maroon leather jacket for women that&#8217;s a perfect blend of luxury and rebellion. Made from [&hellip;]<\/p>","protected":false},"featured_media":135,"comment_status":"open","ping_status":"closed","template":"","meta":{"site-sidebar-layout":"default","site-content-layout":"","ast-site-content-layout":"default","site-content-style":"default","site-sidebar-style":"default","ast-global-header-display":"","ast-banner-title-visibility":"","ast-main-header-display":"","ast-hfb-above-header-display":"","ast-hfb-below-header-display":"","ast-hfb-mobile-header-display":"","site-post-title":"","ast-breadcrumbs-content":"","ast-featured-img":"","footer-sml-layout":"","theme-transparent-header-meta":"default","adv-header-id-meta":"","stick-header-meta":"","header-above-stick-meta":"","header-main-stick-meta":"","header-below-stick-meta":"","astra-migrate-meta-layouts":"set","ast-page-background-enabled":"default","ast-page-background-meta":{"desktop":{"background-color":"var(--ast-global-color-4)","background-image":"","background-repeat":"repeat","background-position":"center center","background-size":"auto","background-attachment":"scroll","background-type":"","background-media":"","overlay-type":"","overlay-color":"","overlay-opacity":"","overlay-gradient":""},"tablet":{"background-color":"","background-image":"","background-repeat":"repeat","background-position":"center center","background-size":"auto","background-attachment":"scroll","background-type":"","background-media":"","overlay-type":"","overlay-color":"","overlay-opacity":"","overlay-gradient":""},"mobile":{"background-color":"","background-image":"","background-repeat":"repeat","background-position":"center center","background-size":"auto","background-attachment":"scroll","background-type":"","background-media":"","overlay-type":"","overlay-color":"","overlay-opacity":"","overlay-gradient":""}},"ast-content-background-meta":{"desktop":{"background-color":"var(--ast-global-color-5)","background-image":"","background-repeat":"repeat","background-position":"center center","background-size":"auto","background-attachment":"scroll","background-type":"","background-media":"","overlay-type":"","overlay-color":"","overlay-opacity":"","overlay-gradient":""},"tablet":{"background-color":"var(--ast-global-color-5)","background-image":"","background-repeat":"repeat","background-position":"center center","background-size":"auto","background-attachment":"scroll","background-type":"","background-media":"","overlay-type":"","overlay-color":"","overlay-opacity":"","overlay-gradient":""},"mobile":{"background-color":"var(--ast-global-color-5)","background-image":"","background-repeat":"repeat","background-position":"center center","background-size":"auto","background-attachment":"scroll","background-type":"","background-media":"","overlay-type":"","overlay-color":"","overlay-opacity":"","overlay-gradient":""}}},"product_brand":[],"product_cat":[37],"product_tag":[],"class_list":{"0":"post-584","1":"product","2":"type-product","3":"status-publish","4":"has-post-thumbnail","6":"product_cat-leatherjacketforwomen","7":"desktop-align-left","8":"tablet-align-left","9":"mobile-align-left","11":"first","12":"instock","13":"shipping-taxable","14":"purchasable","15":"product-type-variable"},"_links":{"self":[{"href":"https:\/\/inhidestore.com\/de_at\/wp-json\/wp\/v2\/product\/584","targetHints":{"allow":["GET"]}}],"collection":[{"href":"https:\/\/inhidestore.com\/de_at\/wp-json\/wp\/v2\/product"}],"about":[{"href":"https:\/\/inhidestore.com\/de_at\/wp-json\/wp\/v2\/types\/product"}],"replies":[{"embeddable":true,"href":"https:\/\/inhidestore.com\/de_at\/wp-json\/wp\/v2\/comments?post=584"}],"version-history":[{"count":3,"href":"https:\/\/inhidestore.com\/de_at\/wp-json\/wp\/v2\/product\/584\/revisions"}],"predecessor-version":[{"id":3071,"href":"https:\/\/inhidestore.com\/de_at\/wp-json\/wp\/v2\/product\/584\/revisions\/3071"}],"wp:featuredmedia":[{"embeddable":true,"href":"https:\/\/inhidestore.com\/de_at\/wp-json\/wp\/v2\/media\/135"}],"wp:attachment":[{"href":"https:\/\/inhidestore.com\/de_at\/wp-json\/wp\/v2\/media?parent=584"}],"wp:term":[{"taxonomy":"product_brand","embeddable":true,"href":"https:\/\/inhidestore.com\/de_at\/wp-json\/wp\/v2\/product_brand?post=584"},{"taxonomy":"product_cat","embeddable":true,"href":"https:\/\/inhidestore.com\/de_at\/wp-json\/wp\/v2\/product_cat?post=584"},{"taxonomy":"product_tag","embeddable":true,"href":"https:\/\/inhidestore.com\/de_at\/wp-json\/wp\/v2\/product_tag?post=584"}],"curies":[{"name":"wp","href":"https:\/\/api.w.org\/{rel}","templated":true}]}}