{"id":449,"date":"2024-11-24T00:33:13","date_gmt":"2024-11-24T00:33:13","guid":{"rendered":"https:\/\/inhidestore.com\/?post_type=product&#038;p=449"},"modified":"2025-08-18T23:17:52","modified_gmt":"2025-08-18T23:17:52","slug":"inhide-sleekedge-premium-wildlederjacke-fur-herren-4","status":"publish","type":"product","link":"https:\/\/inhidestore.com\/de_ch\/shop\/herren\/lederjacken-fur-herren\/inhide-sleekedge-premium-wildlederjacke-fur-herren-4\/","title":{"rendered":"INHIDE SleekEdge Premium Wildlederjacke f\u00fcr H\u00e4rre"},"content":{"rendered":"<div class=\"product-description\" style=\"font-family: Helvetica, Arial, sans-serif;\">\n<p>Entdecked d'INHIDE SleekEdge: n\u00f6d eifach nume e Lederjacke, sondern es Statement-St\u00fcck, wo sicher zu dim tr\u00f6ie Begleiter wird f\u00fcr di n\u00f6chschte Johr. Mir reded vo Stil f\u00fcr es Johrzehnt oder meh \u2013 das Prachtst\u00fcck isch gmacht, zum lang halte, mit ere L\u00e4bensdauer vo 10\u201315 Johr.<\/p>\n<p>Do sind d'Details:<\/p>\n<p><strong>Leder vo h\u00f6chschter Qualit\u00e4t:<\/strong> Wenn mir s\u00e4ged 100% reini Schafleder, de meinemer di finschti Qualit\u00e4t, wo du becho chasch. Es isch die Art vo Wildleder, wo Luxus fl\u00fcschteret und Haltbarkeit usr\u00fceft. Es isch n\u00f6d eifach guet; es isch s'Beschte.<\/p>\n<p><strong>Verarbeitig:<\/strong> Das isch kei 08\/15-Jacke. Es isch es Produkt us Liideschaft, Pr\u00e4zision und es bitzli vo dere INHIDE-Magie. S'Wildleder-Gf\u00fchl isch genau so luxuri\u00f6s wie strapazierf\u00e4hig, dank em Premium-Schafleder, wo mit de Ziit nur no besser wird.<\/p>\n<p><strong>Farbe:<\/strong> Off White \u2014 The SleekEdge now shines in elegant off-white. This neutral shade complements any outfit and exudes sophistication.<\/p>\n<p><strong>Details:<\/strong> Mir setzed uf erstklassigi Reisverschl\u00fcss und Chn\u00f6pf. Si sind n\u00f6d eifach gl\u00e4nzend; si sind robust.<\/p>\n<p><strong>Vielsytigkeit:<\/strong> Biker-Vibes? Absolut! Aber leged sie n\u00f6d fescht \u2013 die Jacke isch en Allrounder. Ob en ch\u00fcele Obe oder en luftige Tag, sie isch dini Begleiterin f\u00fcr alli Johresziite.<\/p>\n<p><strong>Perfekti Passform:<\/strong> Gschneidert, um sich vo de Masse abzh\u00e4be, verspricht d'SleekEdge e Passform, wo sich aaf\u00fchlt wie massgschniideret. Wil bi Lederjacke macht di richtig Passform de Unterschied. Si isch aalieged, wo's muess, locker, wo's s\u00f6ll, und rundum fabelhaft.<\/p>\n<p>Also, egal ob du uf d'Stross gaasch oder eifach d'Stadt erkundisch, d'INHIDE SleekEdge isch dini perfekti Begleiterin. Es isch n\u00f6d eifach e Jacke; es isch e Reis. Bisch parat f\u00fcr d'Reis?<\/p>\n<\/div>","protected":false},"excerpt":{"rendered":"<p>Meet the INHIDE SleekEdge: not just a leather jacket, but a statement piece that\u2019s bound to become your trusty sidekick [&hellip;]<\/p>","protected":false},"featured_media":154,"comment_status":"open","ping_status":"closed","template":"","meta":{"site-sidebar-layout":"default","site-content-layout":"","ast-site-content-layout":"default","site-content-style":"default","site-sidebar-style":"default","ast-global-header-display":"","ast-banner-title-visibility":"","ast-main-header-display":"","ast-hfb-above-header-display":"","ast-hfb-below-header-display":"","ast-hfb-mobile-header-display":"","site-post-title":"","ast-breadcrumbs-content":"","ast-featured-img":"","footer-sml-layout":"","theme-transparent-header-meta":"default","adv-header-id-meta":"","stick-header-meta":"","header-above-stick-meta":"","header-main-stick-meta":"","header-below-stick-meta":"","astra-migrate-meta-layouts":"set","ast-page-background-enabled":"default","ast-page-background-meta":{"desktop":{"background-color":"var(--ast-global-color-4)","background-image":"","background-repeat":"repeat","background-position":"center center","background-size":"auto","background-attachment":"scroll","background-type":"","background-media":"","overlay-type":"","overlay-color":"","overlay-opacity":"","overlay-gradient":""},"tablet":{"background-color":"","background-image":"","background-repeat":"repeat","background-position":"center center","background-size":"auto","background-attachment":"scroll","background-type":"","background-media":"","overlay-type":"","overlay-color":"","overlay-opacity":"","overlay-gradient":""},"mobile":{"background-color":"","background-image":"","background-repeat":"repeat","background-position":"center center","background-size":"auto","background-attachment":"scroll","background-type":"","background-media":"","overlay-type":"","overlay-color":"","overlay-opacity":"","overlay-gradient":""}},"ast-content-background-meta":{"desktop":{"background-color":"var(--ast-global-color-5)","background-image":"","background-repeat":"repeat","background-position":"center center","background-size":"auto","background-attachment":"scroll","background-type":"","background-media":"","overlay-type":"","overlay-color":"","overlay-opacity":"","overlay-gradient":""},"tablet":{"background-color":"var(--ast-global-color-5)","background-image":"","background-repeat":"repeat","background-position":"center center","background-size":"auto","background-attachment":"scroll","background-type":"","background-media":"","overlay-type":"","overlay-color":"","overlay-opacity":"","overlay-gradient":""},"mobile":{"background-color":"var(--ast-global-color-5)","background-image":"","background-repeat":"repeat","background-position":"center center","background-size":"auto","background-attachment":"scroll","background-type":"","background-media":"","overlay-type":"","overlay-color":"","overlay-opacity":"","overlay-gradient":""}}},"product_brand":[],"product_cat":[34],"product_tag":[],"class_list":{"0":"post-449","1":"product","2":"type-product","3":"status-publish","4":"has-post-thumbnail","6":"product_cat-leatherjacketformen","7":"desktop-align-left","8":"tablet-align-left","9":"mobile-align-left","11":"first","12":"instock","13":"shipping-taxable","14":"purchasable","15":"product-type-variable"},"_links":{"self":[{"href":"https:\/\/inhidestore.com\/de_ch\/wp-json\/wp\/v2\/product\/449","targetHints":{"allow":["GET"]}}],"collection":[{"href":"https:\/\/inhidestore.com\/de_ch\/wp-json\/wp\/v2\/product"}],"about":[{"href":"https:\/\/inhidestore.com\/de_ch\/wp-json\/wp\/v2\/types\/product"}],"replies":[{"embeddable":true,"href":"https:\/\/inhidestore.com\/de_ch\/wp-json\/wp\/v2\/comments?post=449"}],"version-history":[{"count":3,"href":"https:\/\/inhidestore.com\/de_ch\/wp-json\/wp\/v2\/product\/449\/revisions"}],"predecessor-version":[{"id":2715,"href":"https:\/\/inhidestore.com\/de_ch\/wp-json\/wp\/v2\/product\/449\/revisions\/2715"}],"wp:featuredmedia":[{"embeddable":true,"href":"https:\/\/inhidestore.com\/de_ch\/wp-json\/wp\/v2\/media\/154"}],"wp:attachment":[{"href":"https:\/\/inhidestore.com\/de_ch\/wp-json\/wp\/v2\/media?parent=449"}],"wp:term":[{"taxonomy":"product_brand","embeddable":true,"href":"https:\/\/inhidestore.com\/de_ch\/wp-json\/wp\/v2\/product_brand?post=449"},{"taxonomy":"product_cat","embeddable":true,"href":"https:\/\/inhidestore.com\/de_ch\/wp-json\/wp\/v2\/product_cat?post=449"},{"taxonomy":"product_tag","embeddable":true,"href":"https:\/\/inhidestore.com\/de_ch\/wp-json\/wp\/v2\/product_tag?post=449"}],"curies":[{"name":"wp","href":"https:\/\/api.w.org\/{rel}","templated":true}]}}