{"id":2274,"date":"2025-01-22T21:18:48","date_gmt":"2025-01-22T21:18:48","guid":{"rendered":"https:\/\/inhidestore.com\/?page_id=2274"},"modified":"2025-07-17T22:53:51","modified_gmt":"2025-07-17T22:53:51","slug":"toimitusehdot","status":"publish","type":"page","link":"https:\/\/inhidestore.com\/fi\/toimitusehdot\/","title":{"rendered":"Toimitusk\u00e4yt\u00e4nt\u00f6"},"content":{"rendered":"<p>Me Inhidell\u00e4 olemme ylpeit\u00e4 voidessamme toimittaa ensiluokkaisia nahkatakkeja asiakkaillemme ymp\u00e4ri maailmaa. Toimitusk\u00e4yt\u00e4nt\u00f6mme kuvaa yksityiskohtaisesti, miten k\u00e4sittelemme, pakkaamme ja toimitamme tilauksesi. K\u00e4yth\u00e4n hetken aikaa l\u00e4pi alla olevat tiedot ymm\u00e4rt\u00e4\u00e4ksesi, miten varmistamme sujuvan toimituskokemuksen.<\/p>\n\n\n\n<hr class=\"wp-block-separator has-alpha-channel-opacity\"\/>\n\n\n\n<p><strong>Tilausty\u00f6n\u00e4 valmistettu k\u00e4sity\u00f6taito<\/strong><\/p>\n\n\n\n<p>Jokainen Inhiden takki valmistetaan huolella, tarkkuudella ja yksityiskohtiin paneutuen. Koska takkimme valmistetaan tilauksesta, emme varastoi valmiita tuotteita. T\u00e4m\u00e4 antaa meille mahdollisuuden tarjota sinulle tuotteen, joka vastaa juuri sinun toiveitasi ja yll\u00e4pit\u00e4\u00e4 korkeita laatustandardejamme.<\/p>\n\n\n\n<ul class=\"wp-block-list\">\n<li><strong>Valmistusaika:<\/strong><br>Takkinne valmistus kest\u00e4\u00e4 yleens\u00e4<strong> 5-8 arkip\u00e4iv\u00e4\u00e4<\/strong> ennen kuin se on valmis l\u00e4hetett\u00e4v\u00e4ksi. T\u00e4m\u00e4 sis\u00e4lt\u00e4\u00e4 materiaalien valintaan, r\u00e4\u00e4t\u00e4l\u00f6intiin ja perusteellisiin laaduntarkastuksiin kuluvan ajan.<\/li>\n\n\n\n<li><strong>Mittatilaustilaukset:<\/strong><br>Jos tilauksesi sis\u00e4lt\u00e4\u00e4 r\u00e4\u00e4t\u00e4l\u00f6intej\u00e4, huomioithan, ett\u00e4 valmistusajat voivat vaihdella hieman suunnittelun monimutkaisuuden mukaan.<\/li>\n<\/ul>\n\n\n\n<hr class=\"wp-block-separator has-alpha-channel-opacity\"\/>\n\n\n\n<p><strong>Ilmainen toimitus maailmanlaajuisesti<\/strong><\/p>\n\n\n\n<p>Uskomme ostokokemuksesi yksinkertaistamiseen. Siksi tarjoamme <strong>ilmaisen toimituksen maailmanlaajuisesti<\/strong> kaikkiin tilauksiin. Olitpa sitten Pohjois-Amerikassa, Euroopassa, Aasiassa tai muualla, piilotettuja toimituskuluja ei ole.<\/p>\n\n\n\n<hr class=\"wp-block-separator has-alpha-channel-opacity\"\/>\n\n\n\n<p><strong>Arvioidut toimitusajat<\/strong><\/p>\n\n\n\n<p>Kun takkisi on valmistettu ja l\u00e4hetetty, toimitusajat riippuvat sijainnistasi. T\u00e4ss\u00e4 mit\u00e4 voit odottaa:<\/p>\n\n\n\n<ul class=\"wp-block-list\">\n<li><strong>Pohjois-Amerikka:<\/strong> 3-5 arkip\u00e4iv\u00e4\u00e4<\/li>\n\n\n\n<li><strong>Eurooppa:<\/strong> 3-5 arkip\u00e4iv\u00e4\u00e4<\/li>\n\n\n\n<li><strong>Aasia-Tyynimeri:<\/strong> 3-5 arkip\u00e4iv\u00e4\u00e4<\/li>\n\n\n\n<li><strong>Muu maailma:<\/strong> 3-5 arkip\u00e4iv\u00e4\u00e4<\/li>\n<\/ul>\n\n\n\n<p>Huomioithan, ett\u00e4 n\u00e4m\u00e4 ovat arvioituja toimitusaikoja ja ne voivat vaihdella ulkoisten tekij\u00f6iden, kuten tullik\u00e4sittelyn tai paikallisten kuriiripalveluiden viiv\u00e4stysten vuoksi.<\/p>\n\n\n\n<hr class=\"wp-block-separator has-alpha-channel-opacity\"\/>\n\n\n\n<p><strong>Tilauksen seuranta<\/strong><\/p>\n\n\n\n<p>Kun tilauksesi on l\u00e4hetetty, saat s\u00e4hk\u00f6postitse seurantakoodin ja ohjeet l\u00e4hetyksen seuraamiseen. T\u00e4m\u00e4 antaa sinulle mahdollisuuden seurata tilauksesi etenemist\u00e4 reaaliaikaisesti.<\/p>\n\n\n\n<hr class=\"wp-block-separator has-alpha-channel-opacity\"\/>\n\n\n\n<p><strong>Tullit, verot ja maksut<\/strong><\/p>\n\n\n\n<p>Vaikka tarjoamme ilmaisen toimituksen, asiakkaat voivat olla vastuussa <strong>myynti-ALV:sta\/veroista, tuontitulleista tai muista maksuista<\/strong> jotka paikalliset tulliviranomaiset asettavat. N\u00e4m\u00e4 maksut vaihtelevat maittain eiv\u00e4tk\u00e4 sis\u00e4lly tilauksesi hintaan.<\/p>\n\n\n\n<p>Suosittelemme tarkistamaan sovellettavat maksut paikallisesta tullitoimistostasi.<\/p>\n\n\n\n<hr class=\"wp-block-separator has-alpha-channel-opacity\"\/>\n\n\n\n<p><strong>Toimittamattomat paketit<\/strong><\/p>\n\n\n\n<p>Jos paketti palautuu meille asiakkaan antamien virheellisten tai puutteellisten toimitustietojen, tullimaksujen maksusta kielt\u00e4ytymisen tai toimituksen vastaanottamatta j\u00e4tt\u00e4misen vuoksi:<\/p>\n\n\n\n<ul class=\"wp-block-list\">\n<li>Otamme sinuun yhteytt\u00e4 j\u00e4rjest\u00e4\u00e4ksemme uudelleenl\u00e4hetyksen.<\/li>\n\n\n\n<li>Kaikki ylim\u00e4\u00e4r\u00e4iset toimituskulut ovat asiakkaan vastuulla.<\/li>\n<\/ul>\n\n\n\n<hr class=\"wp-block-separator has-alpha-channel-opacity\"\/>\n\n\n\n<p><strong>Vaurioituneet tai kadonneet l\u00e4hetykset<\/strong><\/p>\n\n\n\n<p>Teemme kaikkemme varmistaaksemme, ett\u00e4 takkisi saapuu perille t\u00e4ydellisess\u00e4 kunnossa. Jos kuitenkin tilauksesi saapuu vaurioituneena tai katoaa kuljetuksen aikana:<\/p>\n\n\n\n<ul class=\"wp-block-list\">\n<li>Ilmoita meille v\u00e4litt\u00f6m\u00e4sti osoitteeseen customerservice@inhidestore.com<\/li>\n\n\n\n<li>Toimita kuvia paketista (jos vaurioitunut) ja kaikki asiaankuuluvat tiedot.<\/li>\n<\/ul>\n\n\n\n<p>Selvit\u00e4mme asian viipym\u00e4tt\u00e4 ja j\u00e4rjest\u00e4mme korvaavan tuotteen tai sopivan ratkaisun.<\/p>\n\n\n\n<hr class=\"wp-block-separator has-alpha-channel-opacity\"\/>\n\n\n\n<p><strong>Toimitusrajoitukset<\/strong><\/p>\n\n\n\n<p>Vaikka toimitamme maailmanlaajuisesti, tietyill\u00e4 syrj\u00e4isill\u00e4 tai rajoitetuilla alueilla toimitusajat voivat olla pidempi\u00e4 tai kuriiripalvelut rajoitetumpia. T\u00e4llaisissa tapauksissa otamme sinuun suoraan yhteytt\u00e4 varmistaaksemme, ett\u00e4 tilauksesi saapuu perille.<\/p>\n\n\n\n<hr class=\"wp-block-separator has-alpha-channel-opacity\"\/>\n\n\n\n<p><strong>Juhlapyhien toimitusviiv\u00e4stykset<\/strong><\/p>\n\n\n\n<p>Kiireisimpien juhlapyh\u00e4kausien aikana valmistus- ja toimitusajat voivat pidenty\u00e4 hieman lis\u00e4\u00e4ntyneen kysynn\u00e4n vuoksi. Varmistaaksesi oikea-aikaisen toimituksen suosittelemme tekem\u00e4\u00e4n tilauksesi hyviss\u00e4 ajoin ennen suuria juhlapyhi\u00e4.<\/p>\n\n\n\n<hr class=\"wp-block-separator has-alpha-channel-opacity\"\/>\n\n\n\n<p><strong>Asiakastuki<\/strong><\/p>\n\n\n\n<p>Jos sinulla on kysytt\u00e4v\u00e4\u00e4 tai huolenaiheita tilauksestasi tai toimitusprosessistamme, \u00e4l\u00e4 ep\u00e4r\u00f6i ottaa meihin yhteytt\u00e4:<\/p>\n\n\n\n<ul class=\"wp-block-list\">\n<li><strong>S\u00e4hk\u00f6posti:<\/strong> customerservice@inhidestore.com<\/li>\n\n\n\n<li><strong>Puhelin:<\/strong> +92 330-225-4099<\/li>\n<\/ul>\n\n\n\n<hr class=\"wp-block-separator has-alpha-channel-opacity\"\/>\n\n\n\n<p>Me Inhidell\u00e4 olemme sitoutuneet tarjoamaan poikkeuksellista palvelua ja toimittamaan laadukkaita nahkatakkeja kotiovellesi. Kiitos, ett\u00e4 valitsit meid\u00e4t luotettavaksi tyylikumppaniksesi!<\/p>\n\n\n\n<p><\/p>","protected":false},"excerpt":{"rendered":"<p>At Inhide, we pride ourselves on delivering premium leather jackets to customers worldwide. Our Shipping Policy outlines the details of [&hellip;]<\/p>","protected":false},"author":1,"featured_media":0,"parent":0,"menu_order":0,"comment_status":"closed","ping_status":"closed","template":"","meta":{"site-sidebar-layout":"default","site-content-layout":"","ast-site-content-layout":"","site-content-style":"default","site-sidebar-style":"default","ast-global-header-display":"","ast-banner-title-visibility":"","ast-main-header-display":"","ast-hfb-above-header-display":"","ast-hfb-below-header-display":"","ast-hfb-mobile-header-display":"","site-post-title":"","ast-breadcrumbs-content":"","ast-featured-img":"","footer-sml-layout":"","theme-transparent-header-meta":"","adv-header-id-meta":"","stick-header-meta":"","header-above-stick-meta":"","header-main-stick-meta":"","header-below-stick-meta":"","astra-migrate-meta-layouts":"default","ast-page-background-enabled":"default","ast-page-background-meta":{"desktop":{"background-color":"var(--ast-global-color-4)","background-image":"","background-repeat":"repeat","background-position":"center center","background-size":"auto","background-attachment":"scroll","background-type":"","background-media":"","overlay-type":"","overlay-color":"","overlay-opacity":"","overlay-gradient":""},"tablet":{"background-color":"","background-image":"","background-repeat":"repeat","background-position":"center center","background-size":"auto","background-attachment":"scroll","background-type":"","background-media":"","overlay-type":"","overlay-color":"","overlay-opacity":"","overlay-gradient":""},"mobile":{"background-color":"","background-image":"","background-repeat":"repeat","background-position":"center center","background-size":"auto","background-attachment":"scroll","background-type":"","background-media":"","overlay-type":"","overlay-color":"","overlay-opacity":"","overlay-gradient":""}},"ast-content-background-meta":{"desktop":{"background-color":"var(--ast-global-color-5)","background-image":"","background-repeat":"repeat","background-position":"center center","background-size":"auto","background-attachment":"scroll","background-type":"","background-media":"","overlay-type":"","overlay-color":"","overlay-opacity":"","overlay-gradient":""},"tablet":{"background-color":"var(--ast-global-color-5)","background-image":"","background-repeat":"repeat","background-position":"center center","background-size":"auto","background-attachment":"scroll","background-type":"","background-media":"","overlay-type":"","overlay-color":"","overlay-opacity":"","overlay-gradient":""},"mobile":{"background-color":"var(--ast-global-color-5)","background-image":"","background-repeat":"repeat","background-position":"center center","background-size":"auto","background-attachment":"scroll","background-type":"","background-media":"","overlay-type":"","overlay-color":"","overlay-opacity":"","overlay-gradient":""}},"footnotes":""},"class_list":["post-2274","page","type-page","status-publish","hentry"],"_links":{"self":[{"href":"https:\/\/inhidestore.com\/fi\/wp-json\/wp\/v2\/pages\/2274","targetHints":{"allow":["GET"]}}],"collection":[{"href":"https:\/\/inhidestore.com\/fi\/wp-json\/wp\/v2\/pages"}],"about":[{"href":"https:\/\/inhidestore.com\/fi\/wp-json\/wp\/v2\/types\/page"}],"author":[{"embeddable":true,"href":"https:\/\/inhidestore.com\/fi\/wp-json\/wp\/v2\/users\/1"}],"replies":[{"embeddable":true,"href":"https:\/\/inhidestore.com\/fi\/wp-json\/wp\/v2\/comments?post=2274"}],"version-history":[{"count":2,"href":"https:\/\/inhidestore.com\/fi\/wp-json\/wp\/v2\/pages\/2274\/revisions"}],"predecessor-version":[{"id":3064,"href":"https:\/\/inhidestore.com\/fi\/wp-json\/wp\/v2\/pages\/2274\/revisions\/3064"}],"wp:attachment":[{"href":"https:\/\/inhidestore.com\/fi\/wp-json\/wp\/v2\/media?parent=2274"}],"curies":[{"name":"wp","href":"https:\/\/api.w.org\/{rel}","templated":true}]}}