{"id":413,"date":"2024-11-24T00:33:10","date_gmt":"2024-11-24T00:33:10","guid":{"rendered":"https:\/\/inhidestore.com\/?post_type=product&#038;p=413"},"modified":"2025-08-18T23:20:57","modified_gmt":"2025-08-18T23:20:57","slug":"inhide-sleekedge-miesten-ensiluokkainen-mokkanahkatakki","status":"publish","type":"product","link":"https:\/\/inhidestore.com\/fi\/kauppa\/miehet\/miesten-nahkatakit\/inhide-sleekedge-miesten-ensiluokkainen-mokkanahkatakki\/","title":{"rendered":"INHIDE SleekEdge miesten premium\u2011mokkanahkatakki"},"content":{"rendered":"<div class=\"product-description\" style=\"font-family: Helvetica, Arial, sans-serif; font-size: 16px; line-height: 1.6; color: #ffffff;\">\n<p>Tutustu INHIDE SleekEdgeen. Se ei ole vain nahkatakki, vaan todellinen tyylinluoja, josta tulee luotettava kumppanisi vuosiksi eteenp\u00e4in. Puhumme vuosikymmenest\u00e4 tai jopa pidemm\u00e4st\u00e4 ajasta tyylikkyytt\u00e4 \u2013 t\u00e4m\u00e4 kaunokainen on rakennettu kest\u00e4m\u00e4\u00e4n 10\u201315 vuoden k\u00e4ytt\u00f6i\u00e4n.<\/p>\n<p><strong>T\u00e4ss\u00e4 t\u00e4rkeimm\u00e4t tiedot:<\/strong><\/p>\n<p><strong>Ensiluokkainen nahka:<\/strong> Kun sanomme 100 % puhdasta lampaan nahkaa, tarkoitamme hienointa laatua, mit\u00e4 on saatavilla. Sen mokkanahka huokuu ylellisyytt\u00e4 ja uhkuu kest\u00e4vyytt\u00e4. Se ei ole vain hyv\u00e4, se on parasta.<\/p>\n<p><strong>K\u00e4sity\u00f6taito:<\/strong> T\u00e4m\u00e4 ei ole mik\u00e4\u00e4n tusinatakki. Se on intohimon, tarkkuuden ja ripauksen INHIDE-taikaa tulos. Mokkanahan tuntu on ylellinen ja kest\u00e4v\u00e4, kiitos ensiluokkaisen lampaan nahan, joka vain paranee ajan my\u00f6t\u00e4.<\/p>\n<p><strong>Yksityiskohdat:<\/strong> Olemme viimeistelleet takin huippuluokan vetoketjuilla ja napeilla. Ne eiv\u00e4t ole vain kauniita, vaan my\u00f6s kest\u00e4vi\u00e4.<\/p>\n<p><strong>Monipuolisuus:<\/strong> Biker-henke\u00e4? Kyll\u00e4 vain. \u00c4l\u00e4 kuitenkaan lokeroi sit\u00e4 \u2013 t\u00e4m\u00e4 takki on todellinen monitoimija. Olipa kyseess\u00e4 viile\u00e4 ilta tai tuulinen p\u00e4iv\u00e4, se sopii kaikkiin vuodenaikoihin.<\/p>\n<p><strong>T\u00e4ydellinen istuvuus:<\/strong> SleekEdge on r\u00e4\u00e4t\u00e4l\u00f6ity erottumaan joukosta ja lupaa istuvuuden, joka tuntuu mittatilausty\u00f6lt\u00e4. Nahkatakkien kohdalla oikea istuvuus on kaikki kaikessa. Se istuu napakasti oikeista kohdista, on rento siell\u00e4 miss\u00e4 haluat, ja kaikin puolin upea.<\/p>\n<p>Olitpa sitten matkalla tai vain kaupungilla, INHIDE SleekEdge on t\u00e4ydellinen kumppanisi. Se ei ole vain takki, se on el\u00e4mys. <strong>Valmiina seikkailuun?<\/strong><\/p>\n<p>V\u00e4ri: Frozen Blue<\/p>\n<\/div>","protected":false},"excerpt":{"rendered":"<p>Meet the INHIDE SleekEdge, Not just a leather jacket, but a statement piece that\u2019s bound to become your trusty sidekick [&hellip;]<\/p>","protected":false},"featured_media":129,"comment_status":"open","ping_status":"closed","template":"","meta":{"site-sidebar-layout":"default","site-content-layout":"","ast-site-content-layout":"default","site-content-style":"default","site-sidebar-style":"default","ast-global-header-display":"","ast-banner-title-visibility":"","ast-main-header-display":"","ast-hfb-above-header-display":"","ast-hfb-below-header-display":"","ast-hfb-mobile-header-display":"","site-post-title":"","ast-breadcrumbs-content":"","ast-featured-img":"","footer-sml-layout":"","theme-transparent-header-meta":"default","adv-header-id-meta":"","stick-header-meta":"","header-above-stick-meta":"","header-main-stick-meta":"","header-below-stick-meta":"","astra-migrate-meta-layouts":"set","ast-page-background-enabled":"default","ast-page-background-meta":{"desktop":{"background-color":"var(--ast-global-color-4)","background-image":"","background-repeat":"repeat","background-position":"center center","background-size":"auto","background-attachment":"scroll","background-type":"","background-media":"","overlay-type":"","overlay-color":"","overlay-opacity":"","overlay-gradient":""},"tablet":{"background-color":"","background-image":"","background-repeat":"repeat","background-position":"center center","background-size":"auto","background-attachment":"scroll","background-type":"","background-media":"","overlay-type":"","overlay-color":"","overlay-opacity":"","overlay-gradient":""},"mobile":{"background-color":"","background-image":"","background-repeat":"repeat","background-position":"center center","background-size":"auto","background-attachment":"scroll","background-type":"","background-media":"","overlay-type":"","overlay-color":"","overlay-opacity":"","overlay-gradient":""}},"ast-content-background-meta":{"desktop":{"background-color":"var(--ast-global-color-5)","background-image":"","background-repeat":"repeat","background-position":"center center","background-size":"auto","background-attachment":"scroll","background-type":"","background-media":"","overlay-type":"","overlay-color":"","overlay-opacity":"","overlay-gradient":""},"tablet":{"background-color":"var(--ast-global-color-5)","background-image":"","background-repeat":"repeat","background-position":"center center","background-size":"auto","background-attachment":"scroll","background-type":"","background-media":"","overlay-type":"","overlay-color":"","overlay-opacity":"","overlay-gradient":""},"mobile":{"background-color":"var(--ast-global-color-5)","background-image":"","background-repeat":"repeat","background-position":"center center","background-size":"auto","background-attachment":"scroll","background-type":"","background-media":"","overlay-type":"","overlay-color":"","overlay-opacity":"","overlay-gradient":""}}},"product_brand":[],"product_cat":[34],"product_tag":[],"class_list":{"0":"post-413","1":"product","2":"type-product","3":"status-publish","4":"has-post-thumbnail","6":"product_cat-leatherjacketformen","7":"desktop-align-left","8":"tablet-align-left","9":"mobile-align-left","11":"first","12":"instock","13":"shipping-taxable","14":"purchasable","15":"product-type-variable"},"_links":{"self":[{"href":"https:\/\/inhidestore.com\/fi\/wp-json\/wp\/v2\/product\/413","targetHints":{"allow":["GET"]}}],"collection":[{"href":"https:\/\/inhidestore.com\/fi\/wp-json\/wp\/v2\/product"}],"about":[{"href":"https:\/\/inhidestore.com\/fi\/wp-json\/wp\/v2\/types\/product"}],"replies":[{"embeddable":true,"href":"https:\/\/inhidestore.com\/fi\/wp-json\/wp\/v2\/comments?post=413"}],"version-history":[{"count":5,"href":"https:\/\/inhidestore.com\/fi\/wp-json\/wp\/v2\/product\/413\/revisions"}],"predecessor-version":[{"id":3084,"href":"https:\/\/inhidestore.com\/fi\/wp-json\/wp\/v2\/product\/413\/revisions\/3084"}],"wp:featuredmedia":[{"embeddable":true,"href":"https:\/\/inhidestore.com\/fi\/wp-json\/wp\/v2\/media\/129"}],"wp:attachment":[{"href":"https:\/\/inhidestore.com\/fi\/wp-json\/wp\/v2\/media?parent=413"}],"wp:term":[{"taxonomy":"product_brand","embeddable":true,"href":"https:\/\/inhidestore.com\/fi\/wp-json\/wp\/v2\/product_brand?post=413"},{"taxonomy":"product_cat","embeddable":true,"href":"https:\/\/inhidestore.com\/fi\/wp-json\/wp\/v2\/product_cat?post=413"},{"taxonomy":"product_tag","embeddable":true,"href":"https:\/\/inhidestore.com\/fi\/wp-json\/wp\/v2\/product_tag?post=413"}],"curies":[{"name":"wp","href":"https:\/\/api.w.org\/{rel}","templated":true}]}}