{"id":449,"date":"2024-11-24T00:33:13","date_gmt":"2024-11-24T00:33:13","guid":{"rendered":"https:\/\/inhidestore.com\/?post_type=product&#038;p=449"},"modified":"2025-08-18T23:17:52","modified_gmt":"2025-08-18T23:17:52","slug":"inhide-sleekedge-mens-premium-suede-leather-jacket-4","status":"publish","type":"product","link":"https:\/\/inhidestore.com\/fi\/kauppa\/miehet\/miesten-nahkatakit\/inhide-sleekedge-mens-premium-suede-leather-jacket-4\/","title":{"rendered":"INHIDE SleekEdge miesten premium\u2011mokkanahkatakki"},"content":{"rendered":"<div class=\"product-description\" style=\"font-family: Helvetica, Arial, sans-serif;\">\n<p>Esittelyss\u00e4 INHIDE SleekEdge: kyseess\u00e4 ei ole pelkk\u00e4 nahkatakki, vaan todellinen tyylikannanotto, josta tulee luottokumppanisi vuosiksi eteenp\u00e4in. Puhumme v\u00e4hint\u00e4\u00e4n vuosikymmenen kest\u00e4v\u00e4st\u00e4 tyylist\u00e4 \u2013 t\u00e4m\u00e4 komistus on tehty kest\u00e4m\u00e4\u00e4n, ja sen k\u00e4ytt\u00f6ik\u00e4 on huikeat 10\u201315 vuotta.<\/p>\n<p>T\u00e4ss\u00e4 t\u00e4rkeimm\u00e4t tiedot:<\/p>\n<p><strong>Ensiluokkainen nahka:<\/strong> Kun sanomme 100 % puhdasta lampaan nahkaa, tarkoitamme hienointa laatua, mit\u00e4 on saatavilla. Sen mokkanahka huokuu ylellisyytt\u00e4 ja uhkuu kest\u00e4vyytt\u00e4. Se ei ole vain hyv\u00e4, se on parasta.<\/p>\n<p><strong>K\u00e4sity\u00f6taito:<\/strong> T\u00e4m\u00e4 ei ole mik\u00e4\u00e4n tusinatakki. Se on intohimon, tarkkuuden ja ripauksen INHIDE-taikaa tulos. Mokkanahan tuntu on ylellinen ja kest\u00e4v\u00e4, kiitos ensiluokkaisen lampaan nahan, joka vain paranee ajan my\u00f6t\u00e4.<\/p>\n<p><strong>V\u00e4ri:<\/strong> Off White \u2014 The SleekEdge now shines in elegant off-white. This neutral shade complements any outfit and exudes sophistication.<\/p>\n<p><strong>Yksityiskohdat:<\/strong> Olemme viimeistelleet takin huippuluokan vetoketjuilla ja napeilla. Ne eiv\u00e4t ole vain kauniita, vaan my\u00f6s kest\u00e4vi\u00e4.<\/p>\n<p><strong>Monipuolisuus:<\/strong> Biker-henke\u00e4? Kyll\u00e4 vain. \u00c4l\u00e4 kuitenkaan lokeroi sit\u00e4 \u2013 t\u00e4m\u00e4 takki on todellinen monitoimija. Olipa kyseess\u00e4 viile\u00e4 ilta tai tuulinen p\u00e4iv\u00e4, se sopii kaikkiin vuodenaikoihin.<\/p>\n<p><strong>T\u00e4ydellinen istuvuus:<\/strong> SleekEdge on r\u00e4\u00e4t\u00e4l\u00f6ity erottumaan joukosta ja lupaa istuvuuden, joka tuntuu mittatilausty\u00f6lt\u00e4. Nahkatakkien kohdalla oikea istuvuus on kaikki kaikessa. Se istuu napakasti oikeista kohdista, on rento siell\u00e4 miss\u00e4 haluat, ja kaikin puolin upea.<\/p>\n<p>Olitpa sitten tien p\u00e4\u00e4ll\u00e4 tai vain kaupungilla, INHIDE SleekEdge on t\u00e4ydellinen kumppanisi. Se ei ole vain takki; se on matka. Oletko valmis matkaan?<\/p>\n<\/div>","protected":false},"excerpt":{"rendered":"<p>Meet the INHIDE SleekEdge: not just a leather jacket, but a statement piece that\u2019s bound to become your trusty sidekick [&hellip;]<\/p>","protected":false},"featured_media":154,"comment_status":"open","ping_status":"closed","template":"","meta":{"site-sidebar-layout":"default","site-content-layout":"","ast-site-content-layout":"default","site-content-style":"default","site-sidebar-style":"default","ast-global-header-display":"","ast-banner-title-visibility":"","ast-main-header-display":"","ast-hfb-above-header-display":"","ast-hfb-below-header-display":"","ast-hfb-mobile-header-display":"","site-post-title":"","ast-breadcrumbs-content":"","ast-featured-img":"","footer-sml-layout":"","theme-transparent-header-meta":"default","adv-header-id-meta":"","stick-header-meta":"","header-above-stick-meta":"","header-main-stick-meta":"","header-below-stick-meta":"","astra-migrate-meta-layouts":"set","ast-page-background-enabled":"default","ast-page-background-meta":{"desktop":{"background-color":"var(--ast-global-color-4)","background-image":"","background-repeat":"repeat","background-position":"center center","background-size":"auto","background-attachment":"scroll","background-type":"","background-media":"","overlay-type":"","overlay-color":"","overlay-opacity":"","overlay-gradient":""},"tablet":{"background-color":"","background-image":"","background-repeat":"repeat","background-position":"center center","background-size":"auto","background-attachment":"scroll","background-type":"","background-media":"","overlay-type":"","overlay-color":"","overlay-opacity":"","overlay-gradient":""},"mobile":{"background-color":"","background-image":"","background-repeat":"repeat","background-position":"center center","background-size":"auto","background-attachment":"scroll","background-type":"","background-media":"","overlay-type":"","overlay-color":"","overlay-opacity":"","overlay-gradient":""}},"ast-content-background-meta":{"desktop":{"background-color":"var(--ast-global-color-5)","background-image":"","background-repeat":"repeat","background-position":"center center","background-size":"auto","background-attachment":"scroll","background-type":"","background-media":"","overlay-type":"","overlay-color":"","overlay-opacity":"","overlay-gradient":""},"tablet":{"background-color":"var(--ast-global-color-5)","background-image":"","background-repeat":"repeat","background-position":"center center","background-size":"auto","background-attachment":"scroll","background-type":"","background-media":"","overlay-type":"","overlay-color":"","overlay-opacity":"","overlay-gradient":""},"mobile":{"background-color":"var(--ast-global-color-5)","background-image":"","background-repeat":"repeat","background-position":"center center","background-size":"auto","background-attachment":"scroll","background-type":"","background-media":"","overlay-type":"","overlay-color":"","overlay-opacity":"","overlay-gradient":""}}},"product_brand":[],"product_cat":[34],"product_tag":[],"class_list":{"0":"post-449","1":"product","2":"type-product","3":"status-publish","4":"has-post-thumbnail","6":"product_cat-leatherjacketformen","7":"desktop-align-left","8":"tablet-align-left","9":"mobile-align-left","11":"first","12":"instock","13":"shipping-taxable","14":"purchasable","15":"product-type-variable"},"_links":{"self":[{"href":"https:\/\/inhidestore.com\/fi\/wp-json\/wp\/v2\/product\/449","targetHints":{"allow":["GET"]}}],"collection":[{"href":"https:\/\/inhidestore.com\/fi\/wp-json\/wp\/v2\/product"}],"about":[{"href":"https:\/\/inhidestore.com\/fi\/wp-json\/wp\/v2\/types\/product"}],"replies":[{"embeddable":true,"href":"https:\/\/inhidestore.com\/fi\/wp-json\/wp\/v2\/comments?post=449"}],"version-history":[{"count":3,"href":"https:\/\/inhidestore.com\/fi\/wp-json\/wp\/v2\/product\/449\/revisions"}],"predecessor-version":[{"id":2715,"href":"https:\/\/inhidestore.com\/fi\/wp-json\/wp\/v2\/product\/449\/revisions\/2715"}],"wp:featuredmedia":[{"embeddable":true,"href":"https:\/\/inhidestore.com\/fi\/wp-json\/wp\/v2\/media\/154"}],"wp:attachment":[{"href":"https:\/\/inhidestore.com\/fi\/wp-json\/wp\/v2\/media?parent=449"}],"wp:term":[{"taxonomy":"product_brand","embeddable":true,"href":"https:\/\/inhidestore.com\/fi\/wp-json\/wp\/v2\/product_brand?post=449"},{"taxonomy":"product_cat","embeddable":true,"href":"https:\/\/inhidestore.com\/fi\/wp-json\/wp\/v2\/product_cat?post=449"},{"taxonomy":"product_tag","embeddable":true,"href":"https:\/\/inhidestore.com\/fi\/wp-json\/wp\/v2\/product_tag?post=449"}],"curies":[{"name":"wp","href":"https:\/\/api.w.org\/{rel}","templated":true}]}}