{"id":497,"date":"2024-11-24T00:33:17","date_gmt":"2024-11-24T00:33:17","guid":{"rendered":"https:\/\/inhidestore.com\/?post_type=product&#038;p=497"},"modified":"2025-08-18T23:13:47","modified_gmt":"2025-08-18T23:13:47","slug":"inhide-nova-mens-premium-leather-bomber-jacket","status":"publish","type":"product","link":"https:\/\/inhidestore.com\/fi\/kauppa\/miehet\/miesten-nahkatakit\/inhide-nova-mens-premium-leather-bomber-jacket\/","title":{"rendered":"INHIDE Nova miesten premium nahkabomber-takki"},"content":{"rendered":"<div class=\"product-description\" style=\"font-family: Helvetica, Arial, sans-serif;\">\n<p>INHIDE Nova miesten bomber-takki on todellinen katseenvangitsija, joka mullistaa k\u00e4sityksesi nahkatakeista. T\u00e4ss\u00e4 syy, miksi se on juuri sinun unelmiesi takki:<\/p>\n<p><strong>Hennon pehme\u00e4\u00e4, ensiluokkaista nahkaa:<\/strong> K\u00e4\u00e4riydy 100 % lampaan nahan ylellisyyteen \u2013 se on niin pehme\u00e4\u00e4, ett\u00e4 unohdat pit\u00e4v\u00e4si nahkatakkia yll\u00e4si. Se on suunniteltu mukautumaan vartaloosi, muuttuen yh\u00e4 yksil\u00f6llisemm\u00e4ksi jokaisella k\u00e4ytt\u00f6kerralla.<\/p>\n<p><strong>Laivastonsininen ja valkoinen kontrasti:<\/strong> Novassa on n\u00e4ytt\u00e4v\u00e4 laivastonsininen runko yhdistettyn\u00e4 valkoisiin hihoihin, luoden ter\u00e4v\u00e4n kontrastin, joka varmasti her\u00e4tt\u00e4\u00e4 huomiota. T\u00e4m\u00e4 v\u00e4rimaailma on yht\u00e4 monipuolinen kuin katseenvangitsijakin, t\u00e4ydellinen jokaiseen vuodenaikaan.<\/p>\n<p><strong>Rakennettu kest\u00e4m\u00e4\u00e4n:<\/strong> Tarpeeksi kest\u00e4v\u00e4 spontaanille road tripille, mutta silti hienostunut illanviettoon \u2013 Novan korkealaatuinen rakenne varmistaa, ett\u00e4 se kest\u00e4\u00e4 arjen haasteet. 10\u201315 vuoden k\u00e4ytt\u00f6i\u00e4ll\u00e4 se on kumppani vuosiksi eteenp\u00e4in.<\/p>\n<p><strong>T\u00e4ydellinen istuvuus, taattu:<\/strong> Suunniteltu virheett\u00f6m\u00e4\u00e4n istuvuuteen, Nova poistaa tyypillisen bomber-takin massiivisuuden. Se on leikattu imartelemaan, ei ahdistamaan, varmistaen, ett\u00e4 n\u00e4yt\u00e4t hyv\u00e4lt\u00e4 ja tunnet olosi upeaksi.<\/p>\n<p><strong>Ymp\u00e4rivuotinen k\u00e4ytett\u00e4vyys:<\/strong> Olipa kyseess\u00e4 kev\u00e4\u00e4n raikas tuuli tai syksyn kirpe\u00e4 ilma, Nova on luottotakkisi. Sen hengitt\u00e4v\u00e4 nahka tekee siit\u00e4 ihanteellisen l\u00e4mpim\u00e4mpiin p\u00e4iviin, kun taas sen kerrostettavuus tekee siit\u00e4 yht\u00e4 sopivan viile\u00e4mpiin aikoihin.<\/p>\n<p>Lyhyesti sanottuna INHIDE Nova ei ole vain yksi takki muiden joukossa; se on el\u00e4m\u00e4ntapap\u00e4ivitys. Se on t\u00e4ydellinen yhdistelm\u00e4 modernia muotoilua, ensiluokkaisia materiaaleja ja moitteetonta istuvuutta. Oletko valmis tekem\u00e4\u00e4n vaikutuksen? Nova odottaa sinua.<\/p>\n<p>V\u00e4ri: Laivastonsininen &amp; Valkoinen<\/p>\n<\/div>","protected":false},"excerpt":{"rendered":"<p>The INHIDE Nova Men\u2019s Bomber Jacket is a standout piece that redefines the leather jacket game. Here\u2019s why it\u2019s the [&hellip;]<\/p>","protected":false},"featured_media":145,"comment_status":"open","ping_status":"closed","template":"","meta":{"site-sidebar-layout":"default","site-content-layout":"","ast-site-content-layout":"default","site-content-style":"default","site-sidebar-style":"default","ast-global-header-display":"","ast-banner-title-visibility":"","ast-main-header-display":"","ast-hfb-above-header-display":"","ast-hfb-below-header-display":"","ast-hfb-mobile-header-display":"","site-post-title":"","ast-breadcrumbs-content":"","ast-featured-img":"","footer-sml-layout":"","theme-transparent-header-meta":"default","adv-header-id-meta":"","stick-header-meta":"","header-above-stick-meta":"","header-main-stick-meta":"","header-below-stick-meta":"","astra-migrate-meta-layouts":"set","ast-page-background-enabled":"default","ast-page-background-meta":{"desktop":{"background-color":"var(--ast-global-color-4)","background-image":"","background-repeat":"repeat","background-position":"center center","background-size":"auto","background-attachment":"scroll","background-type":"","background-media":"","overlay-type":"","overlay-color":"","overlay-opacity":"","overlay-gradient":""},"tablet":{"background-color":"","background-image":"","background-repeat":"repeat","background-position":"center center","background-size":"auto","background-attachment":"scroll","background-type":"","background-media":"","overlay-type":"","overlay-color":"","overlay-opacity":"","overlay-gradient":""},"mobile":{"background-color":"","background-image":"","background-repeat":"repeat","background-position":"center center","background-size":"auto","background-attachment":"scroll","background-type":"","background-media":"","overlay-type":"","overlay-color":"","overlay-opacity":"","overlay-gradient":""}},"ast-content-background-meta":{"desktop":{"background-color":"var(--ast-global-color-5)","background-image":"","background-repeat":"repeat","background-position":"center center","background-size":"auto","background-attachment":"scroll","background-type":"","background-media":"","overlay-type":"","overlay-color":"","overlay-opacity":"","overlay-gradient":""},"tablet":{"background-color":"var(--ast-global-color-5)","background-image":"","background-repeat":"repeat","background-position":"center center","background-size":"auto","background-attachment":"scroll","background-type":"","background-media":"","overlay-type":"","overlay-color":"","overlay-opacity":"","overlay-gradient":""},"mobile":{"background-color":"var(--ast-global-color-5)","background-image":"","background-repeat":"repeat","background-position":"center center","background-size":"auto","background-attachment":"scroll","background-type":"","background-media":"","overlay-type":"","overlay-color":"","overlay-opacity":"","overlay-gradient":""}}},"product_brand":[],"product_cat":[34],"product_tag":[],"class_list":{"0":"post-497","1":"product","2":"type-product","3":"status-publish","4":"has-post-thumbnail","6":"product_cat-leatherjacketformen","7":"desktop-align-left","8":"tablet-align-left","9":"mobile-align-left","11":"first","12":"instock","13":"shipping-taxable","14":"purchasable","15":"product-type-variable"},"_links":{"self":[{"href":"https:\/\/inhidestore.com\/fi\/wp-json\/wp\/v2\/product\/497","targetHints":{"allow":["GET"]}}],"collection":[{"href":"https:\/\/inhidestore.com\/fi\/wp-json\/wp\/v2\/product"}],"about":[{"href":"https:\/\/inhidestore.com\/fi\/wp-json\/wp\/v2\/types\/product"}],"replies":[{"embeddable":true,"href":"https:\/\/inhidestore.com\/fi\/wp-json\/wp\/v2\/comments?post=497"}],"version-history":[{"count":4,"href":"https:\/\/inhidestore.com\/fi\/wp-json\/wp\/v2\/product\/497\/revisions"}],"predecessor-version":[{"id":2702,"href":"https:\/\/inhidestore.com\/fi\/wp-json\/wp\/v2\/product\/497\/revisions\/2702"}],"wp:featuredmedia":[{"embeddable":true,"href":"https:\/\/inhidestore.com\/fi\/wp-json\/wp\/v2\/media\/145"}],"wp:attachment":[{"href":"https:\/\/inhidestore.com\/fi\/wp-json\/wp\/v2\/media?parent=497"}],"wp:term":[{"taxonomy":"product_brand","embeddable":true,"href":"https:\/\/inhidestore.com\/fi\/wp-json\/wp\/v2\/product_brand?post=497"},{"taxonomy":"product_cat","embeddable":true,"href":"https:\/\/inhidestore.com\/fi\/wp-json\/wp\/v2\/product_cat?post=497"},{"taxonomy":"product_tag","embeddable":true,"href":"https:\/\/inhidestore.com\/fi\/wp-json\/wp\/v2\/product_tag?post=497"}],"curies":[{"name":"wp","href":"https:\/\/api.w.org\/{rel}","templated":true}]}}