{"id":533,"date":"2024-11-24T00:33:20","date_gmt":"2024-11-24T00:33:20","guid":{"rendered":"https:\/\/inhidestore.com\/?post_type=product&#038;p=533"},"modified":"2025-08-18T23:08:16","modified_gmt":"2025-08-18T23:08:16","slug":"inhide-roxy-naisten-premium-nahkatakki","status":"publish","type":"product","link":"https:\/\/inhidestore.com\/fi\/kauppa\/naiset\/naisten-nahkatakki\/inhide-roxy-naisten-premium-nahkatakki\/","title":{"rendered":"INHIDE Roxy Naisten premium-nahkatakki"},"content":{"rendered":"<p style=\"font-family: Helvetica, Arial, sans-serif;\">Esittelyss\u00e4 INHIDE Roxy: musta naisten nahkatakki, jossa ylellisyys ja kapinahenki kohtaavat t\u00e4ydellisesti. Takki on valmistettu uskomattoman pehme\u00e4st\u00e4, 100% aidosta ja ensiluokkaisesta lampaanahasta \u2013 t\u00e4t\u00e4 on vaikea vastustaa! Se tuntuu p\u00e4\u00e4ll\u00e4 kuin toiselta iholta. Syv\u00e4nmusta v\u00e4ri on tumma kuin y\u00f6, ja kokonaisuuden kruunaavat tyylikk\u00e4\u00e4t gunmetal-s\u00e4vyiset napit ja vetoketjut.<\/p>\n<p style=\"font-family: Helvetica, Arial, sans-serif;\">T\u00e4m\u00e4 ei ole mik\u00e4\u00e4n tavallinen takki; se on ajaton klassikko, joka on luotu tyylikumppaniksesi yli vuosikymmeneksi. Se on t\u00e4ydellinen valinta kes\u00e4mekon p\u00e4\u00e4lle viileneviin iltoihin tai kerrostettavaksi talviviimaa vastaan. Kaipaatko seikkailua? Roxy toimii my\u00f6s upeana biker-takkina, tehden sinusta teiden tyylikk\u00e4imm\u00e4n kapinallisen.<\/p>\n<p style=\"font-family: Helvetica, Arial, sans-serif;\">Valmistaudu siis k\u00e4\u00e4nt\u00e4m\u00e4\u00e4n katseita INHIDEn kanssa. T\u00e4ss\u00e4 eleganssi kohtaa s\u00e4rm\u00e4n.<\/p>\n<p style=\"font-family: Helvetica, Arial, sans-serif;\">V\u00e4ri: Musta<\/p>","protected":false},"excerpt":{"rendered":"<p>Introducing the INHIDE Roxy, a Black leather jacket for women that\u2019s a perfect blend of luxury and rebellion. Made from [&hellip;]<\/p>","protected":false},"featured_media":164,"comment_status":"open","ping_status":"closed","template":"","meta":{"site-sidebar-layout":"default","site-content-layout":"","ast-site-content-layout":"default","site-content-style":"default","site-sidebar-style":"default","ast-global-header-display":"","ast-banner-title-visibility":"","ast-main-header-display":"","ast-hfb-above-header-display":"","ast-hfb-below-header-display":"","ast-hfb-mobile-header-display":"","site-post-title":"","ast-breadcrumbs-content":"","ast-featured-img":"","footer-sml-layout":"","theme-transparent-header-meta":"default","adv-header-id-meta":"","stick-header-meta":"","header-above-stick-meta":"","header-main-stick-meta":"","header-below-stick-meta":"","astra-migrate-meta-layouts":"set","ast-page-background-enabled":"default","ast-page-background-meta":{"desktop":{"background-color":"var(--ast-global-color-4)","background-image":"","background-repeat":"repeat","background-position":"center center","background-size":"auto","background-attachment":"scroll","background-type":"","background-media":"","overlay-type":"","overlay-color":"","overlay-opacity":"","overlay-gradient":""},"tablet":{"background-color":"","background-image":"","background-repeat":"repeat","background-position":"center center","background-size":"auto","background-attachment":"scroll","background-type":"","background-media":"","overlay-type":"","overlay-color":"","overlay-opacity":"","overlay-gradient":""},"mobile":{"background-color":"","background-image":"","background-repeat":"repeat","background-position":"center center","background-size":"auto","background-attachment":"scroll","background-type":"","background-media":"","overlay-type":"","overlay-color":"","overlay-opacity":"","overlay-gradient":""}},"ast-content-background-meta":{"desktop":{"background-color":"var(--ast-global-color-5)","background-image":"","background-repeat":"repeat","background-position":"center center","background-size":"auto","background-attachment":"scroll","background-type":"","background-media":"","overlay-type":"","overlay-color":"","overlay-opacity":"","overlay-gradient":""},"tablet":{"background-color":"var(--ast-global-color-5)","background-image":"","background-repeat":"repeat","background-position":"center center","background-size":"auto","background-attachment":"scroll","background-type":"","background-media":"","overlay-type":"","overlay-color":"","overlay-opacity":"","overlay-gradient":""},"mobile":{"background-color":"var(--ast-global-color-5)","background-image":"","background-repeat":"repeat","background-position":"center center","background-size":"auto","background-attachment":"scroll","background-type":"","background-media":"","overlay-type":"","overlay-color":"","overlay-opacity":"","overlay-gradient":""}}},"product_brand":[],"product_cat":[37],"product_tag":[],"class_list":{"0":"post-533","1":"product","2":"type-product","3":"status-publish","4":"has-post-thumbnail","6":"product_cat-leatherjacketforwomen","7":"desktop-align-left","8":"tablet-align-left","9":"mobile-align-left","11":"first","12":"instock","13":"shipping-taxable","14":"purchasable","15":"product-type-variable"},"_links":{"self":[{"href":"https:\/\/inhidestore.com\/fi\/wp-json\/wp\/v2\/product\/533","targetHints":{"allow":["GET"]}}],"collection":[{"href":"https:\/\/inhidestore.com\/fi\/wp-json\/wp\/v2\/product"}],"about":[{"href":"https:\/\/inhidestore.com\/fi\/wp-json\/wp\/v2\/types\/product"}],"replies":[{"embeddable":true,"href":"https:\/\/inhidestore.com\/fi\/wp-json\/wp\/v2\/comments?post=533"}],"version-history":[{"count":3,"href":"https:\/\/inhidestore.com\/fi\/wp-json\/wp\/v2\/product\/533\/revisions"}],"predecessor-version":[{"id":2692,"href":"https:\/\/inhidestore.com\/fi\/wp-json\/wp\/v2\/product\/533\/revisions\/2692"}],"wp:featuredmedia":[{"embeddable":true,"href":"https:\/\/inhidestore.com\/fi\/wp-json\/wp\/v2\/media\/164"}],"wp:attachment":[{"href":"https:\/\/inhidestore.com\/fi\/wp-json\/wp\/v2\/media?parent=533"}],"wp:term":[{"taxonomy":"product_brand","embeddable":true,"href":"https:\/\/inhidestore.com\/fi\/wp-json\/wp\/v2\/product_brand?post=533"},{"taxonomy":"product_cat","embeddable":true,"href":"https:\/\/inhidestore.com\/fi\/wp-json\/wp\/v2\/product_cat?post=533"},{"taxonomy":"product_tag","embeddable":true,"href":"https:\/\/inhidestore.com\/fi\/wp-json\/wp\/v2\/product_tag?post=533"}],"curies":[{"name":"wp","href":"https:\/\/api.w.org\/{rel}","templated":true}]}}