{"id":584,"date":"2024-11-24T00:33:22","date_gmt":"2024-11-24T00:33:22","guid":{"rendered":"https:\/\/inhidestore.com\/?post_type=product&#038;p=584"},"modified":"2025-08-18T23:03:15","modified_gmt":"2025-08-18T23:03:15","slug":"inhide-roxy-womens-premium-leather-jacket-2","status":"publish","type":"product","link":"https:\/\/inhidestore.com\/fi\/kauppa\/naiset\/naisten-nahkatakki\/inhide-roxy-womens-premium-leather-jacket-2\/","title":{"rendered":"INHIDE Roxy Naisten premium-nahkatakki"},"content":{"rendered":"<p style=\"font-family: Helvetica, Arial, sans-serif;\">Esittelyss\u00e4 INHIDE Roxy \u2013 naisten viininpunainen nahkatakki, jossa ylellisyys ja kapinahenki kohtaavat t\u00e4ydellisesti. Takki on valmistettu voinpehme\u00e4st\u00e4 100%-lampaannahasta \u2013 t\u00e4t\u00e4 on vaikea vastustaa! Se tuntuu p\u00e4\u00e4ll\u00e4 kuin toiselta iholta. Syv\u00e4 viininpunainen v\u00e4ri on yht\u00e4 s\u00e4v\u00e4ytt\u00e4v\u00e4 kuin aavikon auringonlasku, ja kultaiset napit sek\u00e4 vetoketjut kimaltelevat kuin l\u00f6ydetyt aarteet.<\/p>\n<p style=\"font-family: Helvetica, Arial, sans-serif;\">T\u00e4m\u00e4 ei ole mik\u00e4 tahansa takki, vaan ajaton klassikko, joka on luotu tyylikumppaniksesi yli vuosikymmeneksi. Se sopii t\u00e4ydellisesti kes\u00e4mekon p\u00e4\u00e4lle viileisiin iltoihin tai kerrospukeutumiseen talviviimaa vastaan. Kaipaatko seikkailua? Roxy toimii my\u00f6s upeana bikertakkina, tehden sinusta tien tyylikk\u00e4imm\u00e4n kapinallisen.<\/p>\n<p style=\"font-family: Helvetica, Arial, sans-serif;\">Kiinnit\u00e4 siis vy\u00f6si ja valmistaudu k\u00e4\u00e4nt\u00e4m\u00e4\u00e4n katseita INHIDEn kanssa. T\u00e4ss\u00e4 tyylikkyys kohtaa s\u00e4rm\u00e4n.<\/p>\n<p style=\"font-family: Helvetica, Arial, sans-serif;\">V\u00e4ri: Viininpunainen<\/p>","protected":false},"excerpt":{"rendered":"<p>Introducing the INHIDE Roxy, a maroon leather jacket for women that&#8217;s a perfect blend of luxury and rebellion. Made from [&hellip;]<\/p>","protected":false},"featured_media":135,"comment_status":"open","ping_status":"closed","template":"","meta":{"site-sidebar-layout":"default","site-content-layout":"","ast-site-content-layout":"default","site-content-style":"default","site-sidebar-style":"default","ast-global-header-display":"","ast-banner-title-visibility":"","ast-main-header-display":"","ast-hfb-above-header-display":"","ast-hfb-below-header-display":"","ast-hfb-mobile-header-display":"","site-post-title":"","ast-breadcrumbs-content":"","ast-featured-img":"","footer-sml-layout":"","theme-transparent-header-meta":"default","adv-header-id-meta":"","stick-header-meta":"","header-above-stick-meta":"","header-main-stick-meta":"","header-below-stick-meta":"","astra-migrate-meta-layouts":"set","ast-page-background-enabled":"default","ast-page-background-meta":{"desktop":{"background-color":"var(--ast-global-color-4)","background-image":"","background-repeat":"repeat","background-position":"center center","background-size":"auto","background-attachment":"scroll","background-type":"","background-media":"","overlay-type":"","overlay-color":"","overlay-opacity":"","overlay-gradient":""},"tablet":{"background-color":"","background-image":"","background-repeat":"repeat","background-position":"center center","background-size":"auto","background-attachment":"scroll","background-type":"","background-media":"","overlay-type":"","overlay-color":"","overlay-opacity":"","overlay-gradient":""},"mobile":{"background-color":"","background-image":"","background-repeat":"repeat","background-position":"center center","background-size":"auto","background-attachment":"scroll","background-type":"","background-media":"","overlay-type":"","overlay-color":"","overlay-opacity":"","overlay-gradient":""}},"ast-content-background-meta":{"desktop":{"background-color":"var(--ast-global-color-5)","background-image":"","background-repeat":"repeat","background-position":"center center","background-size":"auto","background-attachment":"scroll","background-type":"","background-media":"","overlay-type":"","overlay-color":"","overlay-opacity":"","overlay-gradient":""},"tablet":{"background-color":"var(--ast-global-color-5)","background-image":"","background-repeat":"repeat","background-position":"center center","background-size":"auto","background-attachment":"scroll","background-type":"","background-media":"","overlay-type":"","overlay-color":"","overlay-opacity":"","overlay-gradient":""},"mobile":{"background-color":"var(--ast-global-color-5)","background-image":"","background-repeat":"repeat","background-position":"center center","background-size":"auto","background-attachment":"scroll","background-type":"","background-media":"","overlay-type":"","overlay-color":"","overlay-opacity":"","overlay-gradient":""}}},"product_brand":[],"product_cat":[37],"product_tag":[],"class_list":{"0":"post-584","1":"product","2":"type-product","3":"status-publish","4":"has-post-thumbnail","6":"product_cat-leatherjacketforwomen","7":"desktop-align-left","8":"tablet-align-left","9":"mobile-align-left","11":"first","12":"instock","13":"shipping-taxable","14":"purchasable","15":"product-type-variable"},"_links":{"self":[{"href":"https:\/\/inhidestore.com\/fi\/wp-json\/wp\/v2\/product\/584","targetHints":{"allow":["GET"]}}],"collection":[{"href":"https:\/\/inhidestore.com\/fi\/wp-json\/wp\/v2\/product"}],"about":[{"href":"https:\/\/inhidestore.com\/fi\/wp-json\/wp\/v2\/types\/product"}],"replies":[{"embeddable":true,"href":"https:\/\/inhidestore.com\/fi\/wp-json\/wp\/v2\/comments?post=584"}],"version-history":[{"count":3,"href":"https:\/\/inhidestore.com\/fi\/wp-json\/wp\/v2\/product\/584\/revisions"}],"predecessor-version":[{"id":3071,"href":"https:\/\/inhidestore.com\/fi\/wp-json\/wp\/v2\/product\/584\/revisions\/3071"}],"wp:featuredmedia":[{"embeddable":true,"href":"https:\/\/inhidestore.com\/fi\/wp-json\/wp\/v2\/media\/135"}],"wp:attachment":[{"href":"https:\/\/inhidestore.com\/fi\/wp-json\/wp\/v2\/media?parent=584"}],"wp:term":[{"taxonomy":"product_brand","embeddable":true,"href":"https:\/\/inhidestore.com\/fi\/wp-json\/wp\/v2\/product_brand?post=584"},{"taxonomy":"product_cat","embeddable":true,"href":"https:\/\/inhidestore.com\/fi\/wp-json\/wp\/v2\/product_cat?post=584"},{"taxonomy":"product_tag","embeddable":true,"href":"https:\/\/inhidestore.com\/fi\/wp-json\/wp\/v2\/product_tag?post=584"}],"curies":[{"name":"wp","href":"https:\/\/api.w.org\/{rel}","templated":true}]}}