{"id":2274,"date":"2025-01-22T21:18:48","date_gmt":"2025-01-22T21:18:48","guid":{"rendered":"https:\/\/inhidestore.com\/?page_id=2274"},"modified":"2025-07-17T22:53:51","modified_gmt":"2025-07-17T22:53:51","slug":"pravila-dostave","status":"publish","type":"page","link":"https:\/\/inhidestore.com\/hr\/pravila-dostave\/","title":{"rendered":"Pravila dostave"},"content":{"rendered":"<p>U Inhideu se ponosimo isporukom vrhunskih ko\u017enih jakni kupcima diljem svijeta. Na\u0161a Politika dostave detaljno opisuje kako obra\u0111ujemo, pripremamo i dostavljamo va\u0161e narud\u017ebe. Molimo vas da odvojite trenutak i pregledate informacije u nastavku kako biste razumjeli kako osiguravamo besprijekorno iskustvo dostave.<\/p>\n\n\n\n<hr class=\"wp-block-separator has-alpha-channel-opacity\"\/>\n\n\n\n<p><strong>Izrada po narud\u017ebi<\/strong><\/p>\n\n\n\n<p>Svaka jakna u Inhideu izra\u0111ena je s pa\u017enjom, precizno\u0161\u0107u i posve\u0107eno\u0161\u0107u detaljima. Budu\u0107i da se na\u0161e jakne izra\u0111uju po narud\u017ebi, ne dr\u017eimo zalihe unaprijed izra\u0111enih artikala. To nam omogu\u0107uje da vam pru\u017eimo proizvod koji odgovara va\u0161im specifi\u010dnim \u017eeljama i odr\u017eava na\u0161e visoke standarde kvalitete.<\/p>\n\n\n\n<ul class=\"wp-block-list\">\n<li><strong>Vrijeme izrade:<\/strong><br>Izrada va\u0161e jakne obi\u010dno traje<strong> 5-8 radnih dana<\/strong> prije nego \u0161to je spremna za slanje. To uklju\u010duje vrijeme potrebno za odabir materijala, krojenje i temeljite provjere kvalitete.<\/li>\n\n\n\n<li><strong>Prilago\u0111ene narud\u017ebe:<\/strong><br>Ako va\u0161a narud\u017eba uklju\u010duje bilo kakve prilagodbe, imajte na umu da se vrijeme izrade mo\u017ee neznatno razlikovati ovisno o slo\u017eenosti dizajna.<\/li>\n<\/ul>\n\n\n\n<hr class=\"wp-block-separator has-alpha-channel-opacity\"\/>\n\n\n\n<p><strong>Besplatna dostava diljem svijeta<\/strong><\/p>\n\n\n\n<p>Vjerujemo u pojednostavljenje va\u0161eg iskustva kupnje. Zato nudimo <strong>besplatnu dostavu diljem svijeta<\/strong> za sve narud\u017ebe. Bez obzira jeste li u Sjevernoj Americi, Europi, Aziji ili \u0161ire, nema skrivenih tro\u0161kova dostave.<\/p>\n\n\n\n<hr class=\"wp-block-separator has-alpha-channel-opacity\"\/>\n\n\n\n<p><strong>Procijenjeno vrijeme dostave<\/strong><\/p>\n\n\n\n<p>Nakon \u0161to je va\u0161a jakna izra\u0111ena i poslana, vrijeme dostave ovisit \u0107e o va\u0161oj lokaciji. Evo \u0161to mo\u017eete o\u010dekivati:<\/p>\n\n\n\n<ul class=\"wp-block-list\">\n<li><strong>Sjeverna Amerika:<\/strong> 3-5 radnih dana<\/li>\n\n\n\n<li><strong>Europa:<\/strong> 3-5 radnih dana<\/li>\n\n\n\n<li><strong>Azija-Pacifik:<\/strong> 3-5 radnih dana<\/li>\n\n\n\n<li><strong>Ostatak svijeta:<\/strong> 3-5 radnih dana<\/li>\n<\/ul>\n\n\n\n<p>Imajte na umu da su ovo procijenjena vremena dostave i mogu varirati zbog vanjskih faktora kao \u0161to su carinska obrada ili ka\u0161njenja lokalnih kurirskih slu\u017ebi.<\/p>\n\n\n\n<hr class=\"wp-block-separator has-alpha-channel-opacity\"\/>\n\n\n\n<p><strong>Pra\u0107enje narud\u017ebe<\/strong><\/p>\n\n\n\n<p>Nakon \u0161to va\u0161a narud\u017eba bude poslana, primit \u0107ete e-po\u0161tu s brojem za pra\u0107enje i uputama kako pratiti svoju po\u0161iljku. To vam omogu\u0107uje pra\u0107enje napretka va\u0161e narud\u017ebe u stvarnom vremenu.<\/p>\n\n\n\n<hr class=\"wp-block-separator has-alpha-channel-opacity\"\/>\n\n\n\n<p><strong>Carine, davanja i porezi<\/strong><\/p>\n\n\n\n<p>Iako nudimo besplatnu dostavu, kupci mogu biti odgovorni za <strong>PDV\/poreze na promet, uvozne carine ili druge naknade<\/strong> koje name\u0107u njihove lokalne carinske vlasti. Ove naknade variraju ovisno o zemlji i nisu uklju\u010dene u cijenu va\u0161e narud\u017ebe.<\/p>\n\n\n\n<p>Preporu\u010dujemo da provjerite s va\u0161im lokalnim carinskim uredom za informacije o primjenjivim naknadama.<\/p>\n\n\n\n<hr class=\"wp-block-separator has-alpha-channel-opacity\"\/>\n\n\n\n<p><strong>Neisporu\u010dive po\u0161iljke<\/strong><\/p>\n\n\n\n<p>Ako nam se paket vrati zbog neto\u010dnih ili nepotpunih podataka o dostavi koje je dostavio kupac, odbijanja pla\u0107anja carinskih pristojbi ili neuspjeha preuzimanja dostave:<\/p>\n\n\n\n<ul class=\"wp-block-list\">\n<li>Kontaktirat \u0107emo vas kako bismo dogovorili ponovno slanje.<\/li>\n\n\n\n<li>Svi dodatni tro\u0161kovi dostave bit \u0107e odgovornost kupca.<\/li>\n<\/ul>\n\n\n\n<hr class=\"wp-block-separator has-alpha-channel-opacity\"\/>\n\n\n\n<p><strong>O\u0161te\u0107ene ili izgubljene po\u0161iljke<\/strong><\/p>\n\n\n\n<p>Poduzimamo sve mjere opreza kako bismo osigurali da va\u0161a jakna stigne u savr\u0161enom stanju. Me\u0111utim, ako va\u0161a narud\u017eba stigne o\u0161te\u0107ena ili se izgubi u tranzitu:<\/p>\n\n\n\n<ul class=\"wp-block-list\">\n<li>Odmah nas obavijestite na customerservice@inhidestore.com<\/li>\n\n\n\n<li>Dostavite fotografije paketa (ako je o\u0161te\u0107en) i sve relevantne detalje.<\/li>\n<\/ul>\n\n\n\n<p>Brzo \u0107emo istra\u017eiti problem i dogovoriti zamjenu ili odgovaraju\u0107e rje\u0161enje.<\/p>\n\n\n\n<hr class=\"wp-block-separator has-alpha-channel-opacity\"\/>\n\n\n\n<p><strong>Ograni\u010denja dostave<\/strong><\/p>\n\n\n\n<p>Iako dostavljamo diljem svijeta, odre\u0111ena udaljena ili ograni\u010dena podru\u010dja mogu imati dulje vrijeme dostave ili ograni\u010dene kurirske usluge. U takvim slu\u010dajevima, izravno \u0107emo komunicirati s vama kako bismo osigurali da va\u0161a narud\u017eba stigne do vas.<\/p>\n\n\n\n<hr class=\"wp-block-separator has-alpha-channel-opacity\"\/>\n\n\n\n<p><strong>Ka\u0161njenja dostave tijekom praznika<\/strong><\/p>\n\n\n\n<p>Tijekom vrhunca blagdanskih sezona, vrijeme izrade i dostave mo\u017ee biti neznatno produ\u017eeno zbog pove\u0107ane potra\u017enje. Kako bismo osigurali pravovremenu dostavu, preporu\u010dujemo da svoje narud\u017ebe po\u0161aljete znatno prije velikih praznika.<\/p>\n\n\n\n<hr class=\"wp-block-separator has-alpha-channel-opacity\"\/>\n\n\n\n<p><strong>Korisni\u010dka podr\u0161ka<\/strong><\/p>\n\n\n\n<p>Ako imate bilo kakvih pitanja ili nedoumica u vezi s va\u0161om narud\u017ebom ili na\u0161im procesom dostave, slobodno nas kontaktirajte:<\/p>\n\n\n\n<ul class=\"wp-block-list\">\n<li><strong>E-po\u0161ta:<\/strong> customerservice@inhidestore.com<\/li>\n\n\n\n<li><strong>Telefon:<\/strong> +92 330-225-4099<\/li>\n<\/ul>\n\n\n\n<hr class=\"wp-block-separator has-alpha-channel-opacity\"\/>\n\n\n\n<p>U Inhideu smo posve\u0107eni pru\u017eanju iznimne usluge i isporuci kvalitetnih ko\u017enih jakni na va\u0161 prag. Hvala vam \u0161to ste nas odabrali kao svog pouzdanog partnera u stilu!<\/p>\n\n\n\n<p><\/p>","protected":false},"excerpt":{"rendered":"<p>At Inhide, we pride ourselves on delivering premium leather jackets to customers worldwide. Our Shipping Policy outlines the details of [&hellip;]<\/p>","protected":false},"author":1,"featured_media":0,"parent":0,"menu_order":0,"comment_status":"closed","ping_status":"closed","template":"","meta":{"site-sidebar-layout":"default","site-content-layout":"","ast-site-content-layout":"","site-content-style":"default","site-sidebar-style":"default","ast-global-header-display":"","ast-banner-title-visibility":"","ast-main-header-display":"","ast-hfb-above-header-display":"","ast-hfb-below-header-display":"","ast-hfb-mobile-header-display":"","site-post-title":"","ast-breadcrumbs-content":"","ast-featured-img":"","footer-sml-layout":"","theme-transparent-header-meta":"","adv-header-id-meta":"","stick-header-meta":"","header-above-stick-meta":"","header-main-stick-meta":"","header-below-stick-meta":"","astra-migrate-meta-layouts":"default","ast-page-background-enabled":"default","ast-page-background-meta":{"desktop":{"background-color":"var(--ast-global-color-4)","background-image":"","background-repeat":"repeat","background-position":"center center","background-size":"auto","background-attachment":"scroll","background-type":"","background-media":"","overlay-type":"","overlay-color":"","overlay-opacity":"","overlay-gradient":""},"tablet":{"background-color":"","background-image":"","background-repeat":"repeat","background-position":"center center","background-size":"auto","background-attachment":"scroll","background-type":"","background-media":"","overlay-type":"","overlay-color":"","overlay-opacity":"","overlay-gradient":""},"mobile":{"background-color":"","background-image":"","background-repeat":"repeat","background-position":"center center","background-size":"auto","background-attachment":"scroll","background-type":"","background-media":"","overlay-type":"","overlay-color":"","overlay-opacity":"","overlay-gradient":""}},"ast-content-background-meta":{"desktop":{"background-color":"var(--ast-global-color-5)","background-image":"","background-repeat":"repeat","background-position":"center center","background-size":"auto","background-attachment":"scroll","background-type":"","background-media":"","overlay-type":"","overlay-color":"","overlay-opacity":"","overlay-gradient":""},"tablet":{"background-color":"var(--ast-global-color-5)","background-image":"","background-repeat":"repeat","background-position":"center center","background-size":"auto","background-attachment":"scroll","background-type":"","background-media":"","overlay-type":"","overlay-color":"","overlay-opacity":"","overlay-gradient":""},"mobile":{"background-color":"var(--ast-global-color-5)","background-image":"","background-repeat":"repeat","background-position":"center center","background-size":"auto","background-attachment":"scroll","background-type":"","background-media":"","overlay-type":"","overlay-color":"","overlay-opacity":"","overlay-gradient":""}},"footnotes":""},"class_list":["post-2274","page","type-page","status-publish","hentry"],"_links":{"self":[{"href":"https:\/\/inhidestore.com\/hr\/wp-json\/wp\/v2\/pages\/2274","targetHints":{"allow":["GET"]}}],"collection":[{"href":"https:\/\/inhidestore.com\/hr\/wp-json\/wp\/v2\/pages"}],"about":[{"href":"https:\/\/inhidestore.com\/hr\/wp-json\/wp\/v2\/types\/page"}],"author":[{"embeddable":true,"href":"https:\/\/inhidestore.com\/hr\/wp-json\/wp\/v2\/users\/1"}],"replies":[{"embeddable":true,"href":"https:\/\/inhidestore.com\/hr\/wp-json\/wp\/v2\/comments?post=2274"}],"version-history":[{"count":2,"href":"https:\/\/inhidestore.com\/hr\/wp-json\/wp\/v2\/pages\/2274\/revisions"}],"predecessor-version":[{"id":3064,"href":"https:\/\/inhidestore.com\/hr\/wp-json\/wp\/v2\/pages\/2274\/revisions\/3064"}],"wp:attachment":[{"href":"https:\/\/inhidestore.com\/hr\/wp-json\/wp\/v2\/media?parent=2274"}],"curies":[{"name":"wp","href":"https:\/\/api.w.org\/{rel}","templated":true}]}}