{"id":366,"date":"2024-09-23T23:38:58","date_gmt":"2024-09-23T23:38:58","guid":{"rendered":"https:\/\/inhidestore.com\/?page_id=366"},"modified":"2025-05-31T15:36:08","modified_gmt":"2025-05-31T15:36:08","slug":"our-story","status":"publish","type":"page","link":"https:\/\/inhidestore.com\/hr\/our-story\/","title":{"rendered":"Na\u0161a pri\u010da"},"content":{"rendered":"<p>Sve je po\u010delo u maloj radionici, gdje se miris bogate ko\u017ee mije\u0161ao s ambicijom i ma\u0161tom. U tom skromnom prostoru, <strong>Inhide<\/strong> ro\u0111en je\u2014brend stvoren ne samo za izradu jakni, ve\u0107 za stvaranje trajnih naslje\u0111a koja mo\u017eete nositi.<\/p>\n\n\n\n<p>U Inhideu vjerujemo da je ko\u017ena jakna vi\u0161e od odjevnog predmeta. Ona je suputnik. \u010cuvar uspomena. Druga ko\u017ea koja se kre\u0107e s vama kroz klju\u010dne \u017eivotne trenutke\u2014tihe kave, pono\u0107ne vo\u017enje, hrabri po\u010deci.<\/p>\n\n\n\n<p>Svaki komad koji stvaramo svjedo\u010danstvo je bezvremenskog dizajna i pa\u017eljive izrade. Ru\u010dno \u0161ivane od strane iskusnih majstora, na\u0161e jakne izra\u0111ene su od <strong>eti\u010dki nabavljene, vrhunske ko\u017ee<\/strong>\u2014one koja stari s karakterom i s vremenom pri\u010da vlastitu pri\u010du.<\/p>\n\n\n\n<p>Ali Inhide nije samo kvaliteta. To je i <strong>identitet<\/strong>. Dizajniramo za pojedince koji se isti\u010du. Na\u0161e kolekcije spajaju klasi\u010dne siluete s modernim rubom, nude\u0107i komade koji se \u010dine istovremeno poznati i svje\u017ei. Bilo da se dotjerujete ili opu\u0161tate, postoji Inhide jakna koja pristaje ne samo va\u0161em tijelu, ve\u0107 i va\u0161em duhu.<\/p>\n\n\n\n<p>Utemeljen na integritetu, vo\u0111en detaljima i potaknut samoizra\u017eavanjem\u2014<strong>Inhide je za one koji samopouzdanje nose kao drugu ko\u017eu.<\/strong>.<\/p>\n\n\n\n<p>Ovo je vi\u0161e od mode.<br><strong>Ovo je va\u0161a pri\u010da, preoblikovana.<\/strong><\/p>","protected":false},"excerpt":{"rendered":"<p>It all began in a small workshop, where the scent of rich leather mingled with ambition and imagination. In that [&hellip;]<\/p>","protected":false},"author":1,"featured_media":0,"parent":0,"menu_order":0,"comment_status":"closed","ping_status":"closed","template":"","meta":{"site-sidebar-layout":"default","site-content-layout":"","ast-site-content-layout":"","site-content-style":"default","site-sidebar-style":"default","ast-global-header-display":"","ast-banner-title-visibility":"","ast-main-header-display":"","ast-hfb-above-header-display":"","ast-hfb-below-header-display":"","ast-hfb-mobile-header-display":"","site-post-title":"","ast-breadcrumbs-content":"","ast-featured-img":"","footer-sml-layout":"","theme-transparent-header-meta":"","adv-header-id-meta":"","stick-header-meta":"","header-above-stick-meta":"","header-main-stick-meta":"","header-below-stick-meta":"","astra-migrate-meta-layouts":"default","ast-page-background-enabled":"default","ast-page-background-meta":{"desktop":{"background-color":"var(--ast-global-color-4)","background-image":"","background-repeat":"repeat","background-position":"center center","background-size":"auto","background-attachment":"scroll","background-type":"","background-media":"","overlay-type":"","overlay-color":"","overlay-opacity":"","overlay-gradient":""},"tablet":{"background-color":"","background-image":"","background-repeat":"repeat","background-position":"center center","background-size":"auto","background-attachment":"scroll","background-type":"","background-media":"","overlay-type":"","overlay-color":"","overlay-opacity":"","overlay-gradient":""},"mobile":{"background-color":"","background-image":"","background-repeat":"repeat","background-position":"center center","background-size":"auto","background-attachment":"scroll","background-type":"","background-media":"","overlay-type":"","overlay-color":"","overlay-opacity":"","overlay-gradient":""}},"ast-content-background-meta":{"desktop":{"background-color":"var(--ast-global-color-5)","background-image":"","background-repeat":"repeat","background-position":"center center","background-size":"auto","background-attachment":"scroll","background-type":"","background-media":"","overlay-type":"","overlay-color":"","overlay-opacity":"","overlay-gradient":""},"tablet":{"background-color":"var(--ast-global-color-5)","background-image":"","background-repeat":"repeat","background-position":"center center","background-size":"auto","background-attachment":"scroll","background-type":"","background-media":"","overlay-type":"","overlay-color":"","overlay-opacity":"","overlay-gradient":""},"mobile":{"background-color":"var(--ast-global-color-5)","background-image":"","background-repeat":"repeat","background-position":"center center","background-size":"auto","background-attachment":"scroll","background-type":"","background-media":"","overlay-type":"","overlay-color":"","overlay-opacity":"","overlay-gradient":""}},"footnotes":""},"class_list":["post-366","page","type-page","status-publish","hentry"],"_links":{"self":[{"href":"https:\/\/inhidestore.com\/hr\/wp-json\/wp\/v2\/pages\/366","targetHints":{"allow":["GET"]}}],"collection":[{"href":"https:\/\/inhidestore.com\/hr\/wp-json\/wp\/v2\/pages"}],"about":[{"href":"https:\/\/inhidestore.com\/hr\/wp-json\/wp\/v2\/types\/page"}],"author":[{"embeddable":true,"href":"https:\/\/inhidestore.com\/hr\/wp-json\/wp\/v2\/users\/1"}],"replies":[{"embeddable":true,"href":"https:\/\/inhidestore.com\/hr\/wp-json\/wp\/v2\/comments?post=366"}],"version-history":[{"count":3,"href":"https:\/\/inhidestore.com\/hr\/wp-json\/wp\/v2\/pages\/366\/revisions"}],"predecessor-version":[{"id":2736,"href":"https:\/\/inhidestore.com\/hr\/wp-json\/wp\/v2\/pages\/366\/revisions\/2736"}],"wp:attachment":[{"href":"https:\/\/inhidestore.com\/hr\/wp-json\/wp\/v2\/media?parent=366"}],"curies":[{"name":"wp","href":"https:\/\/api.w.org\/{rel}","templated":true}]}}