{"id":413,"date":"2024-11-24T00:33:10","date_gmt":"2024-11-24T00:33:10","guid":{"rendered":"https:\/\/inhidestore.com\/?post_type=product&#038;p=413"},"modified":"2025-08-18T23:20:57","modified_gmt":"2025-08-18T23:20:57","slug":"inhide-sleekedge-muska-premium-jakna-od-brusene-koze","status":"publish","type":"product","link":"https:\/\/inhidestore.com\/hr\/trgovina\/muskarci\/kozne-jakne-za-muskarce\/inhide-sleekedge-muska-premium-jakna-od-brusene-koze\/","title":{"rendered":"INHIDE SleekEdge Mu\u0161ka vrhunska jakna od bru\u0161ene ko\u017ee"},"content":{"rendered":"<div class=\"product-description\" style=\"font-family: Helvetica, Arial, sans-serif; font-size: 16px; line-height: 1.6; color: #ffffff;\">\n<p>Predstavljamo INHIDE SleekEdge \u2013 vi\u0161e od obi\u010dne ko\u017ene jakne, to je modni izri\u010daj koji \u0107e vam biti vjerni pratitelj godinama. Govorimo o desetlje\u0107u ili vi\u0161e stila \u2013 ovaj je komad izra\u0111en da traje, s vijekom trajanja od 10 do 15 godina.<\/p>\n<p><strong>Evo \u0161to je \u010dini posebnom:<\/strong><\/p>\n<p><strong>Najfinija ko\u017ea:<\/strong> Kad ka\u017eemo 100% \u010dista ov\u010dja ko\u017ea, mislimo na najfiniju kvalitetu koju mo\u017eete dobiti. To je antilop koji \u0161apu\u0107e luksuz i vri\u0161ti izdr\u017eljivost. Nije samo dobra; najbolja je.<\/p>\n<p><strong>Majstorstvo izrade:<\/strong> Ovo nije obi\u010dna jakna. To je proizvod strasti, preciznosti i malo INHIDE magije. Osje\u0107aj antilopa je luksuzan koliko i izdr\u017eljiv, zahvaljuju\u0107i vrhunskoj ov\u010djoj ko\u017ei koja s vremenom postaje samo bolja.<\/p>\n<p><strong>Detalji:<\/strong> Svaki detalj je bitan: koristimo vrhunske patentne zatvara\u010de i gumbe. Nisu samo sjajni, ve\u0107 i izuzetno izdr\u017eljivi.<\/p>\n<p><strong>Svestranost:<\/strong> Bajkerski stil? Potvr\u0111eno. Ali nemojte je ograni\u010davati \u2013 ova je jakna svestrana. Bilo da je prohladna ve\u010der ili vjetrovit dan, va\u0161 je izbor za sva godi\u0161nja doba.<\/p>\n<p><strong>Savr\u0161eno pristajanje:<\/strong> Skrojena da bude iznad ostalih, SleekEdge obe\u0107ava kroj koji se \u010dini kao da je ra\u0111en po mjeri. Jer kad je rije\u010d o ko\u017enim jaknama, pravi kroj \u010dini svu razliku. Pristaje tamo gdje treba, opu\u0161tena je tamo gdje \u017eelite, i sveukupno fantasti\u010dna.<\/p>\n<p>Dakle, bilo da kre\u0107ete na put ili samo izlazite u grad, INHIDE SleekEdge je va\u0161 savr\u0161en partner. Nije samo jakna; to je putovanje. <strong>Spremni za avanturu?<\/strong><\/p>\n<p>Boja: Ledeno plava<\/p>\n<\/div>","protected":false},"excerpt":{"rendered":"<p>Meet the INHIDE SleekEdge, Not just a leather jacket, but a statement piece that\u2019s bound to become your trusty sidekick [&hellip;]<\/p>","protected":false},"featured_media":129,"comment_status":"open","ping_status":"closed","template":"","meta":{"site-sidebar-layout":"default","site-content-layout":"","ast-site-content-layout":"default","site-content-style":"default","site-sidebar-style":"default","ast-global-header-display":"","ast-banner-title-visibility":"","ast-main-header-display":"","ast-hfb-above-header-display":"","ast-hfb-below-header-display":"","ast-hfb-mobile-header-display":"","site-post-title":"","ast-breadcrumbs-content":"","ast-featured-img":"","footer-sml-layout":"","theme-transparent-header-meta":"default","adv-header-id-meta":"","stick-header-meta":"","header-above-stick-meta":"","header-main-stick-meta":"","header-below-stick-meta":"","astra-migrate-meta-layouts":"set","ast-page-background-enabled":"default","ast-page-background-meta":{"desktop":{"background-color":"var(--ast-global-color-4)","background-image":"","background-repeat":"repeat","background-position":"center center","background-size":"auto","background-attachment":"scroll","background-type":"","background-media":"","overlay-type":"","overlay-color":"","overlay-opacity":"","overlay-gradient":""},"tablet":{"background-color":"","background-image":"","background-repeat":"repeat","background-position":"center center","background-size":"auto","background-attachment":"scroll","background-type":"","background-media":"","overlay-type":"","overlay-color":"","overlay-opacity":"","overlay-gradient":""},"mobile":{"background-color":"","background-image":"","background-repeat":"repeat","background-position":"center center","background-size":"auto","background-attachment":"scroll","background-type":"","background-media":"","overlay-type":"","overlay-color":"","overlay-opacity":"","overlay-gradient":""}},"ast-content-background-meta":{"desktop":{"background-color":"var(--ast-global-color-5)","background-image":"","background-repeat":"repeat","background-position":"center center","background-size":"auto","background-attachment":"scroll","background-type":"","background-media":"","overlay-type":"","overlay-color":"","overlay-opacity":"","overlay-gradient":""},"tablet":{"background-color":"var(--ast-global-color-5)","background-image":"","background-repeat":"repeat","background-position":"center center","background-size":"auto","background-attachment":"scroll","background-type":"","background-media":"","overlay-type":"","overlay-color":"","overlay-opacity":"","overlay-gradient":""},"mobile":{"background-color":"var(--ast-global-color-5)","background-image":"","background-repeat":"repeat","background-position":"center center","background-size":"auto","background-attachment":"scroll","background-type":"","background-media":"","overlay-type":"","overlay-color":"","overlay-opacity":"","overlay-gradient":""}}},"product_brand":[],"product_cat":[34],"product_tag":[],"class_list":{"0":"post-413","1":"product","2":"type-product","3":"status-publish","4":"has-post-thumbnail","6":"product_cat-leatherjacketformen","7":"desktop-align-left","8":"tablet-align-left","9":"mobile-align-left","11":"first","12":"instock","13":"shipping-taxable","14":"purchasable","15":"product-type-variable"},"_links":{"self":[{"href":"https:\/\/inhidestore.com\/hr\/wp-json\/wp\/v2\/product\/413","targetHints":{"allow":["GET"]}}],"collection":[{"href":"https:\/\/inhidestore.com\/hr\/wp-json\/wp\/v2\/product"}],"about":[{"href":"https:\/\/inhidestore.com\/hr\/wp-json\/wp\/v2\/types\/product"}],"replies":[{"embeddable":true,"href":"https:\/\/inhidestore.com\/hr\/wp-json\/wp\/v2\/comments?post=413"}],"version-history":[{"count":5,"href":"https:\/\/inhidestore.com\/hr\/wp-json\/wp\/v2\/product\/413\/revisions"}],"predecessor-version":[{"id":3084,"href":"https:\/\/inhidestore.com\/hr\/wp-json\/wp\/v2\/product\/413\/revisions\/3084"}],"wp:featuredmedia":[{"embeddable":true,"href":"https:\/\/inhidestore.com\/hr\/wp-json\/wp\/v2\/media\/129"}],"wp:attachment":[{"href":"https:\/\/inhidestore.com\/hr\/wp-json\/wp\/v2\/media?parent=413"}],"wp:term":[{"taxonomy":"product_brand","embeddable":true,"href":"https:\/\/inhidestore.com\/hr\/wp-json\/wp\/v2\/product_brand?post=413"},{"taxonomy":"product_cat","embeddable":true,"href":"https:\/\/inhidestore.com\/hr\/wp-json\/wp\/v2\/product_cat?post=413"},{"taxonomy":"product_tag","embeddable":true,"href":"https:\/\/inhidestore.com\/hr\/wp-json\/wp\/v2\/product_tag?post=413"}],"curies":[{"name":"wp","href":"https:\/\/api.w.org\/{rel}","templated":true}]}}