{"id":497,"date":"2024-11-24T00:33:17","date_gmt":"2024-11-24T00:33:17","guid":{"rendered":"https:\/\/inhidestore.com\/?post_type=product&#038;p=497"},"modified":"2025-08-18T23:13:47","modified_gmt":"2025-08-18T23:13:47","slug":"inhide-nova-mens-premium-leather-bomber-jacket","status":"publish","type":"product","link":"https:\/\/inhidestore.com\/hr\/trgovina\/muskarci\/kozne-jakne-za-muskarce\/inhide-nova-mens-premium-leather-bomber-jacket\/","title":{"rendered":"INHIDE Nova Mu\u0161ka premium ko\u017ena bomber jakna"},"content":{"rendered":"<div class=\"product-description\" style=\"font-family: Helvetica, Arial, sans-serif;\">\n<p>Mu\u0161ka bomber jakna INHIDE Nova upe\u010datljiv je komad koji redefinira svijet ko\u017enih jakni. Evo za\u0161to je to jakna iz va\u0161ih snova:<\/p>\n<p><strong>Mekana poput maslaca, vrhunska ko\u017ea:<\/strong> Umotajte se u luksuz 100% ov\u010dje ko\u017ee koja je toliko mekana da \u0107ete zaboraviti da nosite ko\u017enu jaknu. Dizajnirana je da se prilagodi va\u0161em tijelu i postane jo\u0161 osobnija sa svakim no\u0161enjem.<\/p>\n<p><strong>Kontrast tamnoplave i bijele boje:<\/strong> Nova se isti\u010de upe\u010datljivim tamnoplavim tijelom u kombinaciji s bijelim rukavima, pru\u017eaju\u0107i o\u0161tar kontrast koji \u0107e zasigurno ostaviti sna\u017ean dojam. Ova kombinacija boja svestrana je koliko i atraktivna, savr\u0161ena za svako godi\u0161nje doba.<\/p>\n<p><strong>Stvorena da traje:<\/strong> Dovoljno izdr\u017eljiva za spontano putovanje, a opet profinjena za ve\u010dernji izlazak, visokokvalitetna izrada jakne Nova osigurava otpornost na sve izazove svakodnevnog \u017eivota. Uz vijek trajanja od 10 do 15 godina, ona je suputnik na duge staze.<\/p>\n<p><strong>Savr\u0161eno pristajanje, zajam\u010deno:<\/strong> Osmi\u0161ljena za besprijekorno pristajanje, Nova eliminira uobi\u010dajenu glomaznost bomber jakni. Krojena je da istakne figuru, a ne da vas sputava, osiguravaju\u0107i da izgledate i osje\u0107ate se izvrsno.<\/p>\n<p><strong>Nosivost u svim godi\u0161njim dobima:<\/strong> Bilo da je rije\u010d o svje\u017eem proljetnom povjetarcu ili o\u0161trom jesenskom zraku, Nova je va\u0161a omiljena jakna. Njezina prozra\u010dna ko\u017ea \u010dini je idealnom za toplije dane, dok je mogu\u0107nost slojevitog odijevanja \u010dini jednako prikladnom za hladnije vrijeme.<\/p>\n<p>Ukratko, INHIDE Nova nije samo jo\u0161 jedna jakna; to je nadogradnja \u017eivotnog stila. Savr\u0161en je spoj modernog dizajna, vrhunskih materijala i besprijekornog kroja. Jeste li spremni ostaviti dojam? Nova vas \u010deka.<\/p>\n<p>Boja: Tamnoplava i bijela<\/p>\n<\/div>","protected":false},"excerpt":{"rendered":"<p>The INHIDE Nova Men\u2019s Bomber Jacket is a standout piece that redefines the leather jacket game. Here\u2019s why it\u2019s the [&hellip;]<\/p>","protected":false},"featured_media":145,"comment_status":"open","ping_status":"closed","template":"","meta":{"site-sidebar-layout":"default","site-content-layout":"","ast-site-content-layout":"default","site-content-style":"default","site-sidebar-style":"default","ast-global-header-display":"","ast-banner-title-visibility":"","ast-main-header-display":"","ast-hfb-above-header-display":"","ast-hfb-below-header-display":"","ast-hfb-mobile-header-display":"","site-post-title":"","ast-breadcrumbs-content":"","ast-featured-img":"","footer-sml-layout":"","theme-transparent-header-meta":"default","adv-header-id-meta":"","stick-header-meta":"","header-above-stick-meta":"","header-main-stick-meta":"","header-below-stick-meta":"","astra-migrate-meta-layouts":"set","ast-page-background-enabled":"default","ast-page-background-meta":{"desktop":{"background-color":"var(--ast-global-color-4)","background-image":"","background-repeat":"repeat","background-position":"center center","background-size":"auto","background-attachment":"scroll","background-type":"","background-media":"","overlay-type":"","overlay-color":"","overlay-opacity":"","overlay-gradient":""},"tablet":{"background-color":"","background-image":"","background-repeat":"repeat","background-position":"center center","background-size":"auto","background-attachment":"scroll","background-type":"","background-media":"","overlay-type":"","overlay-color":"","overlay-opacity":"","overlay-gradient":""},"mobile":{"background-color":"","background-image":"","background-repeat":"repeat","background-position":"center center","background-size":"auto","background-attachment":"scroll","background-type":"","background-media":"","overlay-type":"","overlay-color":"","overlay-opacity":"","overlay-gradient":""}},"ast-content-background-meta":{"desktop":{"background-color":"var(--ast-global-color-5)","background-image":"","background-repeat":"repeat","background-position":"center center","background-size":"auto","background-attachment":"scroll","background-type":"","background-media":"","overlay-type":"","overlay-color":"","overlay-opacity":"","overlay-gradient":""},"tablet":{"background-color":"var(--ast-global-color-5)","background-image":"","background-repeat":"repeat","background-position":"center center","background-size":"auto","background-attachment":"scroll","background-type":"","background-media":"","overlay-type":"","overlay-color":"","overlay-opacity":"","overlay-gradient":""},"mobile":{"background-color":"var(--ast-global-color-5)","background-image":"","background-repeat":"repeat","background-position":"center center","background-size":"auto","background-attachment":"scroll","background-type":"","background-media":"","overlay-type":"","overlay-color":"","overlay-opacity":"","overlay-gradient":""}}},"product_brand":[],"product_cat":[34],"product_tag":[],"class_list":{"0":"post-497","1":"product","2":"type-product","3":"status-publish","4":"has-post-thumbnail","6":"product_cat-leatherjacketformen","7":"desktop-align-left","8":"tablet-align-left","9":"mobile-align-left","11":"first","12":"instock","13":"shipping-taxable","14":"purchasable","15":"product-type-variable"},"_links":{"self":[{"href":"https:\/\/inhidestore.com\/hr\/wp-json\/wp\/v2\/product\/497","targetHints":{"allow":["GET"]}}],"collection":[{"href":"https:\/\/inhidestore.com\/hr\/wp-json\/wp\/v2\/product"}],"about":[{"href":"https:\/\/inhidestore.com\/hr\/wp-json\/wp\/v2\/types\/product"}],"replies":[{"embeddable":true,"href":"https:\/\/inhidestore.com\/hr\/wp-json\/wp\/v2\/comments?post=497"}],"version-history":[{"count":4,"href":"https:\/\/inhidestore.com\/hr\/wp-json\/wp\/v2\/product\/497\/revisions"}],"predecessor-version":[{"id":2702,"href":"https:\/\/inhidestore.com\/hr\/wp-json\/wp\/v2\/product\/497\/revisions\/2702"}],"wp:featuredmedia":[{"embeddable":true,"href":"https:\/\/inhidestore.com\/hr\/wp-json\/wp\/v2\/media\/145"}],"wp:attachment":[{"href":"https:\/\/inhidestore.com\/hr\/wp-json\/wp\/v2\/media?parent=497"}],"wp:term":[{"taxonomy":"product_brand","embeddable":true,"href":"https:\/\/inhidestore.com\/hr\/wp-json\/wp\/v2\/product_brand?post=497"},{"taxonomy":"product_cat","embeddable":true,"href":"https:\/\/inhidestore.com\/hr\/wp-json\/wp\/v2\/product_cat?post=497"},{"taxonomy":"product_tag","embeddable":true,"href":"https:\/\/inhidestore.com\/hr\/wp-json\/wp\/v2\/product_tag?post=497"}],"curies":[{"name":"wp","href":"https:\/\/api.w.org\/{rel}","templated":true}]}}