{"id":533,"date":"2024-11-24T00:33:20","date_gmt":"2024-11-24T00:33:20","guid":{"rendered":"https:\/\/inhidestore.com\/?post_type=product&#038;p=533"},"modified":"2025-08-18T23:08:16","modified_gmt":"2025-08-18T23:08:16","slug":"inhide-roxy-zenska-premium-kozna-jakna","status":"publish","type":"product","link":"https:\/\/inhidestore.com\/hr\/trgovina\/zene\/kozna-jakna-za-zene\/inhide-roxy-zenska-premium-kozna-jakna\/","title":{"rendered":"INHIDE Roxy \u017denska vrhunska ko\u017ena jakna"},"content":{"rendered":"<p style=\"font-family: Helvetica, Arial, sans-serif;\">Predstavljamo INHIDE Roxy, crnu \u017eensku ko\u017enu jaknu koja je savr\u0161en spoj luksuza i buntovnosti. Izra\u0111ena od nevjerojatno mekane, 100% \u010diste i vrhunske janje\u0107e ko\u017ee \u2013 poku\u0161ajte se oduprijeti \u017eelji da je stalno dodirujete! Osje\u0107aj je poput druge ko\u017ee. Bogata crna boja tamna je poput no\u0107i, dodatno istaknuta gumbima i patentnim zatvara\u010dima u boji tamnog metala.<\/p>\n<p style=\"font-family: Helvetica, Arial, sans-serif;\">Ovo nije obi\u010dna jakna; to je bezvremenski komad stvoren da bude va\u0161 modni suputnik vi\u0161e od desetlje\u0107a. Savr\u0161ena je za prebaciti preko ljetne haljine tijekom svje\u017eih ve\u010dernjih izlazaka ili za slojevito odijevanje protiv zimskih vjetrova. \u017delite li malo avanture? Roxy slu\u017ei i kao fantasti\u010dna bajkerska jakna, uz koju \u0107ete postati najstiliziranija buntovnica na dva kota\u010da.<\/p>\n<p style=\"font-family: Helvetica, Arial, sans-serif;\">Zato se pripremite i privucite sve poglede uz INHIDE. To je spoj elegancije i odva\u017enog stila.<\/p>\n<p style=\"font-family: Helvetica, Arial, sans-serif;\">Boja: Crna<\/p>","protected":false},"excerpt":{"rendered":"<p>Introducing the INHIDE Roxy, a Black leather jacket for women that\u2019s a perfect blend of luxury and rebellion. Made from [&hellip;]<\/p>","protected":false},"featured_media":164,"comment_status":"open","ping_status":"closed","template":"","meta":{"site-sidebar-layout":"default","site-content-layout":"","ast-site-content-layout":"default","site-content-style":"default","site-sidebar-style":"default","ast-global-header-display":"","ast-banner-title-visibility":"","ast-main-header-display":"","ast-hfb-above-header-display":"","ast-hfb-below-header-display":"","ast-hfb-mobile-header-display":"","site-post-title":"","ast-breadcrumbs-content":"","ast-featured-img":"","footer-sml-layout":"","theme-transparent-header-meta":"default","adv-header-id-meta":"","stick-header-meta":"","header-above-stick-meta":"","header-main-stick-meta":"","header-below-stick-meta":"","astra-migrate-meta-layouts":"set","ast-page-background-enabled":"default","ast-page-background-meta":{"desktop":{"background-color":"var(--ast-global-color-4)","background-image":"","background-repeat":"repeat","background-position":"center center","background-size":"auto","background-attachment":"scroll","background-type":"","background-media":"","overlay-type":"","overlay-color":"","overlay-opacity":"","overlay-gradient":""},"tablet":{"background-color":"","background-image":"","background-repeat":"repeat","background-position":"center center","background-size":"auto","background-attachment":"scroll","background-type":"","background-media":"","overlay-type":"","overlay-color":"","overlay-opacity":"","overlay-gradient":""},"mobile":{"background-color":"","background-image":"","background-repeat":"repeat","background-position":"center center","background-size":"auto","background-attachment":"scroll","background-type":"","background-media":"","overlay-type":"","overlay-color":"","overlay-opacity":"","overlay-gradient":""}},"ast-content-background-meta":{"desktop":{"background-color":"var(--ast-global-color-5)","background-image":"","background-repeat":"repeat","background-position":"center center","background-size":"auto","background-attachment":"scroll","background-type":"","background-media":"","overlay-type":"","overlay-color":"","overlay-opacity":"","overlay-gradient":""},"tablet":{"background-color":"var(--ast-global-color-5)","background-image":"","background-repeat":"repeat","background-position":"center center","background-size":"auto","background-attachment":"scroll","background-type":"","background-media":"","overlay-type":"","overlay-color":"","overlay-opacity":"","overlay-gradient":""},"mobile":{"background-color":"var(--ast-global-color-5)","background-image":"","background-repeat":"repeat","background-position":"center center","background-size":"auto","background-attachment":"scroll","background-type":"","background-media":"","overlay-type":"","overlay-color":"","overlay-opacity":"","overlay-gradient":""}}},"product_brand":[],"product_cat":[37],"product_tag":[],"class_list":{"0":"post-533","1":"product","2":"type-product","3":"status-publish","4":"has-post-thumbnail","6":"product_cat-leatherjacketforwomen","7":"desktop-align-left","8":"tablet-align-left","9":"mobile-align-left","11":"first","12":"instock","13":"shipping-taxable","14":"purchasable","15":"product-type-variable"},"_links":{"self":[{"href":"https:\/\/inhidestore.com\/hr\/wp-json\/wp\/v2\/product\/533","targetHints":{"allow":["GET"]}}],"collection":[{"href":"https:\/\/inhidestore.com\/hr\/wp-json\/wp\/v2\/product"}],"about":[{"href":"https:\/\/inhidestore.com\/hr\/wp-json\/wp\/v2\/types\/product"}],"replies":[{"embeddable":true,"href":"https:\/\/inhidestore.com\/hr\/wp-json\/wp\/v2\/comments?post=533"}],"version-history":[{"count":3,"href":"https:\/\/inhidestore.com\/hr\/wp-json\/wp\/v2\/product\/533\/revisions"}],"predecessor-version":[{"id":2692,"href":"https:\/\/inhidestore.com\/hr\/wp-json\/wp\/v2\/product\/533\/revisions\/2692"}],"wp:featuredmedia":[{"embeddable":true,"href":"https:\/\/inhidestore.com\/hr\/wp-json\/wp\/v2\/media\/164"}],"wp:attachment":[{"href":"https:\/\/inhidestore.com\/hr\/wp-json\/wp\/v2\/media?parent=533"}],"wp:term":[{"taxonomy":"product_brand","embeddable":true,"href":"https:\/\/inhidestore.com\/hr\/wp-json\/wp\/v2\/product_brand?post=533"},{"taxonomy":"product_cat","embeddable":true,"href":"https:\/\/inhidestore.com\/hr\/wp-json\/wp\/v2\/product_cat?post=533"},{"taxonomy":"product_tag","embeddable":true,"href":"https:\/\/inhidestore.com\/hr\/wp-json\/wp\/v2\/product_tag?post=533"}],"curies":[{"name":"wp","href":"https:\/\/api.w.org\/{rel}","templated":true}]}}