{"id":551,"date":"2024-11-24T00:33:20","date_gmt":"2024-11-24T00:33:20","guid":{"rendered":"https:\/\/inhidestore.com\/?post_type=product&#038;p=551"},"modified":"2025-08-18T23:10:24","modified_gmt":"2025-08-18T23:10:24","slug":"inhide-nova-zenska-premium-kozna-bomber-jakna-2","status":"publish","type":"product","link":"https:\/\/inhidestore.com\/hr\/trgovina\/zene\/kozna-jakna-za-zene\/inhide-nova-zenska-premium-kozna-bomber-jakna-2\/","title":{"rendered":"INHIDE Nova \u017denska vrhunska ko\u017ena bomber jakna"},"content":{"rendered":"<div class=\"product-description\" style=\"font-family: Helvetica, Arial, sans-serif;\">\n<p>Podignite svoj stil uz INHIDE Nova \u017eensku premium ko\u017enu bomber jaknu.<\/p>\n<p>Izra\u0111ena od 100% \u010diste, premium ov\u010dje ko\u017ee, ova jakna nudi luksuznu udobnost i bezvremenski \u0161arm. Evo za\u0161to zaslu\u017euje mjesto u va\u0161em ormaru:<\/p>\n<p><strong>Vrhunski materijal:<\/strong> Svilenkasto meka, glatka tekstura ov\u010dje ko\u017ee osje\u0107a se izvrsno na va\u0161oj ko\u017ei. Ova jakna ne samo da izgleda zadivljuju\u0107e, ve\u0107 je i nevjerojatno ugodna za no\u0161enje.<\/p>\n<p><strong>Visokokvalitetni patentni zatvara\u010di:<\/strong> Opremljena premium patentnim zatvara\u010dima koji glatko klize, nude\u0107i istovremeno izdr\u017eljivost i jednostavnost kori\u0161tenja \u2014 nema vi\u0161e frustriraju\u0107ih zapinjanja ili zaglavljivanja.<\/p>\n<p><strong>Iznimna dugotrajnost:<\/strong> Ulaganje u ovu jaknu je ulaganje u dugoro\u010dni stil. S vijekom trajanja od 10\u201315 godina, ona je pouzdan modni komad koji \u0107e vam slu\u017eiti sezonu za sezonom.<\/p>\n<p><strong>Cjelogodi\u0161nja svestranost:<\/strong> Bilo da prkosite hladnim zimama ili u\u017eivate u prohladnoj ljetnoj ve\u010deri, jakna INHIDE Nova stvorena je za prilagodbu \u2014 bez napora se uklapaju\u0107i u svako godi\u0161nje doba i okru\u017eenje.<\/p>\n<p><strong>Bomber izgled, bikerska snaga:<\/strong> Iako je stilizirana kao klasi\u010dna bomber jakna s rebrastim man\u017eetama i rubom, njena izdr\u017eljiva konstrukcija omogu\u0107uje joj da slu\u017ei i kao bikerska jakna \u2014 spremna za gradske \u0161etnje i otvorenu cestu.<\/p>\n<p><strong>Upe\u010datljiva boja:<\/strong> \u017divahna plava nijansa, nagla\u0161ena tamnoplavim kontrastima, pru\u017ea profinjen, ali odva\u017ean izgled \u2014 privla\u010di pa\u017enju, a da nije previ\u0161e upadljiva.<\/p>\n<p>Od vo\u017enji motorom do gradskih \u0161etnji ili dru\u017eenja uz kavu, INHIDE Nova \u017eenska premium ko\u017ena bomber jakna savr\u0161eno uravnote\u017euje modu i funkcionalnost.<\/p>\n<\/div>","protected":false},"excerpt":{"rendered":"<p>Elevate your style with the INHIDE Nova Women\u2019s Premium Leather Bomber Jacket Crafted from 100% pure, premium sheep leather, this [&hellip;]<\/p>","protected":false},"featured_media":105,"comment_status":"open","ping_status":"closed","template":"","meta":{"site-sidebar-layout":"default","site-content-layout":"","ast-site-content-layout":"default","site-content-style":"default","site-sidebar-style":"default","ast-global-header-display":"","ast-banner-title-visibility":"","ast-main-header-display":"","ast-hfb-above-header-display":"","ast-hfb-below-header-display":"","ast-hfb-mobile-header-display":"","site-post-title":"","ast-breadcrumbs-content":"","ast-featured-img":"","footer-sml-layout":"","theme-transparent-header-meta":"default","adv-header-id-meta":"","stick-header-meta":"","header-above-stick-meta":"","header-main-stick-meta":"","header-below-stick-meta":"","astra-migrate-meta-layouts":"set","ast-page-background-enabled":"default","ast-page-background-meta":{"desktop":{"background-color":"var(--ast-global-color-4)","background-image":"","background-repeat":"repeat","background-position":"center center","background-size":"auto","background-attachment":"scroll","background-type":"","background-media":"","overlay-type":"","overlay-color":"","overlay-opacity":"","overlay-gradient":""},"tablet":{"background-color":"","background-image":"","background-repeat":"repeat","background-position":"center center","background-size":"auto","background-attachment":"scroll","background-type":"","background-media":"","overlay-type":"","overlay-color":"","overlay-opacity":"","overlay-gradient":""},"mobile":{"background-color":"","background-image":"","background-repeat":"repeat","background-position":"center center","background-size":"auto","background-attachment":"scroll","background-type":"","background-media":"","overlay-type":"","overlay-color":"","overlay-opacity":"","overlay-gradient":""}},"ast-content-background-meta":{"desktop":{"background-color":"var(--ast-global-color-5)","background-image":"","background-repeat":"repeat","background-position":"center center","background-size":"auto","background-attachment":"scroll","background-type":"","background-media":"","overlay-type":"","overlay-color":"","overlay-opacity":"","overlay-gradient":""},"tablet":{"background-color":"var(--ast-global-color-5)","background-image":"","background-repeat":"repeat","background-position":"center center","background-size":"auto","background-attachment":"scroll","background-type":"","background-media":"","overlay-type":"","overlay-color":"","overlay-opacity":"","overlay-gradient":""},"mobile":{"background-color":"var(--ast-global-color-5)","background-image":"","background-repeat":"repeat","background-position":"center center","background-size":"auto","background-attachment":"scroll","background-type":"","background-media":"","overlay-type":"","overlay-color":"","overlay-opacity":"","overlay-gradient":""}}},"product_brand":[],"product_cat":[37],"product_tag":[],"class_list":{"0":"post-551","1":"product","2":"type-product","3":"status-publish","4":"has-post-thumbnail","6":"product_cat-leatherjacketforwomen","7":"desktop-align-left","8":"tablet-align-left","9":"mobile-align-left","11":"first","12":"instock","13":"shipping-taxable","14":"purchasable","15":"product-type-variable"},"_links":{"self":[{"href":"https:\/\/inhidestore.com\/hr\/wp-json\/wp\/v2\/product\/551","targetHints":{"allow":["GET"]}}],"collection":[{"href":"https:\/\/inhidestore.com\/hr\/wp-json\/wp\/v2\/product"}],"about":[{"href":"https:\/\/inhidestore.com\/hr\/wp-json\/wp\/v2\/types\/product"}],"replies":[{"embeddable":true,"href":"https:\/\/inhidestore.com\/hr\/wp-json\/wp\/v2\/comments?post=551"}],"version-history":[{"count":3,"href":"https:\/\/inhidestore.com\/hr\/wp-json\/wp\/v2\/product\/551\/revisions"}],"predecessor-version":[{"id":2696,"href":"https:\/\/inhidestore.com\/hr\/wp-json\/wp\/v2\/product\/551\/revisions\/2696"}],"wp:featuredmedia":[{"embeddable":true,"href":"https:\/\/inhidestore.com\/hr\/wp-json\/wp\/v2\/media\/105"}],"wp:attachment":[{"href":"https:\/\/inhidestore.com\/hr\/wp-json\/wp\/v2\/media?parent=551"}],"wp:term":[{"taxonomy":"product_brand","embeddable":true,"href":"https:\/\/inhidestore.com\/hr\/wp-json\/wp\/v2\/product_brand?post=551"},{"taxonomy":"product_cat","embeddable":true,"href":"https:\/\/inhidestore.com\/hr\/wp-json\/wp\/v2\/product_cat?post=551"},{"taxonomy":"product_tag","embeddable":true,"href":"https:\/\/inhidestore.com\/hr\/wp-json\/wp\/v2\/product_tag?post=551"}],"curies":[{"name":"wp","href":"https:\/\/api.w.org\/{rel}","templated":true}]}}