{"id":572,"date":"2024-11-24T00:33:22","date_gmt":"2024-11-24T00:33:22","guid":{"rendered":"https:\/\/inhidestore.com\/?post_type=product&#038;p=572"},"modified":"2025-08-18T23:04:41","modified_gmt":"2025-08-18T23:04:41","slug":"inhide-sleekedge-vrhunska-muska-kozna-jakna-2","status":"publish","type":"product","link":"https:\/\/inhidestore.com\/hr\/trgovina\/muskarci\/kozne-jakne-za-muskarce\/inhide-sleekedge-vrhunska-muska-kozna-jakna-2\/","title":{"rendered":"INHIDE SleekEdge Mu\u0161ka vrhunska ko\u017ena jakna"},"content":{"rendered":"<p style=\"font-family: Helvetica, Arial, sans-serif;\">Mu\u0161ka ko\u017ena jakna INHIDE SleekEdge bezvremenski je i svestran komad odje\u0107e koji spaja stil, izdr\u017eljivost i profinjenost. Izra\u0111ena od vrhunske, 100 % \u010diste i nevjerojatno mekane ov\u010dje ko\u017ee, ova je jakna dizajnirana da podigne va\u0161u garderobu na novu razinu i prkosi vremenu.<\/p>\n<p style=\"font-family: Helvetica, Arial, sans-serif;\"><strong>Materijal:<\/strong> Izra\u0111ena od visokokvalitetne ov\u010dje ko\u017ee, jakna je nevjerojatno mekana i podatna na dodir s ko\u017eom. Prirodna zrnatost i tekstura ko\u017ee doprinose njenom luksuznom izgledu.<\/p>\n<p style=\"font-family: Helvetica, Arial, sans-serif;\"><strong>Boja:<\/strong> Boja konjaka odi\u0161e toplinom i elegancijom, \u0161to je \u010dini prikladnom i za le\u017eerne i za sve\u010dane prigode. Izvrsno se sla\u017ee s raznim odjevnim kombinacijama i pristaje uz razli\u010dite tonove ko\u017ee.<\/p>\n<p style=\"font-family: Helvetica, Arial, sans-serif;\"><strong>Dizajn:<\/strong> Elegantan dizajn karakteriziraju \u010diste linije i kroj koji savr\u0161eno pristaje. Jakna prati liniju va\u0161eg tijela, isti\u010du\u0107i va\u0161u siluetu bez osje\u0107aja sputanosti. Bez obzira vozite li motocikl ili idete na poslovni sastanak, jakna INHIDE SleekEdge osigurava vam moderan izgled bez imalo truda.<\/p>\n<p style=\"font-family: Helvetica, Arial, sans-serif;\"><strong>Patentni zatvara\u010di i gumbi:<\/strong> Patentni zatvara\u010di i gumbi u boji tamnosivog metala daju jakni robustan izgled. Asimetri\u010dno kop\u010danje sprijeda pru\u017ea joj onaj prepoznatljivi \u0161tih klasi\u010dne bajkerske jakne, dok ovratnik s gumbima upotpunjuje cijeli dojam.<\/p>\n<p style=\"font-family: Helvetica, Arial, sans-serif;\"><strong>Izdr\u017eljivost:<\/strong> Uz pravilnu njegu, ova jakna mo\u017ee trajati 10 \u2013 15 godina. Visokokvalitetna ko\u017ea otporna je na habanje, \u0161to osigurava da \u0107e godinama ostati nezaobilazan komad u va\u0161em ormaru.<\/p>\n<p style=\"font-family: Helvetica, Arial, sans-serif;\"><strong>Svestranost:<\/strong> Za svaku priliku \u2013 jakna INHIDE SleekEdge prilago\u0111ava se razli\u010ditim okru\u017eenjima. Kombinirajte je s trapericama i \u010dizmama za opu\u0161teni vikend izgled ili je odjenite preko ko\u0161ulje i hla\u010da za profinjeni, a opet le\u017eerni stil.<\/p>\n<p style=\"font-family: Helvetica, Arial, sans-serif;\"><strong>Unutarnja podstava:<\/strong> Jakna ima glatku i udobnu podstavu koja doprinosi ukupnoj udobnosti. Omogu\u0107uje jednostavno slojevito obla\u010denje tijekom cijele godine.<\/p>\n<p style=\"font-family: Helvetica, Arial, sans-serif;\">Mu\u0161ka ko\u017ena jakna INHIDE SleekEdge besprijekorno spaja stil, udobnost i izdr\u017eljivost \u2013 ona je nezaobilazan komad za svakog mu\u0161karca koji dr\u017ei do mode. Bez obzira na to jeste li iskusni voza\u010d ili jednostavno cijenite bezvremensku modu, ova je jakna investicija koja se isplati i estetikom i dugovje\u010dno\u0161\u0107u.<\/p>\n<p style=\"font-family: Helvetica, Arial, sans-serif;\">Boja: Konjak<\/p>","protected":false},"excerpt":{"rendered":"<p>The INHIDE SleekEdge Men&#8217;s Leather Jacket is a timeless and versatile piece of outerwear that combines style, durability, and sophistication. [&hellip;]<\/p>","protected":false},"featured_media":131,"comment_status":"open","ping_status":"closed","template":"","meta":{"site-sidebar-layout":"default","site-content-layout":"","ast-site-content-layout":"default","site-content-style":"default","site-sidebar-style":"default","ast-global-header-display":"","ast-banner-title-visibility":"","ast-main-header-display":"","ast-hfb-above-header-display":"","ast-hfb-below-header-display":"","ast-hfb-mobile-header-display":"","site-post-title":"","ast-breadcrumbs-content":"","ast-featured-img":"","footer-sml-layout":"","theme-transparent-header-meta":"default","adv-header-id-meta":"","stick-header-meta":"","header-above-stick-meta":"","header-main-stick-meta":"","header-below-stick-meta":"","astra-migrate-meta-layouts":"set","ast-page-background-enabled":"default","ast-page-background-meta":{"desktop":{"background-color":"var(--ast-global-color-4)","background-image":"","background-repeat":"repeat","background-position":"center center","background-size":"auto","background-attachment":"scroll","background-type":"","background-media":"","overlay-type":"","overlay-color":"","overlay-opacity":"","overlay-gradient":""},"tablet":{"background-color":"","background-image":"","background-repeat":"repeat","background-position":"center center","background-size":"auto","background-attachment":"scroll","background-type":"","background-media":"","overlay-type":"","overlay-color":"","overlay-opacity":"","overlay-gradient":""},"mobile":{"background-color":"","background-image":"","background-repeat":"repeat","background-position":"center center","background-size":"auto","background-attachment":"scroll","background-type":"","background-media":"","overlay-type":"","overlay-color":"","overlay-opacity":"","overlay-gradient":""}},"ast-content-background-meta":{"desktop":{"background-color":"var(--ast-global-color-5)","background-image":"","background-repeat":"repeat","background-position":"center center","background-size":"auto","background-attachment":"scroll","background-type":"","background-media":"","overlay-type":"","overlay-color":"","overlay-opacity":"","overlay-gradient":""},"tablet":{"background-color":"var(--ast-global-color-5)","background-image":"","background-repeat":"repeat","background-position":"center center","background-size":"auto","background-attachment":"scroll","background-type":"","background-media":"","overlay-type":"","overlay-color":"","overlay-opacity":"","overlay-gradient":""},"mobile":{"background-color":"var(--ast-global-color-5)","background-image":"","background-repeat":"repeat","background-position":"center center","background-size":"auto","background-attachment":"scroll","background-type":"","background-media":"","overlay-type":"","overlay-color":"","overlay-opacity":"","overlay-gradient":""}}},"product_brand":[],"product_cat":[34],"product_tag":[],"class_list":{"0":"post-572","1":"product","2":"type-product","3":"status-publish","4":"has-post-thumbnail","6":"product_cat-leatherjacketformen","7":"desktop-align-left","8":"tablet-align-left","9":"mobile-align-left","11":"first","12":"instock","13":"shipping-taxable","14":"purchasable","15":"product-type-variable"},"_links":{"self":[{"href":"https:\/\/inhidestore.com\/hr\/wp-json\/wp\/v2\/product\/572","targetHints":{"allow":["GET"]}}],"collection":[{"href":"https:\/\/inhidestore.com\/hr\/wp-json\/wp\/v2\/product"}],"about":[{"href":"https:\/\/inhidestore.com\/hr\/wp-json\/wp\/v2\/types\/product"}],"replies":[{"embeddable":true,"href":"https:\/\/inhidestore.com\/hr\/wp-json\/wp\/v2\/comments?post=572"}],"version-history":[{"count":3,"href":"https:\/\/inhidestore.com\/hr\/wp-json\/wp\/v2\/product\/572\/revisions"}],"predecessor-version":[{"id":2687,"href":"https:\/\/inhidestore.com\/hr\/wp-json\/wp\/v2\/product\/572\/revisions\/2687"}],"wp:featuredmedia":[{"embeddable":true,"href":"https:\/\/inhidestore.com\/hr\/wp-json\/wp\/v2\/media\/131"}],"wp:attachment":[{"href":"https:\/\/inhidestore.com\/hr\/wp-json\/wp\/v2\/media?parent=572"}],"wp:term":[{"taxonomy":"product_brand","embeddable":true,"href":"https:\/\/inhidestore.com\/hr\/wp-json\/wp\/v2\/product_brand?post=572"},{"taxonomy":"product_cat","embeddable":true,"href":"https:\/\/inhidestore.com\/hr\/wp-json\/wp\/v2\/product_cat?post=572"},{"taxonomy":"product_tag","embeddable":true,"href":"https:\/\/inhidestore.com\/hr\/wp-json\/wp\/v2\/product_tag?post=572"}],"curies":[{"name":"wp","href":"https:\/\/api.w.org\/{rel}","templated":true}]}}