{"id":593,"date":"2024-11-24T00:33:24","date_gmt":"2024-11-24T00:33:24","guid":{"rendered":"https:\/\/inhidestore.com\/?post_type=product&#038;p=593"},"modified":"2025-08-18T23:00:10","modified_gmt":"2025-08-18T23:00:10","slug":"inhide-royal-miss-womens-premium-leather-jacket","status":"publish","type":"product","link":"https:\/\/inhidestore.com\/hr\/trgovina\/zene\/kozna-jakna-za-zene\/inhide-royal-miss-womens-premium-leather-jacket\/","title":{"rendered":"INHIDE Royal Miss \u017denska vrhunska ko\u017ena jakna"},"content":{"rendered":"<p style=\"font-family: Helvetica, Arial, sans-serif;\">Prepustite se luksuzu INHIDE \u017eenske premium jakne od ov\u010dje ko\u017ee, nezaobilaznog komada za \u017eenu koja prati modu. Izra\u0111ena od 100% \u010diste ov\u010dje ko\u017ee, ova jakna je oli\u010denje udobnosti i izdr\u017eljivosti. Njezina svilenkasto meka tekstura nje\u017ena je prema ko\u017ei, dok robusna izrada obe\u0107ava dugotrajnost.<\/p>\n<p style=\"font-family: Helvetica, Arial, sans-serif;\"><strong>Elegantan dizajn:<\/strong> Tamnoplava boja jakne i asimetri\u010dno zatvaranje patentnim zatvara\u010dem donose moderan zaokret klasi\u010dnom stilu.<\/p>\n<p style=\"font-family: Helvetica, Arial, sans-serif;\"><strong>Profinjeni detalji:<\/strong> Ukra\u0161ena zlatnim metalnim detaljima, drukerima i patentnim zatvara\u010dima na rukavima, omogu\u0107uje prilagodljiv kroj i elegantan zavr\u0161etak.<\/p>\n<p style=\"font-family: Helvetica, Arial, sans-serif;\"><strong>Svestranost stila:<\/strong> Savr\u0161ena za podizanje svake odjevne kombinacije, lako se transformira iz dnevnog u ve\u010dernji look, osiguravaju\u0107i vam besprijekorno elegantan izgled.<\/p>\n<p style=\"font-family: Helvetica, Arial, sans-serif;\">Do\u017eivite savr\u0161en spoj stila i kvalitete s ovom izuzetnom ko\u017enom jaknom, bezvremenskim dodatkom va\u0161oj garderobi.<\/p>\n<p style=\"font-family: Helvetica, Arial, sans-serif;\"><strong>Boja:<\/strong> Tamnoplava<\/p>","protected":false},"excerpt":{"rendered":"<p>Indulge in the luxury of INHIDE Women&#8217;s Premium Sheep Leather Jacket, a must-have for the fashion-forward woman. Crafted from 100% [&hellip;]<\/p>","protected":false},"featured_media":124,"comment_status":"open","ping_status":"closed","template":"","meta":{"site-sidebar-layout":"default","site-content-layout":"","ast-site-content-layout":"default","site-content-style":"default","site-sidebar-style":"default","ast-global-header-display":"","ast-banner-title-visibility":"","ast-main-header-display":"","ast-hfb-above-header-display":"","ast-hfb-below-header-display":"","ast-hfb-mobile-header-display":"","site-post-title":"","ast-breadcrumbs-content":"","ast-featured-img":"","footer-sml-layout":"","theme-transparent-header-meta":"default","adv-header-id-meta":"","stick-header-meta":"","header-above-stick-meta":"","header-main-stick-meta":"","header-below-stick-meta":"","astra-migrate-meta-layouts":"set","ast-page-background-enabled":"default","ast-page-background-meta":{"desktop":{"background-color":"var(--ast-global-color-4)","background-image":"","background-repeat":"repeat","background-position":"center center","background-size":"auto","background-attachment":"scroll","background-type":"","background-media":"","overlay-type":"","overlay-color":"","overlay-opacity":"","overlay-gradient":""},"tablet":{"background-color":"","background-image":"","background-repeat":"repeat","background-position":"center center","background-size":"auto","background-attachment":"scroll","background-type":"","background-media":"","overlay-type":"","overlay-color":"","overlay-opacity":"","overlay-gradient":""},"mobile":{"background-color":"","background-image":"","background-repeat":"repeat","background-position":"center center","background-size":"auto","background-attachment":"scroll","background-type":"","background-media":"","overlay-type":"","overlay-color":"","overlay-opacity":"","overlay-gradient":""}},"ast-content-background-meta":{"desktop":{"background-color":"var(--ast-global-color-5)","background-image":"","background-repeat":"repeat","background-position":"center center","background-size":"auto","background-attachment":"scroll","background-type":"","background-media":"","overlay-type":"","overlay-color":"","overlay-opacity":"","overlay-gradient":""},"tablet":{"background-color":"var(--ast-global-color-5)","background-image":"","background-repeat":"repeat","background-position":"center center","background-size":"auto","background-attachment":"scroll","background-type":"","background-media":"","overlay-type":"","overlay-color":"","overlay-opacity":"","overlay-gradient":""},"mobile":{"background-color":"var(--ast-global-color-5)","background-image":"","background-repeat":"repeat","background-position":"center center","background-size":"auto","background-attachment":"scroll","background-type":"","background-media":"","overlay-type":"","overlay-color":"","overlay-opacity":"","overlay-gradient":""}}},"product_brand":[],"product_cat":[37],"product_tag":[],"class_list":{"0":"post-593","1":"product","2":"type-product","3":"status-publish","4":"has-post-thumbnail","6":"product_cat-leatherjacketforwomen","7":"desktop-align-left","8":"tablet-align-left","9":"mobile-align-left","11":"first","12":"instock","13":"shipping-taxable","14":"purchasable","15":"product-type-variable"},"_links":{"self":[{"href":"https:\/\/inhidestore.com\/hr\/wp-json\/wp\/v2\/product\/593","targetHints":{"allow":["GET"]}}],"collection":[{"href":"https:\/\/inhidestore.com\/hr\/wp-json\/wp\/v2\/product"}],"about":[{"href":"https:\/\/inhidestore.com\/hr\/wp-json\/wp\/v2\/types\/product"}],"replies":[{"embeddable":true,"href":"https:\/\/inhidestore.com\/hr\/wp-json\/wp\/v2\/comments?post=593"}],"version-history":[{"count":3,"href":"https:\/\/inhidestore.com\/hr\/wp-json\/wp\/v2\/product\/593\/revisions"}],"predecessor-version":[{"id":2684,"href":"https:\/\/inhidestore.com\/hr\/wp-json\/wp\/v2\/product\/593\/revisions\/2684"}],"wp:featuredmedia":[{"embeddable":true,"href":"https:\/\/inhidestore.com\/hr\/wp-json\/wp\/v2\/media\/124"}],"wp:attachment":[{"href":"https:\/\/inhidestore.com\/hr\/wp-json\/wp\/v2\/media?parent=593"}],"wp:term":[{"taxonomy":"product_brand","embeddable":true,"href":"https:\/\/inhidestore.com\/hr\/wp-json\/wp\/v2\/product_brand?post=593"},{"taxonomy":"product_cat","embeddable":true,"href":"https:\/\/inhidestore.com\/hr\/wp-json\/wp\/v2\/product_cat?post=593"},{"taxonomy":"product_tag","embeddable":true,"href":"https:\/\/inhidestore.com\/hr\/wp-json\/wp\/v2\/product_tag?post=593"}],"curies":[{"name":"wp","href":"https:\/\/api.w.org\/{rel}","templated":true}]}}