{"id":602,"date":"2024-11-24T00:33:24","date_gmt":"2024-11-24T00:33:24","guid":{"rendered":"https:\/\/inhidestore.com\/?post_type=product&#038;p=602"},"modified":"2025-08-18T22:41:05","modified_gmt":"2025-08-18T22:41:05","slug":"inhide-zenska-premium-jakna-od-brusene-koze","status":"publish","type":"product","link":"https:\/\/inhidestore.com\/hr\/trgovina\/zene\/kozna-jakna-za-zene\/inhide-zenska-premium-jakna-od-brusene-koze\/","title":{"rendered":"INHIDE \u017denska vrhunska jakna od bru\u0161ene ko\u017ee"},"content":{"rendered":"<p style=\"font-family: Helvetica, Arial, sans-serif;\">Osvje\u017eite svoju garderobu uz INHIDE \u017eensku premium jaknu od bru\u0161ene ko\u017ee \u2013 bezvremenski komad koji odi\u0161e elegancijom i sofisticirano\u0161\u0107u. Izra\u0111ena od 100% \u010diste i vrhunske ov\u010dje ko\u017ee, ova jakna nije samo modni trend, ve\u0107 investicija u stil koji traje.<\/p>\n<p style=\"font-family: Helvetica, Arial, sans-serif;\">Luksuzan materijal: Iskusite nevjerojatnu meko\u0107u visokokvalitetne bru\u0161ene ko\u017ee koja pru\u017ea neusporedivu udobnost i dugotrajnost.<\/p>\n<p style=\"font-family: Helvetica, Arial, sans-serif;\">Svestran stil: Bez obzira spremate li se za ve\u010dernji izlazak ili birate opu\u0161tenu kombinaciju za dan u gradu, elegantan dizajn ove jakne prilago\u0111ava se svakoj prigodi.<\/p>\n<p style=\"font-family: Helvetica, Arial, sans-serif;\">Pa\u017enja posve\u0107ena detaljima: Precizno i pedantno pro\u0161ivena, svaki \u0161av i gumb dokaz su vrhunske izrade ovog iznimnog komada.<\/p>\n<p style=\"font-family: Helvetica, Arial, sans-serif;\">Osjetite INHIDE razliku ve\u0107 danas i zakora\u010dite s punim samopouzdanjem i graciozno\u0161\u0107u.<\/p>\n<p style=\"font-family: Helvetica, Arial, sans-serif;\">Boja: \u010cokoladno sme\u0111a<\/p>","protected":false},"excerpt":{"rendered":"<p>Elevate your wardrobe with the INHIDE Women&#8217;s Premium Suede Leather Jacket \u2013 a timeless piece that exudes elegance and sophistication. [&hellip;]<\/p>","protected":false},"featured_media":149,"comment_status":"open","ping_status":"closed","template":"","meta":{"site-sidebar-layout":"default","site-content-layout":"","ast-site-content-layout":"default","site-content-style":"default","site-sidebar-style":"default","ast-global-header-display":"","ast-banner-title-visibility":"","ast-main-header-display":"","ast-hfb-above-header-display":"","ast-hfb-below-header-display":"","ast-hfb-mobile-header-display":"","site-post-title":"","ast-breadcrumbs-content":"","ast-featured-img":"","footer-sml-layout":"","theme-transparent-header-meta":"default","adv-header-id-meta":"","stick-header-meta":"","header-above-stick-meta":"","header-main-stick-meta":"","header-below-stick-meta":"","astra-migrate-meta-layouts":"set","ast-page-background-enabled":"default","ast-page-background-meta":{"desktop":{"background-color":"var(--ast-global-color-4)","background-image":"","background-repeat":"repeat","background-position":"center center","background-size":"auto","background-attachment":"scroll","background-type":"","background-media":"","overlay-type":"","overlay-color":"","overlay-opacity":"","overlay-gradient":""},"tablet":{"background-color":"","background-image":"","background-repeat":"repeat","background-position":"center center","background-size":"auto","background-attachment":"scroll","background-type":"","background-media":"","overlay-type":"","overlay-color":"","overlay-opacity":"","overlay-gradient":""},"mobile":{"background-color":"","background-image":"","background-repeat":"repeat","background-position":"center center","background-size":"auto","background-attachment":"scroll","background-type":"","background-media":"","overlay-type":"","overlay-color":"","overlay-opacity":"","overlay-gradient":""}},"ast-content-background-meta":{"desktop":{"background-color":"var(--ast-global-color-5)","background-image":"","background-repeat":"repeat","background-position":"center center","background-size":"auto","background-attachment":"scroll","background-type":"","background-media":"","overlay-type":"","overlay-color":"","overlay-opacity":"","overlay-gradient":""},"tablet":{"background-color":"var(--ast-global-color-5)","background-image":"","background-repeat":"repeat","background-position":"center center","background-size":"auto","background-attachment":"scroll","background-type":"","background-media":"","overlay-type":"","overlay-color":"","overlay-opacity":"","overlay-gradient":""},"mobile":{"background-color":"var(--ast-global-color-5)","background-image":"","background-repeat":"repeat","background-position":"center center","background-size":"auto","background-attachment":"scroll","background-type":"","background-media":"","overlay-type":"","overlay-color":"","overlay-opacity":"","overlay-gradient":""}}},"product_brand":[],"product_cat":[37],"product_tag":[],"class_list":{"0":"post-602","1":"product","2":"type-product","3":"status-publish","4":"has-post-thumbnail","6":"product_cat-leatherjacketforwomen","7":"desktop-align-left","8":"tablet-align-left","9":"mobile-align-left","11":"first","12":"instock","13":"shipping-taxable","14":"purchasable","15":"product-type-variable"},"_links":{"self":[{"href":"https:\/\/inhidestore.com\/hr\/wp-json\/wp\/v2\/product\/602","targetHints":{"allow":["GET"]}}],"collection":[{"href":"https:\/\/inhidestore.com\/hr\/wp-json\/wp\/v2\/product"}],"about":[{"href":"https:\/\/inhidestore.com\/hr\/wp-json\/wp\/v2\/types\/product"}],"replies":[{"embeddable":true,"href":"https:\/\/inhidestore.com\/hr\/wp-json\/wp\/v2\/comments?post=602"}],"version-history":[{"count":4,"href":"https:\/\/inhidestore.com\/hr\/wp-json\/wp\/v2\/product\/602\/revisions"}],"predecessor-version":[{"id":2681,"href":"https:\/\/inhidestore.com\/hr\/wp-json\/wp\/v2\/product\/602\/revisions\/2681"}],"wp:featuredmedia":[{"embeddable":true,"href":"https:\/\/inhidestore.com\/hr\/wp-json\/wp\/v2\/media\/149"}],"wp:attachment":[{"href":"https:\/\/inhidestore.com\/hr\/wp-json\/wp\/v2\/media?parent=602"}],"wp:term":[{"taxonomy":"product_brand","embeddable":true,"href":"https:\/\/inhidestore.com\/hr\/wp-json\/wp\/v2\/product_brand?post=602"},{"taxonomy":"product_cat","embeddable":true,"href":"https:\/\/inhidestore.com\/hr\/wp-json\/wp\/v2\/product_cat?post=602"},{"taxonomy":"product_tag","embeddable":true,"href":"https:\/\/inhidestore.com\/hr\/wp-json\/wp\/v2\/product_tag?post=602"}],"curies":[{"name":"wp","href":"https:\/\/api.w.org\/{rel}","templated":true}]}}