{"id":10,"date":"2025-01-21T23:27:18","date_gmt":"2025-01-21T23:27:18","guid":{"rendered":"http:\/\/inhidestore.com\/?page_id=10"},"modified":"2025-01-25T23:27:14","modified_gmt":"2025-01-25T23:27:14","slug":"visszakuldes-es-visszaterites","status":"publish","type":"page","link":"https:\/\/inhidestore.com\/hu\/visszakuldes-es-visszaterites\/","title":{"rendered":"Visszat\u00e9r\u00edt\u00e9si \u00e9s visszak\u00fcld\u00e9si szab\u00e1lyzat"},"content":{"rendered":"<div data-elementor-type=\"wp-page\" data-elementor-id=\"10\" class=\"elementor elementor-10\">\n\t\t\t\t<div class=\"elementor-element elementor-element-5aa6f187 e-flex e-con-boxed e-con e-parent\" data-id=\"5aa6f187\" data-element_type=\"container\">\n\t\t\t\t\t<div class=\"e-con-inner\">\n\t\t\t\t<div class=\"elementor-element elementor-element-fb9ab1b elementor-widget elementor-widget-text-editor\" data-id=\"fb9ab1b\" data-element_type=\"widget\" data-widget_type=\"text-editor.default\">\n\t\t\t\t<div class=\"elementor-widget-container\">\n\t\t\t\t\t\t\t\t\t\n<p>Az Inhide-n\u00e1l az \u00d6n el\u00e9gedetts\u00e9ge a legfontosabb sz\u00e1munkra, \u00e9s elk\u00f6telezettek vagyunk a z\u00f6kken\u0151mentes v\u00e1s\u00e1rl\u00e1si \u00e9lm\u00e9ny biztos\u00edt\u00e1sa mellett. K\u00e9rj\u00fck, figyelmesen olvassa el r\u00e9szletes visszak\u00fcld\u00e9si \u00e9s visszat\u00e9r\u00edt\u00e9si szab\u00e1lyzatunkat, hogy meg\u00e9rtse a v\u00e1s\u00e1rl\u00e1saira vonatkoz\u00f3 felt\u00e9teleket.<\/p>\n<hr class=\"wp-block-separator has-alpha-channel-opacity\" \/>\n<h3 class=\"wp-block-heading\"><strong>1. Csereszab\u00e1lyzat<\/strong><\/h3>\n\n<p>Biztos\u00edtunk egy <strong>probl\u00e9mamentes 14 napos cseregaranci\u00e1t<\/strong> az al\u00e1bbi felt\u00e9telek mellett:<\/p>\n\n<ul class=\"wp-block-list\">\n<li><strong>M\u00e9rethib\u00e1k<\/strong>: Ha a kapott term\u00e9k nem egyezik a megrendelt m\u00e9rettel.<\/li>\n\n<li><strong>C\u00e9ghib\u00e1k<\/strong>: Ha rossz term\u00e9ket sz\u00e1ll\u00edtottunk, vagy a le\u00edr\u00e1s nem egyezik.<\/li>\n\n<li><strong>Term\u00e9khib\u00e1k<\/strong>: Ha a term\u00e9k s\u00e9r\u00fclt vagy hib\u00e1san \u00e9rkezett meg.<\/li>\n<\/ul>\n\n<h4 class=\"wp-block-heading\"><strong>Ingyenes Csere<\/strong>:<\/h4>\n\n<p>A fenti esetekben a csere ingyenes. Mi \u00e1lljuk az \u00f6sszes sz\u00e1ll\u00edt\u00e1si k\u00f6lts\u00e9get.<\/p>\n\n<h4 class=\"wp-block-heading\"><strong>V\u00e1s\u00e1rl\u00f3i hib\u00e1k<\/strong>:<\/h4>\n\n<p>Ha a cser\u00e9re helytelen m\u00e9retv\u00e1laszt\u00e1s vagy a rendel\u00e9si folyamat sor\u00e1n elk\u00f6vetett egy\u00e9b hiba miatt van sz\u00fcks\u00e9g:<\/p>\n\n<ul class=\"wp-block-list\">\n<li>A v\u00e1s\u00e1rl\u00f3 felel\u0151s a visszak\u00fcld\u00e9si \u00e9s csere sz\u00e1ll\u00edt\u00e1si k\u00f6lts\u00e9gek\u00e9rt.<\/li>\n<\/ul>\n<hr class=\"wp-block-separator has-alpha-channel-opacity\" \/>\n<h3 class=\"wp-block-heading\"><strong>2. Visszat\u00e9r\u00edt\u00e9si szab\u00e1lyzat<\/strong><\/h3>\n\n<p>Visszat\u00e9r\u00edt\u00e9s az al\u00e1bbi felt\u00e9telek mellett lehets\u00e9ges:<\/p>\n\n<ul class=\"wp-block-list\">\n<li>A term\u00e9keket eredeti \u00e1llapotukban, haszn\u00e1latlanul, minden eredeti c\u00edmk\u00e9vel \u00e9s s\u00e9rtetlen csomagol\u00e1ssal kell visszak\u00fcldeni.<\/li>\n\n<li>A visszat\u00e9r\u00edt\u00e9si k\u00e9relmeket a term\u00e9k k\u00e9zhezv\u00e9tel\u00e9t\u0151l sz\u00e1m\u00edtott <strong>14 napon bel\u00fcl<\/strong> kell kezdem\u00e9nyezni.<\/li>\n<\/ul>\n\n<h4 class=\"wp-block-heading\"><strong>\u00dajrat\u00e1rol\u00e1si d\u00edj<\/strong>:<\/h4>\n\n<ul class=\"wp-block-list\">\n<li>A <strong>25% \u00fajrat\u00e1rol\u00e1si d\u00edj<\/strong> ker\u00fcl felsz\u00e1mol\u00e1sra a v\u00e1s\u00e1rl\u00f3i hib\u00e1k (pl. helytelen m\u00e9retv\u00e1laszt\u00e1s vagy meggondol\u00e1s) miatt k\u00e9rt visszat\u00e9r\u00edt\u00e9sek eset\u00e9n.<\/li>\n\n<li>Az \u00fajrat\u00e1rol\u00e1si d\u00edj nem \u00e9rv\u00e9nyes az Inhide \u00e1ltal okozott hib\u00e1k eset\u00e9n.<\/li>\n<\/ul>\n\n<h4 class=\"wp-block-heading\"><strong>Nem visszat\u00e9r\u00edthet\u0151 esetek<\/strong>:<\/h4>\n\n<ul class=\"wp-block-list\">\n<li>Egyedi vagy szem\u00e9lyre szabott term\u00e9kek (pl. egyedi b\u0151rkab\u00e1tok).<\/li>\n\n<li>A v\u00e1s\u00e1rl\u00f3 \u00e1ltal viselt, s\u00e9r\u00fclt vagy m\u00f3dos\u00edtott term\u00e9kek.<\/li>\n\n<li>A 14 napos hat\u00e1rid\u0151n t\u00fal visszak\u00fcld\u00f6tt term\u00e9kek.<\/li>\n<\/ul>\n<hr class=\"wp-block-separator has-alpha-channel-opacity\" \/>\n<h3 class=\"wp-block-heading\"><strong>3. Visszak\u00fcld\u00e9si folyamat<\/strong><\/h3>\n\n<p>A visszak\u00fcld\u00e9s kezdem\u00e9nyez\u00e9s\u00e9hez k\u00f6vesse az al\u00e1bbi l\u00e9p\u00e9seket:<\/p>\n\n<ol class=\"wp-block-list\">\n<li><strong>Kapcsolat<\/strong>: K\u00fcldj\u00f6n e-mailt \u00fcgyf\u00e9lszolg\u00e1lati csapatunknak a <strong>customerservice@inhidestore.com<\/strong> c\u00edmen, vagy haszn\u00e1lja a <strong>Kapcsolat<\/strong> weboldalunkon tal\u00e1lhat\u00f3 \u0171rlapot. Adja meg rendel\u00e9si sz\u00e1m\u00e1t, a visszak\u00fcld\u00e9s ok\u00e1t, \u00e9s ha relev\u00e1ns, mell\u00e9keljen f\u00e9nyk\u00e9peket.<\/li>\n\n<li><strong>J\u00f3v\u00e1hagy\u00e1s<\/strong>: Miut\u00e1n visszak\u00fcld\u00e9si k\u00e9relm\u00e9t j\u00f3v\u00e1hagytuk, r\u00e9szletes visszak\u00fcld\u00e9si utas\u00edt\u00e1sokat \u00e9s sz\u00e1ll\u00edt\u00e1si c\u00edmk\u00e9t k\u00fcld\u00fcnk \u00d6nnek (ha relev\u00e1ns).<\/li>\n\n<li><strong>Csomagol\u00e1s<\/strong>: Gy\u0151z\u0151dj\u00f6n meg r\u00f3la, hogy a term\u00e9k biztons\u00e1gosan van becsomagolva, hogy elker\u00fclje a sz\u00e1ll\u00edt\u00e1s sor\u00e1n bek\u00f6vetkez\u0151 s\u00e9r\u00fcl\u00e9seket.<\/li>\n\n<li><strong>Sz\u00e1ll\u00edt\u00e1s<\/strong>: K\u00fcldje vissza a term\u00e9ket a megadott c\u00edmre.<\/li>\n<\/ol>\n<hr class=\"wp-block-separator has-alpha-channel-opacity\" \/>\n<h3 class=\"wp-block-heading\"><strong>4. Visszat\u00e9r\u00edt\u00e9si hat\u00e1rid\u0151<\/strong><\/h3>\n\n<ul class=\"wp-block-list\">\n<li>A visszat\u00e9r\u00edt\u00e9seket a visszak\u00fcld\u00f6tt term\u00e9k be\u00e9rkez\u00e9s\u00e9t \u00e9s ellen\u0151rz\u00e9s\u00e9t k\u00f6vet\u0151 <strong>7-10 munkanapon bel\u00fcl<\/strong> dolgozzuk fel.<\/li>\n\n<li>A visszat\u00e9r\u00edt\u00e9s az eredeti fizet\u00e9si m\u00f3dra t\u00f6rt\u00e9nik. Bankj\u00e1t\u00f3l vagy fizet\u00e9si szolg\u00e1ltat\u00f3j\u00e1t\u00f3l f\u00fcgg\u0151en tov\u00e1bbi id\u0151be telhet, am\u00edg megjelenik a sz\u00e1ml\u00e1j\u00e1n.<\/li>\n<\/ul>\n<hr class=\"wp-block-separator has-alpha-channel-opacity\" \/>\n<h3 class=\"wp-block-heading\"><strong>5. Csereszab\u00e1lyzat<\/strong><\/h3>\n\n<p>Ha egy term\u00e9ket m\u00e1s m\u00e9retre vagy kivitelre szeretne cser\u00e9lni:<\/p>\n\n<ul class=\"wp-block-list\">\n<li>A cser\u00e9k a rakt\u00e1rk\u00e9szlet f\u00fcggv\u00e9ny\u00e9ben t\u00f6rt\u00e9nnek.<\/li>\n\n<li>Az eredeti term\u00e9ket eredeti \u00e1llapot\u00e1ban, a k\u00e9zhezv\u00e9telt\u0151l sz\u00e1m\u00edtott <strong>14 napon bel\u00fcl k\u00fcldje vissza.<\/strong>.<\/li>\n\n<li>A cser\u00e9k sz\u00e1ll\u00edt\u00e1si k\u00f6lts\u00e9ge a csere ok\u00e1t\u00f3l f\u00fcgg.<\/li>\n<\/ul>\n<hr class=\"wp-block-separator has-alpha-channel-opacity\" \/>\n<h3 class=\"wp-block-heading\"><strong>6. Sz\u00e1ll\u00edt\u00e1si k\u00f6lts\u00e9gek visszak\u00fcld\u00e9s eset\u00e9n<\/strong><\/h3>\n\n<ul class=\"wp-block-list\">\n<li>Az \u00fcgyf\u00e9l hib\u00e1j\u00e1b\u00f3l (pl. rossz m\u00e9ret vagy v\u00e1laszt\u00e1s) t\u00f6rt\u00e9n\u0151 visszak\u00fcld\u00e9s vagy csere sz\u00e1ll\u00edt\u00e1si k\u00f6lts\u00e9geit az \u00fcgyf\u00e9l viseli.<\/li>\n\n<li>C\u00e9g\u00fcnk hib\u00e1j\u00e1b\u00f3l ered\u0151 esetekben mi \u00e1lljuk az \u00f6sszes sz\u00e1ll\u00edt\u00e1si k\u00f6lts\u00e9get.<\/li>\n<\/ul>\n<hr class=\"wp-block-separator has-alpha-channel-opacity\" \/>\n<h3 class=\"wp-block-heading\"><strong>7. Nem visszak\u00fcldhet\u0151 term\u00e9kek<\/strong><\/h3>\n\n<p>A k\u00f6vetkez\u0151 term\u00e9kek nem k\u00fcldhet\u0151k vissza:<\/p>\n\n<ul class=\"wp-block-list\">\n<li>Szem\u00e9lyre szabott vagy egyedi term\u00e9kek.<\/li>\n\n<li>Aj\u00e1nd\u00e9kk\u00e1rty\u00e1k.<\/li>\n\n<li>Kifut\u00f3 term\u00e9kek vagy v\u00e9gki\u00e1rus\u00edt\u00e1s keret\u00e9ben v\u00e1s\u00e1rolt term\u00e9kek.<\/li>\n<\/ul>\n<hr class=\"wp-block-separator has-alpha-channel-opacity\" \/>\n<h3 class=\"wp-block-heading\"><strong>8. S\u00e9r\u00fclt vagy hib\u00e1s term\u00e9kek<\/strong><\/h3>\n\n<p>Ha a term\u00e9k s\u00e9r\u00fclten vagy hib\u00e1san \u00e9rkezik:<\/p>\n\n<ul class=\"wp-block-list\">\n<li>K\u00e9rj\u00fck, vegye fel vel\u00fcnk a kapcsolatot <strong>48 \u00f3r\u00e1n bel\u00fcl<\/strong> a term\u00e9k k\u00e9zhezv\u00e9tel\u00e9t\u0151l sz\u00e1m\u00edtva.<\/li>\n\n<li>K\u00e9rj\u00fck, k\u00fcldj\u00f6n f\u00e9nyk\u00e9pes bizony\u00edt\u00e9kot a s\u00e9r\u00fcl\u00e9sr\u0151l.<\/li>\n\n<li>Gondoskodunk a cser\u00e9r\u0151l vagy a visszat\u00e9r\u00edt\u00e9sr\u0151l, tov\u00e1bbi k\u00f6lts\u00e9gek n\u00e9lk\u00fcl.<\/li>\n<\/ul>\n<hr class=\"wp-block-separator has-alpha-channel-opacity\" \/>\n<h3 class=\"wp-block-heading\"><strong>9. Megrendel\u00e9s lemond\u00e1sa<\/strong><\/h3>\n\n<ul class=\"wp-block-list\">\n<li>A megrendel\u00e9sek lemondhat\u00f3k <strong>24 \u00f3r\u00e1n bel\u00fcl<\/strong> a lead\u00e1st\u00f3l sz\u00e1m\u00edtva teljes visszat\u00e9r\u00edt\u00e9s ellen\u00e9ben.<\/li>\n\n<li>24 \u00f3ra eltelt\u00e9vel a lemond\u00e1s m\u00e1r nem biztos, hogy lehets\u00e9ges, ha a megrendel\u00e9s m\u00e1r gy\u00e1rt\u00e1sba ker\u00fclt.<\/li>\n<\/ul>\n<hr class=\"wp-block-separator has-alpha-channel-opacity\" \/>\n<h3 class=\"wp-block-heading\"><strong>10. Fontos tudnival\u00f3k<\/strong><\/h3>\n\n<ul class=\"wp-block-list\">\n<li>K\u00e9rj\u00fck, ellen\u0151rizze le alaposan a m\u00e9retet \u00e9s a preferenci\u00e1kat, miel\u0151tt leadn\u00e1 megrendel\u00e9s\u00e9t.<\/li>\n\n<li>\u0150rizze meg a megrendel\u00e9s visszaigazol\u00e1s\u00e1t \u00e9s minden kapcsol\u00f3d\u00f3 dokument\u00e1ci\u00f3t, am\u00edg a folyamat le nem z\u00e1rul.<\/li>\n<\/ul>\n<hr class=\"wp-block-separator has-alpha-channel-opacity\" \/>\n<p>Ha b\u00e1rmilyen k\u00e9rd\u00e9se van visszak\u00fcld\u00e9si \u00e9s visszat\u00e9r\u00edt\u00e9si szab\u00e1lyzatunkkal kapcsolatban, k\u00e9rj\u00fck, forduljon hozz\u00e1nk bizalommal az al\u00e1bbi c\u00edmen: <strong>customerservice@inhidestore.com.<\/strong><\/p>\n\n<p>Az \u00d6n el\u00e9gedetts\u00e9ge a legfontosabb sz\u00e1munkra, \u00e9s k\u00e9szs\u00e9ggel \u00e1llunk rendelkez\u00e9s\u00e9re b\u00e1rmilyen felmer\u00fcl\u0151 k\u00e9rd\u00e9s vagy probl\u00e9ma eset\u00e9n!<\/p>\n\n<p>\u00a0<\/p>\n\t\t\t\t\t\t\t\t<\/div>\n\t\t\t\t<\/div>\n\t\t\t\t\t<\/div>\n\t\t\t\t<\/div>\n\t\t\t\t<\/div>","protected":false},"excerpt":{"rendered":"<p>At Inhide, we value your satisfaction and are committed to ensuring a seamless shopping experience. Please read our detailed returns [&hellip;]<\/p>","protected":false},"author":1,"featured_media":0,"parent":0,"menu_order":0,"comment_status":"closed","ping_status":"closed","template":"","meta":{"site-sidebar-layout":"default","site-content-layout":"","ast-site-content-layout":"","site-content-style":"default","site-sidebar-style":"default","ast-global-header-display":"","ast-banner-title-visibility":"","ast-main-header-display":"","ast-hfb-above-header-display":"","ast-hfb-below-header-display":"","ast-hfb-mobile-header-display":"","site-post-title":"","ast-breadcrumbs-content":"","ast-featured-img":"","footer-sml-layout":"","theme-transparent-header-meta":"","adv-header-id-meta":"","stick-header-meta":"","header-above-stick-meta":"","header-main-stick-meta":"","header-below-stick-meta":"","astra-migrate-meta-layouts":"default","ast-page-background-enabled":"default","ast-page-background-meta":{"desktop":{"background-color":"var(--ast-global-color-4)","background-image":"","background-repeat":"repeat","background-position":"center center","background-size":"auto","background-attachment":"scroll","background-type":"","background-media":"","overlay-type":"","overlay-color":"","overlay-opacity":"","overlay-gradient":""},"tablet":{"background-color":"","background-image":"","background-repeat":"repeat","background-position":"center center","background-size":"auto","background-attachment":"scroll","background-type":"","background-media":"","overlay-type":"","overlay-color":"","overlay-opacity":"","overlay-gradient":""},"mobile":{"background-color":"","background-image":"","background-repeat":"repeat","background-position":"center center","background-size":"auto","background-attachment":"scroll","background-type":"","background-media":"","overlay-type":"","overlay-color":"","overlay-opacity":"","overlay-gradient":""}},"ast-content-background-meta":{"desktop":{"background-color":"var(--ast-global-color-5)","background-image":"","background-repeat":"repeat","background-position":"center center","background-size":"auto","background-attachment":"scroll","background-type":"","background-media":"","overlay-type":"","overlay-color":"","overlay-opacity":"","overlay-gradient":""},"tablet":{"background-color":"var(--ast-global-color-5)","background-image":"","background-repeat":"repeat","background-position":"center center","background-size":"auto","background-attachment":"scroll","background-type":"","background-media":"","overlay-type":"","overlay-color":"","overlay-opacity":"","overlay-gradient":""},"mobile":{"background-color":"var(--ast-global-color-5)","background-image":"","background-repeat":"repeat","background-position":"center center","background-size":"auto","background-attachment":"scroll","background-type":"","background-media":"","overlay-type":"","overlay-color":"","overlay-opacity":"","overlay-gradient":""}},"footnotes":""},"class_list":["post-10","page","type-page","status-publish","hentry"],"_links":{"self":[{"href":"https:\/\/inhidestore.com\/hu\/wp-json\/wp\/v2\/pages\/10","targetHints":{"allow":["GET"]}}],"collection":[{"href":"https:\/\/inhidestore.com\/hu\/wp-json\/wp\/v2\/pages"}],"about":[{"href":"https:\/\/inhidestore.com\/hu\/wp-json\/wp\/v2\/types\/page"}],"author":[{"embeddable":true,"href":"https:\/\/inhidestore.com\/hu\/wp-json\/wp\/v2\/users\/1"}],"replies":[{"embeddable":true,"href":"https:\/\/inhidestore.com\/hu\/wp-json\/wp\/v2\/comments?post=10"}],"version-history":[{"count":8,"href":"https:\/\/inhidestore.com\/hu\/wp-json\/wp\/v2\/pages\/10\/revisions"}],"predecessor-version":[{"id":2287,"href":"https:\/\/inhidestore.com\/hu\/wp-json\/wp\/v2\/pages\/10\/revisions\/2287"}],"wp:attachment":[{"href":"https:\/\/inhidestore.com\/hu\/wp-json\/wp\/v2\/media?parent=10"}],"curies":[{"name":"wp","href":"https:\/\/api.w.org\/{rel}","templated":true}]}}