{"id":366,"date":"2024-09-23T23:38:58","date_gmt":"2024-09-23T23:38:58","guid":{"rendered":"https:\/\/inhidestore.com\/?page_id=366"},"modified":"2025-05-31T15:36:08","modified_gmt":"2025-05-31T15:36:08","slug":"tortenetunk","status":"publish","type":"page","link":"https:\/\/inhidestore.com\/hu\/tortenetunk\/","title":{"rendered":"T\u00f6rt\u00e9net\u00fcnk"},"content":{"rendered":"<p>Minden egy kis m\u0171helyben kezd\u0151d\u00f6tt, ahol a gazdag b\u0151r illata a t\u00f6rekv\u00e9ssel \u00e9s a k\u00e9pzelettel keveredett. Abban az al\u00e1zatos t\u00e9rben, <strong>Inhide<\/strong> sz\u00fcletett meg \u2013 egy m\u00e1rka, melyet nem csup\u00e1n kab\u00e1tok k\u00e9sz\u00edt\u00e9s\u00e9re, hanem viselhet\u0151, maradand\u00f3 \u00f6r\u00f6ks\u00e9gek megalkot\u00e1s\u00e1ra \u00e9p\u00edtettek.<\/p>\n\n\n\n<p>Az Inhide-n\u00e1l hissz\u00fck, hogy egy b\u0151rkab\u00e1t t\u00f6bb mint egyszer\u0171 ruhadarab. Egy t\u00e1rs. Egy eml\u00e9k\u0151rz\u0151. Egy m\u00e1sodik b\u0151r, amely veled egy\u00fctt mozog az \u00e9let meghat\u00e1roz\u00f3 pillanataiban \u2013 csendes k\u00e1v\u00e9z\u00e1sokon, \u00e9jszakai motoroz\u00e1sokon, mer\u00e9sz kezdeteken \u00e1t.<\/p>\n\n\n\n<p>Minden egyes darabunk az id\u0151tlen design \u00e9s a tudatos k\u00e9zm\u0171vess\u00e9g bizony\u00edt\u00e9ka. Tapasztalt k\u00e9zm\u0171vesek \u00e1ltal, k\u00e9zzel varrva k\u00e9sz\u00fclnek kab\u00e1tjaink, <strong>etikusan beszerzett, pr\u00e9mium min\u0151s\u00e9g\u0171 b\u0151rb\u0151l<\/strong>\u2013 abb\u00f3l a fajt\u00e1b\u00f3l, amely jellemmel \u00f6regszik, \u00e9s id\u0151vel a saj\u00e1t t\u00f6rt\u00e9net\u00e9t mes\u00e9li el.<\/p>\n\n\n\n<p>De az Inhide nem csak a min\u0151s\u00e9gr\u0151l sz\u00f3l. Hanem az <strong>identit\u00e1sr\u00f3l<\/strong>. Azoknak az egy\u00e9neknek tervez\u00fcnk, akik kiemelkednek a t\u00f6megb\u0151l. Kollekci\u00f3ink a klasszikus sziluetteket modern \u00e9llel \u00f6tv\u00f6zik, olyan darabokat k\u00edn\u00e1lva, amelyek egyszerre ismer\u0151sek \u00e9s frissek. Ak\u00e1r eleg\u00e1nsan \u00f6lt\u00f6z\u00f6l, ak\u00e1r laz\u00edtasz, van egy Inhide kab\u00e1t, amely nemcsak a testedhez, hanem a szellemedhez is illeszkedik.<\/p>\n\n\n\n<p>Tisztess\u00e9gben gy\u00f6kerezve, a r\u00e9szletek \u00e1ltal vez\u00e9relve \u00e9s az \u00f6nkifejez\u00e9s \u00e1ltal t\u00e1pl\u00e1lva \u2013<strong>az Inhide azoknak sz\u00f3l, akik a magabiztoss\u00e1got m\u00e1sodik b\u0151rk\u00e9nt viselik.<\/strong>.<\/p>\n\n\n\n<p>Ez t\u00f6bb mint divat.<br><strong>Ez a te t\u00f6rt\u00e9neted, \u00fajradefini\u00e1lva.<\/strong><\/p>","protected":false},"excerpt":{"rendered":"<p>It all began in a small workshop, where the scent of rich leather mingled with ambition and imagination. In that [&hellip;]<\/p>","protected":false},"author":1,"featured_media":0,"parent":0,"menu_order":0,"comment_status":"closed","ping_status":"closed","template":"","meta":{"site-sidebar-layout":"default","site-content-layout":"","ast-site-content-layout":"","site-content-style":"default","site-sidebar-style":"default","ast-global-header-display":"","ast-banner-title-visibility":"","ast-main-header-display":"","ast-hfb-above-header-display":"","ast-hfb-below-header-display":"","ast-hfb-mobile-header-display":"","site-post-title":"","ast-breadcrumbs-content":"","ast-featured-img":"","footer-sml-layout":"","theme-transparent-header-meta":"","adv-header-id-meta":"","stick-header-meta":"","header-above-stick-meta":"","header-main-stick-meta":"","header-below-stick-meta":"","astra-migrate-meta-layouts":"default","ast-page-background-enabled":"default","ast-page-background-meta":{"desktop":{"background-color":"var(--ast-global-color-4)","background-image":"","background-repeat":"repeat","background-position":"center center","background-size":"auto","background-attachment":"scroll","background-type":"","background-media":"","overlay-type":"","overlay-color":"","overlay-opacity":"","overlay-gradient":""},"tablet":{"background-color":"","background-image":"","background-repeat":"repeat","background-position":"center center","background-size":"auto","background-attachment":"scroll","background-type":"","background-media":"","overlay-type":"","overlay-color":"","overlay-opacity":"","overlay-gradient":""},"mobile":{"background-color":"","background-image":"","background-repeat":"repeat","background-position":"center center","background-size":"auto","background-attachment":"scroll","background-type":"","background-media":"","overlay-type":"","overlay-color":"","overlay-opacity":"","overlay-gradient":""}},"ast-content-background-meta":{"desktop":{"background-color":"var(--ast-global-color-5)","background-image":"","background-repeat":"repeat","background-position":"center center","background-size":"auto","background-attachment":"scroll","background-type":"","background-media":"","overlay-type":"","overlay-color":"","overlay-opacity":"","overlay-gradient":""},"tablet":{"background-color":"var(--ast-global-color-5)","background-image":"","background-repeat":"repeat","background-position":"center center","background-size":"auto","background-attachment":"scroll","background-type":"","background-media":"","overlay-type":"","overlay-color":"","overlay-opacity":"","overlay-gradient":""},"mobile":{"background-color":"var(--ast-global-color-5)","background-image":"","background-repeat":"repeat","background-position":"center center","background-size":"auto","background-attachment":"scroll","background-type":"","background-media":"","overlay-type":"","overlay-color":"","overlay-opacity":"","overlay-gradient":""}},"footnotes":""},"class_list":["post-366","page","type-page","status-publish","hentry"],"_links":{"self":[{"href":"https:\/\/inhidestore.com\/hu\/wp-json\/wp\/v2\/pages\/366","targetHints":{"allow":["GET"]}}],"collection":[{"href":"https:\/\/inhidestore.com\/hu\/wp-json\/wp\/v2\/pages"}],"about":[{"href":"https:\/\/inhidestore.com\/hu\/wp-json\/wp\/v2\/types\/page"}],"author":[{"embeddable":true,"href":"https:\/\/inhidestore.com\/hu\/wp-json\/wp\/v2\/users\/1"}],"replies":[{"embeddable":true,"href":"https:\/\/inhidestore.com\/hu\/wp-json\/wp\/v2\/comments?post=366"}],"version-history":[{"count":3,"href":"https:\/\/inhidestore.com\/hu\/wp-json\/wp\/v2\/pages\/366\/revisions"}],"predecessor-version":[{"id":2736,"href":"https:\/\/inhidestore.com\/hu\/wp-json\/wp\/v2\/pages\/366\/revisions\/2736"}],"wp:attachment":[{"href":"https:\/\/inhidestore.com\/hu\/wp-json\/wp\/v2\/media?parent=366"}],"curies":[{"name":"wp","href":"https:\/\/api.w.org\/{rel}","templated":true}]}}