{"id":168,"date":"2024-09-06T23:06:27","date_gmt":"2024-09-06T23:06:27","guid":{"rendered":"https:\/\/inhidestore.com\/?post_type=product&#038;p=168"},"modified":"2025-08-18T23:27:02","modified_gmt":"2025-08-18T23:27:02","slug":"inhide-ncr-ranger-ihlette-cosplay-velur-duster-kabat","status":"publish","type":"product","link":"https:\/\/inhidestore.com\/hu\/vasarlas\/ferfi\/kabatok\/inhide-ncr-ranger-ihlette-cosplay-velur-duster-kabat\/","title":{"rendered":"INHIDE Az NCR Ranger cosplay ihlette vel\u00far duster kab\u00e1t"},"content":{"rendered":"<p>K\u00e9sz\u00fclj fel, hogy \u00fagy \u00e9rezd, mintha egyenesen a pusztas\u00e1gb\u00f3l l\u00e9pt\u00e9l volna el\u0151 az INHIDE NCR Ranger Cosplay Porvihar Kab\u00e1tunkban. Arr\u00f3l sz\u00f3l az eg\u00e9sz, hogy \u00e9letre keltsd azt a legend\u00e1s NCR Ranger hangulatot!<\/p>\n<p>Az apr\u00f3l\u00e9kos figyelemmel k\u00e9sz\u00fclt kab\u00e1t pontosan hozza azt a nyers, autentikus megjelen\u00e9st, amit keresel. Minden \u00f6lt\u00e9sbe sz\u00edv\u00fcnket-lelk\u00fcnket beletett\u00fck, hogy garant\u00e1ljuk a kiv\u00e1l\u00f3 min\u0151s\u00e9get. \u00c9s besz\u00e9lj\u00fcnk az anyagokr\u00f3l \u2013 tiszta \u00e9s pr\u00e9mium b\u00e1r\u00e1ny vel\u00farb\u0151rr\u0151l van sz\u00f3, sz\u00f3val tudod, hogy ez az igazi. Puha tapint\u00e1s\u00fa, m\u00e9gis el\u00e9g strapab\u00edr\u00f3 ahhoz, hogy ellen\u00e1lljon mindennek, amit a pusztas\u00e1g tartogat sz\u00e1modra.<\/p>\n<p>Ak\u00e1r egy cosplay esem\u00e9nyre k\u00e9sz\u00fclsz, ak\u00e1r csak egy igaz\u00e1n men\u0151 st\u00edlust szeretn\u00e9l k\u00e9pviselni, ez a kab\u00e1t t\u00f6k\u00e9letes v\u00e1laszt\u00e1s. Ez az a darab, ami megford\u00edtja a fejeket \u00e9s besz\u00e9lget\u00e9seket ind\u00edt el. Sz\u00f3val ne habozz, \u00f6leld magadhoz bels\u0151 pusztas\u00e1gi harcosodat az INHIDE NCR Ranger Cosplay Porvihar Kab\u00e1tunkkal.<\/p>\n<p>Sz\u00edn: Tevebarna<\/p>","protected":false},"excerpt":{"rendered":"<p>Get ready to feel like you&#8217;ve stepped straight out of the wasteland with our INHIDE NCR Ranger Cosplay Duster Trench [&hellip;]<\/p>","protected":false},"featured_media":120,"comment_status":"open","ping_status":"closed","template":"","meta":{"site-sidebar-layout":"default","site-content-layout":"","ast-site-content-layout":"default","site-content-style":"default","site-sidebar-style":"default","ast-global-header-display":"","ast-banner-title-visibility":"","ast-main-header-display":"","ast-hfb-above-header-display":"","ast-hfb-below-header-display":"","ast-hfb-mobile-header-display":"","site-post-title":"","ast-breadcrumbs-content":"","ast-featured-img":"","footer-sml-layout":"","theme-transparent-header-meta":"default","adv-header-id-meta":"","stick-header-meta":"","header-above-stick-meta":"","header-main-stick-meta":"","header-below-stick-meta":"","astra-migrate-meta-layouts":"set","ast-page-background-enabled":"default","ast-page-background-meta":{"desktop":{"background-color":"var(--ast-global-color-4)","background-image":"","background-repeat":"repeat","background-position":"center center","background-size":"auto","background-attachment":"scroll","background-type":"","background-media":"","overlay-type":"","overlay-color":"","overlay-opacity":"","overlay-gradient":""},"tablet":{"background-color":"","background-image":"","background-repeat":"repeat","background-position":"center center","background-size":"auto","background-attachment":"scroll","background-type":"","background-media":"","overlay-type":"","overlay-color":"","overlay-opacity":"","overlay-gradient":""},"mobile":{"background-color":"","background-image":"","background-repeat":"repeat","background-position":"center center","background-size":"auto","background-attachment":"scroll","background-type":"","background-media":"","overlay-type":"","overlay-color":"","overlay-opacity":"","overlay-gradient":""}},"ast-content-background-meta":{"desktop":{"background-color":"var(--ast-global-color-5)","background-image":"","background-repeat":"repeat","background-position":"center center","background-size":"auto","background-attachment":"scroll","background-type":"","background-media":"","overlay-type":"","overlay-color":"","overlay-opacity":"","overlay-gradient":""},"tablet":{"background-color":"var(--ast-global-color-5)","background-image":"","background-repeat":"repeat","background-position":"center center","background-size":"auto","background-attachment":"scroll","background-type":"","background-media":"","overlay-type":"","overlay-color":"","overlay-opacity":"","overlay-gradient":""},"mobile":{"background-color":"var(--ast-global-color-5)","background-image":"","background-repeat":"repeat","background-position":"center center","background-size":"auto","background-attachment":"scroll","background-type":"","background-media":"","overlay-type":"","overlay-color":"","overlay-opacity":"","overlay-gradient":""}}},"product_brand":[],"product_cat":[17,18],"product_tag":[],"class_list":{"0":"post-168","1":"product","2":"type-product","3":"status-publish","4":"has-post-thumbnail","6":"product_cat-men","7":"product_cat-coats","8":"desktop-align-left","9":"tablet-align-left","10":"mobile-align-left","12":"first","13":"instock","14":"shipping-taxable","15":"purchasable","16":"product-type-variable"},"_links":{"self":[{"href":"https:\/\/inhidestore.com\/hu\/wp-json\/wp\/v2\/product\/168","targetHints":{"allow":["GET"]}}],"collection":[{"href":"https:\/\/inhidestore.com\/hu\/wp-json\/wp\/v2\/product"}],"about":[{"href":"https:\/\/inhidestore.com\/hu\/wp-json\/wp\/v2\/types\/product"}],"replies":[{"embeddable":true,"href":"https:\/\/inhidestore.com\/hu\/wp-json\/wp\/v2\/comments?post=168"}],"version-history":[{"count":3,"href":"https:\/\/inhidestore.com\/hu\/wp-json\/wp\/v2\/product\/168\/revisions"}],"predecessor-version":[{"id":3130,"href":"https:\/\/inhidestore.com\/hu\/wp-json\/wp\/v2\/product\/168\/revisions\/3130"}],"wp:featuredmedia":[{"embeddable":true,"href":"https:\/\/inhidestore.com\/hu\/wp-json\/wp\/v2\/media\/120"}],"wp:attachment":[{"href":"https:\/\/inhidestore.com\/hu\/wp-json\/wp\/v2\/media?parent=168"}],"wp:term":[{"taxonomy":"product_brand","embeddable":true,"href":"https:\/\/inhidestore.com\/hu\/wp-json\/wp\/v2\/product_brand?post=168"},{"taxonomy":"product_cat","embeddable":true,"href":"https:\/\/inhidestore.com\/hu\/wp-json\/wp\/v2\/product_cat?post=168"},{"taxonomy":"product_tag","embeddable":true,"href":"https:\/\/inhidestore.com\/hu\/wp-json\/wp\/v2\/product_tag?post=168"}],"curies":[{"name":"wp","href":"https:\/\/api.w.org\/{rel}","templated":true}]}}