{"id":485,"date":"2024-11-24T00:33:15","date_gmt":"2024-11-24T00:33:15","guid":{"rendered":"https:\/\/inhidestore.com\/?post_type=product&#038;p=485"},"modified":"2025-08-18T23:14:43","modified_gmt":"2025-08-18T23:14:43","slug":"inhide-sleekedge-premium-ferfi-velur-bordzseki-6","status":"publish","type":"product","link":"https:\/\/inhidestore.com\/hu\/vasarlas\/ferfi\/ferfi-bordzseki\/inhide-sleekedge-premium-ferfi-velur-bordzseki-6\/","title":{"rendered":"INHIDE SleekEdge F\u00e9rfi Pr\u00e9mium Vel\u00far B\u0151r Dzseki"},"content":{"rendered":"<div class=\"product-description\" style=\"font-family: Helvetica, Arial, sans-serif;\">\n<p>Ismerje meg az INHIDE SleekEdge-et! Ez nem csup\u00e1n egy b\u0151rdzseki, hanem egy olyan darab, ami kifejezi egy\u00e9nis\u00e9g\u00e9t, \u00e9s h\u0171s\u00e9ges t\u00e1rs\u00e1v\u00e1 v\u00e1lik az elk\u00f6vetkez\u0151 \u00e9vekre. Egy \u00e9vtizednyi, vagy m\u00e9g t\u00f6bb st\u00edlusr\u00f3l besz\u00e9l\u00fcnk \u2013 ez a vag\u00e1ny darab \u00fagy k\u00e9sz\u00fclt, hogy 10-15 \u00e9vig is kitartson.<\/p>\n<p>\u00cdme a r\u00e9szletek:<\/p>\n<p><strong>A legfinomabb min\u0151s\u00e9g\u0171 b\u0151r:<\/strong> Amikor 100% tiszta b\u00e1r\u00e1nyb\u0151rr\u0151l besz\u00e9l\u00fcnk, a legfinomabb min\u0151s\u00e9gre gondolunk, amit csak kaphat. Ez az a fajta vel\u00far, ami a luxust sugallja \u00e9s a tart\u00f3ss\u00e1got hirdeti. Ez nem csup\u00e1n j\u00f3; ez a legjobb.<\/p>\n<p><strong>Kidolgoz\u00e1s:<\/strong> Ez nem egy \u00e1tlagos dzseki. Ez a szenved\u00e9ly, a precizit\u00e1s \u00e9s egy csipetnyi INHIDE var\u00e1zslat eredm\u00e9nye. A vel\u00far tapint\u00e1sa \u00e9ppolyan luxus, mint amilyen tart\u00f3s, k\u00f6sz\u00f6nhet\u0151en a pr\u00e9mium b\u00e1r\u00e1nyb\u0151rnek, ami az id\u0151 m\u00fal\u00e1s\u00e1val csak m\u00e9g jobb lesz.<\/p>\n<p><strong>Sz\u00edn:<\/strong> Fekete \u2013 mert a klasszikus sosem megy ki a divatb\u00f3l. Ez az a sz\u00edn, ami mag\u00e1ra vonzza a tekinteteket \u00e9s besz\u00e9lget\u00e9seket ind\u00edt.<\/p>\n<p><strong>R\u00e9szletek:<\/strong> A legkiv\u00e1l\u00f3bb cipz\u00e1rakat \u00e9s gombokat haszn\u00e1ltuk. Ezek nem csup\u00e1n f\u00e9nyesek, hanem rendk\u00edv\u00fcl strapab\u00edr\u00f3ak is.<\/p>\n<p><strong>Sokoldal\u00fas\u00e1g:<\/strong> Motoros hangulat? Pipa. De ne skatuly\u00e1zza be \u2013 ez a dzseki egy igazi mindenes. Legyen sz\u00f3 h\u0171v\u00f6s est\u00e9r\u0151l vagy szeles napr\u00f3l, ez a t\u00f6k\u00e9letes v\u00e1laszt\u00e1s minden \u00e9vszakban.<\/p>\n<p><strong>T\u00f6k\u00e9letes illeszked\u00e9s:<\/strong> \u00dagy szabtuk, hogy kiemelkedjen a t\u00f6megb\u0151l, a SleekEdge olyan illeszked\u00e9st \u00edg\u00e9r, mintha \u00d6nre szabt\u00e1k volna. Mert a b\u0151rdzsekikn\u00e9l a megfelel\u0151 m\u00e9ret teszi a k\u00fcl\u00f6nbs\u00e9get. Pontosan illeszkedik, ahol kell, k\u00e9nyelmes, ahol szeretn\u00e9, \u00e9s \u00f6sszess\u00e9g\u00e9ben mes\u00e9s.<\/p>\n<p>Teh\u00e1t, ak\u00e1r \u00fatra kel, ak\u00e1r csak a v\u00e1rosban j\u00e1r, az INHIDE SleekEdge az ide\u00e1lis k\u00eds\u00e9r\u0151je. Ez nem csup\u00e1n egy dzseki; ez egy utaz\u00e1s. K\u00e9szen \u00e1ll a kalandra?<\/p>\n<\/div>","protected":false},"excerpt":{"rendered":"<p>Meet the INHIDE SleekEdge, Not just a leather jacket, but a statement piece that\u2019s bound to become your trusty sidekick [&hellip;]<\/p>","protected":false},"featured_media":156,"comment_status":"open","ping_status":"closed","template":"","meta":{"site-sidebar-layout":"default","site-content-layout":"","ast-site-content-layout":"default","site-content-style":"default","site-sidebar-style":"default","ast-global-header-display":"","ast-banner-title-visibility":"","ast-main-header-display":"","ast-hfb-above-header-display":"","ast-hfb-below-header-display":"","ast-hfb-mobile-header-display":"","site-post-title":"","ast-breadcrumbs-content":"","ast-featured-img":"","footer-sml-layout":"","theme-transparent-header-meta":"default","adv-header-id-meta":"","stick-header-meta":"","header-above-stick-meta":"","header-main-stick-meta":"","header-below-stick-meta":"","astra-migrate-meta-layouts":"set","ast-page-background-enabled":"default","ast-page-background-meta":{"desktop":{"background-color":"var(--ast-global-color-4)","background-image":"","background-repeat":"repeat","background-position":"center center","background-size":"auto","background-attachment":"scroll","background-type":"","background-media":"","overlay-type":"","overlay-color":"","overlay-opacity":"","overlay-gradient":""},"tablet":{"background-color":"","background-image":"","background-repeat":"repeat","background-position":"center center","background-size":"auto","background-attachment":"scroll","background-type":"","background-media":"","overlay-type":"","overlay-color":"","overlay-opacity":"","overlay-gradient":""},"mobile":{"background-color":"","background-image":"","background-repeat":"repeat","background-position":"center center","background-size":"auto","background-attachment":"scroll","background-type":"","background-media":"","overlay-type":"","overlay-color":"","overlay-opacity":"","overlay-gradient":""}},"ast-content-background-meta":{"desktop":{"background-color":"var(--ast-global-color-5)","background-image":"","background-repeat":"repeat","background-position":"center center","background-size":"auto","background-attachment":"scroll","background-type":"","background-media":"","overlay-type":"","overlay-color":"","overlay-opacity":"","overlay-gradient":""},"tablet":{"background-color":"var(--ast-global-color-5)","background-image":"","background-repeat":"repeat","background-position":"center center","background-size":"auto","background-attachment":"scroll","background-type":"","background-media":"","overlay-type":"","overlay-color":"","overlay-opacity":"","overlay-gradient":""},"mobile":{"background-color":"var(--ast-global-color-5)","background-image":"","background-repeat":"repeat","background-position":"center center","background-size":"auto","background-attachment":"scroll","background-type":"","background-media":"","overlay-type":"","overlay-color":"","overlay-opacity":"","overlay-gradient":""}}},"product_brand":[],"product_cat":[34],"product_tag":[],"class_list":{"0":"post-485","1":"product","2":"type-product","3":"status-publish","4":"has-post-thumbnail","6":"product_cat-leatherjacketformen","7":"desktop-align-left","8":"tablet-align-left","9":"mobile-align-left","11":"first","12":"instock","13":"shipping-taxable","14":"purchasable","15":"product-type-variable"},"_links":{"self":[{"href":"https:\/\/inhidestore.com\/hu\/wp-json\/wp\/v2\/product\/485","targetHints":{"allow":["GET"]}}],"collection":[{"href":"https:\/\/inhidestore.com\/hu\/wp-json\/wp\/v2\/product"}],"about":[{"href":"https:\/\/inhidestore.com\/hu\/wp-json\/wp\/v2\/types\/product"}],"replies":[{"embeddable":true,"href":"https:\/\/inhidestore.com\/hu\/wp-json\/wp\/v2\/comments?post=485"}],"version-history":[{"count":4,"href":"https:\/\/inhidestore.com\/hu\/wp-json\/wp\/v2\/product\/485\/revisions"}],"predecessor-version":[{"id":2704,"href":"https:\/\/inhidestore.com\/hu\/wp-json\/wp\/v2\/product\/485\/revisions\/2704"}],"wp:featuredmedia":[{"embeddable":true,"href":"https:\/\/inhidestore.com\/hu\/wp-json\/wp\/v2\/media\/156"}],"wp:attachment":[{"href":"https:\/\/inhidestore.com\/hu\/wp-json\/wp\/v2\/media?parent=485"}],"wp:term":[{"taxonomy":"product_brand","embeddable":true,"href":"https:\/\/inhidestore.com\/hu\/wp-json\/wp\/v2\/product_brand?post=485"},{"taxonomy":"product_cat","embeddable":true,"href":"https:\/\/inhidestore.com\/hu\/wp-json\/wp\/v2\/product_cat?post=485"},{"taxonomy":"product_tag","embeddable":true,"href":"https:\/\/inhidestore.com\/hu\/wp-json\/wp\/v2\/product_tag?post=485"}],"curies":[{"name":"wp","href":"https:\/\/api.w.org\/{rel}","templated":true}]}}