{"id":497,"date":"2024-11-24T00:33:17","date_gmt":"2024-11-24T00:33:17","guid":{"rendered":"https:\/\/inhidestore.com\/?post_type=product&#038;p=497"},"modified":"2025-08-18T23:13:47","modified_gmt":"2025-08-18T23:13:47","slug":"inhide-nova-premium-ferfi-bor-bomberdzseki","status":"publish","type":"product","link":"https:\/\/inhidestore.com\/hu\/vasarlas\/ferfi\/ferfi-bordzseki\/inhide-nova-premium-ferfi-bor-bomberdzseki\/","title":{"rendered":"INHIDE Nova F\u00e9rfi pr\u00e9mium b\u0151r bomber dzseki"},"content":{"rendered":"<div class=\"product-description\" style=\"font-family: Helvetica, Arial, sans-serif;\">\n<p>Az INHIDE Nova f\u00e9rfi bomber dzseki egy kiemelked\u0151 darab, ami \u00fajradefini\u00e1lja a b\u0151rdzsekik vil\u00e1g\u00e1t. \u00cdme, mi\u00e9rt ez az \u00e1lmai dzsekije:<\/p>\n<p><strong>Vajpuha, pr\u00e9mium b\u0151r:<\/strong> Burkol\u00f3zzon be a 100%-os b\u00e1r\u00e1nyb\u0151r luxus\u00e1ba, ami annyira puha, hogy elfelejti, b\u0151rdzsekit visel. \u00dagy tervezt\u00fck, hogy idomuljon test\u00e9hez, \u00e9s minden visel\u00e9ssel egyre szem\u00e9lyesebb\u00e9 v\u00e1ljon.<\/p>\n<p><strong>S\u00f6t\u00e9tk\u00e9k \u00e9s feh\u00e9r kontraszt:<\/strong> A Nova felt\u0171n\u0151 s\u00f6t\u00e9tk\u00e9k testtel \u00e9s feh\u00e9r ujjakkal b\u00fcszk\u00e9lkedhet, \u00e9les kontrasztot k\u00edn\u00e1lva, ami garant\u00e1ltan mag\u00e1ra vonzza a tekinteteket. Ez a sz\u00ednkombin\u00e1ci\u00f3 \u00e9ppolyan sokoldal\u00fa, mint amennyire szemet gy\u00f6ny\u00f6rk\u00f6dtet\u0151, t\u00f6k\u00e9letes b\u00e1rmely \u00e9vszakban.<\/p>\n<p><strong>Tart\u00f3s kivitel:<\/strong> El\u00e9g strapab\u00edr\u00f3 egy spont\u00e1n aut\u00f3s utaz\u00e1shoz, m\u00e9gis kifinomult egy esti kimozdul\u00e1shoz \u2013 a Nova kiv\u00e1l\u00f3 min\u0151s\u00e9g\u0171 konstrukci\u00f3ja garant\u00e1lja, hogy ellen\u00e1ll a mindennapi \u00e9let kih\u00edv\u00e1sainak. 10\u201315 \u00e9ves \u00e9lettartam\u00e1val hossz\u00fa t\u00e1v\u00fa t\u00e1rsra lel benne.<\/p>\n<p><strong>T\u00f6k\u00e9letes illeszked\u00e9s, garant\u00e1ltan:<\/strong> A hib\u00e1tlan illeszked\u00e9sre tervezett Nova elker\u00fcli a szok\u00e1sos bomber dzseki t\u00f6megess\u00e9g\u00e9t. \u00dagy szabtuk, hogy kiemelje az alakj\u00e1t, ne pedig elrejtse, \u00edgy garant\u00e1lva, hogy j\u00f3l n\u00e9z ki \u00e9s remek\u00fcl \u00e9rzi mag\u00e1t.<\/p>\n<p><strong>Eg\u00e9sz \u00e9ves viselhet\u0151s\u00e9g:<\/strong> Legyen sz\u00f3 a tavaszi friss szell\u0151r\u0151l vagy az \u0151szi cs\u00edp\u0151s leveg\u0151r\u0151l, a Nova a t\u00f6k\u00e9letes v\u00e1laszt\u00e1s. L\u00e9g\u00e1tereszt\u0151 b\u0151re ide\u00e1liss\u00e1 teszi melegebb napokra, r\u00e9tegezhet\u0151s\u00e9ge pedig h\u0171v\u00f6sebb id\u0151ben is kiv\u00e1l\u00f3 t\u00e1rss\u00e1 teszi.<\/p>\n<p>R\u00f6viden, az INHIDE Nova nem csup\u00e1n egy \u00fajabb dzseki; ez egy \u00e9letm\u00f3d-friss\u00edt\u00e9s. A modern design, a pr\u00e9mium anyagok \u00e9s a kifog\u00e1stalan illeszked\u00e9s t\u00f6k\u00e9letes \u00f6tv\u00f6zete. K\u00e9szen \u00e1ll, hogy kifejezze egy\u00e9nis\u00e9g\u00e9t? A Nova v\u00e1rja \u00d6nt.<\/p>\n<p>Sz\u00edn: S\u00f6t\u00e9tk\u00e9k \u00e9s feh\u00e9r<\/p>\n<\/div>","protected":false},"excerpt":{"rendered":"<p>The INHIDE Nova Men\u2019s Bomber Jacket is a standout piece that redefines the leather jacket game. Here\u2019s why it\u2019s the [&hellip;]<\/p>","protected":false},"featured_media":145,"comment_status":"open","ping_status":"closed","template":"","meta":{"site-sidebar-layout":"default","site-content-layout":"","ast-site-content-layout":"default","site-content-style":"default","site-sidebar-style":"default","ast-global-header-display":"","ast-banner-title-visibility":"","ast-main-header-display":"","ast-hfb-above-header-display":"","ast-hfb-below-header-display":"","ast-hfb-mobile-header-display":"","site-post-title":"","ast-breadcrumbs-content":"","ast-featured-img":"","footer-sml-layout":"","theme-transparent-header-meta":"default","adv-header-id-meta":"","stick-header-meta":"","header-above-stick-meta":"","header-main-stick-meta":"","header-below-stick-meta":"","astra-migrate-meta-layouts":"set","ast-page-background-enabled":"default","ast-page-background-meta":{"desktop":{"background-color":"var(--ast-global-color-4)","background-image":"","background-repeat":"repeat","background-position":"center center","background-size":"auto","background-attachment":"scroll","background-type":"","background-media":"","overlay-type":"","overlay-color":"","overlay-opacity":"","overlay-gradient":""},"tablet":{"background-color":"","background-image":"","background-repeat":"repeat","background-position":"center center","background-size":"auto","background-attachment":"scroll","background-type":"","background-media":"","overlay-type":"","overlay-color":"","overlay-opacity":"","overlay-gradient":""},"mobile":{"background-color":"","background-image":"","background-repeat":"repeat","background-position":"center center","background-size":"auto","background-attachment":"scroll","background-type":"","background-media":"","overlay-type":"","overlay-color":"","overlay-opacity":"","overlay-gradient":""}},"ast-content-background-meta":{"desktop":{"background-color":"var(--ast-global-color-5)","background-image":"","background-repeat":"repeat","background-position":"center center","background-size":"auto","background-attachment":"scroll","background-type":"","background-media":"","overlay-type":"","overlay-color":"","overlay-opacity":"","overlay-gradient":""},"tablet":{"background-color":"var(--ast-global-color-5)","background-image":"","background-repeat":"repeat","background-position":"center center","background-size":"auto","background-attachment":"scroll","background-type":"","background-media":"","overlay-type":"","overlay-color":"","overlay-opacity":"","overlay-gradient":""},"mobile":{"background-color":"var(--ast-global-color-5)","background-image":"","background-repeat":"repeat","background-position":"center center","background-size":"auto","background-attachment":"scroll","background-type":"","background-media":"","overlay-type":"","overlay-color":"","overlay-opacity":"","overlay-gradient":""}}},"product_brand":[],"product_cat":[34],"product_tag":[],"class_list":{"0":"post-497","1":"product","2":"type-product","3":"status-publish","4":"has-post-thumbnail","6":"product_cat-leatherjacketformen","7":"desktop-align-left","8":"tablet-align-left","9":"mobile-align-left","11":"first","12":"instock","13":"shipping-taxable","14":"purchasable","15":"product-type-variable"},"_links":{"self":[{"href":"https:\/\/inhidestore.com\/hu\/wp-json\/wp\/v2\/product\/497","targetHints":{"allow":["GET"]}}],"collection":[{"href":"https:\/\/inhidestore.com\/hu\/wp-json\/wp\/v2\/product"}],"about":[{"href":"https:\/\/inhidestore.com\/hu\/wp-json\/wp\/v2\/types\/product"}],"replies":[{"embeddable":true,"href":"https:\/\/inhidestore.com\/hu\/wp-json\/wp\/v2\/comments?post=497"}],"version-history":[{"count":4,"href":"https:\/\/inhidestore.com\/hu\/wp-json\/wp\/v2\/product\/497\/revisions"}],"predecessor-version":[{"id":2702,"href":"https:\/\/inhidestore.com\/hu\/wp-json\/wp\/v2\/product\/497\/revisions\/2702"}],"wp:featuredmedia":[{"embeddable":true,"href":"https:\/\/inhidestore.com\/hu\/wp-json\/wp\/v2\/media\/145"}],"wp:attachment":[{"href":"https:\/\/inhidestore.com\/hu\/wp-json\/wp\/v2\/media?parent=497"}],"wp:term":[{"taxonomy":"product_brand","embeddable":true,"href":"https:\/\/inhidestore.com\/hu\/wp-json\/wp\/v2\/product_brand?post=497"},{"taxonomy":"product_cat","embeddable":true,"href":"https:\/\/inhidestore.com\/hu\/wp-json\/wp\/v2\/product_cat?post=497"},{"taxonomy":"product_tag","embeddable":true,"href":"https:\/\/inhidestore.com\/hu\/wp-json\/wp\/v2\/product_tag?post=497"}],"curies":[{"name":"wp","href":"https:\/\/api.w.org\/{rel}","templated":true}]}}