{"id":533,"date":"2024-11-24T00:33:20","date_gmt":"2024-11-24T00:33:20","guid":{"rendered":"https:\/\/inhidestore.com\/?post_type=product&#038;p=533"},"modified":"2025-08-18T23:08:16","modified_gmt":"2025-08-18T23:08:16","slug":"inhide-roxy-premium-noi-bordzseki","status":"publish","type":"product","link":"https:\/\/inhidestore.com\/hu\/vasarlas\/noi\/noi-bordzseki\/inhide-roxy-premium-noi-bordzseki\/","title":{"rendered":"INHIDE Roxy N\u0151i Pr\u00e9mium B\u0151rdzseki"},"content":{"rendered":"<p style=\"font-family: Helvetica, Arial, sans-serif;\">Bemutatjuk az INHIDE Roxy-t, egy fekete n\u0151i b\u0151rdzsekit, amely a luxus \u00e9s a l\u00e1zad\u00e1s t\u00f6k\u00e9letes \u00f6tv\u00f6zete. Vajpuha, 100% tiszta \u00e9s pr\u00e9mium juhb\u0151rb\u0151l k\u00e9sz\u00fclt \u2013 pr\u00f3b\u00e1ljon meg ellen\u00e1llni a k\u00eds\u00e9rt\u00e9snek! Olyan \u00e9rz\u00e9s viselni, mintha a m\u00e1sodik b\u0151r\u00f6d lenne. M\u00e9lyfekete sz\u00edne s\u00f6t\u00e9t, mint az \u00e9jszaka, a gunmetal gombok \u00e9s cipz\u00e1rak pedig t\u00f6k\u00e9letesen kieg\u00e9sz\u00edtik a megjelen\u00e9st.<\/p>\n<p style=\"font-family: Helvetica, Arial, sans-serif;\">Ez nem egy h\u00e9tk\u00f6znapi dzseki; ez egy id\u0151tlen darab, amelyet \u00fagy alkottunk meg, hogy t\u00f6bb mint egy \u00e9vtizeden \u00e1t h\u0171s\u00e9ges t\u00e1rsad legyen a divatban. T\u00f6k\u00e9letes v\u00e1laszt\u00e1s egy ny\u00e1ri ruh\u00e1ra kapva a h\u0171v\u00f6s esti programokhoz, vagy r\u00e9tegesen viselve a t\u00e9li szelek ellen. Kalandv\u00e1gy\u00f3 kedvedben vagy? A Roxy leny\u0171g\u00f6z\u0151 motoros dzsekik\u00e9nt is funkcion\u00e1l, \u00edgy te lehetsz a legst\u00edlusosabb l\u00e1zad\u00f3 k\u00e9t ker\u00e9ken.<\/p>\n<p style=\"font-family: Helvetica, Arial, sans-serif;\">Sz\u00f3val csatold be az \u00f6ved, \u00e9s k\u00e9sz\u00fclj fel, hogy minden tekintetet magadra vonzz az INHIDE-dal. Itt tal\u00e1lkozik az elegancia a mer\u00e9szs\u00e9ggel.<\/p>\n<p style=\"font-family: Helvetica, Arial, sans-serif;\">Sz\u00edn: Fekete<\/p>","protected":false},"excerpt":{"rendered":"<p>Introducing the INHIDE Roxy, a Black leather jacket for women that\u2019s a perfect blend of luxury and rebellion. Made from [&hellip;]<\/p>","protected":false},"featured_media":164,"comment_status":"open","ping_status":"closed","template":"","meta":{"site-sidebar-layout":"default","site-content-layout":"","ast-site-content-layout":"default","site-content-style":"default","site-sidebar-style":"default","ast-global-header-display":"","ast-banner-title-visibility":"","ast-main-header-display":"","ast-hfb-above-header-display":"","ast-hfb-below-header-display":"","ast-hfb-mobile-header-display":"","site-post-title":"","ast-breadcrumbs-content":"","ast-featured-img":"","footer-sml-layout":"","theme-transparent-header-meta":"default","adv-header-id-meta":"","stick-header-meta":"","header-above-stick-meta":"","header-main-stick-meta":"","header-below-stick-meta":"","astra-migrate-meta-layouts":"set","ast-page-background-enabled":"default","ast-page-background-meta":{"desktop":{"background-color":"var(--ast-global-color-4)","background-image":"","background-repeat":"repeat","background-position":"center center","background-size":"auto","background-attachment":"scroll","background-type":"","background-media":"","overlay-type":"","overlay-color":"","overlay-opacity":"","overlay-gradient":""},"tablet":{"background-color":"","background-image":"","background-repeat":"repeat","background-position":"center center","background-size":"auto","background-attachment":"scroll","background-type":"","background-media":"","overlay-type":"","overlay-color":"","overlay-opacity":"","overlay-gradient":""},"mobile":{"background-color":"","background-image":"","background-repeat":"repeat","background-position":"center center","background-size":"auto","background-attachment":"scroll","background-type":"","background-media":"","overlay-type":"","overlay-color":"","overlay-opacity":"","overlay-gradient":""}},"ast-content-background-meta":{"desktop":{"background-color":"var(--ast-global-color-5)","background-image":"","background-repeat":"repeat","background-position":"center center","background-size":"auto","background-attachment":"scroll","background-type":"","background-media":"","overlay-type":"","overlay-color":"","overlay-opacity":"","overlay-gradient":""},"tablet":{"background-color":"var(--ast-global-color-5)","background-image":"","background-repeat":"repeat","background-position":"center center","background-size":"auto","background-attachment":"scroll","background-type":"","background-media":"","overlay-type":"","overlay-color":"","overlay-opacity":"","overlay-gradient":""},"mobile":{"background-color":"var(--ast-global-color-5)","background-image":"","background-repeat":"repeat","background-position":"center center","background-size":"auto","background-attachment":"scroll","background-type":"","background-media":"","overlay-type":"","overlay-color":"","overlay-opacity":"","overlay-gradient":""}}},"product_brand":[],"product_cat":[37],"product_tag":[],"class_list":{"0":"post-533","1":"product","2":"type-product","3":"status-publish","4":"has-post-thumbnail","6":"product_cat-leatherjacketforwomen","7":"desktop-align-left","8":"tablet-align-left","9":"mobile-align-left","11":"first","12":"instock","13":"shipping-taxable","14":"purchasable","15":"product-type-variable"},"_links":{"self":[{"href":"https:\/\/inhidestore.com\/hu\/wp-json\/wp\/v2\/product\/533","targetHints":{"allow":["GET"]}}],"collection":[{"href":"https:\/\/inhidestore.com\/hu\/wp-json\/wp\/v2\/product"}],"about":[{"href":"https:\/\/inhidestore.com\/hu\/wp-json\/wp\/v2\/types\/product"}],"replies":[{"embeddable":true,"href":"https:\/\/inhidestore.com\/hu\/wp-json\/wp\/v2\/comments?post=533"}],"version-history":[{"count":3,"href":"https:\/\/inhidestore.com\/hu\/wp-json\/wp\/v2\/product\/533\/revisions"}],"predecessor-version":[{"id":2692,"href":"https:\/\/inhidestore.com\/hu\/wp-json\/wp\/v2\/product\/533\/revisions\/2692"}],"wp:featuredmedia":[{"embeddable":true,"href":"https:\/\/inhidestore.com\/hu\/wp-json\/wp\/v2\/media\/164"}],"wp:attachment":[{"href":"https:\/\/inhidestore.com\/hu\/wp-json\/wp\/v2\/media?parent=533"}],"wp:term":[{"taxonomy":"product_brand","embeddable":true,"href":"https:\/\/inhidestore.com\/hu\/wp-json\/wp\/v2\/product_brand?post=533"},{"taxonomy":"product_cat","embeddable":true,"href":"https:\/\/inhidestore.com\/hu\/wp-json\/wp\/v2\/product_cat?post=533"},{"taxonomy":"product_tag","embeddable":true,"href":"https:\/\/inhidestore.com\/hu\/wp-json\/wp\/v2\/product_tag?post=533"}],"curies":[{"name":"wp","href":"https:\/\/api.w.org\/{rel}","templated":true}]}}