{"id":584,"date":"2024-11-24T00:33:22","date_gmt":"2024-11-24T00:33:22","guid":{"rendered":"https:\/\/inhidestore.com\/?post_type=product&#038;p=584"},"modified":"2025-08-18T23:03:15","modified_gmt":"2025-08-18T23:03:15","slug":"inhide-roxy-noi-premium-bordzseki-2","status":"publish","type":"product","link":"https:\/\/inhidestore.com\/hu\/vasarlas\/noi\/noi-bordzseki\/inhide-roxy-noi-premium-bordzseki-2\/","title":{"rendered":"INHIDE Roxy N\u0151i Pr\u00e9mium B\u0151rdzseki"},"content":{"rendered":"<p style=\"font-family: Helvetica, Arial, sans-serif;\">Bemutatjuk az INHIDE Roxy-t, egy bord\u00f3 n\u0151i b\u0151rdzsekit, amely a luxus \u00e9s a l\u00e1zad\u00e1s t\u00f6k\u00e9letes \u00f6tv\u00f6zete. Vajpuha, 100% b\u00e1r\u00e1nyb\u0151rb\u0151l k\u00e9sz\u00fclt, ellen\u00e1llhatatlanul puha! Olyan, mintha a m\u00e1sodik b\u0151re lenne. A gazdag bord\u00f3 sz\u00edn olyan mer\u00e9sz, mint egy sivatagi naplemente, arany gombokkal \u00e9s cipz\u00e1rakkal d\u00edsz\u00edtve, melyek \u00fagy csillognak, mint a felt\u00e1rt kincs.<\/p>\n<p style=\"font-family: Helvetica, Arial, sans-serif;\">Ez nem egy \u00e1tlagos dzseki; egy id\u0151tlen darab, mely t\u00f6bb mint egy \u00e9vtizeden \u00e1t lesz divatos t\u00e1rsad. T\u00f6k\u00e9letes egy ny\u00e1ri ruha f\u00f6l\u00e9 egy h\u0171v\u00f6s esti s\u00e9t\u00e1hoz, vagy r\u00e9teges \u00f6lt\u00f6zk\u00f6d\u00e9shez a t\u00e9li sz\u00e9l ellen. Kalandv\u00e1gy\u00f3 vagy? A Roxy leny\u0171g\u00f6z\u0151 motoros dzsekik\u00e9nt is funkcion\u00e1l, \u00edgy te leszel a legst\u00edlusosabb l\u00e1zad\u00f3 k\u00e9t ker\u00e9ken.<\/p>\n<p style=\"font-family: Helvetica, Arial, sans-serif;\">K\u00e9sz\u00fclj fel, hogy minden tekintet r\u00e1d szegez\u0151dj\u00f6n az INHIDE-dal. Itt tal\u00e1lkozik az elegancia a vag\u00e1nys\u00e1ggal.<\/p>\n<p style=\"font-family: Helvetica, Arial, sans-serif;\">Sz\u00edn: Bord\u00f3<\/p>","protected":false},"excerpt":{"rendered":"<p>Introducing the INHIDE Roxy, a maroon leather jacket for women that&#8217;s a perfect blend of luxury and rebellion. Made from [&hellip;]<\/p>","protected":false},"featured_media":135,"comment_status":"open","ping_status":"closed","template":"","meta":{"site-sidebar-layout":"default","site-content-layout":"","ast-site-content-layout":"default","site-content-style":"default","site-sidebar-style":"default","ast-global-header-display":"","ast-banner-title-visibility":"","ast-main-header-display":"","ast-hfb-above-header-display":"","ast-hfb-below-header-display":"","ast-hfb-mobile-header-display":"","site-post-title":"","ast-breadcrumbs-content":"","ast-featured-img":"","footer-sml-layout":"","theme-transparent-header-meta":"default","adv-header-id-meta":"","stick-header-meta":"","header-above-stick-meta":"","header-main-stick-meta":"","header-below-stick-meta":"","astra-migrate-meta-layouts":"set","ast-page-background-enabled":"default","ast-page-background-meta":{"desktop":{"background-color":"var(--ast-global-color-4)","background-image":"","background-repeat":"repeat","background-position":"center center","background-size":"auto","background-attachment":"scroll","background-type":"","background-media":"","overlay-type":"","overlay-color":"","overlay-opacity":"","overlay-gradient":""},"tablet":{"background-color":"","background-image":"","background-repeat":"repeat","background-position":"center center","background-size":"auto","background-attachment":"scroll","background-type":"","background-media":"","overlay-type":"","overlay-color":"","overlay-opacity":"","overlay-gradient":""},"mobile":{"background-color":"","background-image":"","background-repeat":"repeat","background-position":"center center","background-size":"auto","background-attachment":"scroll","background-type":"","background-media":"","overlay-type":"","overlay-color":"","overlay-opacity":"","overlay-gradient":""}},"ast-content-background-meta":{"desktop":{"background-color":"var(--ast-global-color-5)","background-image":"","background-repeat":"repeat","background-position":"center center","background-size":"auto","background-attachment":"scroll","background-type":"","background-media":"","overlay-type":"","overlay-color":"","overlay-opacity":"","overlay-gradient":""},"tablet":{"background-color":"var(--ast-global-color-5)","background-image":"","background-repeat":"repeat","background-position":"center center","background-size":"auto","background-attachment":"scroll","background-type":"","background-media":"","overlay-type":"","overlay-color":"","overlay-opacity":"","overlay-gradient":""},"mobile":{"background-color":"var(--ast-global-color-5)","background-image":"","background-repeat":"repeat","background-position":"center center","background-size":"auto","background-attachment":"scroll","background-type":"","background-media":"","overlay-type":"","overlay-color":"","overlay-opacity":"","overlay-gradient":""}}},"product_brand":[],"product_cat":[37],"product_tag":[],"class_list":{"0":"post-584","1":"product","2":"type-product","3":"status-publish","4":"has-post-thumbnail","6":"product_cat-leatherjacketforwomen","7":"desktop-align-left","8":"tablet-align-left","9":"mobile-align-left","11":"first","12":"instock","13":"shipping-taxable","14":"purchasable","15":"product-type-variable"},"_links":{"self":[{"href":"https:\/\/inhidestore.com\/hu\/wp-json\/wp\/v2\/product\/584","targetHints":{"allow":["GET"]}}],"collection":[{"href":"https:\/\/inhidestore.com\/hu\/wp-json\/wp\/v2\/product"}],"about":[{"href":"https:\/\/inhidestore.com\/hu\/wp-json\/wp\/v2\/types\/product"}],"replies":[{"embeddable":true,"href":"https:\/\/inhidestore.com\/hu\/wp-json\/wp\/v2\/comments?post=584"}],"version-history":[{"count":3,"href":"https:\/\/inhidestore.com\/hu\/wp-json\/wp\/v2\/product\/584\/revisions"}],"predecessor-version":[{"id":3071,"href":"https:\/\/inhidestore.com\/hu\/wp-json\/wp\/v2\/product\/584\/revisions\/3071"}],"wp:featuredmedia":[{"embeddable":true,"href":"https:\/\/inhidestore.com\/hu\/wp-json\/wp\/v2\/media\/135"}],"wp:attachment":[{"href":"https:\/\/inhidestore.com\/hu\/wp-json\/wp\/v2\/media?parent=584"}],"wp:term":[{"taxonomy":"product_brand","embeddable":true,"href":"https:\/\/inhidestore.com\/hu\/wp-json\/wp\/v2\/product_brand?post=584"},{"taxonomy":"product_cat","embeddable":true,"href":"https:\/\/inhidestore.com\/hu\/wp-json\/wp\/v2\/product_cat?post=584"},{"taxonomy":"product_tag","embeddable":true,"href":"https:\/\/inhidestore.com\/hu\/wp-json\/wp\/v2\/product_tag?post=584"}],"curies":[{"name":"wp","href":"https:\/\/api.w.org\/{rel}","templated":true}]}}