{"id":593,"date":"2024-11-24T00:33:24","date_gmt":"2024-11-24T00:33:24","guid":{"rendered":"https:\/\/inhidestore.com\/?post_type=product&#038;p=593"},"modified":"2025-08-18T23:00:10","modified_gmt":"2025-08-18T23:00:10","slug":"inhide-royal-miss-premium-noi-bordzseki","status":"publish","type":"product","link":"https:\/\/inhidestore.com\/hu\/vasarlas\/noi\/noi-bordzseki\/inhide-royal-miss-premium-noi-bordzseki\/","title":{"rendered":"INHIDE Royal Miss N\u0151i Pr\u00e9mium B\u0151r Dzseki"},"content":{"rendered":"<p style=\"font-family: Helvetica, Arial, sans-serif;\">K\u00e9nyeztesse mag\u00e1t az INHIDE pr\u00e9mium n\u0151i juhb\u0151r kab\u00e1t luxus\u00e1val, amely minden st\u00edlus\u00e9rz\u00e9keny n\u0151 ruhat\u00e1r\u00e1nak elengedhetetlen darabja. A 100% tiszta juhb\u0151rb\u0151l k\u00e9sz\u00fclt dzseki a k\u00e9nyelem \u00e9s a tart\u00f3ss\u00e1g t\u00f6k\u00e9letes megtestes\u00edt\u0151je. Vajpuha text\u00far\u00e1ja k\u00edm\u00e9letes a b\u0151rh\u00f6z, mik\u00f6zben robusztus kialak\u00edt\u00e1sa hossz\u00fa \u00e9lettartamot \u00edg\u00e9r.<\/p>\n<p style=\"font-family: Helvetica, Arial, sans-serif;\"><strong>Eleg\u00e1ns megjelen\u00e9s:<\/strong> A kab\u00e1t tenger\u00e9szk\u00e9k \u00e1rnyalata \u00e9s aszimmetrikus cipz\u00e1rja modern csavart visz a klasszikus st\u00edlusba.<\/p>\n<p style=\"font-family: Helvetica, Arial, sans-serif;\"><strong>Kifinomult r\u00e9szletek:<\/strong> Az aranysz\u00edn\u0171 kieg\u00e9sz\u00edt\u0151kkel, patentokkal \u00e9s cipz\u00e1ras mandzsett\u00e1kkal d\u00edsz\u00edtett darab szem\u00e9lyre szabhat\u00f3 illeszked\u00e9st \u00e9s sikkes megjelen\u00e9st k\u00f6lcs\u00f6n\u00f6z.<\/p>\n<p style=\"font-family: Helvetica, Arial, sans-serif;\"><strong>Sokoldal\u00fa divat:<\/strong> T\u00f6k\u00e9letes v\u00e1laszt\u00e1s b\u00e1rmilyen szett feldob\u00e1s\u00e1hoz; nappali \u00e9s esti viseletk\u00e9nt is meg\u00e1llja a hely\u00e9t, \u00edgy \u00d6n mindig k\u00f6nnyed\u00e9n st\u00edlusos maradhat.<\/p>\n<p style=\"font-family: Helvetica, Arial, sans-serif;\">Tapasztalja meg a st\u00edlus \u00e9s a min\u0151s\u00e9g t\u00f6k\u00e9letes tal\u00e1lkoz\u00e1s\u00e1t ezzel a gy\u00f6ny\u00f6r\u0171 b\u0151rkab\u00e1ttal, amely ruhat\u00e1r\u00e1nak id\u0151tlen darabja lesz.<\/p>\n<p style=\"font-family: Helvetica, Arial, sans-serif;\"><strong>Sz\u00edn:<\/strong> Tenger\u00e9szk\u00e9k<\/p>","protected":false},"excerpt":{"rendered":"<p>Indulge in the luxury of INHIDE Women&#8217;s Premium Sheep Leather Jacket, a must-have for the fashion-forward woman. Crafted from 100% [&hellip;]<\/p>","protected":false},"featured_media":124,"comment_status":"open","ping_status":"closed","template":"","meta":{"site-sidebar-layout":"default","site-content-layout":"","ast-site-content-layout":"default","site-content-style":"default","site-sidebar-style":"default","ast-global-header-display":"","ast-banner-title-visibility":"","ast-main-header-display":"","ast-hfb-above-header-display":"","ast-hfb-below-header-display":"","ast-hfb-mobile-header-display":"","site-post-title":"","ast-breadcrumbs-content":"","ast-featured-img":"","footer-sml-layout":"","theme-transparent-header-meta":"default","adv-header-id-meta":"","stick-header-meta":"","header-above-stick-meta":"","header-main-stick-meta":"","header-below-stick-meta":"","astra-migrate-meta-layouts":"set","ast-page-background-enabled":"default","ast-page-background-meta":{"desktop":{"background-color":"var(--ast-global-color-4)","background-image":"","background-repeat":"repeat","background-position":"center center","background-size":"auto","background-attachment":"scroll","background-type":"","background-media":"","overlay-type":"","overlay-color":"","overlay-opacity":"","overlay-gradient":""},"tablet":{"background-color":"","background-image":"","background-repeat":"repeat","background-position":"center center","background-size":"auto","background-attachment":"scroll","background-type":"","background-media":"","overlay-type":"","overlay-color":"","overlay-opacity":"","overlay-gradient":""},"mobile":{"background-color":"","background-image":"","background-repeat":"repeat","background-position":"center center","background-size":"auto","background-attachment":"scroll","background-type":"","background-media":"","overlay-type":"","overlay-color":"","overlay-opacity":"","overlay-gradient":""}},"ast-content-background-meta":{"desktop":{"background-color":"var(--ast-global-color-5)","background-image":"","background-repeat":"repeat","background-position":"center center","background-size":"auto","background-attachment":"scroll","background-type":"","background-media":"","overlay-type":"","overlay-color":"","overlay-opacity":"","overlay-gradient":""},"tablet":{"background-color":"var(--ast-global-color-5)","background-image":"","background-repeat":"repeat","background-position":"center center","background-size":"auto","background-attachment":"scroll","background-type":"","background-media":"","overlay-type":"","overlay-color":"","overlay-opacity":"","overlay-gradient":""},"mobile":{"background-color":"var(--ast-global-color-5)","background-image":"","background-repeat":"repeat","background-position":"center center","background-size":"auto","background-attachment":"scroll","background-type":"","background-media":"","overlay-type":"","overlay-color":"","overlay-opacity":"","overlay-gradient":""}}},"product_brand":[],"product_cat":[37],"product_tag":[],"class_list":{"0":"post-593","1":"product","2":"type-product","3":"status-publish","4":"has-post-thumbnail","6":"product_cat-leatherjacketforwomen","7":"desktop-align-left","8":"tablet-align-left","9":"mobile-align-left","11":"first","12":"instock","13":"shipping-taxable","14":"purchasable","15":"product-type-variable"},"_links":{"self":[{"href":"https:\/\/inhidestore.com\/hu\/wp-json\/wp\/v2\/product\/593","targetHints":{"allow":["GET"]}}],"collection":[{"href":"https:\/\/inhidestore.com\/hu\/wp-json\/wp\/v2\/product"}],"about":[{"href":"https:\/\/inhidestore.com\/hu\/wp-json\/wp\/v2\/types\/product"}],"replies":[{"embeddable":true,"href":"https:\/\/inhidestore.com\/hu\/wp-json\/wp\/v2\/comments?post=593"}],"version-history":[{"count":3,"href":"https:\/\/inhidestore.com\/hu\/wp-json\/wp\/v2\/product\/593\/revisions"}],"predecessor-version":[{"id":2684,"href":"https:\/\/inhidestore.com\/hu\/wp-json\/wp\/v2\/product\/593\/revisions\/2684"}],"wp:featuredmedia":[{"embeddable":true,"href":"https:\/\/inhidestore.com\/hu\/wp-json\/wp\/v2\/media\/124"}],"wp:attachment":[{"href":"https:\/\/inhidestore.com\/hu\/wp-json\/wp\/v2\/media?parent=593"}],"wp:term":[{"taxonomy":"product_brand","embeddable":true,"href":"https:\/\/inhidestore.com\/hu\/wp-json\/wp\/v2\/product_brand?post=593"},{"taxonomy":"product_cat","embeddable":true,"href":"https:\/\/inhidestore.com\/hu\/wp-json\/wp\/v2\/product_cat?post=593"},{"taxonomy":"product_tag","embeddable":true,"href":"https:\/\/inhidestore.com\/hu\/wp-json\/wp\/v2\/product_tag?post=593"}],"curies":[{"name":"wp","href":"https:\/\/api.w.org\/{rel}","templated":true}]}}