{"id":602,"date":"2024-11-24T00:33:24","date_gmt":"2024-11-24T00:33:24","guid":{"rendered":"https:\/\/inhidestore.com\/?post_type=product&#038;p=602"},"modified":"2025-08-18T22:41:05","modified_gmt":"2025-08-18T22:41:05","slug":"inhide-premium-noi-velur-bordzseki","status":"publish","type":"product","link":"https:\/\/inhidestore.com\/hu\/vasarlas\/noi\/noi-bordzseki\/inhide-premium-noi-velur-bordzseki\/","title":{"rendered":"INHIDE N\u0151i Pr\u00e9mium Vel\u00far B\u0151r Dzseki"},"content":{"rendered":"<p style=\"font-family: Helvetica, Arial, sans-serif;\">Tegye k\u00fcl\u00f6nlegess\u00e9 ruhat\u00e1r\u00e1t az INHIDE n\u0151i pr\u00e9mium vel\u00far b\u0151rdzsekivel \u2013 egy id\u0151tlen darabbal, amely eleganci\u00e1t \u00e9s kifinomults\u00e1got sug\u00e1roz. A 100% tiszta \u00e9s pr\u00e9mium b\u00e1r\u00e1nyb\u0151rb\u0151l k\u00e9sz\u00fclt dzseki nem csup\u00e1n egy divatos kieg\u00e9sz\u00edt\u0151, hanem befektet\u00e9s az \u00f6r\u00f6k st\u00edlusba.<\/p>\n<p style=\"font-family: Helvetica, Arial, sans-serif;\">Luxus alapanyag: Tapasztalja meg a kiv\u00e1l\u00f3 min\u0151s\u00e9g\u0171 vel\u00far vajpuha \u00e9rint\u00e9s\u00e9t, amely p\u00e1ratlan k\u00e9nyelmet \u00e9s tart\u00f3ss\u00e1got biztos\u00edt.<\/p>\n<p style=\"font-family: Helvetica, Arial, sans-serif;\">Sokoldal\u00fa st\u00edlus: Legyen sz\u00f3 egy esti programr\u00f3l vagy egy laza v\u00e1rosi s\u00e9t\u00e1r\u00f3l, a dzseki letisztult diz\u00e1jnja minden alkalomhoz t\u00f6k\u00e9letesen alkalmazkodik.<\/p>\n<p style=\"font-family: Helvetica, Arial, sans-serif;\">Figyelem a r\u00e9szletekre: Az apr\u00f3l\u00e9kos precizit\u00e1ssal k\u00e9sz\u00fclt varr\u00e1sok \u00e9s gombok mind a szak\u00e9rtelemr\u0151l tan\u00faskodnak, amellyel ez a gy\u00f6ny\u00f6r\u0171 darab k\u00e9sz\u00fclt.<\/p>\n<p style=\"font-family: Helvetica, Arial, sans-serif;\">Ismerje meg az INHIDE-\u00e9lm\u00e9nyt m\u00e9g ma, \u00e9s t\u00fcnd\u00f6k\u00f6lj\u00f6n magabiztosan \u00e9s kecsesen!.<\/p>\n<p style=\"font-family: Helvetica, Arial, sans-serif;\">Sz\u00edn: Csokol\u00e1d\u00e9barna<\/p>","protected":false},"excerpt":{"rendered":"<p>Elevate your wardrobe with the INHIDE Women&#8217;s Premium Suede Leather Jacket \u2013 a timeless piece that exudes elegance and sophistication. [&hellip;]<\/p>","protected":false},"featured_media":149,"comment_status":"open","ping_status":"closed","template":"","meta":{"site-sidebar-layout":"default","site-content-layout":"","ast-site-content-layout":"default","site-content-style":"default","site-sidebar-style":"default","ast-global-header-display":"","ast-banner-title-visibility":"","ast-main-header-display":"","ast-hfb-above-header-display":"","ast-hfb-below-header-display":"","ast-hfb-mobile-header-display":"","site-post-title":"","ast-breadcrumbs-content":"","ast-featured-img":"","footer-sml-layout":"","theme-transparent-header-meta":"default","adv-header-id-meta":"","stick-header-meta":"","header-above-stick-meta":"","header-main-stick-meta":"","header-below-stick-meta":"","astra-migrate-meta-layouts":"set","ast-page-background-enabled":"default","ast-page-background-meta":{"desktop":{"background-color":"var(--ast-global-color-4)","background-image":"","background-repeat":"repeat","background-position":"center center","background-size":"auto","background-attachment":"scroll","background-type":"","background-media":"","overlay-type":"","overlay-color":"","overlay-opacity":"","overlay-gradient":""},"tablet":{"background-color":"","background-image":"","background-repeat":"repeat","background-position":"center center","background-size":"auto","background-attachment":"scroll","background-type":"","background-media":"","overlay-type":"","overlay-color":"","overlay-opacity":"","overlay-gradient":""},"mobile":{"background-color":"","background-image":"","background-repeat":"repeat","background-position":"center center","background-size":"auto","background-attachment":"scroll","background-type":"","background-media":"","overlay-type":"","overlay-color":"","overlay-opacity":"","overlay-gradient":""}},"ast-content-background-meta":{"desktop":{"background-color":"var(--ast-global-color-5)","background-image":"","background-repeat":"repeat","background-position":"center center","background-size":"auto","background-attachment":"scroll","background-type":"","background-media":"","overlay-type":"","overlay-color":"","overlay-opacity":"","overlay-gradient":""},"tablet":{"background-color":"var(--ast-global-color-5)","background-image":"","background-repeat":"repeat","background-position":"center center","background-size":"auto","background-attachment":"scroll","background-type":"","background-media":"","overlay-type":"","overlay-color":"","overlay-opacity":"","overlay-gradient":""},"mobile":{"background-color":"var(--ast-global-color-5)","background-image":"","background-repeat":"repeat","background-position":"center center","background-size":"auto","background-attachment":"scroll","background-type":"","background-media":"","overlay-type":"","overlay-color":"","overlay-opacity":"","overlay-gradient":""}}},"product_brand":[],"product_cat":[37],"product_tag":[],"class_list":{"0":"post-602","1":"product","2":"type-product","3":"status-publish","4":"has-post-thumbnail","6":"product_cat-leatherjacketforwomen","7":"desktop-align-left","8":"tablet-align-left","9":"mobile-align-left","11":"first","12":"instock","13":"shipping-taxable","14":"purchasable","15":"product-type-variable"},"_links":{"self":[{"href":"https:\/\/inhidestore.com\/hu\/wp-json\/wp\/v2\/product\/602","targetHints":{"allow":["GET"]}}],"collection":[{"href":"https:\/\/inhidestore.com\/hu\/wp-json\/wp\/v2\/product"}],"about":[{"href":"https:\/\/inhidestore.com\/hu\/wp-json\/wp\/v2\/types\/product"}],"replies":[{"embeddable":true,"href":"https:\/\/inhidestore.com\/hu\/wp-json\/wp\/v2\/comments?post=602"}],"version-history":[{"count":4,"href":"https:\/\/inhidestore.com\/hu\/wp-json\/wp\/v2\/product\/602\/revisions"}],"predecessor-version":[{"id":2681,"href":"https:\/\/inhidestore.com\/hu\/wp-json\/wp\/v2\/product\/602\/revisions\/2681"}],"wp:featuredmedia":[{"embeddable":true,"href":"https:\/\/inhidestore.com\/hu\/wp-json\/wp\/v2\/media\/149"}],"wp:attachment":[{"href":"https:\/\/inhidestore.com\/hu\/wp-json\/wp\/v2\/media?parent=602"}],"wp:term":[{"taxonomy":"product_brand","embeddable":true,"href":"https:\/\/inhidestore.com\/hu\/wp-json\/wp\/v2\/product_brand?post=602"},{"taxonomy":"product_cat","embeddable":true,"href":"https:\/\/inhidestore.com\/hu\/wp-json\/wp\/v2\/product_cat?post=602"},{"taxonomy":"product_tag","embeddable":true,"href":"https:\/\/inhidestore.com\/hu\/wp-json\/wp\/v2\/product_tag?post=602"}],"curies":[{"name":"wp","href":"https:\/\/api.w.org\/{rel}","templated":true}]}}