{"id":2274,"date":"2025-01-22T21:18:48","date_gmt":"2025-01-22T21:18:48","guid":{"rendered":"https:\/\/inhidestore.com\/?page_id=2274"},"modified":"2025-07-17T22:53:51","modified_gmt":"2025-07-17T22:53:51","slug":"shipping-policy","status":"publish","type":"page","link":"https:\/\/inhidestore.com\/lt\/shipping-policy\/","title":{"rendered":"Pristatymo politika"},"content":{"rendered":"<p>\u201eInhide\u201c did\u017eiuojasi pristatydami auk\u0161\u010diausios kokyb\u0117s odines striukes klientams visame pasaulyje. M\u016bs\u0173 pristatymo politika apibr\u0117\u017eia, kaip tvarkome, apdorojame ir pristatome J\u016bs\u0173 u\u017esakymus. Skirkite akimirk\u0105 per\u017ei\u016br\u0117ti \u017eemiau pateikt\u0105 informacij\u0105, kad suprastum\u0117te, kaip u\u017etikriname skland\u0173 pristatym\u0105.<\/p>\n\n\n\n<hr class=\"wp-block-separator has-alpha-channel-opacity\"\/>\n\n\n\n<p><strong>Pagal u\u017esakym\u0105 gaminamas meistri\u0161kumas<\/strong><\/p>\n\n\n\n<p>Kiekviena \u201eInhide\u201c striuk\u0117 gaminama su r\u016bpes\u010diu, precizi\u0161kumu ir d\u0117mesiu detal\u0117ms. Kadangi m\u016bs\u0173 striuk\u0117s gaminamos pagal u\u017esakym\u0105, mes nekaupiame i\u0161 anksto pagamint\u0173 preki\u0173. Tai leid\u017eia mums pasi\u016blyti Jums produkt\u0105, atitinkant\u012f J\u016bs\u0173 individualius pageidavimus ir i\u0161laikant\u012f auk\u0161tus kokyb\u0117s standartus.<\/p>\n\n\n\n<ul class=\"wp-block-list\">\n<li><strong>Gamybos laikas:<\/strong><br>J\u016bs\u0173 striuk\u0117s gamyba paprastai u\u017etrunka<strong> 5\u20138 darbo dienas<\/strong> kol ji bus paruo\u0161ta i\u0161si\u0173sti. \u012e \u0161\u012f laik\u0105 \u012feina med\u017eiag\u0173 atrinkimas, siuvimas ir kruop\u0161t\u016bs kokyb\u0117s patikrinimai.<\/li>\n\n\n\n<li><strong>Individual\u016bs u\u017esakymai:<\/strong><br>Jei J\u016bs\u0173 u\u017esakymas apima individualius pakeitimus, atkreipkite d\u0117mes\u012f, kad gamybos laikas gali \u0161iek tiek skirtis priklausomai nuo dizaino sud\u0117tingumo.<\/li>\n<\/ul>\n\n\n\n<hr class=\"wp-block-separator has-alpha-channel-opacity\"\/>\n\n\n\n<p><strong>Nemokamas pristatymas visame pasaulyje<\/strong><\/p>\n\n\n\n<p>Tikime, kad apsipirkimas turi b\u016bti paprastas ir malonus. Tod\u0117l si\u016blome <strong>nemokam\u0105 pristatym\u0105 visame pasaulyje<\/strong> visiems u\u017esakymams. Nesvarbu, ar esate \u0160iaur\u0117s Amerikoje, Europoje, Azijoje ar kitur \u2013 joki\u0173 pasl\u0117pt\u0173 pristatymo mokes\u010di\u0173!.<\/p>\n\n\n\n<hr class=\"wp-block-separator has-alpha-channel-opacity\"\/>\n\n\n\n<p><strong>Numatomas pristatymo laikas<\/strong><\/p>\n\n\n\n<p>Kai J\u016bs\u0173 striuk\u0117 bus pagaminta ir i\u0161si\u0173sta, pristatymo laikas priklausys nuo J\u016bs\u0173 buvimo vietos. \u0160tai ko galite tik\u0117tis:<\/p>\n\n\n\n<ul class=\"wp-block-list\">\n<li><strong>\u0160iaur\u0117s Amerika:<\/strong> 3\u20135 darbo dienos<\/li>\n\n\n\n<li><strong>Europa:<\/strong> 3\u20135 darbo dienos<\/li>\n\n\n\n<li><strong>Azijos ir Ramiojo vandenyno regionas:<\/strong> 3\u20135 darbo dienos<\/li>\n\n\n\n<li><strong>Likusios pasaulio \u0161alys:<\/strong> 3\u20135 darbo dienos<\/li>\n<\/ul>\n\n\n\n<p>Atkreipkite d\u0117mes\u012f, kad tai yra numatomas pristatymo laikas, kuris gali skirtis d\u0117l i\u0161orini\u0173 veiksni\u0173, toki\u0173 kaip muitin\u0117s proced\u016bros ar vietini\u0173 kurjeri\u0173 v\u0117lavimai.<\/p>\n\n\n\n<hr class=\"wp-block-separator has-alpha-channel-opacity\"\/>\n\n\n\n<p><strong>U\u017esakymo sekimas<\/strong><\/p>\n\n\n\n<p>Kai J\u016bs\u0173 u\u017esakymas bus i\u0161si\u0173stas, gausite el. lai\u0161k\u0105 su siuntos sekimo numeriu ir instrukcijomis, kaip sekti siunt\u0105. Tai leis Jums steb\u0117ti u\u017esakymo eig\u0105 realiuoju laiku.<\/p>\n\n\n\n<hr class=\"wp-block-separator has-alpha-channel-opacity\"\/>\n\n\n\n<p><strong>Muitai, mokes\u010diai ir PVM<\/strong><\/p>\n\n\n\n<p>Nors si\u016blome nemokam\u0105 pristatym\u0105, klientai gali b\u016bti atsakingi u\u017e <strong>pardavimo PVM\/mokes\u010dius, importo muitus ar kitus mokes\u010dius<\/strong> nustatytus vietos muitin\u0117s institucij\u0173. \u0160ie mokes\u010diai skiriasi priklausomai nuo \u0161alies ir n\u0117ra \u012fskai\u010diuoti \u012f J\u016bs\u0173 u\u017esakymo kain\u0105.<\/p>\n\n\n\n<p>Rekomenduojame pasiteirauti vietos muitin\u0117s \u012fstaigoje d\u0117l taikom\u0173 mokes\u010di\u0173.<\/p>\n\n\n\n<hr class=\"wp-block-separator has-alpha-channel-opacity\"\/>\n\n\n\n<p><strong>Nepristatomos siuntos<\/strong><\/p>\n\n\n\n<p>Jei siunta mums gr\u0105\u017einama d\u0117l kliento pateiktos neteisingos ar nei\u0161samios pristatymo informacijos, atsisakymo sumok\u0117ti muitin\u0117s mokes\u010dius arba nepri\u0117mimo:<\/p>\n\n\n\n<ul class=\"wp-block-list\">\n<li>Susisieksime su Jumis, kad susitartume d\u0117l pakartotinio siuntimo.<\/li>\n\n\n\n<li>Bet kokios papildomos siuntimo i\u0161laidos teks klientui.<\/li>\n<\/ul>\n\n\n\n<hr class=\"wp-block-separator has-alpha-channel-opacity\"\/>\n\n\n\n<p><strong>Pa\u017eeistos arba dingusios siuntos<\/strong><\/p>\n\n\n\n<p>Imam\u0117s vis\u0173 atsargumo priemoni\u0173, kad J\u016bs\u0173 striuk\u0117 pasiekt\u0173 Jus nepriekai\u0161tingos b\u016bkl\u0117s. Ta\u010diau, jei J\u016bs\u0173 u\u017esakymas atkeliauja pa\u017eeistas arba dingsta tranzitu:<\/p>\n\n\n\n<ul class=\"wp-block-list\">\n<li>Nedelsdami prane\u0161kite mums el. pa\u0161tu customerservice@inhidestore.com<\/li>\n\n\n\n<li>Pateikite pakuot\u0117s nuotraukas (jei pa\u017eeista) ir vis\u0105 susijusi\u0105 informacij\u0105.<\/li>\n<\/ul>\n\n\n\n<p>Mes nedelsdami i\u0161tirsime problem\u0105 ir pasir\u016bpinsime pakeitimu arba tinkamu sprendimu.<\/p>\n\n\n\n<hr class=\"wp-block-separator has-alpha-channel-opacity\"\/>\n\n\n\n<p><strong>Pristatymo apribojimai<\/strong><\/p>\n\n\n\n<p>Nors siun\u010diame visame pasaulyje, kai kuriose atokiose ar ribojamose vietov\u0117se pristatymo laikas gali b\u016bti ilgesnis arba kurjeri\u0173 paslaugos gali b\u016bti ribotos. Tokiais atvejais susisieksime su Jumis tiesiogiai, kad u\u017etikrintume, jog J\u016bs\u0173 u\u017esakymas Jus pasiekt\u0173.<\/p>\n\n\n\n<hr class=\"wp-block-separator has-alpha-channel-opacity\"\/>\n\n\n\n<p><strong>Pristatymo v\u0117lavimai \u0161ven\u010di\u0173 laikotarpiu<\/strong><\/p>\n\n\n\n<p>Piko metu, \u0161ven\u010di\u0173 sezonais, gamybos ir pristatymo laikas gali \u0161iek tiek pailg\u0117ti d\u0117l padid\u0117jusios paklausos. Nor\u0117dami u\u017etikrinti savalaik\u012f pristatym\u0105, rekomenduojame u\u017esakymus pateikti gerokai prie\u0161 did\u017ei\u0105sias \u0161ventes.<\/p>\n\n\n\n<hr class=\"wp-block-separator has-alpha-channel-opacity\"\/>\n\n\n\n<p><strong>Klient\u0173 aptarnavimas<\/strong><\/p>\n\n\n\n<p>Jei turite klausim\u0173 ar r\u016bpes\u010di\u0173 d\u0117l savo u\u017esakymo ar m\u016bs\u0173 pristatymo proceso, nedvejodami susisiekite su mumis:<\/p>\n\n\n\n<ul class=\"wp-block-list\">\n<li><strong>El. pa\u0161tas:<\/strong> customerservice@inhidestore.com<\/li>\n\n\n\n<li><strong>Telefonas:<\/strong> +92 330-225-4099<\/li>\n<\/ul>\n\n\n\n<hr class=\"wp-block-separator has-alpha-channel-opacity\"\/>\n\n\n\n<p>\u201eInhide\u201c esame \u012fsipareigoj\u0119 teikti i\u0161skirtines paslaugas ir pristatyti kokybi\u0161kas odines striukes tiesiai \u012f J\u016bs\u0173 namus. D\u0117kojame, kad pasirinkote mus kaip patikim\u0105 stiliaus partner\u012f!<\/p>\n\n\n\n<p><\/p>","protected":false},"excerpt":{"rendered":"<p>At Inhide, we pride ourselves on delivering premium leather jackets to customers worldwide. Our Shipping Policy outlines the details of [&hellip;]<\/p>","protected":false},"author":1,"featured_media":0,"parent":0,"menu_order":0,"comment_status":"closed","ping_status":"closed","template":"","meta":{"site-sidebar-layout":"default","site-content-layout":"","ast-site-content-layout":"","site-content-style":"default","site-sidebar-style":"default","ast-global-header-display":"","ast-banner-title-visibility":"","ast-main-header-display":"","ast-hfb-above-header-display":"","ast-hfb-below-header-display":"","ast-hfb-mobile-header-display":"","site-post-title":"","ast-breadcrumbs-content":"","ast-featured-img":"","footer-sml-layout":"","theme-transparent-header-meta":"","adv-header-id-meta":"","stick-header-meta":"","header-above-stick-meta":"","header-main-stick-meta":"","header-below-stick-meta":"","astra-migrate-meta-layouts":"default","ast-page-background-enabled":"default","ast-page-background-meta":{"desktop":{"background-color":"var(--ast-global-color-4)","background-image":"","background-repeat":"repeat","background-position":"center center","background-size":"auto","background-attachment":"scroll","background-type":"","background-media":"","overlay-type":"","overlay-color":"","overlay-opacity":"","overlay-gradient":""},"tablet":{"background-color":"","background-image":"","background-repeat":"repeat","background-position":"center center","background-size":"auto","background-attachment":"scroll","background-type":"","background-media":"","overlay-type":"","overlay-color":"","overlay-opacity":"","overlay-gradient":""},"mobile":{"background-color":"","background-image":"","background-repeat":"repeat","background-position":"center center","background-size":"auto","background-attachment":"scroll","background-type":"","background-media":"","overlay-type":"","overlay-color":"","overlay-opacity":"","overlay-gradient":""}},"ast-content-background-meta":{"desktop":{"background-color":"var(--ast-global-color-5)","background-image":"","background-repeat":"repeat","background-position":"center center","background-size":"auto","background-attachment":"scroll","background-type":"","background-media":"","overlay-type":"","overlay-color":"","overlay-opacity":"","overlay-gradient":""},"tablet":{"background-color":"var(--ast-global-color-5)","background-image":"","background-repeat":"repeat","background-position":"center center","background-size":"auto","background-attachment":"scroll","background-type":"","background-media":"","overlay-type":"","overlay-color":"","overlay-opacity":"","overlay-gradient":""},"mobile":{"background-color":"var(--ast-global-color-5)","background-image":"","background-repeat":"repeat","background-position":"center center","background-size":"auto","background-attachment":"scroll","background-type":"","background-media":"","overlay-type":"","overlay-color":"","overlay-opacity":"","overlay-gradient":""}},"footnotes":""},"class_list":["post-2274","page","type-page","status-publish","hentry"],"_links":{"self":[{"href":"https:\/\/inhidestore.com\/lt\/wp-json\/wp\/v2\/pages\/2274","targetHints":{"allow":["GET"]}}],"collection":[{"href":"https:\/\/inhidestore.com\/lt\/wp-json\/wp\/v2\/pages"}],"about":[{"href":"https:\/\/inhidestore.com\/lt\/wp-json\/wp\/v2\/types\/page"}],"author":[{"embeddable":true,"href":"https:\/\/inhidestore.com\/lt\/wp-json\/wp\/v2\/users\/1"}],"replies":[{"embeddable":true,"href":"https:\/\/inhidestore.com\/lt\/wp-json\/wp\/v2\/comments?post=2274"}],"version-history":[{"count":2,"href":"https:\/\/inhidestore.com\/lt\/wp-json\/wp\/v2\/pages\/2274\/revisions"}],"predecessor-version":[{"id":3064,"href":"https:\/\/inhidestore.com\/lt\/wp-json\/wp\/v2\/pages\/2274\/revisions\/3064"}],"wp:attachment":[{"href":"https:\/\/inhidestore.com\/lt\/wp-json\/wp\/v2\/media?parent=2274"}],"curies":[{"name":"wp","href":"https:\/\/api.w.org\/{rel}","templated":true}]}}