{"id":2288,"date":"2025-01-28T05:12:12","date_gmt":"2025-01-28T05:12:12","guid":{"rendered":"https:\/\/inhidestore.com\/?page_id=2288"},"modified":"2025-01-28T05:12:12","modified_gmt":"2025-01-28T05:12:12","slug":"paslaugu-teikimo-salygos","status":"publish","type":"page","link":"https:\/\/inhidestore.com\/lt\/paslaugu-teikimo-salygos\/","title":{"rendered":"Naudojimosi s\u0105lygos"},"content":{"rendered":"<p><strong>\u012esigaliojimo data:<\/strong> Tre\u010diadienis, 2025 m. sausio 22 d.<\/p>\n\n\n\n<p>Sveiki atvyk\u0119 \u012f Inhide! \u0160ios naudojimosi s\u0105lygos reglamentuoja j\u016bs\u0173 prieig\u0105 prie m\u016bs\u0173 svetain\u0117s, paslaug\u0173 ir produkt\u0173 bei j\u0173 naudojim\u0105. Naudodamiesi m\u016bs\u0173 svetaine arba atlikdami pirkim\u0105, j\u016bs sutinkate laikytis \u0161i\u0173 s\u0105lyg\u0173. Prie\u0161 t\u0119sdami, atid\u017eiai jas perskaitykite.<\/p>\n\n\n\n<hr class=\"wp-block-separator has-alpha-channel-opacity\"\/>\n\n\n\n<h3 class=\"wp-block-heading\"><strong>1. S\u0105lyg\u0173 pri\u0117mimas<\/strong><\/h3>\n\n\n\n<p>Prisijungdami prie m\u016bs\u0173 svetain\u0117s, j\u016bs patvirtinate, kad perskait\u0117te, supratote ir sutinkate laikytis \u0161i\u0173 s\u0105lyg\u0173. Jei nesutinkate, turite susilaikyti nuo m\u016bs\u0173 svetain\u0117s naudojimo.<\/p>\n\n\n\n<hr class=\"wp-block-separator has-alpha-channel-opacity\"\/>\n\n\n\n<h3 class=\"wp-block-heading\"><strong>2. Tinkamumas<\/strong><\/h3>\n\n\n\n<ul class=\"wp-block-list\">\n<li>Nor\u0117dami naudotis m\u016bs\u0173 svetaine, turite b\u016bti ne jaunesni nei 13 met\u0173.<\/li>\n\n\n\n<li>Naudodamiesi m\u016bs\u0173 paslaugomis, j\u016bs patvirtinate, kad visa j\u016bs\u0173 pateikta informacija yra tiksli ir i\u0161sami.<\/li>\n<\/ul>\n\n\n\n<hr class=\"wp-block-separator has-alpha-channel-opacity\"\/>\n\n\n\n<h3 class=\"wp-block-heading\"><strong>3. Pagal u\u017esakym\u0105 gaminami produktai<\/strong><\/h3>\n\n\n\n<ul class=\"wp-block-list\">\n<li>Visos \u201eInhide\u201c parduodamos odin\u0117s striuk\u0117s gaminamos pagal u\u017esakym\u0105.<\/li>\n\n\n\n<li>Gamybos laikas paprastai yra 7\u201312 darbo dien\u0173.<\/li>\n\n\n\n<li>Prasid\u0117jus gamybai, pakeitimai ar at\u0161aukimai negalimi.<\/li>\n<\/ul>\n\n\n\n<hr class=\"wp-block-separator has-alpha-channel-opacity\"\/>\n\n\n\n<h3 class=\"wp-block-heading\"><strong>4. Kainodara ir apmok\u0117jimas<\/strong><\/h3>\n\n\n\n<ul class=\"wp-block-list\">\n<li>Visos svetain\u0117je nurodytos kainos yra [valiuta].<\/li>\n\n\n\n<li>Mok\u0117jimai saugiai apdorojami per PayPal. \u201eInhide\u201c parduotuv\u0117 nesaugo ir neturi prieigos prie j\u016bs\u0173 kredito kortel\u0117s duomen\u0173, nes \u0161i informacija tvarkoma tiesiogiai per PayPal.<\/li>\n\n\n\n<li>Mokes\u010diai, muitai ar muitin\u0117s mokes\u010diai gali b\u016bti taikomi priklausomai nuo j\u016bs\u0173 buvimo vietos ir bus j\u016bs\u0173 atsakomyb\u0117.<\/li>\n<\/ul>\n\n\n\n<hr class=\"wp-block-separator has-alpha-channel-opacity\"\/>\n\n\n\n<h3 class=\"wp-block-heading\"><strong>5. Pristatymas<\/strong><\/h3>\n\n\n\n<ul class=\"wp-block-list\">\n<li>Pristatome nemokamai visame pasaulyje!.<\/li>\n\n\n\n<li>Numatomas pristatymo laikas skiriasi priklausomai nuo j\u016bs\u0173 buvimo vietos, ta\u010diau paprastai trunka 5\u201310 darbo dien\u0173 po gamybos pabaigos.<\/li>\n\n\n\n<li>V\u0117lavimai, atsirad\u0119 d\u0117l muitin\u0117s, siunt\u0173 ve\u017e\u0117j\u0173 ar kit\u0173 nenumatyt\u0173 aplinkybi\u0173, n\u0117ra \u201eInhide\u201c parduotuv\u0117s atsakomyb\u0117.<\/li>\n<\/ul>\n\n\n\n<hr class=\"wp-block-separator has-alpha-channel-opacity\"\/>\n\n\n\n<h3 class=\"wp-block-heading\"><strong>6. Gr\u0105\u017einimas ir pinig\u0173 gr\u0105\u017einimas<\/strong><\/h3>\n\n\n\n<ul class=\"wp-block-list\">\n<li>Si\u016blome 14 dien\u0173 keitimo be r\u016bpes\u010di\u0173 politik\u0105 d\u0117l dyd\u017eio neatitikim\u0173, gamybos defekt\u0173 ar \u012fmon\u0117s klaid\u0173.<\/li>\n\n\n\n<li>D\u0117l kliento klaid\u0173, toki\u0173 kaip neteisingas dyd\u017eio pasirinkimas, siuntimo i\u0161laidos u\u017e pakeitim\u0105 bus j\u016bs\u0173 atsakomyb\u0117.<\/li>\n\n\n\n<li>Pinig\u0173 gr\u0105\u017einimui, kai taikoma, bus taikomas 25% administravimo mokestis u\u017e preki\u0173 gr\u0105\u017einim\u0105, jei gr\u0105\u017einimas \u012fvyko d\u0117l kliento klaidos.<\/li>\n\n\n\n<li>Daugiau informacijos rasite m\u016bs\u0173 i\u0161samioje <a href=\"https:\/\/inhidestore.com\/lt\/refund_returns\/\">Gr\u0105\u017einimo ir pinig\u0173 atgavimo politika<\/a> daugiau informacijos.<\/li>\n<\/ul>\n\n\n\n<hr class=\"wp-block-separator has-alpha-channel-opacity\"\/>\n\n\n\n<h3 class=\"wp-block-heading\"><strong>7. Intelektin\u0117 nuosavyb\u0117<\/strong><\/h3>\n\n\n\n<ul class=\"wp-block-list\">\n<li>Visas \u0161ios svetain\u0117s turinys, \u012fskaitant tekst\u0105, paveiksl\u0117lius, logotipus ir dizain\u0105, yra i\u0161skirtin\u0117 \u201eInhide\u201c nuosavyb\u0117.<\/li>\n\n\n\n<li>J\u016bs negalite atgaminti, platinti ar kitaip naudoti jokio turinio be i\u0161ankstinio ra\u0161ytinio sutikimo.<\/li>\n<\/ul>\n\n\n\n<hr class=\"wp-block-separator has-alpha-channel-opacity\"\/>\n\n\n\n<h3 class=\"wp-block-heading\"><strong>8. Atsakomyb\u0117s apribojimas<\/strong><\/h3>\n\n\n\n<ul class=\"wp-block-list\">\n<li>\u201eInhide\u201c neatsako u\u017e joki\u0105 \u017eal\u0105 ar nuostolius, atsiradusius d\u0117l m\u016bs\u0173 svetain\u0117s ar paslaug\u0173 naudojimo ar negal\u0117jimo jomis naudotis.<\/li>\n\n\n\n<li>Tai apima, bet neapsiriboja, tiesiogin\u0119, netiesiogin\u0119, atsitiktin\u0119 ar pasekmin\u0119 \u017eal\u0105.<\/li>\n<\/ul>\n\n\n\n<hr class=\"wp-block-separator has-alpha-channel-opacity\"\/>\n\n\n\n<h3 class=\"wp-block-heading\"><strong>9. Vartotojo elgesys<\/strong><\/h3>\n\n\n\n<p>J\u016bs sutinkate ne:<\/p>\n\n\n\n<ul class=\"wp-block-list\">\n<li>Naudoti svetain\u0119 bet kokiems neteis\u0117tiems ar neautorizuotiems tikslams.<\/li>\n\n\n\n<li>Bandyti trukdyti tinkamam svetain\u0117s veikimui.<\/li>\n\n\n\n<li>Perduoti kenk\u0117ji\u0161k\u0105 kod\u0105, brukalus ar nepageidaujamus prane\u0161imus.<\/li>\n<\/ul>\n\n\n\n<hr class=\"wp-block-separator has-alpha-channel-opacity\"\/>\n\n\n\n<h3 class=\"wp-block-heading\"><strong>10. Privatumo politika<\/strong><\/h3>\n\n\n\n<p>J\u016bs\u0173 naudojimasis svetaine taip pat reglamentuojamas m\u016bs\u0173 <a>Privatumo politika<\/a>, kurioje paai\u0161kinama, kaip renkame, naudojame ir saugome j\u016bs\u0173 asmenin\u0119 informacij\u0105.<\/p>\n\n\n\n<hr class=\"wp-block-separator has-alpha-channel-opacity\"\/>\n\n\n\n<h3 class=\"wp-block-heading\"><strong>11. Tre\u010di\u0173j\u0173 \u0161ali\u0173 nuorodos<\/strong><\/h3>\n\n\n\n<ul class=\"wp-block-list\">\n<li>M\u016bs\u0173 svetain\u0117je n\u0117ra nuorod\u0173 \u012f tre\u010di\u0173j\u0173 \u0161ali\u0173 svetaines.<\/li>\n\n\n\n<li>Bet kokia su mok\u0117jimais susijusi veikla vykdoma tiesiogiai per saugi\u0105 PayPal platform\u0105.<\/li>\n<\/ul>\n\n\n\n<hr class=\"wp-block-separator has-alpha-channel-opacity\"\/>\n\n\n\n<h3 class=\"wp-block-heading\"><strong>12. S\u0105lyg\u0173 pakeitimai<\/strong><\/h3>\n\n\n\n<ul class=\"wp-block-list\">\n<li>Mes pasiliekame teis\u0119 bet kuriuo metu keisti ar atnaujinti \u0161ias Naudojimosi s\u0105lygas.<\/li>\n\n\n\n<li>Apie reik\u0161mingus pakeitimus bus prane\u0161ama el. pa\u0161tu arba skelbimu svetain\u0117je.<\/li>\n<\/ul>\n\n\n\n<hr class=\"wp-block-separator has-alpha-channel-opacity\"\/>\n\n\n\n<h3 class=\"wp-block-heading\"><strong>13. Taikytina teis\u0117<\/strong><\/h3>\n\n\n\n<p>\u0160ios s\u0105lygos bus reglamentuojamos ir ai\u0161kinamos pagal Pakistano \u012fstatymus.<\/p>\n\n\n\n<hr class=\"wp-block-separator has-alpha-channel-opacity\"\/>\n\n\n\n<h3 class=\"wp-block-heading\"><strong>14. Susisiekite su mumis<\/strong><\/h3>\n\n\n\n<p>Jei turite klausim\u0173 ar abejoni\u0173 d\u0117l \u0161i\u0173 s\u0105lyg\u0173, susisiekite su mumis:<\/p>\n\n\n\n<ul class=\"wp-block-list\">\n<li><strong>El. pa\u0161tas:<\/strong> <a>customerservice@inhidestore.com<\/a><\/li>\n\n\n\n<li><strong>Telefonas:<\/strong> +92 330-225-4099<\/li>\n<\/ul>\n\n\n\n<p>Naudodamiesi \u0161ia svetaine, patvirtinate, kad perskait\u0117te, supratote ir sutinkate su \u0161iomis Naudojimosi s\u0105lygomis.<\/p>\n\n\n\n<p><\/p>","protected":false},"excerpt":{"rendered":"<p>Effective Date: Wednesday, 22nd January, 2025 Welcome to Inhide! These Terms of Use govern your access to and use of [&hellip;]<\/p>","protected":false},"author":1,"featured_media":0,"parent":0,"menu_order":0,"comment_status":"closed","ping_status":"closed","template":"","meta":{"site-sidebar-layout":"default","site-content-layout":"","ast-site-content-layout":"","site-content-style":"default","site-sidebar-style":"default","ast-global-header-display":"","ast-banner-title-visibility":"","ast-main-header-display":"","ast-hfb-above-header-display":"","ast-hfb-below-header-display":"","ast-hfb-mobile-header-display":"","site-post-title":"","ast-breadcrumbs-content":"","ast-featured-img":"","footer-sml-layout":"","theme-transparent-header-meta":"","adv-header-id-meta":"","stick-header-meta":"","header-above-stick-meta":"","header-main-stick-meta":"","header-below-stick-meta":"","astra-migrate-meta-layouts":"default","ast-page-background-enabled":"default","ast-page-background-meta":{"desktop":{"background-color":"var(--ast-global-color-4)","background-image":"","background-repeat":"repeat","background-position":"center center","background-size":"auto","background-attachment":"scroll","background-type":"","background-media":"","overlay-type":"","overlay-color":"","overlay-opacity":"","overlay-gradient":""},"tablet":{"background-color":"","background-image":"","background-repeat":"repeat","background-position":"center center","background-size":"auto","background-attachment":"scroll","background-type":"","background-media":"","overlay-type":"","overlay-color":"","overlay-opacity":"","overlay-gradient":""},"mobile":{"background-color":"","background-image":"","background-repeat":"repeat","background-position":"center center","background-size":"auto","background-attachment":"scroll","background-type":"","background-media":"","overlay-type":"","overlay-color":"","overlay-opacity":"","overlay-gradient":""}},"ast-content-background-meta":{"desktop":{"background-color":"var(--ast-global-color-5)","background-image":"","background-repeat":"repeat","background-position":"center center","background-size":"auto","background-attachment":"scroll","background-type":"","background-media":"","overlay-type":"","overlay-color":"","overlay-opacity":"","overlay-gradient":""},"tablet":{"background-color":"var(--ast-global-color-5)","background-image":"","background-repeat":"repeat","background-position":"center center","background-size":"auto","background-attachment":"scroll","background-type":"","background-media":"","overlay-type":"","overlay-color":"","overlay-opacity":"","overlay-gradient":""},"mobile":{"background-color":"var(--ast-global-color-5)","background-image":"","background-repeat":"repeat","background-position":"center center","background-size":"auto","background-attachment":"scroll","background-type":"","background-media":"","overlay-type":"","overlay-color":"","overlay-opacity":"","overlay-gradient":""}},"footnotes":""},"class_list":["post-2288","page","type-page","status-publish","hentry"],"_links":{"self":[{"href":"https:\/\/inhidestore.com\/lt\/wp-json\/wp\/v2\/pages\/2288","targetHints":{"allow":["GET"]}}],"collection":[{"href":"https:\/\/inhidestore.com\/lt\/wp-json\/wp\/v2\/pages"}],"about":[{"href":"https:\/\/inhidestore.com\/lt\/wp-json\/wp\/v2\/types\/page"}],"author":[{"embeddable":true,"href":"https:\/\/inhidestore.com\/lt\/wp-json\/wp\/v2\/users\/1"}],"replies":[{"embeddable":true,"href":"https:\/\/inhidestore.com\/lt\/wp-json\/wp\/v2\/comments?post=2288"}],"version-history":[{"count":2,"href":"https:\/\/inhidestore.com\/lt\/wp-json\/wp\/v2\/pages\/2288\/revisions"}],"predecessor-version":[{"id":2298,"href":"https:\/\/inhidestore.com\/lt\/wp-json\/wp\/v2\/pages\/2288\/revisions\/2298"}],"wp:attachment":[{"href":"https:\/\/inhidestore.com\/lt\/wp-json\/wp\/v2\/media?parent=2288"}],"curies":[{"name":"wp","href":"https:\/\/api.w.org\/{rel}","templated":true}]}}