{"id":366,"date":"2024-09-23T23:38:58","date_gmt":"2024-09-23T23:38:58","guid":{"rendered":"https:\/\/inhidestore.com\/?page_id=366"},"modified":"2025-05-31T15:36:08","modified_gmt":"2025-05-31T15:36:08","slug":"musu-istorija","status":"publish","type":"page","link":"https:\/\/inhidestore.com\/lt\/musu-istorija\/","title":{"rendered":"M\u016bs\u0173 istorija"},"content":{"rendered":"<p>Viskas prasid\u0117jo ma\u017eame dirbtuv\u0117se, kur sodrios odos kvapas mai\u0161\u0117si su ambicijomis ir vaizduote. Toje kuklioje erdv\u0117je, <strong>Inhide<\/strong> gim\u0117 prek\u0117s \u017eenklas, sukurtas ne tik striuk\u0117ms gaminti, bet ir tam, kad kurt\u0173 ilgalaik\u012f palikim\u0105, kur\u012f galite d\u0117v\u0117ti.<\/p>\n\n\n\n<p>\u201eInhide\u201c tikime, kad odin\u0117 striuk\u0117 yra daugiau nei tik drabu\u017eis. Tai palydovas. Atminties saugotojas. Antra oda, kuri juda kartu su jumis per svarbiausius gyvenimo momentus \u2013 ramias kavos pertrauk\u0117les, naktinius pasiva\u017ein\u0117jimus, dr\u0105sias prad\u017eias.<\/p>\n\n\n\n<p>Kiekvienas m\u016bs\u0173 sukurtas gaminys liudija nesenstant\u012f dizain\u0105 ir kruop\u0161t\u0173 meistri\u0161kum\u0105. Rankomis si\u016btos patyrusi\u0173 amatinink\u0173, m\u016bs\u0173 striuk\u0117s gaminamos i\u0161 <strong>eti\u0161kai gautos, auk\u0161\u010diausios kokyb\u0117s odos<\/strong>\u2013 tokios, kuri su laiku \u012fgauna charakterio ir pasakoja savo istorij\u0105.<\/p>\n\n\n\n<p>Ta\u010diau \u201eInhide\u201c \u2013 tai ne tik kokyb\u0117. Tai apie <strong>tapatyb\u0119<\/strong>. Kuriame tiems, kurie i\u0161siskiria. M\u016bs\u0173 kolekcijos derina klasikinius siluetus su moderniu prieskoniu, si\u016blydamos gaminius, kurie atrodo ir pa\u017e\u012fstami, ir nauji. Nesvarbu, ar puo\u0161iat\u0117s, ar atsipalaiduojate, yra \u201eInhide\u201c striuk\u0117, kuri tinka ne tik j\u016bs\u0173 k\u016bnui, bet ir j\u016bs\u0173 dvasiai.<\/p>\n\n\n\n<p>\u012esi\u0161aknij\u0119 s\u0105\u017einingume, varomi detali\u0173 ir maitinami savirai\u0161kos \u2013<strong>\u201eInhide\u201c yra tiems, kurie pasitik\u0117jim\u0105 d\u0117vi kaip antr\u0105 od\u0105.<\/strong>.<\/p>\n\n\n\n<p>Tai daugiau nei mada.<br><strong>Tai j\u016bs\u0173 istorija, naujai apibr\u0117\u017eta.<\/strong><\/p>","protected":false},"excerpt":{"rendered":"<p>It all began in a small workshop, where the scent of rich leather mingled with ambition and imagination. In that [&hellip;]<\/p>","protected":false},"author":1,"featured_media":0,"parent":0,"menu_order":0,"comment_status":"closed","ping_status":"closed","template":"","meta":{"site-sidebar-layout":"default","site-content-layout":"","ast-site-content-layout":"","site-content-style":"default","site-sidebar-style":"default","ast-global-header-display":"","ast-banner-title-visibility":"","ast-main-header-display":"","ast-hfb-above-header-display":"","ast-hfb-below-header-display":"","ast-hfb-mobile-header-display":"","site-post-title":"","ast-breadcrumbs-content":"","ast-featured-img":"","footer-sml-layout":"","theme-transparent-header-meta":"","adv-header-id-meta":"","stick-header-meta":"","header-above-stick-meta":"","header-main-stick-meta":"","header-below-stick-meta":"","astra-migrate-meta-layouts":"default","ast-page-background-enabled":"default","ast-page-background-meta":{"desktop":{"background-color":"var(--ast-global-color-4)","background-image":"","background-repeat":"repeat","background-position":"center center","background-size":"auto","background-attachment":"scroll","background-type":"","background-media":"","overlay-type":"","overlay-color":"","overlay-opacity":"","overlay-gradient":""},"tablet":{"background-color":"","background-image":"","background-repeat":"repeat","background-position":"center center","background-size":"auto","background-attachment":"scroll","background-type":"","background-media":"","overlay-type":"","overlay-color":"","overlay-opacity":"","overlay-gradient":""},"mobile":{"background-color":"","background-image":"","background-repeat":"repeat","background-position":"center center","background-size":"auto","background-attachment":"scroll","background-type":"","background-media":"","overlay-type":"","overlay-color":"","overlay-opacity":"","overlay-gradient":""}},"ast-content-background-meta":{"desktop":{"background-color":"var(--ast-global-color-5)","background-image":"","background-repeat":"repeat","background-position":"center center","background-size":"auto","background-attachment":"scroll","background-type":"","background-media":"","overlay-type":"","overlay-color":"","overlay-opacity":"","overlay-gradient":""},"tablet":{"background-color":"var(--ast-global-color-5)","background-image":"","background-repeat":"repeat","background-position":"center center","background-size":"auto","background-attachment":"scroll","background-type":"","background-media":"","overlay-type":"","overlay-color":"","overlay-opacity":"","overlay-gradient":""},"mobile":{"background-color":"var(--ast-global-color-5)","background-image":"","background-repeat":"repeat","background-position":"center center","background-size":"auto","background-attachment":"scroll","background-type":"","background-media":"","overlay-type":"","overlay-color":"","overlay-opacity":"","overlay-gradient":""}},"footnotes":""},"class_list":["post-366","page","type-page","status-publish","hentry"],"_links":{"self":[{"href":"https:\/\/inhidestore.com\/lt\/wp-json\/wp\/v2\/pages\/366","targetHints":{"allow":["GET"]}}],"collection":[{"href":"https:\/\/inhidestore.com\/lt\/wp-json\/wp\/v2\/pages"}],"about":[{"href":"https:\/\/inhidestore.com\/lt\/wp-json\/wp\/v2\/types\/page"}],"author":[{"embeddable":true,"href":"https:\/\/inhidestore.com\/lt\/wp-json\/wp\/v2\/users\/1"}],"replies":[{"embeddable":true,"href":"https:\/\/inhidestore.com\/lt\/wp-json\/wp\/v2\/comments?post=366"}],"version-history":[{"count":3,"href":"https:\/\/inhidestore.com\/lt\/wp-json\/wp\/v2\/pages\/366\/revisions"}],"predecessor-version":[{"id":2736,"href":"https:\/\/inhidestore.com\/lt\/wp-json\/wp\/v2\/pages\/366\/revisions\/2736"}],"wp:attachment":[{"href":"https:\/\/inhidestore.com\/lt\/wp-json\/wp\/v2\/media?parent=366"}],"curies":[{"name":"wp","href":"https:\/\/api.w.org\/{rel}","templated":true}]}}