{"id":389,"date":"2024-11-24T00:33:07","date_gmt":"2024-11-24T00:33:07","guid":{"rendered":"https:\/\/inhidestore.com\/?post_type=product&#038;p=389"},"modified":"2025-08-18T23:23:15","modified_gmt":"2025-08-18T23:23:15","slug":"inhide-supernova-vyriska-auksciausios-kokybes-zomsine-bomber-striuke","status":"publish","type":"product","link":"https:\/\/inhidestore.com\/lt\/parduotuve\/vyrams\/odine-striuke-vyrams\/inhide-supernova-vyriska-auksciausios-kokybes-zomsine-bomber-striuke\/","title":{"rendered":"INHIDE SuperNova Vyri\u0161ka prabangi zom\u0161in\u0117 odin\u0117 bomber striuk\u0117"},"content":{"rendered":"<div class=\"product-description\" style=\"font-family: Helvetica, Arial, sans-serif; font-size: 16px; line-height: 1.8; color: #ffffff;\">\n<p><strong>Pakelkite savo stili\u0173<\/strong> su <strong>\u201eINHIDE SuperNova\u201c vyri\u0161ka zom\u0161in\u0117 \u201ebomber\u201c stiliaus striuk\u0117<\/strong>, tobulu rafinuotumo ir tvirto \u017eavesio deriniu. Sukurta \u0161iuolaikiniam vyrui, \u0161i striuk\u0117 sujungia nesenstant\u012f dizain\u0105 su auk\u0161\u010diausios kokyb\u0117s med\u017eiagomis, kad sukurt\u0173 stiling\u0105 ir ilgaam\u017e\u012f drabu\u017e\u012f.<\/p>\n<p><strong>Pagrindin\u0117s savyb\u0117s:<\/strong><\/p>\n<p style=\"margin-bottom: 16px;\"><strong>Auk\u0161\u010diausios kokyb\u0117s zom\u0161a:<\/strong> Pagaminta i\u0161 auk\u0161\u010diausios r\u016b\u0161ies zom\u0161os, \u201eSuperNova\u201c striuk\u0117 suteikia prabangos poj\u016bt\u012f ir pasi\u017eymi i\u0161skirtiniu patvarumu, tod\u0117l ji taps nepakei\u010diama j\u016bs\u0173 garderobo dalimi ilgus metus.<\/p>\n<p style=\"margin-bottom: 16px;\"><strong>Klasikinis bomber dizainas:<\/strong> Pasi\u017eyminti ikoniniu bomber siluetu, \u0161i striuk\u0117 suteikia eleganti\u0161k\u0105 ir universal\u0173 \u012fvaizd\u012f, kuris lengvai dera tiek prie kasdieni\u0173, tiek prie pusiau oficiali\u0173 aprang\u0173.<\/p>\n<p style=\"margin-bottom: 16px;\"><strong>Kontrastiniai akcentai:<\/strong> Sodri\u0105 tamsiai m\u0117lyn\u0105 zom\u0161\u0105 papildo kupranugario rudos spalvos megzti rankogaliai, apykakl\u0117 ir apa\u010dia \u2013 tai suteikia subtilaus kontrasto ir pabr\u0117\u017eia bendr\u0105 estetik\u0105.<\/p>\n<p style=\"margin-bottom: 16px;\"><strong>Funkcionalios ki\u0161en\u0117s:<\/strong> Su daugybe u\u017etrauktukais u\u017esegam\u0173 ki\u0161eni\u0173, \u012fskaitant ki\u0161enes ant rankovi\u0173, \u201eSuperNova\u201c striuk\u0117 suteikia daug vietos j\u016bs\u0173 b\u016btiniausiems daiktams, i\u0161laikant aptak\u0173 vaizd\u0105.<\/p>\n<p style=\"margin-bottom: 16px;\"><strong>Patogus prigludimas:<\/strong> Sukurta atsi\u017evelgiant \u012f patog\u0173 prigludim\u0105, \u0161i striuk\u0117 u\u017etikrina jud\u0117jimo laisv\u0119 ir patogum\u0105 d\u0117v\u0117ti vis\u0105 dien\u0105.<\/p>\n<p style=\"margin-bottom: 16px;\"><strong>Tinka d\u0117v\u0117ti visais met\u0173 laikais:<\/strong> \u201eINHIDE SuperNova\u201c vyri\u0161ka zom\u0161in\u0117 striuk\u0117 sukurta d\u0117v\u0117ti visais met\u0173 laikais. Universali konstrukcija u\u017etikrina stili\u0173 ir komfort\u0105: pavasar\u012f ar vasar\u0105 j\u0105 galite derinti prie mar\u0161kin\u0117li\u0173, o ruden\u012f ir \u017eiem\u0105 d\u0117v\u0117ti kaip \u0161ilt\u0105 vir\u0161utin\u012f sluoksn\u012f.<\/p>\n<p>Nesvarbu, ar ruo\u0161iat\u0117s vakarui mieste, ar tiesiog norite papildyti savo kasdien\u012f \u012fvaizd\u012f stilingu sluoksniu, <strong>\u201eINHIDE SuperNova\u201c vyri\u0161ka zom\u0161in\u0117 \u201ebomber\u201c stiliaus striuk\u0117<\/strong> yra puikus pasirinkimas. Pasinaudokite nesenstan\u010dio stiliaus ir modernaus funkcionalumo deriniu su \u0161iuo i\u0161skirtiniu drabu\u017eiu.<\/p>\n<p>Spalva: tamsiai m\u0117lyna ir konjako<\/p>\n<\/div>","protected":false},"excerpt":{"rendered":"<p>Elevate your style with the INHIDE SuperNova Men&#8217;s Suede Leather Bomber Jacket, the perfect blend of sophistication and rugged charm. [&hellip;]<\/p>","protected":false},"featured_media":148,"comment_status":"open","ping_status":"closed","template":"","meta":{"site-sidebar-layout":"default","site-content-layout":"","ast-site-content-layout":"default","site-content-style":"default","site-sidebar-style":"default","ast-global-header-display":"","ast-banner-title-visibility":"","ast-main-header-display":"","ast-hfb-above-header-display":"","ast-hfb-below-header-display":"","ast-hfb-mobile-header-display":"","site-post-title":"","ast-breadcrumbs-content":"","ast-featured-img":"","footer-sml-layout":"","theme-transparent-header-meta":"default","adv-header-id-meta":"","stick-header-meta":"","header-above-stick-meta":"","header-main-stick-meta":"","header-below-stick-meta":"","astra-migrate-meta-layouts":"set","ast-page-background-enabled":"default","ast-page-background-meta":{"desktop":{"background-color":"var(--ast-global-color-4)","background-image":"","background-repeat":"repeat","background-position":"center center","background-size":"auto","background-attachment":"scroll","background-type":"","background-media":"","overlay-type":"","overlay-color":"","overlay-opacity":"","overlay-gradient":""},"tablet":{"background-color":"","background-image":"","background-repeat":"repeat","background-position":"center center","background-size":"auto","background-attachment":"scroll","background-type":"","background-media":"","overlay-type":"","overlay-color":"","overlay-opacity":"","overlay-gradient":""},"mobile":{"background-color":"","background-image":"","background-repeat":"repeat","background-position":"center center","background-size":"auto","background-attachment":"scroll","background-type":"","background-media":"","overlay-type":"","overlay-color":"","overlay-opacity":"","overlay-gradient":""}},"ast-content-background-meta":{"desktop":{"background-color":"var(--ast-global-color-5)","background-image":"","background-repeat":"repeat","background-position":"center center","background-size":"auto","background-attachment":"scroll","background-type":"","background-media":"","overlay-type":"","overlay-color":"","overlay-opacity":"","overlay-gradient":""},"tablet":{"background-color":"var(--ast-global-color-5)","background-image":"","background-repeat":"repeat","background-position":"center center","background-size":"auto","background-attachment":"scroll","background-type":"","background-media":"","overlay-type":"","overlay-color":"","overlay-opacity":"","overlay-gradient":""},"mobile":{"background-color":"var(--ast-global-color-5)","background-image":"","background-repeat":"repeat","background-position":"center center","background-size":"auto","background-attachment":"scroll","background-type":"","background-media":"","overlay-type":"","overlay-color":"","overlay-opacity":"","overlay-gradient":""}}},"product_brand":[],"product_cat":[34],"product_tag":[],"class_list":{"0":"post-389","1":"product","2":"type-product","3":"status-publish","4":"has-post-thumbnail","6":"product_cat-leatherjacketformen","7":"desktop-align-left","8":"tablet-align-left","9":"mobile-align-left","11":"first","12":"instock","13":"shipping-taxable","14":"purchasable","15":"product-type-variable"},"_links":{"self":[{"href":"https:\/\/inhidestore.com\/lt\/wp-json\/wp\/v2\/product\/389","targetHints":{"allow":["GET"]}}],"collection":[{"href":"https:\/\/inhidestore.com\/lt\/wp-json\/wp\/v2\/product"}],"about":[{"href":"https:\/\/inhidestore.com\/lt\/wp-json\/wp\/v2\/types\/product"}],"replies":[{"embeddable":true,"href":"https:\/\/inhidestore.com\/lt\/wp-json\/wp\/v2\/comments?post=389"}],"version-history":[{"count":6,"href":"https:\/\/inhidestore.com\/lt\/wp-json\/wp\/v2\/product\/389\/revisions"}],"predecessor-version":[{"id":3088,"href":"https:\/\/inhidestore.com\/lt\/wp-json\/wp\/v2\/product\/389\/revisions\/3088"}],"wp:featuredmedia":[{"embeddable":true,"href":"https:\/\/inhidestore.com\/lt\/wp-json\/wp\/v2\/media\/148"}],"wp:attachment":[{"href":"https:\/\/inhidestore.com\/lt\/wp-json\/wp\/v2\/media?parent=389"}],"wp:term":[{"taxonomy":"product_brand","embeddable":true,"href":"https:\/\/inhidestore.com\/lt\/wp-json\/wp\/v2\/product_brand?post=389"},{"taxonomy":"product_cat","embeddable":true,"href":"https:\/\/inhidestore.com\/lt\/wp-json\/wp\/v2\/product_cat?post=389"},{"taxonomy":"product_tag","embeddable":true,"href":"https:\/\/inhidestore.com\/lt\/wp-json\/wp\/v2\/product_tag?post=389"}],"curies":[{"name":"wp","href":"https:\/\/api.w.org\/{rel}","templated":true}]}}