{"id":473,"date":"2024-11-24T00:33:15","date_gmt":"2024-11-24T00:33:15","guid":{"rendered":"https:\/\/inhidestore.com\/?post_type=product&#038;p=473"},"modified":"2025-08-18T23:15:43","modified_gmt":"2025-08-18T23:15:43","slug":"inhide-sleekedge-mens-premium-suede-leather-jacket-5","status":"publish","type":"product","link":"https:\/\/inhidestore.com\/lt\/parduotuve\/vyrams\/odine-striuke-vyrams\/inhide-sleekedge-mens-premium-suede-leather-jacket-5\/","title":{"rendered":"INHIDE SleekEdge Vyri\u0161ka prabangi zom\u0161in\u0117 odin\u0117 striuk\u0117"},"content":{"rendered":"<div class=\"product-description\" style=\"font-family: Helvetica, Arial, sans-serif;\">\n<p>Susipa\u017einkite su INHIDE SleekEdge \u2013 tai ne tik odin\u0117 striuk\u0117, bet ir i\u0161skirtinis stiliaus akcentas, kuris taps j\u016bs\u0173 patikima palydove ilgus metus. Kalbame apie de\u0161imtmet\u012f ar daugiau nepriekai\u0161tingo stiliaus \u2013 \u0161i gra\u017euol\u0117 sukurta tarnauti 10\u201315 met\u0173.<\/p>\n<p>\u0160tai k\u0105 si\u016blome:<\/p>\n<p><strong>Auk\u0161\u010diausios kokyb\u0117s oda:<\/strong> Kai sakome 100% gryna avies oda, turime omenyje auk\u0161\u010diausi\u0105 kokyb\u0119, koki\u0105 tik galite rasti. Tai zom\u0161a, kuri \u0161nab\u017eda prabang\u0105 ir \u0161aukia apie ilgaam\u017ei\u0161kum\u0105. Tai ne tik gera \u2013 tai geriausia.<\/p>\n<p><strong>Meistryst\u0117:<\/strong> Tai ne eilin\u0117 striuk\u0117. Tai aistros, precizi\u0161kumo ir \u0161iek tiek INHIDE magijos rezultatas. Zom\u0161os poj\u016btis yra toks pat prabangus, kaip ir patvarus, d\u0117ka auk\u0161\u010diausios kokyb\u0117s avies odos, kuri su laiku tik ger\u0117ja.<\/p>\n<p><strong>Detal\u0117s:<\/strong> Mes pasir\u016bpinome auk\u0161\u010diausios klas\u0117s u\u017etrauktukais ir sagomis. Jie ne tik blizg\u016bs, bet ir itin tvirti.<\/p>\n<p><strong>Universalumas:<\/strong> Motociklininko stilius? Yra! Ta\u010diau ne\u012fsprauskite jos \u012f r\u0117mus \u2013 \u0161i striuk\u0117 yra universali. Nesvarbu, ar v\u0117sus vakaras, ar v\u0117juota diena \u2013 ji puikiai tiks visais met\u0173 laikais.<\/p>\n<p><strong>Tobulas prigludimas:<\/strong> Pasi\u016bta taip, kad pranokt\u0173 kitas, SleekEdge \u017eada prigludim\u0105, kuris atrodo tarsi pasi\u016btas pagal u\u017esakym\u0105. Nes kalbant apie odines striukes, tinkamas prigludimas lemia visk\u0105. Ji priglunda ten, kur reikia, yra laisvesn\u0117 ten, kur norite, ir apskritai \u2013 nuostabi.<\/p>\n<p>Taigi, nesvarbu, ar leid\u017eiat\u0117s \u012f kelion\u0119, ar tiesiog m\u0117gaujat\u0117s miestu, INHIDE SleekEdge yra j\u016bs\u0173 tobulas bendrininkas. Tai ne tik striuk\u0117; tai \u2013 kelion\u0117. Pasiruo\u0161\u0119 keliauti?<\/p>\n<p>Spalva: Sm\u0117lio<\/p>\n<\/div>","protected":false},"excerpt":{"rendered":"<p>Meet the INHIDE SleekEdge, Not just a leather jacket, but a statement piece that\u2019s bound to become your trusty sidekick [&hellip;]<\/p>","protected":false},"featured_media":127,"comment_status":"open","ping_status":"closed","template":"","meta":{"site-sidebar-layout":"default","site-content-layout":"","ast-site-content-layout":"default","site-content-style":"default","site-sidebar-style":"default","ast-global-header-display":"","ast-banner-title-visibility":"","ast-main-header-display":"","ast-hfb-above-header-display":"","ast-hfb-below-header-display":"","ast-hfb-mobile-header-display":"","site-post-title":"","ast-breadcrumbs-content":"","ast-featured-img":"","footer-sml-layout":"","theme-transparent-header-meta":"default","adv-header-id-meta":"","stick-header-meta":"","header-above-stick-meta":"","header-main-stick-meta":"","header-below-stick-meta":"","astra-migrate-meta-layouts":"set","ast-page-background-enabled":"default","ast-page-background-meta":{"desktop":{"background-color":"var(--ast-global-color-4)","background-image":"","background-repeat":"repeat","background-position":"center center","background-size":"auto","background-attachment":"scroll","background-type":"","background-media":"","overlay-type":"","overlay-color":"","overlay-opacity":"","overlay-gradient":""},"tablet":{"background-color":"","background-image":"","background-repeat":"repeat","background-position":"center center","background-size":"auto","background-attachment":"scroll","background-type":"","background-media":"","overlay-type":"","overlay-color":"","overlay-opacity":"","overlay-gradient":""},"mobile":{"background-color":"","background-image":"","background-repeat":"repeat","background-position":"center center","background-size":"auto","background-attachment":"scroll","background-type":"","background-media":"","overlay-type":"","overlay-color":"","overlay-opacity":"","overlay-gradient":""}},"ast-content-background-meta":{"desktop":{"background-color":"var(--ast-global-color-5)","background-image":"","background-repeat":"repeat","background-position":"center center","background-size":"auto","background-attachment":"scroll","background-type":"","background-media":"","overlay-type":"","overlay-color":"","overlay-opacity":"","overlay-gradient":""},"tablet":{"background-color":"var(--ast-global-color-5)","background-image":"","background-repeat":"repeat","background-position":"center center","background-size":"auto","background-attachment":"scroll","background-type":"","background-media":"","overlay-type":"","overlay-color":"","overlay-opacity":"","overlay-gradient":""},"mobile":{"background-color":"var(--ast-global-color-5)","background-image":"","background-repeat":"repeat","background-position":"center center","background-size":"auto","background-attachment":"scroll","background-type":"","background-media":"","overlay-type":"","overlay-color":"","overlay-opacity":"","overlay-gradient":""}}},"product_brand":[],"product_cat":[34],"product_tag":[],"class_list":{"0":"post-473","1":"product","2":"type-product","3":"status-publish","4":"has-post-thumbnail","6":"product_cat-leatherjacketformen","7":"desktop-align-left","8":"tablet-align-left","9":"mobile-align-left","11":"first","12":"instock","13":"shipping-taxable","14":"purchasable","15":"product-type-variable"},"_links":{"self":[{"href":"https:\/\/inhidestore.com\/lt\/wp-json\/wp\/v2\/product\/473","targetHints":{"allow":["GET"]}}],"collection":[{"href":"https:\/\/inhidestore.com\/lt\/wp-json\/wp\/v2\/product"}],"about":[{"href":"https:\/\/inhidestore.com\/lt\/wp-json\/wp\/v2\/types\/product"}],"replies":[{"embeddable":true,"href":"https:\/\/inhidestore.com\/lt\/wp-json\/wp\/v2\/comments?post=473"}],"version-history":[{"count":8,"href":"https:\/\/inhidestore.com\/lt\/wp-json\/wp\/v2\/product\/473\/revisions"}],"predecessor-version":[{"id":2707,"href":"https:\/\/inhidestore.com\/lt\/wp-json\/wp\/v2\/product\/473\/revisions\/2707"}],"wp:featuredmedia":[{"embeddable":true,"href":"https:\/\/inhidestore.com\/lt\/wp-json\/wp\/v2\/media\/127"}],"wp:attachment":[{"href":"https:\/\/inhidestore.com\/lt\/wp-json\/wp\/v2\/media?parent=473"}],"wp:term":[{"taxonomy":"product_brand","embeddable":true,"href":"https:\/\/inhidestore.com\/lt\/wp-json\/wp\/v2\/product_brand?post=473"},{"taxonomy":"product_cat","embeddable":true,"href":"https:\/\/inhidestore.com\/lt\/wp-json\/wp\/v2\/product_cat?post=473"},{"taxonomy":"product_tag","embeddable":true,"href":"https:\/\/inhidestore.com\/lt\/wp-json\/wp\/v2\/product_tag?post=473"}],"curies":[{"name":"wp","href":"https:\/\/api.w.org\/{rel}","templated":true}]}}